{"id":3610,"date":"2025-11-21T15:21:50","date_gmt":"2025-11-21T14:21:50","guid":{"rendered":"https:\/\/louise-brison.fr\/?post_type=product&#038;p=3610"},"modified":"2026-04-10T16:49:04","modified_gmt":"2026-04-10T14:49:04","slug":"champagne-a-laube-millesime-2020-vin-biologique","status":"publish","type":"product","link":"https:\/\/louise-brison.fr\/it\/produit\/champagne-a-laube-millesime-2020-vin-biologique\/","title":{"rendered":"Champagne A l&#8217;Aube Mill\u00e9sime 2020 bio"},"content":{"rendered":"<p style=\"text-align: left;\">Assemblage de 50 % Pinot Noir, 50% Chardonnay vinifi\u00e9 et \u00e9lev\u00e9 en f\u00fbts de ch\u00eane pendant 9 mois.<br \/>\nFermentation malolactique. Ce vin est issu de la vendange 2020 uniquement.<br \/>\nBrut Nature &#8211; Dosage : 0g\/l<br \/>\nVin certifi\u00e9 biologique.<br \/>\n<img decoding=\"async\" class=\"alignnone wp-image-3636\" src=\"https:\/\/louise-brison.fr\/wp-content\/uploads\/2025\/11\/logo-ab-fr-ue-agri-france-scaled-1-300x181.jpg\" alt=\"\" width=\"60\" height=\"36\" srcset=\"https:\/\/louise-brison.fr\/wp-content\/uploads\/2025\/11\/logo-ab-fr-ue-agri-france-scaled-1-300x181.jpg 300w, https:\/\/louise-brison.fr\/wp-content\/uploads\/2025\/11\/logo-ab-fr-ue-agri-france-scaled-1-1024x618.jpg 1024w, https:\/\/louise-brison.fr\/wp-content\/uploads\/2025\/11\/logo-ab-fr-ue-agri-france-scaled-1-768x464.jpg 768w, https:\/\/louise-brison.fr\/wp-content\/uploads\/2025\/11\/logo-ab-fr-ue-agri-france-scaled-1-1536x927.jpg 1536w, https:\/\/louise-brison.fr\/wp-content\/uploads\/2025\/11\/logo-ab-fr-ue-agri-france-scaled-1-2048x1236.jpg 2048w, https:\/\/louise-brison.fr\/wp-content\/uploads\/2025\/11\/logo-ab-fr-ue-agri-france-scaled-1-370x223.jpg 370w, https:\/\/louise-brison.fr\/wp-content\/uploads\/2025\/11\/logo-ab-fr-ue-agri-france-scaled-1-840x507.jpg 840w, https:\/\/louise-brison.fr\/wp-content\/uploads\/2025\/11\/logo-ab-fr-ue-agri-france-scaled-1-410x247.jpg 410w, https:\/\/louise-brison.fr\/wp-content\/uploads\/2025\/11\/logo-ab-fr-ue-agri-france-scaled-1-450x272.jpg 450w, https:\/\/louise-brison.fr\/wp-content\/uploads\/2025\/11\/logo-ab-fr-ue-agri-france-scaled-1-600x362.jpg 600w\" sizes=\"(max-width: 60px) 100vw, 60px\" \/><\/p>\n<ul>\n<li style=\"text-align: left;\">Effervescence<br \/>\nSes bulles fines s\u2019\u00e9chappent avec \u00e9l\u00e9gance.<\/li>\n<li>Robe<br \/>\nSa robe brillante laisse appara\u00eetre une couleur dor\u00e9e.<\/li>\n<li>Nez<br \/>\nUne expression fruit\u00e9e et g\u00e9n\u00e9reuse sur les fruits \u00e0 chair jaune et les agrumes.<\/li>\n<li>Bouche<br \/>\nFid\u00e8le au nez, elle est de belle complexit\u00e9 et sa min\u00e9ralit\u00e9 en fin de bouche est tr\u00e8s agr\u00e9able.<\/li>\n<\/ul>\n","protected":false},"excerpt":{"rendered":"<p>Assemblage de 50 % Pinot Noir, 50% Chardonnay vinifi\u00e9 et \u00e9lev\u00e9 en f\u00fbts de ch\u00eane pendant 9 mois. Fermentation malolactique. Ce vin est issu de la vendange 2020 uniquement. Brut&hellip;<\/p>\n","protected":false},"featured_media":3603,"template":"","meta":[],"product_brand":[],"product_cat":[149,33],"product_tag":[],"class_list":{"0":"post-3610","1":"product","2":"type-product","3":"status-publish","4":"has-post-thumbnail","6":"product_cat-149","7":"product_cat-millesime","9":"first","10":"instock","11":"taxable","12":"shipping-taxable","13":"purchasable","14":"product-type-simple"},"yoast_head":"<!-- This site is optimized with the Yoast SEO plugin v26.9 - https:\/\/yoast.com\/product\/yoast-seo-wordpress\/ -->\n<title>Champagne A l&#039;Aube Mill\u00e9sime 2020 bio &#8211; Louise Brison<\/title>\n<meta name=\"description\" content=\"Ce champagne pr\u00e9sente une aromatique fruit\u00e9e et rafra\u00eechissante. Ce Mill\u00e9sime est solaire et g\u00e9n\u00e9reux. Vin certifi\u00e9 biologique.\" \/>\n<meta name=\"robots\" content=\"index, follow, max-snippet:-1, max-image-preview:large, max-video-preview:-1\" \/>\n<link rel=\"canonical\" href=\"https:\/\/louise-brison.fr\/it\/produit\/champagne-a-laube-millesime-2020-vin-biologique\/\" \/>\n<meta property=\"og:locale\" content=\"it_IT\" \/>\n<meta property=\"og:type\" content=\"article\" \/>\n<meta property=\"og:title\" content=\"Champagne A l&#039;Aube Mill\u00e9sime 2020 bio &#8211; Louise Brison\" \/>\n<meta property=\"og:description\" content=\"Ce champagne pr\u00e9sente une aromatique fruit\u00e9e et rafra\u00eechissante. Ce Mill\u00e9sime est solaire et g\u00e9n\u00e9reux. Vin certifi\u00e9 biologique.\" \/>\n<meta property=\"og:url\" content=\"https:\/\/louise-brison.fr\/it\/produit\/champagne-a-laube-millesime-2020-vin-biologique\/\" \/>\n<meta property=\"og:site_name\" content=\"Louise Brison\" \/>\n<meta property=\"article:publisher\" content=\"https:\/\/www.facebook.com\/champagne.louisebrison\/\" \/>\n<meta property=\"article:modified_time\" content=\"2026-04-10T14:49:04+00:00\" \/>\n<meta property=\"og:image\" content=\"https:\/\/louise-brison.fr\/wp-content\/uploads\/2025\/11\/champagne-millesime-2020-biologique-a-l-aube-de-la-cote-des-bar-champagne-louise-brison.jpg\" \/>\n\t<meta property=\"og:image:width\" content=\"800\" \/>\n\t<meta property=\"og:image:height\" content=\"2200\" \/>\n\t<meta property=\"og:image:type\" content=\"image\/jpeg\" \/>\n<meta name=\"twitter:card\" content=\"summary_large_image\" \/>\n<meta name=\"twitter:site\" content=\"@louisebrison\" \/>\n<meta name=\"twitter:label1\" content=\"Tempo di lettura stimato\" \/>\n\t<meta name=\"twitter:data1\" content=\"1 minuto\" \/>\n<script type=\"application\/ld+json\" class=\"yoast-schema-graph\">{\"@context\":\"https:\/\/schema.org\",\"@graph\":[{\"@type\":[\"WebPage\",\"CheckoutPage\"],\"@id\":\"https:\/\/louise-brison.fr\/it\/produit\/champagne-a-laube-millesime-2020-vin-biologique\/\",\"url\":\"https:\/\/louise-brison.fr\/it\/produit\/champagne-a-laube-millesime-2020-vin-biologique\/\",\"name\":\"Champagne A l'Aube Mill\u00e9sime 2020 bio &#8211; Louise Brison\",\"isPartOf\":{\"@id\":\"https:\/\/louise-brison.fr\/it\/#website\"},\"primaryImageOfPage\":{\"@id\":\"https:\/\/louise-brison.fr\/it\/produit\/champagne-a-laube-millesime-2020-vin-biologique\/#primaryimage\"},\"image\":{\"@id\":\"https:\/\/louise-brison.fr\/it\/produit\/champagne-a-laube-millesime-2020-vin-biologique\/#primaryimage\"},\"thumbnailUrl\":\"https:\/\/louise-brison.fr\/wp-content\/uploads\/2025\/11\/champagne-millesime-2020-biologique-a-l-aube-de-la-cote-des-bar-champagne-louise-brison.jpg\",\"datePublished\":\"2025-11-21T14:21:50+00:00\",\"dateModified\":\"2026-04-10T14:49:04+00:00\",\"description\":\"Ce champagne pr\u00e9sente une aromatique fruit\u00e9e et rafra\u00eechissante. Ce Mill\u00e9sime est solaire et g\u00e9n\u00e9reux. Vin certifi\u00e9 biologique.\",\"breadcrumb\":{\"@id\":\"https:\/\/louise-brison.fr\/it\/produit\/champagne-a-laube-millesime-2020-vin-biologique\/#breadcrumb\"},\"inLanguage\":\"it-IT\",\"potentialAction\":[{\"@type\":\"ReadAction\",\"target\":[\"https:\/\/louise-brison.fr\/it\/produit\/champagne-a-laube-millesime-2020-vin-biologique\/\"]}]},{\"@type\":\"ImageObject\",\"inLanguage\":\"it-IT\",\"@id\":\"https:\/\/louise-brison.fr\/it\/produit\/champagne-a-laube-millesime-2020-vin-biologique\/#primaryimage\",\"url\":\"https:\/\/louise-brison.fr\/wp-content\/uploads\/2025\/11\/champagne-millesime-2020-biologique-a-l-aube-de-la-cote-des-bar-champagne-louise-brison.jpg\",\"contentUrl\":\"https:\/\/louise-brison.fr\/wp-content\/uploads\/2025\/11\/champagne-millesime-2020-biologique-a-l-aube-de-la-cote-des-bar-champagne-louise-brison.jpg\",\"width\":800,\"height\":2200},{\"@type\":\"BreadcrumbList\",\"@id\":\"https:\/\/louise-brison.fr\/it\/produit\/champagne-a-laube-millesime-2020-vin-biologique\/#breadcrumb\",\"itemListElement\":[{\"@type\":\"ListItem\",\"position\":1,\"name\":\"Accoglienza\",\"item\":\"https:\/\/louise-brison.fr\/it\/\"},{\"@type\":\"ListItem\",\"position\":2,\"name\":\"Negozio\",\"item\":\"https:\/\/louise-brison.fr\/it\/negozio\/\"},{\"@type\":\"ListItem\",\"position\":3,\"name\":\"Champagne A l&#8217;Aube Mill\u00e9sime 2020 bio\"}]},{\"@type\":\"WebSite\",\"@id\":\"https:\/\/louise-brison.fr\/it\/#website\",\"url\":\"https:\/\/louise-brison.fr\/it\/\",\"name\":\"Louise Brison\",\"description\":\"Champagne Louise Brison\",\"publisher\":{\"@id\":\"https:\/\/louise-brison.fr\/it\/#organization\"},\"potentialAction\":[{\"@type\":\"SearchAction\",\"target\":{\"@type\":\"EntryPoint\",\"urlTemplate\":\"https:\/\/louise-brison.fr\/it\/?s={search_term_string}\"},\"query-input\":{\"@type\":\"PropertyValueSpecification\",\"valueRequired\":true,\"valueName\":\"search_term_string\"}}],\"inLanguage\":\"it-IT\"},{\"@type\":\"Organization\",\"@id\":\"https:\/\/louise-brison.fr\/it\/#organization\",\"name\":\"Louise Brison\",\"url\":\"https:\/\/louise-brison.fr\/it\/\",\"logo\":{\"@type\":\"ImageObject\",\"inLanguage\":\"it-IT\",\"@id\":\"https:\/\/louise-brison.fr\/it\/#\/schema\/logo\/image\/\",\"url\":\"https:\/\/louise-brison.fr\/wp-content\/uploads\/2024\/03\/logo-champagne-louise-brison-2.png\",\"contentUrl\":\"https:\/\/louise-brison.fr\/wp-content\/uploads\/2024\/03\/logo-champagne-louise-brison-2.png\",\"width\":512,\"height\":512,\"caption\":\"Louise Brison\"},\"image\":{\"@id\":\"https:\/\/louise-brison.fr\/it\/#\/schema\/logo\/image\/\"},\"sameAs\":[\"https:\/\/www.facebook.com\/champagne.louisebrison\/\",\"https:\/\/x.com\/louisebrison\",\"https:\/\/www.instagram.com\/champagnelouisebrison\/\"]}]}<\/script>\n<!-- \/ Yoast SEO plugin. -->","yoast_head_json":{"title":"Champagne A l'Aube Mill\u00e9sime 2020 bio &#8211; Louise Brison","description":"Ce champagne pr\u00e9sente une aromatique fruit\u00e9e et rafra\u00eechissante. Ce Mill\u00e9sime est solaire et g\u00e9n\u00e9reux. Vin certifi\u00e9 biologique.","robots":{"index":"index","follow":"follow","max-snippet":"max-snippet:-1","max-image-preview":"max-image-preview:large","max-video-preview":"max-video-preview:-1"},"canonical":"https:\/\/louise-brison.fr\/it\/produit\/champagne-a-laube-millesime-2020-vin-biologique\/","og_locale":"it_IT","og_type":"article","og_title":"Champagne A l'Aube Mill\u00e9sime 2020 bio &#8211; Louise Brison","og_description":"Ce champagne pr\u00e9sente une aromatique fruit\u00e9e et rafra\u00eechissante. Ce Mill\u00e9sime est solaire et g\u00e9n\u00e9reux. Vin certifi\u00e9 biologique.","og_url":"https:\/\/louise-brison.fr\/it\/produit\/champagne-a-laube-millesime-2020-vin-biologique\/","og_site_name":"Louise Brison","article_publisher":"https:\/\/www.facebook.com\/champagne.louisebrison\/","article_modified_time":"2026-04-10T14:49:04+00:00","og_image":[{"width":800,"height":2200,"url":"https:\/\/louise-brison.fr\/wp-content\/uploads\/2025\/11\/champagne-millesime-2020-biologique-a-l-aube-de-la-cote-des-bar-champagne-louise-brison.jpg","type":"image\/jpeg"}],"twitter_card":"summary_large_image","twitter_site":"@louisebrison","twitter_misc":{"Tempo di lettura stimato":"1 minuto"},"schema":{"@context":"https:\/\/schema.org","@graph":[{"@type":["WebPage","CheckoutPage"],"@id":"https:\/\/louise-brison.fr\/it\/produit\/champagne-a-laube-millesime-2020-vin-biologique\/","url":"https:\/\/louise-brison.fr\/it\/produit\/champagne-a-laube-millesime-2020-vin-biologique\/","name":"Champagne A l'Aube Mill\u00e9sime 2020 bio &#8211; Louise Brison","isPartOf":{"@id":"https:\/\/louise-brison.fr\/it\/#website"},"primaryImageOfPage":{"@id":"https:\/\/louise-brison.fr\/it\/produit\/champagne-a-laube-millesime-2020-vin-biologique\/#primaryimage"},"image":{"@id":"https:\/\/louise-brison.fr\/it\/produit\/champagne-a-laube-millesime-2020-vin-biologique\/#primaryimage"},"thumbnailUrl":"https:\/\/louise-brison.fr\/wp-content\/uploads\/2025\/11\/champagne-millesime-2020-biologique-a-l-aube-de-la-cote-des-bar-champagne-louise-brison.jpg","datePublished":"2025-11-21T14:21:50+00:00","dateModified":"2026-04-10T14:49:04+00:00","description":"Ce champagne pr\u00e9sente une aromatique fruit\u00e9e et rafra\u00eechissante. Ce Mill\u00e9sime est solaire et g\u00e9n\u00e9reux. Vin certifi\u00e9 biologique.","breadcrumb":{"@id":"https:\/\/louise-brison.fr\/it\/produit\/champagne-a-laube-millesime-2020-vin-biologique\/#breadcrumb"},"inLanguage":"it-IT","potentialAction":[{"@type":"ReadAction","target":["https:\/\/louise-brison.fr\/it\/produit\/champagne-a-laube-millesime-2020-vin-biologique\/"]}]},{"@type":"ImageObject","inLanguage":"it-IT","@id":"https:\/\/louise-brison.fr\/it\/produit\/champagne-a-laube-millesime-2020-vin-biologique\/#primaryimage","url":"https:\/\/louise-brison.fr\/wp-content\/uploads\/2025\/11\/champagne-millesime-2020-biologique-a-l-aube-de-la-cote-des-bar-champagne-louise-brison.jpg","contentUrl":"https:\/\/louise-brison.fr\/wp-content\/uploads\/2025\/11\/champagne-millesime-2020-biologique-a-l-aube-de-la-cote-des-bar-champagne-louise-brison.jpg","width":800,"height":2200},{"@type":"BreadcrumbList","@id":"https:\/\/louise-brison.fr\/it\/produit\/champagne-a-laube-millesime-2020-vin-biologique\/#breadcrumb","itemListElement":[{"@type":"ListItem","position":1,"name":"Accoglienza","item":"https:\/\/louise-brison.fr\/it\/"},{"@type":"ListItem","position":2,"name":"Negozio","item":"https:\/\/louise-brison.fr\/it\/negozio\/"},{"@type":"ListItem","position":3,"name":"Champagne A l&#8217;Aube Mill\u00e9sime 2020 bio"}]},{"@type":"WebSite","@id":"https:\/\/louise-brison.fr\/it\/#website","url":"https:\/\/louise-brison.fr\/it\/","name":"Louise Brison","description":"Champagne Louise Brison","publisher":{"@id":"https:\/\/louise-brison.fr\/it\/#organization"},"potentialAction":[{"@type":"SearchAction","target":{"@type":"EntryPoint","urlTemplate":"https:\/\/louise-brison.fr\/it\/?s={search_term_string}"},"query-input":{"@type":"PropertyValueSpecification","valueRequired":true,"valueName":"search_term_string"}}],"inLanguage":"it-IT"},{"@type":"Organization","@id":"https:\/\/louise-brison.fr\/it\/#organization","name":"Louise Brison","url":"https:\/\/louise-brison.fr\/it\/","logo":{"@type":"ImageObject","inLanguage":"it-IT","@id":"https:\/\/louise-brison.fr\/it\/#\/schema\/logo\/image\/","url":"https:\/\/louise-brison.fr\/wp-content\/uploads\/2024\/03\/logo-champagne-louise-brison-2.png","contentUrl":"https:\/\/louise-brison.fr\/wp-content\/uploads\/2024\/03\/logo-champagne-louise-brison-2.png","width":512,"height":512,"caption":"Louise Brison"},"image":{"@id":"https:\/\/louise-brison.fr\/it\/#\/schema\/logo\/image\/"},"sameAs":["https:\/\/www.facebook.com\/champagne.louisebrison\/","https:\/\/x.com\/louisebrison","https:\/\/www.instagram.com\/champagnelouisebrison\/"]}]}},"_links":{"self":[{"href":"https:\/\/louise-brison.fr\/it\/wp-json\/wp\/v2\/product\/3610","targetHints":{"allow":["GET"]}}],"collection":[{"href":"https:\/\/louise-brison.fr\/it\/wp-json\/wp\/v2\/product"}],"about":[{"href":"https:\/\/louise-brison.fr\/it\/wp-json\/wp\/v2\/types\/product"}],"wp:featuredmedia":[{"embeddable":true,"href":"https:\/\/louise-brison.fr\/it\/wp-json\/wp\/v2\/media\/3603"}],"wp:attachment":[{"href":"https:\/\/louise-brison.fr\/it\/wp-json\/wp\/v2\/media?parent=3610"}],"wp:term":[{"taxonomy":"product_brand","embeddable":true,"href":"https:\/\/louise-brison.fr\/it\/wp-json\/wp\/v2\/product_brand?post=3610"},{"taxonomy":"product_cat","embeddable":true,"href":"https:\/\/louise-brison.fr\/it\/wp-json\/wp\/v2\/product_cat?post=3610"},{"taxonomy":"product_tag","embeddable":true,"href":"https:\/\/louise-brison.fr\/it\/wp-json\/wp\/v2\/product_tag?post=3610"}],"curies":[{"name":"wp","href":"https:\/\/api.w.org\/{rel}","templated":true}]}}