{"id":3554,"date":"2025-05-14T15:13:28","date_gmt":"2025-05-14T13:13:28","guid":{"rendered":"https:\/\/louise-brison.fr\/?post_type=product&#038;p=3554"},"modified":"2026-02-12T10:17:33","modified_gmt":"2026-02-12T09:17:33","slug":"champagne-a-laube-de-la-cote-des-bar-2010-jeroboam","status":"publish","type":"product","link":"https:\/\/louise-brison.fr\/it\/produit\/champagne-a-laube-de-la-cote-des-bar-2010-jeroboam\/","title":{"rendered":"Champagne A l&#8217;Aube de la C\u00f4te des Bar 2010 &#8211; J\u00e9roboam"},"content":{"rendered":"","protected":false},"excerpt":{"rendered":"","protected":false},"featured_media":3555,"template":"","meta":[],"product_brand":[],"product_cat":[56,38],"product_tag":[],"class_list":{"0":"post-3554","1":"product","2":"type-product","3":"status-publish","4":"has-post-thumbnail","6":"product_cat-56","7":"product_cat-memoire-de-la-cote-des-bar","9":"first","10":"instock","11":"taxable","12":"shipping-taxable","13":"purchasable","14":"product-type-simple"},"yoast_head":"<!-- This site is optimized with the Yoast SEO plugin v26.9 - https:\/\/yoast.com\/product\/yoast-seo-wordpress\/ -->\n<title>Champagne A l&#039;Aube de la C\u00f4te des Bar 2010 - J\u00e9roboam &#8211; Louise Brison<\/title>\n<meta name=\"description\" content=\"A l&#039;Aube j\u00e9roboam mill\u00e9sime 2010 est un champagne avec une aromatique peu complexe mais d&#039;une maturit\u00e9 \u00e9l\u00e9gante et raffin\u00e9e.\" \/>\n<meta name=\"robots\" content=\"index, follow, max-snippet:-1, max-image-preview:large, max-video-preview:-1\" \/>\n<link rel=\"canonical\" href=\"https:\/\/louise-brison.fr\/it\/produit\/champagne-a-laube-de-la-cote-des-bar-2010-jeroboam\/\" \/>\n<meta property=\"og:locale\" content=\"it_IT\" \/>\n<meta property=\"og:type\" content=\"article\" \/>\n<meta property=\"og:title\" content=\"Champagne A l&#039;Aube de la C\u00f4te des Bar 2010 - J\u00e9roboam &#8211; Louise Brison\" \/>\n<meta property=\"og:description\" content=\"A l&#039;Aube j\u00e9roboam mill\u00e9sime 2010 est un champagne avec une aromatique peu complexe mais d&#039;une maturit\u00e9 \u00e9l\u00e9gante et raffin\u00e9e.\" \/>\n<meta property=\"og:url\" content=\"https:\/\/louise-brison.fr\/it\/produit\/champagne-a-laube-de-la-cote-des-bar-2010-jeroboam\/\" \/>\n<meta property=\"og:site_name\" content=\"Louise Brison\" \/>\n<meta property=\"article:publisher\" content=\"https:\/\/www.facebook.com\/champagne.louisebrison\/\" \/>\n<meta property=\"article:modified_time\" content=\"2026-02-12T09:17:33+00:00\" \/>\n<meta property=\"og:image\" content=\"https:\/\/louise-brison.fr\/wp-content\/uploads\/2025\/05\/2010-champagne-louise-brison-millesime.gif\" \/>\n\t<meta property=\"og:image:width\" content=\"800\" \/>\n\t<meta property=\"og:image:height\" content=\"1131\" \/>\n\t<meta property=\"og:image:type\" content=\"image\/gif\" \/>\n<meta name=\"twitter:card\" content=\"summary_large_image\" \/>\n<meta name=\"twitter:site\" content=\"@louisebrison\" \/>\n<meta name=\"twitter:label1\" content=\"Tempo di lettura stimato\" \/>\n\t<meta name=\"twitter:data1\" content=\"1 minuto\" \/>\n<script type=\"application\/ld+json\" class=\"yoast-schema-graph\">{\"@context\":\"https:\/\/schema.org\",\"@graph\":[{\"@type\":[\"WebPage\",\"CheckoutPage\"],\"@id\":\"https:\/\/louise-brison.fr\/it\/produit\/champagne-a-laube-de-la-cote-des-bar-2010-jeroboam\/\",\"url\":\"https:\/\/louise-brison.fr\/it\/produit\/champagne-a-laube-de-la-cote-des-bar-2010-jeroboam\/\",\"name\":\"Champagne A l'Aube de la C\u00f4te des Bar 2010 - J\u00e9roboam &#8211; Louise Brison\",\"isPartOf\":{\"@id\":\"https:\/\/louise-brison.fr\/it\/#website\"},\"primaryImageOfPage\":{\"@id\":\"https:\/\/louise-brison.fr\/it\/produit\/champagne-a-laube-de-la-cote-des-bar-2010-jeroboam\/#primaryimage\"},\"image\":{\"@id\":\"https:\/\/louise-brison.fr\/it\/produit\/champagne-a-laube-de-la-cote-des-bar-2010-jeroboam\/#primaryimage\"},\"thumbnailUrl\":\"https:\/\/louise-brison.fr\/wp-content\/uploads\/2025\/05\/2010-champagne-louise-brison-millesime.gif\",\"datePublished\":\"2025-05-14T13:13:28+00:00\",\"dateModified\":\"2026-02-12T09:17:33+00:00\",\"description\":\"A l'Aube j\u00e9roboam mill\u00e9sime 2010 est un champagne avec une aromatique peu complexe mais d'une maturit\u00e9 \u00e9l\u00e9gante et raffin\u00e9e.\",\"breadcrumb\":{\"@id\":\"https:\/\/louise-brison.fr\/it\/produit\/champagne-a-laube-de-la-cote-des-bar-2010-jeroboam\/#breadcrumb\"},\"inLanguage\":\"it-IT\",\"potentialAction\":[{\"@type\":\"ReadAction\",\"target\":[\"https:\/\/louise-brison.fr\/it\/produit\/champagne-a-laube-de-la-cote-des-bar-2010-jeroboam\/\"]}]},{\"@type\":\"ImageObject\",\"inLanguage\":\"it-IT\",\"@id\":\"https:\/\/louise-brison.fr\/it\/produit\/champagne-a-laube-de-la-cote-des-bar-2010-jeroboam\/#primaryimage\",\"url\":\"https:\/\/louise-brison.fr\/wp-content\/uploads\/2025\/05\/2010-champagne-louise-brison-millesime.gif\",\"contentUrl\":\"https:\/\/louise-brison.fr\/wp-content\/uploads\/2025\/05\/2010-champagne-louise-brison-millesime.gif\",\"width\":800,\"height\":1131},{\"@type\":\"BreadcrumbList\",\"@id\":\"https:\/\/louise-brison.fr\/it\/produit\/champagne-a-laube-de-la-cote-des-bar-2010-jeroboam\/#breadcrumb\",\"itemListElement\":[{\"@type\":\"ListItem\",\"position\":1,\"name\":\"Accoglienza\",\"item\":\"https:\/\/louise-brison.fr\/it\/\"},{\"@type\":\"ListItem\",\"position\":2,\"name\":\"Negozio\",\"item\":\"https:\/\/louise-brison.fr\/it\/negozio\/\"},{\"@type\":\"ListItem\",\"position\":3,\"name\":\"Champagne A l&#8217;Aube de la C\u00f4te des Bar 2010 &#8211; J\u00e9roboam\"}]},{\"@type\":\"WebSite\",\"@id\":\"https:\/\/louise-brison.fr\/it\/#website\",\"url\":\"https:\/\/louise-brison.fr\/it\/\",\"name\":\"Louise Brison\",\"description\":\"Champagne Louise Brison\",\"publisher\":{\"@id\":\"https:\/\/louise-brison.fr\/it\/#organization\"},\"potentialAction\":[{\"@type\":\"SearchAction\",\"target\":{\"@type\":\"EntryPoint\",\"urlTemplate\":\"https:\/\/louise-brison.fr\/it\/?s={search_term_string}\"},\"query-input\":{\"@type\":\"PropertyValueSpecification\",\"valueRequired\":true,\"valueName\":\"search_term_string\"}}],\"inLanguage\":\"it-IT\"},{\"@type\":\"Organization\",\"@id\":\"https:\/\/louise-brison.fr\/it\/#organization\",\"name\":\"Louise Brison\",\"url\":\"https:\/\/louise-brison.fr\/it\/\",\"logo\":{\"@type\":\"ImageObject\",\"inLanguage\":\"it-IT\",\"@id\":\"https:\/\/louise-brison.fr\/it\/#\/schema\/logo\/image\/\",\"url\":\"https:\/\/louise-brison.fr\/wp-content\/uploads\/2024\/03\/logo-champagne-louise-brison-2.png\",\"contentUrl\":\"https:\/\/louise-brison.fr\/wp-content\/uploads\/2024\/03\/logo-champagne-louise-brison-2.png\",\"width\":512,\"height\":512,\"caption\":\"Louise Brison\"},\"image\":{\"@id\":\"https:\/\/louise-brison.fr\/it\/#\/schema\/logo\/image\/\"},\"sameAs\":[\"https:\/\/www.facebook.com\/champagne.louisebrison\/\",\"https:\/\/x.com\/louisebrison\",\"https:\/\/www.instagram.com\/champagnelouisebrison\/\"]}]}<\/script>\n<!-- \/ Yoast SEO plugin. -->","yoast_head_json":{"title":"Champagne A l'Aube de la C\u00f4te des Bar 2010 - J\u00e9roboam &#8211; Louise Brison","description":"A l'Aube j\u00e9roboam mill\u00e9sime 2010 est un champagne avec une aromatique peu complexe mais d'une maturit\u00e9 \u00e9l\u00e9gante et raffin\u00e9e.","robots":{"index":"index","follow":"follow","max-snippet":"max-snippet:-1","max-image-preview":"max-image-preview:large","max-video-preview":"max-video-preview:-1"},"canonical":"https:\/\/louise-brison.fr\/it\/produit\/champagne-a-laube-de-la-cote-des-bar-2010-jeroboam\/","og_locale":"it_IT","og_type":"article","og_title":"Champagne A l'Aube de la C\u00f4te des Bar 2010 - J\u00e9roboam &#8211; Louise Brison","og_description":"A l'Aube j\u00e9roboam mill\u00e9sime 2010 est un champagne avec une aromatique peu complexe mais d'une maturit\u00e9 \u00e9l\u00e9gante et raffin\u00e9e.","og_url":"https:\/\/louise-brison.fr\/it\/produit\/champagne-a-laube-de-la-cote-des-bar-2010-jeroboam\/","og_site_name":"Louise Brison","article_publisher":"https:\/\/www.facebook.com\/champagne.louisebrison\/","article_modified_time":"2026-02-12T09:17:33+00:00","og_image":[{"width":800,"height":1131,"url":"https:\/\/louise-brison.fr\/wp-content\/uploads\/2025\/05\/2010-champagne-louise-brison-millesime.gif","type":"image\/gif"}],"twitter_card":"summary_large_image","twitter_site":"@louisebrison","twitter_misc":{"Tempo di lettura stimato":"1 minuto"},"schema":{"@context":"https:\/\/schema.org","@graph":[{"@type":["WebPage","CheckoutPage"],"@id":"https:\/\/louise-brison.fr\/it\/produit\/champagne-a-laube-de-la-cote-des-bar-2010-jeroboam\/","url":"https:\/\/louise-brison.fr\/it\/produit\/champagne-a-laube-de-la-cote-des-bar-2010-jeroboam\/","name":"Champagne A l'Aube de la C\u00f4te des Bar 2010 - J\u00e9roboam &#8211; Louise Brison","isPartOf":{"@id":"https:\/\/louise-brison.fr\/it\/#website"},"primaryImageOfPage":{"@id":"https:\/\/louise-brison.fr\/it\/produit\/champagne-a-laube-de-la-cote-des-bar-2010-jeroboam\/#primaryimage"},"image":{"@id":"https:\/\/louise-brison.fr\/it\/produit\/champagne-a-laube-de-la-cote-des-bar-2010-jeroboam\/#primaryimage"},"thumbnailUrl":"https:\/\/louise-brison.fr\/wp-content\/uploads\/2025\/05\/2010-champagne-louise-brison-millesime.gif","datePublished":"2025-05-14T13:13:28+00:00","dateModified":"2026-02-12T09:17:33+00:00","description":"A l'Aube j\u00e9roboam mill\u00e9sime 2010 est un champagne avec une aromatique peu complexe mais d'une maturit\u00e9 \u00e9l\u00e9gante et raffin\u00e9e.","breadcrumb":{"@id":"https:\/\/louise-brison.fr\/it\/produit\/champagne-a-laube-de-la-cote-des-bar-2010-jeroboam\/#breadcrumb"},"inLanguage":"it-IT","potentialAction":[{"@type":"ReadAction","target":["https:\/\/louise-brison.fr\/it\/produit\/champagne-a-laube-de-la-cote-des-bar-2010-jeroboam\/"]}]},{"@type":"ImageObject","inLanguage":"it-IT","@id":"https:\/\/louise-brison.fr\/it\/produit\/champagne-a-laube-de-la-cote-des-bar-2010-jeroboam\/#primaryimage","url":"https:\/\/louise-brison.fr\/wp-content\/uploads\/2025\/05\/2010-champagne-louise-brison-millesime.gif","contentUrl":"https:\/\/louise-brison.fr\/wp-content\/uploads\/2025\/05\/2010-champagne-louise-brison-millesime.gif","width":800,"height":1131},{"@type":"BreadcrumbList","@id":"https:\/\/louise-brison.fr\/it\/produit\/champagne-a-laube-de-la-cote-des-bar-2010-jeroboam\/#breadcrumb","itemListElement":[{"@type":"ListItem","position":1,"name":"Accoglienza","item":"https:\/\/louise-brison.fr\/it\/"},{"@type":"ListItem","position":2,"name":"Negozio","item":"https:\/\/louise-brison.fr\/it\/negozio\/"},{"@type":"ListItem","position":3,"name":"Champagne A l&#8217;Aube de la C\u00f4te des Bar 2010 &#8211; J\u00e9roboam"}]},{"@type":"WebSite","@id":"https:\/\/louise-brison.fr\/it\/#website","url":"https:\/\/louise-brison.fr\/it\/","name":"Louise Brison","description":"Champagne Louise Brison","publisher":{"@id":"https:\/\/louise-brison.fr\/it\/#organization"},"potentialAction":[{"@type":"SearchAction","target":{"@type":"EntryPoint","urlTemplate":"https:\/\/louise-brison.fr\/it\/?s={search_term_string}"},"query-input":{"@type":"PropertyValueSpecification","valueRequired":true,"valueName":"search_term_string"}}],"inLanguage":"it-IT"},{"@type":"Organization","@id":"https:\/\/louise-brison.fr\/it\/#organization","name":"Louise Brison","url":"https:\/\/louise-brison.fr\/it\/","logo":{"@type":"ImageObject","inLanguage":"it-IT","@id":"https:\/\/louise-brison.fr\/it\/#\/schema\/logo\/image\/","url":"https:\/\/louise-brison.fr\/wp-content\/uploads\/2024\/03\/logo-champagne-louise-brison-2.png","contentUrl":"https:\/\/louise-brison.fr\/wp-content\/uploads\/2024\/03\/logo-champagne-louise-brison-2.png","width":512,"height":512,"caption":"Louise Brison"},"image":{"@id":"https:\/\/louise-brison.fr\/it\/#\/schema\/logo\/image\/"},"sameAs":["https:\/\/www.facebook.com\/champagne.louisebrison\/","https:\/\/x.com\/louisebrison","https:\/\/www.instagram.com\/champagnelouisebrison\/"]}]}},"_links":{"self":[{"href":"https:\/\/louise-brison.fr\/it\/wp-json\/wp\/v2\/product\/3554","targetHints":{"allow":["GET"]}}],"collection":[{"href":"https:\/\/louise-brison.fr\/it\/wp-json\/wp\/v2\/product"}],"about":[{"href":"https:\/\/louise-brison.fr\/it\/wp-json\/wp\/v2\/types\/product"}],"wp:featuredmedia":[{"embeddable":true,"href":"https:\/\/louise-brison.fr\/it\/wp-json\/wp\/v2\/media\/3555"}],"wp:attachment":[{"href":"https:\/\/louise-brison.fr\/it\/wp-json\/wp\/v2\/media?parent=3554"}],"wp:term":[{"taxonomy":"product_brand","embeddable":true,"href":"https:\/\/louise-brison.fr\/it\/wp-json\/wp\/v2\/product_brand?post=3554"},{"taxonomy":"product_cat","embeddable":true,"href":"https:\/\/louise-brison.fr\/it\/wp-json\/wp\/v2\/product_cat?post=3554"},{"taxonomy":"product_tag","embeddable":true,"href":"https:\/\/louise-brison.fr\/it\/wp-json\/wp\/v2\/product_tag?post=3554"}],"curies":[{"name":"wp","href":"https:\/\/api.w.org\/{rel}","templated":true}]}}