{"id":3493,"date":"2024-11-28T13:28:02","date_gmt":"2024-11-28T12:28:02","guid":{"rendered":"https:\/\/louise-brison.fr\/?post_type=product&#038;p=3493"},"modified":"2025-07-07T09:24:53","modified_gmt":"2025-07-07T07:24:53","slug":"chardonnay-de-la-cote-des-bar-champagne-millesime-2018","status":"publish","type":"product","link":"https:\/\/louise-brison.fr\/it\/produit\/chardonnay-de-la-cote-des-bar-champagne-millesime-2018\/","title":{"rendered":"Chardonnay de la C\u00f4te des Bar             Champagne Mill\u00e9sime 2018"},"content":{"rendered":"<p>100 % Chardonnay vinifi\u00e9 et \u00e9lev\u00e9 en f\u00fbts de ch\u00eane pendant 9 mois.<br \/>\nRaisins issus de la vendange 2018 uniquement.<br \/>\nBrut Nature &#8211; Dosage : Z\u00e9ro<\/p>\n<ul>\n<li>Effervescence: Ses fines bulles forment un joli cordon.<\/li>\n<li>Robe: Jaune et brillante avec des reflets cristallins.<\/li>\n<li>Nez: D\u2019une grande expression, ce Blanc de Blancs exhale des notes exotiques. Subtilement d\u00e9licat.<\/li>\n<li>Bouche :Tout aussi complexe et de belle structure, le palais d\u00e9voile une mati\u00e8re pr\u00e9cise, d\u00e9licate et gourmande. Sa finale flatteuse et longue est tr\u00e8s appr\u00e9ci\u00e9e.<\/li>\n<li>Accords Mets&amp;Champagne: Vous pourrez l&#8217;appr\u00e9cier \u00e0 l&#8217;ap\u00e9ritif accompagn\u00e9e de petits fours sal\u00e9s \u00e0 base de poisson, de fruits de mer ou de viande blanche<\/li>\n<\/ul>\n<p>&nbsp;<\/p>\n","protected":false},"excerpt":{"rendered":"<p>100 % Chardonnay vinifi\u00e9 et \u00e9lev\u00e9 en f\u00fbts de ch\u00eane pendant 9 mois. Raisins issus de la vendange 2018 uniquement. Brut Nature &#8211; Dosage : Z\u00e9ro Effervescence: Ses fines bulles&hellip;<\/p>\n","protected":false},"featured_media":3494,"template":"","meta":[],"product_brand":[],"product_cat":[134,34],"product_tag":[],"class_list":{"0":"post-3493","1":"product","2":"type-product","3":"status-publish","4":"has-post-thumbnail","6":"product_cat-134","7":"product_cat-chardonnay-de-la-cote-des-bar","9":"first","10":"outofstock","11":"taxable","12":"shipping-taxable","13":"purchasable","14":"product-type-simple"},"yoast_head":"<!-- This site is optimized with the Yoast SEO plugin v26.9 - https:\/\/yoast.com\/product\/yoast-seo-wordpress\/ -->\n<title>Chardonnay de la C\u00f4te des Bar       Champagne Mill\u00e9sime 2018 &#8211; Louise Brison<\/title>\n<meta name=\"description\" content=\"Ce champagne de la C\u00f4te des bar 100% chardonnay mill\u00e9sime 2018 est \u00e9l\u00e9gant et fruit\u00e9.\" \/>\n<meta name=\"robots\" content=\"index, follow, max-snippet:-1, max-image-preview:large, max-video-preview:-1\" \/>\n<link rel=\"canonical\" href=\"https:\/\/louise-brison.fr\/it\/produit\/chardonnay-de-la-cote-des-bar-champagne-millesime-2018\/\" \/>\n<meta property=\"og:locale\" content=\"it_IT\" \/>\n<meta property=\"og:type\" content=\"article\" \/>\n<meta property=\"og:title\" content=\"Chardonnay de la C\u00f4te des Bar       Champagne Mill\u00e9sime 2018 &#8211; Louise Brison\" \/>\n<meta property=\"og:description\" content=\"Ce champagne de la C\u00f4te des bar 100% chardonnay mill\u00e9sime 2018 est \u00e9l\u00e9gant et fruit\u00e9.\" \/>\n<meta property=\"og:url\" content=\"https:\/\/louise-brison.fr\/it\/produit\/chardonnay-de-la-cote-des-bar-champagne-millesime-2018\/\" \/>\n<meta property=\"og:site_name\" content=\"Louise Brison\" \/>\n<meta property=\"article:publisher\" content=\"https:\/\/www.facebook.com\/champagne.louisebrison\/\" \/>\n<meta property=\"article:modified_time\" content=\"2025-07-07T07:24:53+00:00\" \/>\n<meta property=\"og:image\" content=\"https:\/\/louise-brison.fr\/wp-content\/uploads\/2024\/11\/champagne-millesime-2018-chardonnay-de-la-cote-des-bar-champagne-louise-brison-sans-fond-1-scaled.gif\" \/>\n\t<meta property=\"og:image:width\" content=\"885\" \/>\n\t<meta property=\"og:image:height\" content=\"2560\" \/>\n\t<meta property=\"og:image:type\" content=\"image\/gif\" \/>\n<meta name=\"twitter:card\" content=\"summary_large_image\" \/>\n<meta name=\"twitter:site\" content=\"@louisebrison\" \/>\n<meta name=\"twitter:label1\" content=\"Tempo di lettura stimato\" \/>\n\t<meta name=\"twitter:data1\" content=\"1 minuto\" \/>\n<script type=\"application\/ld+json\" class=\"yoast-schema-graph\">{\"@context\":\"https:\/\/schema.org\",\"@graph\":[{\"@type\":[\"WebPage\",\"CheckoutPage\"],\"@id\":\"https:\/\/louise-brison.fr\/it\/produit\/chardonnay-de-la-cote-des-bar-champagne-millesime-2018\/\",\"url\":\"https:\/\/louise-brison.fr\/it\/produit\/chardonnay-de-la-cote-des-bar-champagne-millesime-2018\/\",\"name\":\"Chardonnay de la C\u00f4te des Bar Champagne Mill\u00e9sime 2018 &#8211; Louise Brison\",\"isPartOf\":{\"@id\":\"https:\/\/louise-brison.fr\/it\/#website\"},\"primaryImageOfPage\":{\"@id\":\"https:\/\/louise-brison.fr\/it\/produit\/chardonnay-de-la-cote-des-bar-champagne-millesime-2018\/#primaryimage\"},\"image\":{\"@id\":\"https:\/\/louise-brison.fr\/it\/produit\/chardonnay-de-la-cote-des-bar-champagne-millesime-2018\/#primaryimage\"},\"thumbnailUrl\":\"https:\/\/louise-brison.fr\/wp-content\/uploads\/2024\/11\/champagne-millesime-2018-chardonnay-de-la-cote-des-bar-champagne-louise-brison-sans-fond-1-scaled.gif\",\"datePublished\":\"2024-11-28T12:28:02+00:00\",\"dateModified\":\"2025-07-07T07:24:53+00:00\",\"description\":\"Ce champagne de la C\u00f4te des bar 100% chardonnay mill\u00e9sime 2018 est \u00e9l\u00e9gant et fruit\u00e9.\",\"breadcrumb\":{\"@id\":\"https:\/\/louise-brison.fr\/it\/produit\/chardonnay-de-la-cote-des-bar-champagne-millesime-2018\/#breadcrumb\"},\"inLanguage\":\"it-IT\",\"potentialAction\":[{\"@type\":\"ReadAction\",\"target\":[\"https:\/\/louise-brison.fr\/it\/produit\/chardonnay-de-la-cote-des-bar-champagne-millesime-2018\/\"]}]},{\"@type\":\"ImageObject\",\"inLanguage\":\"it-IT\",\"@id\":\"https:\/\/louise-brison.fr\/it\/produit\/chardonnay-de-la-cote-des-bar-champagne-millesime-2018\/#primaryimage\",\"url\":\"https:\/\/louise-brison.fr\/wp-content\/uploads\/2024\/11\/champagne-millesime-2018-chardonnay-de-la-cote-des-bar-champagne-louise-brison-sans-fond-1-scaled.gif\",\"contentUrl\":\"https:\/\/louise-brison.fr\/wp-content\/uploads\/2024\/11\/champagne-millesime-2018-chardonnay-de-la-cote-des-bar-champagne-louise-brison-sans-fond-1-scaled.gif\",\"width\":885,\"height\":2560},{\"@type\":\"BreadcrumbList\",\"@id\":\"https:\/\/louise-brison.fr\/it\/produit\/chardonnay-de-la-cote-des-bar-champagne-millesime-2018\/#breadcrumb\",\"itemListElement\":[{\"@type\":\"ListItem\",\"position\":1,\"name\":\"Accoglienza\",\"item\":\"https:\/\/louise-brison.fr\/it\/\"},{\"@type\":\"ListItem\",\"position\":2,\"name\":\"Negozio\",\"item\":\"https:\/\/louise-brison.fr\/it\/negozio\/\"},{\"@type\":\"ListItem\",\"position\":3,\"name\":\"Chardonnay de la C\u00f4te des Bar Champagne Mill\u00e9sime 2018\"}]},{\"@type\":\"WebSite\",\"@id\":\"https:\/\/louise-brison.fr\/it\/#website\",\"url\":\"https:\/\/louise-brison.fr\/it\/\",\"name\":\"Louise Brison\",\"description\":\"Champagne Louise Brison\",\"publisher\":{\"@id\":\"https:\/\/louise-brison.fr\/it\/#organization\"},\"potentialAction\":[{\"@type\":\"SearchAction\",\"target\":{\"@type\":\"EntryPoint\",\"urlTemplate\":\"https:\/\/louise-brison.fr\/it\/?s={search_term_string}\"},\"query-input\":{\"@type\":\"PropertyValueSpecification\",\"valueRequired\":true,\"valueName\":\"search_term_string\"}}],\"inLanguage\":\"it-IT\"},{\"@type\":\"Organization\",\"@id\":\"https:\/\/louise-brison.fr\/it\/#organization\",\"name\":\"Louise Brison\",\"url\":\"https:\/\/louise-brison.fr\/it\/\",\"logo\":{\"@type\":\"ImageObject\",\"inLanguage\":\"it-IT\",\"@id\":\"https:\/\/louise-brison.fr\/it\/#\/schema\/logo\/image\/\",\"url\":\"https:\/\/louise-brison.fr\/wp-content\/uploads\/2024\/03\/logo-champagne-louise-brison-2.png\",\"contentUrl\":\"https:\/\/louise-brison.fr\/wp-content\/uploads\/2024\/03\/logo-champagne-louise-brison-2.png\",\"width\":512,\"height\":512,\"caption\":\"Louise Brison\"},\"image\":{\"@id\":\"https:\/\/louise-brison.fr\/it\/#\/schema\/logo\/image\/\"},\"sameAs\":[\"https:\/\/www.facebook.com\/champagne.louisebrison\/\",\"https:\/\/x.com\/louisebrison\",\"https:\/\/www.instagram.com\/champagnelouisebrison\/\"]}]}<\/script>\n<!-- \/ Yoast SEO plugin. -->","yoast_head_json":{"title":"Chardonnay de la C\u00f4te des Bar       Champagne Mill\u00e9sime 2018 &#8211; Louise Brison","description":"Ce champagne de la C\u00f4te des bar 100% chardonnay mill\u00e9sime 2018 est \u00e9l\u00e9gant et fruit\u00e9.","robots":{"index":"index","follow":"follow","max-snippet":"max-snippet:-1","max-image-preview":"max-image-preview:large","max-video-preview":"max-video-preview:-1"},"canonical":"https:\/\/louise-brison.fr\/it\/produit\/chardonnay-de-la-cote-des-bar-champagne-millesime-2018\/","og_locale":"it_IT","og_type":"article","og_title":"Chardonnay de la C\u00f4te des Bar       Champagne Mill\u00e9sime 2018 &#8211; Louise Brison","og_description":"Ce champagne de la C\u00f4te des bar 100% chardonnay mill\u00e9sime 2018 est \u00e9l\u00e9gant et fruit\u00e9.","og_url":"https:\/\/louise-brison.fr\/it\/produit\/chardonnay-de-la-cote-des-bar-champagne-millesime-2018\/","og_site_name":"Louise Brison","article_publisher":"https:\/\/www.facebook.com\/champagne.louisebrison\/","article_modified_time":"2025-07-07T07:24:53+00:00","og_image":[{"width":885,"height":2560,"url":"https:\/\/louise-brison.fr\/wp-content\/uploads\/2024\/11\/champagne-millesime-2018-chardonnay-de-la-cote-des-bar-champagne-louise-brison-sans-fond-1-scaled.gif","type":"image\/gif"}],"twitter_card":"summary_large_image","twitter_site":"@louisebrison","twitter_misc":{"Tempo di lettura stimato":"1 minuto"},"schema":{"@context":"https:\/\/schema.org","@graph":[{"@type":["WebPage","CheckoutPage"],"@id":"https:\/\/louise-brison.fr\/it\/produit\/chardonnay-de-la-cote-des-bar-champagne-millesime-2018\/","url":"https:\/\/louise-brison.fr\/it\/produit\/chardonnay-de-la-cote-des-bar-champagne-millesime-2018\/","name":"Chardonnay de la C\u00f4te des Bar Champagne Mill\u00e9sime 2018 &#8211; Louise Brison","isPartOf":{"@id":"https:\/\/louise-brison.fr\/it\/#website"},"primaryImageOfPage":{"@id":"https:\/\/louise-brison.fr\/it\/produit\/chardonnay-de-la-cote-des-bar-champagne-millesime-2018\/#primaryimage"},"image":{"@id":"https:\/\/louise-brison.fr\/it\/produit\/chardonnay-de-la-cote-des-bar-champagne-millesime-2018\/#primaryimage"},"thumbnailUrl":"https:\/\/louise-brison.fr\/wp-content\/uploads\/2024\/11\/champagne-millesime-2018-chardonnay-de-la-cote-des-bar-champagne-louise-brison-sans-fond-1-scaled.gif","datePublished":"2024-11-28T12:28:02+00:00","dateModified":"2025-07-07T07:24:53+00:00","description":"Ce champagne de la C\u00f4te des bar 100% chardonnay mill\u00e9sime 2018 est \u00e9l\u00e9gant et fruit\u00e9.","breadcrumb":{"@id":"https:\/\/louise-brison.fr\/it\/produit\/chardonnay-de-la-cote-des-bar-champagne-millesime-2018\/#breadcrumb"},"inLanguage":"it-IT","potentialAction":[{"@type":"ReadAction","target":["https:\/\/louise-brison.fr\/it\/produit\/chardonnay-de-la-cote-des-bar-champagne-millesime-2018\/"]}]},{"@type":"ImageObject","inLanguage":"it-IT","@id":"https:\/\/louise-brison.fr\/it\/produit\/chardonnay-de-la-cote-des-bar-champagne-millesime-2018\/#primaryimage","url":"https:\/\/louise-brison.fr\/wp-content\/uploads\/2024\/11\/champagne-millesime-2018-chardonnay-de-la-cote-des-bar-champagne-louise-brison-sans-fond-1-scaled.gif","contentUrl":"https:\/\/louise-brison.fr\/wp-content\/uploads\/2024\/11\/champagne-millesime-2018-chardonnay-de-la-cote-des-bar-champagne-louise-brison-sans-fond-1-scaled.gif","width":885,"height":2560},{"@type":"BreadcrumbList","@id":"https:\/\/louise-brison.fr\/it\/produit\/chardonnay-de-la-cote-des-bar-champagne-millesime-2018\/#breadcrumb","itemListElement":[{"@type":"ListItem","position":1,"name":"Accoglienza","item":"https:\/\/louise-brison.fr\/it\/"},{"@type":"ListItem","position":2,"name":"Negozio","item":"https:\/\/louise-brison.fr\/it\/negozio\/"},{"@type":"ListItem","position":3,"name":"Chardonnay de la C\u00f4te des Bar Champagne Mill\u00e9sime 2018"}]},{"@type":"WebSite","@id":"https:\/\/louise-brison.fr\/it\/#website","url":"https:\/\/louise-brison.fr\/it\/","name":"Louise Brison","description":"Champagne Louise Brison","publisher":{"@id":"https:\/\/louise-brison.fr\/it\/#organization"},"potentialAction":[{"@type":"SearchAction","target":{"@type":"EntryPoint","urlTemplate":"https:\/\/louise-brison.fr\/it\/?s={search_term_string}"},"query-input":{"@type":"PropertyValueSpecification","valueRequired":true,"valueName":"search_term_string"}}],"inLanguage":"it-IT"},{"@type":"Organization","@id":"https:\/\/louise-brison.fr\/it\/#organization","name":"Louise Brison","url":"https:\/\/louise-brison.fr\/it\/","logo":{"@type":"ImageObject","inLanguage":"it-IT","@id":"https:\/\/louise-brison.fr\/it\/#\/schema\/logo\/image\/","url":"https:\/\/louise-brison.fr\/wp-content\/uploads\/2024\/03\/logo-champagne-louise-brison-2.png","contentUrl":"https:\/\/louise-brison.fr\/wp-content\/uploads\/2024\/03\/logo-champagne-louise-brison-2.png","width":512,"height":512,"caption":"Louise Brison"},"image":{"@id":"https:\/\/louise-brison.fr\/it\/#\/schema\/logo\/image\/"},"sameAs":["https:\/\/www.facebook.com\/champagne.louisebrison\/","https:\/\/x.com\/louisebrison","https:\/\/www.instagram.com\/champagnelouisebrison\/"]}]}},"_links":{"self":[{"href":"https:\/\/louise-brison.fr\/it\/wp-json\/wp\/v2\/product\/3493","targetHints":{"allow":["GET"]}}],"collection":[{"href":"https:\/\/louise-brison.fr\/it\/wp-json\/wp\/v2\/product"}],"about":[{"href":"https:\/\/louise-brison.fr\/it\/wp-json\/wp\/v2\/types\/product"}],"wp:featuredmedia":[{"embeddable":true,"href":"https:\/\/louise-brison.fr\/it\/wp-json\/wp\/v2\/media\/3494"}],"wp:attachment":[{"href":"https:\/\/louise-brison.fr\/it\/wp-json\/wp\/v2\/media?parent=3493"}],"wp:term":[{"taxonomy":"product_brand","embeddable":true,"href":"https:\/\/louise-brison.fr\/it\/wp-json\/wp\/v2\/product_brand?post=3493"},{"taxonomy":"product_cat","embeddable":true,"href":"https:\/\/louise-brison.fr\/it\/wp-json\/wp\/v2\/product_cat?post=3493"},{"taxonomy":"product_tag","embeddable":true,"href":"https:\/\/louise-brison.fr\/it\/wp-json\/wp\/v2\/product_tag?post=3493"}],"curies":[{"name":"wp","href":"https:\/\/api.w.org\/{rel}","templated":true}]}}