{"id":28,"date":"2020-06-25T14:49:24","date_gmt":"2020-06-25T12:49:24","guid":{"rendered":"https:\/\/louise-brison.fr\/?post_type=product&#038;p=28"},"modified":"2024-02-15T16:34:06","modified_gmt":"2024-02-15T15:34:06","slug":"champagne-millesime-2014-a-l-aube-de-la-cote-des-bars","status":"publish","type":"product","link":"https:\/\/louise-brison.fr\/it\/produit\/champagne-millesime-2014-a-l-aube-de-la-cote-des-bars\/","title":{"rendered":"Champagne Mill\u00e9sime 2014"},"content":{"rendered":"<p>Assemblage\u00a0<strong>50% Pinot Noir,\u00a0<\/strong><strong>50% Chardonnay<\/strong>\u00a0vinifi\u00e9 et \u00e9lev\u00e9 en f\u00fbts de ch\u00eane. Fermentation malolactique partielle. Ce vin est issu de la vendange 2014 uniquement. Bouteille de 0,75 l.<\/p>\n<ul>\n<li><strong>Effervescence<br \/>\n<\/strong>Ses bulles fines s&#8217;\u00e9chappent avec gr\u00e2ce et forment un joli cordon.<\/li>\n<li><strong>Robe<\/strong><br \/>\nSa robe brillante laisse appara\u00eetre une couleur jaune p\u00e2le.<\/li>\n<li><strong>Nez<\/strong><br \/>\nExpressif et g\u00e9n\u00e9reux, le nez s&#8217;ouvre sur des notes d&#8217;agrumes et de fruits \u00e0 chair blanche. De subtiles fragrances de rose se m\u00ealent \u00e0 un bois\u00e9 bien maitris\u00e9.<\/li>\n<li><strong>Bouche<\/strong><br \/>\n\u00c9l\u00e9gante, fraiche et \u00e9quilibr\u00e9e, la bouche est fid\u00e8le au nez et de belle structure. Ce mill\u00e9sime est une v\u00e9ritable source d&#8217;inspiration !<\/li>\n<\/ul>\n","protected":false},"excerpt":{"rendered":"<p>Assemblage\u00a050% Pinot Noir,\u00a050% Chardonnay\u00a0vinifi\u00e9 et \u00e9lev\u00e9 en f\u00fbts de ch\u00eane. Fermentation malolactique partielle. Ce vin est issu de la vendange 2014 uniquement. Bouteille de 0,75 l. Effervescence Ses bulles fines&hellip;<\/p>\n","protected":false},"featured_media":29,"template":"","meta":[],"product_brand":[],"product_cat":[14,60],"product_tag":[],"class_list":{"0":"post-28","1":"product","2":"type-product","3":"status-publish","4":"has-post-thumbnail","6":"product_cat-non-classe","7":"product_cat-60","9":"first","10":"outofstock","11":"taxable","12":"shipping-taxable","13":"product-type-simple"},"yoast_head":"<!-- This site is optimized with the Yoast SEO plugin v26.9 - https:\/\/yoast.com\/product\/yoast-seo-wordpress\/ -->\n<title>Champagne Mill\u00e9sime 2014 &#8211; Louise Brison<\/title>\n<meta name=\"description\" content=\"Le mill\u00e9sime 2014 est un champagne de grande inspiration ! Complexit\u00e9 et \u00e9l\u00e9gance pour cette assemblage de pinot noir et de Chardonnay.\" \/>\n<meta name=\"robots\" content=\"index, follow, max-snippet:-1, max-image-preview:large, max-video-preview:-1\" \/>\n<link rel=\"canonical\" href=\"https:\/\/louise-brison.fr\/it\/produit\/champagne-millesime-2014-a-l-aube-de-la-cote-des-bars\/\" \/>\n<meta property=\"og:locale\" content=\"it_IT\" \/>\n<meta property=\"og:type\" content=\"article\" \/>\n<meta property=\"og:title\" content=\"Champagne Mill\u00e9sime 2014 &#8211; Louise Brison\" \/>\n<meta property=\"og:description\" content=\"Le mill\u00e9sime 2014 est un champagne de grande inspiration ! Complexit\u00e9 et \u00e9l\u00e9gance pour cette assemblage de pinot noir et de Chardonnay.\" \/>\n<meta property=\"og:url\" content=\"https:\/\/louise-brison.fr\/it\/produit\/champagne-millesime-2014-a-l-aube-de-la-cote-des-bars\/\" \/>\n<meta property=\"og:site_name\" content=\"Louise Brison\" \/>\n<meta property=\"article:publisher\" content=\"https:\/\/www.facebook.com\/champagne.louisebrison\/\" \/>\n<meta property=\"article:modified_time\" content=\"2024-02-15T15:34:06+00:00\" \/>\n<meta property=\"og:image\" content=\"https:\/\/louise-brison.fr\/wp-content\/uploads\/2020\/06\/louisebrison-2014.gif\" \/>\n\t<meta property=\"og:image:width\" content=\"200\" \/>\n\t<meta property=\"og:image:height\" content=\"802\" \/>\n\t<meta property=\"og:image:type\" content=\"image\/gif\" \/>\n<meta name=\"twitter:card\" content=\"summary_large_image\" \/>\n<meta name=\"twitter:site\" content=\"@louisebrison\" \/>\n<meta name=\"twitter:label1\" content=\"Tempo di lettura stimato\" \/>\n\t<meta name=\"twitter:data1\" content=\"1 minuto\" \/>\n<script type=\"application\/ld+json\" class=\"yoast-schema-graph\">{\"@context\":\"https:\/\/schema.org\",\"@graph\":[{\"@type\":[\"WebPage\",\"CheckoutPage\"],\"@id\":\"https:\/\/louise-brison.fr\/it\/produit\/champagne-millesime-2014-a-l-aube-de-la-cote-des-bars\/\",\"url\":\"https:\/\/louise-brison.fr\/it\/produit\/champagne-millesime-2014-a-l-aube-de-la-cote-des-bars\/\",\"name\":\"Champagne Mill\u00e9sime 2014 &#8211; Louise Brison\",\"isPartOf\":{\"@id\":\"https:\/\/louise-brison.fr\/it\/#website\"},\"primaryImageOfPage\":{\"@id\":\"https:\/\/louise-brison.fr\/it\/produit\/champagne-millesime-2014-a-l-aube-de-la-cote-des-bars\/#primaryimage\"},\"image\":{\"@id\":\"https:\/\/louise-brison.fr\/it\/produit\/champagne-millesime-2014-a-l-aube-de-la-cote-des-bars\/#primaryimage\"},\"thumbnailUrl\":\"https:\/\/louise-brison.fr\/wp-content\/uploads\/2020\/06\/louisebrison-2014.gif\",\"datePublished\":\"2020-06-25T12:49:24+00:00\",\"dateModified\":\"2024-02-15T15:34:06+00:00\",\"description\":\"Le mill\u00e9sime 2014 est un champagne de grande inspiration ! Complexit\u00e9 et \u00e9l\u00e9gance pour cette assemblage de pinot noir et de Chardonnay.\",\"breadcrumb\":{\"@id\":\"https:\/\/louise-brison.fr\/it\/produit\/champagne-millesime-2014-a-l-aube-de-la-cote-des-bars\/#breadcrumb\"},\"inLanguage\":\"it-IT\",\"potentialAction\":[{\"@type\":\"ReadAction\",\"target\":[\"https:\/\/louise-brison.fr\/it\/produit\/champagne-millesime-2014-a-l-aube-de-la-cote-des-bars\/\"]}]},{\"@type\":\"ImageObject\",\"inLanguage\":\"it-IT\",\"@id\":\"https:\/\/louise-brison.fr\/it\/produit\/champagne-millesime-2014-a-l-aube-de-la-cote-des-bars\/#primaryimage\",\"url\":\"https:\/\/louise-brison.fr\/wp-content\/uploads\/2020\/06\/louisebrison-2014.gif\",\"contentUrl\":\"https:\/\/louise-brison.fr\/wp-content\/uploads\/2020\/06\/louisebrison-2014.gif\",\"width\":200,\"height\":802},{\"@type\":\"BreadcrumbList\",\"@id\":\"https:\/\/louise-brison.fr\/it\/produit\/champagne-millesime-2014-a-l-aube-de-la-cote-des-bars\/#breadcrumb\",\"itemListElement\":[{\"@type\":\"ListItem\",\"position\":1,\"name\":\"Accoglienza\",\"item\":\"https:\/\/louise-brison.fr\/it\/\"},{\"@type\":\"ListItem\",\"position\":2,\"name\":\"Negozio\",\"item\":\"https:\/\/louise-brison.fr\/it\/negozio\/\"},{\"@type\":\"ListItem\",\"position\":3,\"name\":\"Champagne Mill\u00e9sime 2014\"}]},{\"@type\":\"WebSite\",\"@id\":\"https:\/\/louise-brison.fr\/it\/#website\",\"url\":\"https:\/\/louise-brison.fr\/it\/\",\"name\":\"Louise Brison\",\"description\":\"Champagne Louise Brison\",\"publisher\":{\"@id\":\"https:\/\/louise-brison.fr\/it\/#organization\"},\"potentialAction\":[{\"@type\":\"SearchAction\",\"target\":{\"@type\":\"EntryPoint\",\"urlTemplate\":\"https:\/\/louise-brison.fr\/it\/?s={search_term_string}\"},\"query-input\":{\"@type\":\"PropertyValueSpecification\",\"valueRequired\":true,\"valueName\":\"search_term_string\"}}],\"inLanguage\":\"it-IT\"},{\"@type\":\"Organization\",\"@id\":\"https:\/\/louise-brison.fr\/it\/#organization\",\"name\":\"Louise Brison\",\"url\":\"https:\/\/louise-brison.fr\/it\/\",\"logo\":{\"@type\":\"ImageObject\",\"inLanguage\":\"it-IT\",\"@id\":\"https:\/\/louise-brison.fr\/it\/#\/schema\/logo\/image\/\",\"url\":\"https:\/\/louise-brison.fr\/wp-content\/uploads\/2024\/03\/logo-champagne-louise-brison-2.png\",\"contentUrl\":\"https:\/\/louise-brison.fr\/wp-content\/uploads\/2024\/03\/logo-champagne-louise-brison-2.png\",\"width\":512,\"height\":512,\"caption\":\"Louise Brison\"},\"image\":{\"@id\":\"https:\/\/louise-brison.fr\/it\/#\/schema\/logo\/image\/\"},\"sameAs\":[\"https:\/\/www.facebook.com\/champagne.louisebrison\/\",\"https:\/\/x.com\/louisebrison\",\"https:\/\/www.instagram.com\/champagnelouisebrison\/\"]}]}<\/script>\n<!-- \/ Yoast SEO plugin. -->","yoast_head_json":{"title":"Champagne Mill\u00e9sime 2014 &#8211; Louise Brison","description":"Le mill\u00e9sime 2014 est un champagne de grande inspiration ! Complexit\u00e9 et \u00e9l\u00e9gance pour cette assemblage de pinot noir et de Chardonnay.","robots":{"index":"index","follow":"follow","max-snippet":"max-snippet:-1","max-image-preview":"max-image-preview:large","max-video-preview":"max-video-preview:-1"},"canonical":"https:\/\/louise-brison.fr\/it\/produit\/champagne-millesime-2014-a-l-aube-de-la-cote-des-bars\/","og_locale":"it_IT","og_type":"article","og_title":"Champagne Mill\u00e9sime 2014 &#8211; Louise Brison","og_description":"Le mill\u00e9sime 2014 est un champagne de grande inspiration ! Complexit\u00e9 et \u00e9l\u00e9gance pour cette assemblage de pinot noir et de Chardonnay.","og_url":"https:\/\/louise-brison.fr\/it\/produit\/champagne-millesime-2014-a-l-aube-de-la-cote-des-bars\/","og_site_name":"Louise Brison","article_publisher":"https:\/\/www.facebook.com\/champagne.louisebrison\/","article_modified_time":"2024-02-15T15:34:06+00:00","og_image":[{"width":200,"height":802,"url":"https:\/\/louise-brison.fr\/wp-content\/uploads\/2020\/06\/louisebrison-2014.gif","type":"image\/gif"}],"twitter_card":"summary_large_image","twitter_site":"@louisebrison","twitter_misc":{"Tempo di lettura stimato":"1 minuto"},"schema":{"@context":"https:\/\/schema.org","@graph":[{"@type":["WebPage","CheckoutPage"],"@id":"https:\/\/louise-brison.fr\/it\/produit\/champagne-millesime-2014-a-l-aube-de-la-cote-des-bars\/","url":"https:\/\/louise-brison.fr\/it\/produit\/champagne-millesime-2014-a-l-aube-de-la-cote-des-bars\/","name":"Champagne Mill\u00e9sime 2014 &#8211; Louise Brison","isPartOf":{"@id":"https:\/\/louise-brison.fr\/it\/#website"},"primaryImageOfPage":{"@id":"https:\/\/louise-brison.fr\/it\/produit\/champagne-millesime-2014-a-l-aube-de-la-cote-des-bars\/#primaryimage"},"image":{"@id":"https:\/\/louise-brison.fr\/it\/produit\/champagne-millesime-2014-a-l-aube-de-la-cote-des-bars\/#primaryimage"},"thumbnailUrl":"https:\/\/louise-brison.fr\/wp-content\/uploads\/2020\/06\/louisebrison-2014.gif","datePublished":"2020-06-25T12:49:24+00:00","dateModified":"2024-02-15T15:34:06+00:00","description":"Le mill\u00e9sime 2014 est un champagne de grande inspiration ! Complexit\u00e9 et \u00e9l\u00e9gance pour cette assemblage de pinot noir et de Chardonnay.","breadcrumb":{"@id":"https:\/\/louise-brison.fr\/it\/produit\/champagne-millesime-2014-a-l-aube-de-la-cote-des-bars\/#breadcrumb"},"inLanguage":"it-IT","potentialAction":[{"@type":"ReadAction","target":["https:\/\/louise-brison.fr\/it\/produit\/champagne-millesime-2014-a-l-aube-de-la-cote-des-bars\/"]}]},{"@type":"ImageObject","inLanguage":"it-IT","@id":"https:\/\/louise-brison.fr\/it\/produit\/champagne-millesime-2014-a-l-aube-de-la-cote-des-bars\/#primaryimage","url":"https:\/\/louise-brison.fr\/wp-content\/uploads\/2020\/06\/louisebrison-2014.gif","contentUrl":"https:\/\/louise-brison.fr\/wp-content\/uploads\/2020\/06\/louisebrison-2014.gif","width":200,"height":802},{"@type":"BreadcrumbList","@id":"https:\/\/louise-brison.fr\/it\/produit\/champagne-millesime-2014-a-l-aube-de-la-cote-des-bars\/#breadcrumb","itemListElement":[{"@type":"ListItem","position":1,"name":"Accoglienza","item":"https:\/\/louise-brison.fr\/it\/"},{"@type":"ListItem","position":2,"name":"Negozio","item":"https:\/\/louise-brison.fr\/it\/negozio\/"},{"@type":"ListItem","position":3,"name":"Champagne Mill\u00e9sime 2014"}]},{"@type":"WebSite","@id":"https:\/\/louise-brison.fr\/it\/#website","url":"https:\/\/louise-brison.fr\/it\/","name":"Louise Brison","description":"Champagne Louise Brison","publisher":{"@id":"https:\/\/louise-brison.fr\/it\/#organization"},"potentialAction":[{"@type":"SearchAction","target":{"@type":"EntryPoint","urlTemplate":"https:\/\/louise-brison.fr\/it\/?s={search_term_string}"},"query-input":{"@type":"PropertyValueSpecification","valueRequired":true,"valueName":"search_term_string"}}],"inLanguage":"it-IT"},{"@type":"Organization","@id":"https:\/\/louise-brison.fr\/it\/#organization","name":"Louise Brison","url":"https:\/\/louise-brison.fr\/it\/","logo":{"@type":"ImageObject","inLanguage":"it-IT","@id":"https:\/\/louise-brison.fr\/it\/#\/schema\/logo\/image\/","url":"https:\/\/louise-brison.fr\/wp-content\/uploads\/2024\/03\/logo-champagne-louise-brison-2.png","contentUrl":"https:\/\/louise-brison.fr\/wp-content\/uploads\/2024\/03\/logo-champagne-louise-brison-2.png","width":512,"height":512,"caption":"Louise Brison"},"image":{"@id":"https:\/\/louise-brison.fr\/it\/#\/schema\/logo\/image\/"},"sameAs":["https:\/\/www.facebook.com\/champagne.louisebrison\/","https:\/\/x.com\/louisebrison","https:\/\/www.instagram.com\/champagnelouisebrison\/"]}]}},"_links":{"self":[{"href":"https:\/\/louise-brison.fr\/it\/wp-json\/wp\/v2\/product\/28","targetHints":{"allow":["GET"]}}],"collection":[{"href":"https:\/\/louise-brison.fr\/it\/wp-json\/wp\/v2\/product"}],"about":[{"href":"https:\/\/louise-brison.fr\/it\/wp-json\/wp\/v2\/types\/product"}],"wp:featuredmedia":[{"embeddable":true,"href":"https:\/\/louise-brison.fr\/it\/wp-json\/wp\/v2\/media\/29"}],"wp:attachment":[{"href":"https:\/\/louise-brison.fr\/it\/wp-json\/wp\/v2\/media?parent=28"}],"wp:term":[{"taxonomy":"product_brand","embeddable":true,"href":"https:\/\/louise-brison.fr\/it\/wp-json\/wp\/v2\/product_brand?post=28"},{"taxonomy":"product_cat","embeddable":true,"href":"https:\/\/louise-brison.fr\/it\/wp-json\/wp\/v2\/product_cat?post=28"},{"taxonomy":"product_tag","embeddable":true,"href":"https:\/\/louise-brison.fr\/it\/wp-json\/wp\/v2\/product_tag?post=28"}],"curies":[{"name":"wp","href":"https:\/\/api.w.org\/{rel}","templated":true}]}}