{"id":2725,"date":"2023-11-23T10:05:32","date_gmt":"2023-11-23T09:05:32","guid":{"rendered":"https:\/\/louise-brison.fr\/produit\/champagne-extra-brut-a-l-aube-bio\/"},"modified":"2025-05-14T09:48:31","modified_gmt":"2025-05-14T07:48:31","slug":"champagne-extra-brut-a-l-aube-bio","status":"publish","type":"product","link":"https:\/\/louise-brison.fr\/it\/produit\/champagne-extra-brut-a-l-aube-bio\/","title":{"rendered":"Champagne Extra Brut Demi-Bouteille M20"},"content":{"rendered":"<p>Assemblage de\u00a0<strong>50% de Chardonnay<\/strong>, <strong>50% de Pinot Noir<\/strong> vinifi\u00e9 et \u00e9lev\u00e9 en f\u00fbts de ch\u00eane. Bouteille de 0,375 l.<\/p>\n<p>Extra Brut &#8211; Dosage : 2.7 g\/l &#8211;<br \/>\n<img decoding=\"async\" class=\"alignnone wp-image-2662\" src=\"https:\/\/louise-brison.fr\/wp-content\/uploads\/2020\/06\/ab-213x300.jpg\" alt=\"\" width=\"50\" height=\"70\" srcset=\"https:\/\/louise-brison.fr\/wp-content\/uploads\/2020\/06\/ab-213x300.jpg 213w, https:\/\/louise-brison.fr\/wp-content\/uploads\/2020\/06\/ab-450x633.jpg 450w, https:\/\/louise-brison.fr\/wp-content\/uploads\/2020\/06\/ab-600x844.jpg 600w, https:\/\/louise-brison.fr\/wp-content\/uploads\/2020\/06\/ab-728x1024.jpg 728w, https:\/\/louise-brison.fr\/wp-content\/uploads\/2020\/06\/ab-768x1080.jpg 768w, https:\/\/louise-brison.fr\/wp-content\/uploads\/2020\/06\/ab.jpg 845w\" sizes=\"(max-width: 50px) 100vw, 50px\" \/><\/p>\n<ul>\n<li><strong>Effervescence<\/strong><br \/>\nLes bulles, fines et r\u00e9guli\u00e8res, se rejoignent en un cordon soutenu et persistant.<\/li>\n<li><strong>Robe<\/strong><br \/>\nJaune paille brillant parsem\u00e9 de reflets dor\u00e9s.<\/li>\n<li><strong>Nez<\/strong><br \/>\nLe premier nez est ouvert et offre des ar\u00f4mes de fleurs blanches \u00e9voluant dans la finesse et la discr\u00e9tion.<\/li>\n<li><strong>Bouche<\/strong><br \/>\nS\u00e9duisante et \u00e9quilibr\u00e9e, elle se caract\u00e9rise par des ar\u00f4mes de fruits jaunes \u00e0 noyaux tels que la mirabelle et la p\u00eache. L&#8217;ensemble est frais, souple et suave \u00e0 la fois.<\/li>\n<\/ul>\n","protected":false},"excerpt":{"rendered":"<p>Assemblage de\u00a050% de Chardonnay, 50% de Pinot Noir vinifi\u00e9 et \u00e9lev\u00e9 en f\u00fbts de ch\u00eane. Bouteille de 0,375 l. Extra Brut &#8211; Dosage : 2.7 g\/l &#8211; Effervescence Les bulles,&hellip;<\/p>\n","protected":false},"featured_media":2661,"template":"","meta":[],"product_brand":[],"product_cat":[153,99],"product_tag":[],"class_list":{"0":"post-2725","1":"product","2":"type-product","3":"status-publish","4":"has-post-thumbnail","6":"product_cat-2020-it","7":"product_cat-demi-a-laube-it","9":"first","10":"outofstock","11":"taxable","12":"shipping-taxable","13":"product-type-simple"},"yoast_head":"<!-- This site is optimized with the Yoast SEO plugin v26.9 - https:\/\/yoast.com\/product\/yoast-seo-wordpress\/ -->\n<title>Champagne Extra Brut Demi-Bouteille M20 &#8211; Louise Brison<\/title>\n<meta name=\"description\" content=\"Champagne de tous les instants, la demi-bouteille M20 est un assemblage de Pinot Noir et de Chardonnay. Expressive et gourmande.\" \/>\n<meta name=\"robots\" content=\"index, follow, max-snippet:-1, max-image-preview:large, max-video-preview:-1\" \/>\n<link rel=\"canonical\" href=\"https:\/\/louise-brison.fr\/it\/produit\/champagne-extra-brut-a-l-aube-bio\/\" \/>\n<meta property=\"og:locale\" content=\"it_IT\" \/>\n<meta property=\"og:type\" content=\"article\" \/>\n<meta property=\"og:title\" content=\"Champagne Extra Brut Demi-Bouteille M20 &#8211; Louise Brison\" \/>\n<meta property=\"og:description\" content=\"Champagne de tous les instants, la demi-bouteille M20 est un assemblage de Pinot Noir et de Chardonnay. Expressive et gourmande.\" \/>\n<meta property=\"og:url\" content=\"https:\/\/louise-brison.fr\/it\/produit\/champagne-extra-brut-a-l-aube-bio\/\" \/>\n<meta property=\"og:site_name\" content=\"Louise Brison\" \/>\n<meta property=\"article:publisher\" content=\"https:\/\/www.facebook.com\/champagne.louisebrison\/\" \/>\n<meta property=\"article:modified_time\" content=\"2025-05-14T07:48:31+00:00\" \/>\n<meta property=\"og:image\" content=\"https:\/\/louise-brison.fr\/wp-content\/uploads\/2023\/11\/demi-bouteille-champagne-a-l-aube-de-la-cote-des-bar-scaled.gif\" \/>\n\t<meta property=\"og:image:width\" content=\"564\" \/>\n\t<meta property=\"og:image:height\" content=\"2048\" \/>\n\t<meta property=\"og:image:type\" content=\"image\/gif\" \/>\n<meta name=\"twitter:card\" content=\"summary_large_image\" \/>\n<meta name=\"twitter:site\" content=\"@louisebrison\" \/>\n<meta name=\"twitter:label1\" content=\"Tempo di lettura stimato\" \/>\n\t<meta name=\"twitter:data1\" content=\"1 minuto\" \/>\n<script type=\"application\/ld+json\" class=\"yoast-schema-graph\">{\"@context\":\"https:\/\/schema.org\",\"@graph\":[{\"@type\":[\"WebPage\",\"CheckoutPage\"],\"@id\":\"https:\/\/louise-brison.fr\/it\/produit\/champagne-extra-brut-a-l-aube-bio\/\",\"url\":\"https:\/\/louise-brison.fr\/it\/produit\/champagne-extra-brut-a-l-aube-bio\/\",\"name\":\"Champagne Extra Brut Demi-Bouteille M20 &#8211; Louise Brison\",\"isPartOf\":{\"@id\":\"https:\/\/louise-brison.fr\/it\/#website\"},\"primaryImageOfPage\":{\"@id\":\"https:\/\/louise-brison.fr\/it\/produit\/champagne-extra-brut-a-l-aube-bio\/#primaryimage\"},\"image\":{\"@id\":\"https:\/\/louise-brison.fr\/it\/produit\/champagne-extra-brut-a-l-aube-bio\/#primaryimage\"},\"thumbnailUrl\":\"https:\/\/louise-brison.fr\/wp-content\/uploads\/2023\/11\/demi-bouteille-champagne-a-l-aube-de-la-cote-des-bar-scaled.gif\",\"datePublished\":\"2023-11-23T09:05:32+00:00\",\"dateModified\":\"2025-05-14T07:48:31+00:00\",\"description\":\"Champagne de tous les instants, la demi-bouteille M20 est un assemblage de Pinot Noir et de Chardonnay. Expressive et gourmande.\",\"breadcrumb\":{\"@id\":\"https:\/\/louise-brison.fr\/it\/produit\/champagne-extra-brut-a-l-aube-bio\/#breadcrumb\"},\"inLanguage\":\"it-IT\",\"potentialAction\":[{\"@type\":\"ReadAction\",\"target\":[\"https:\/\/louise-brison.fr\/it\/produit\/champagne-extra-brut-a-l-aube-bio\/\"]}]},{\"@type\":\"ImageObject\",\"inLanguage\":\"it-IT\",\"@id\":\"https:\/\/louise-brison.fr\/it\/produit\/champagne-extra-brut-a-l-aube-bio\/#primaryimage\",\"url\":\"https:\/\/louise-brison.fr\/wp-content\/uploads\/2023\/11\/demi-bouteille-champagne-a-l-aube-de-la-cote-des-bar-scaled.gif\",\"contentUrl\":\"https:\/\/louise-brison.fr\/wp-content\/uploads\/2023\/11\/demi-bouteille-champagne-a-l-aube-de-la-cote-des-bar-scaled.gif\",\"width\":564,\"height\":2048},{\"@type\":\"BreadcrumbList\",\"@id\":\"https:\/\/louise-brison.fr\/it\/produit\/champagne-extra-brut-a-l-aube-bio\/#breadcrumb\",\"itemListElement\":[{\"@type\":\"ListItem\",\"position\":1,\"name\":\"Accoglienza\",\"item\":\"https:\/\/louise-brison.fr\/it\/\"},{\"@type\":\"ListItem\",\"position\":2,\"name\":\"Negozio\",\"item\":\"https:\/\/louise-brison.fr\/it\/negozio\/\"},{\"@type\":\"ListItem\",\"position\":3,\"name\":\"Champagne Extra Brut Demi-Bouteille M20\"}]},{\"@type\":\"WebSite\",\"@id\":\"https:\/\/louise-brison.fr\/it\/#website\",\"url\":\"https:\/\/louise-brison.fr\/it\/\",\"name\":\"Louise Brison\",\"description\":\"Champagne Louise Brison\",\"publisher\":{\"@id\":\"https:\/\/louise-brison.fr\/it\/#organization\"},\"potentialAction\":[{\"@type\":\"SearchAction\",\"target\":{\"@type\":\"EntryPoint\",\"urlTemplate\":\"https:\/\/louise-brison.fr\/it\/?s={search_term_string}\"},\"query-input\":{\"@type\":\"PropertyValueSpecification\",\"valueRequired\":true,\"valueName\":\"search_term_string\"}}],\"inLanguage\":\"it-IT\"},{\"@type\":\"Organization\",\"@id\":\"https:\/\/louise-brison.fr\/it\/#organization\",\"name\":\"Louise Brison\",\"url\":\"https:\/\/louise-brison.fr\/it\/\",\"logo\":{\"@type\":\"ImageObject\",\"inLanguage\":\"it-IT\",\"@id\":\"https:\/\/louise-brison.fr\/it\/#\/schema\/logo\/image\/\",\"url\":\"https:\/\/louise-brison.fr\/wp-content\/uploads\/2024\/03\/logo-champagne-louise-brison-2.png\",\"contentUrl\":\"https:\/\/louise-brison.fr\/wp-content\/uploads\/2024\/03\/logo-champagne-louise-brison-2.png\",\"width\":512,\"height\":512,\"caption\":\"Louise Brison\"},\"image\":{\"@id\":\"https:\/\/louise-brison.fr\/it\/#\/schema\/logo\/image\/\"},\"sameAs\":[\"https:\/\/www.facebook.com\/champagne.louisebrison\/\",\"https:\/\/x.com\/louisebrison\",\"https:\/\/www.instagram.com\/champagnelouisebrison\/\"]}]}<\/script>\n<!-- \/ Yoast SEO plugin. -->","yoast_head_json":{"title":"Champagne Extra Brut Demi-Bouteille M20 &#8211; Louise Brison","description":"Champagne de tous les instants, la demi-bouteille M20 est un assemblage de Pinot Noir et de Chardonnay. Expressive et gourmande.","robots":{"index":"index","follow":"follow","max-snippet":"max-snippet:-1","max-image-preview":"max-image-preview:large","max-video-preview":"max-video-preview:-1"},"canonical":"https:\/\/louise-brison.fr\/it\/produit\/champagne-extra-brut-a-l-aube-bio\/","og_locale":"it_IT","og_type":"article","og_title":"Champagne Extra Brut Demi-Bouteille M20 &#8211; Louise Brison","og_description":"Champagne de tous les instants, la demi-bouteille M20 est un assemblage de Pinot Noir et de Chardonnay. Expressive et gourmande.","og_url":"https:\/\/louise-brison.fr\/it\/produit\/champagne-extra-brut-a-l-aube-bio\/","og_site_name":"Louise Brison","article_publisher":"https:\/\/www.facebook.com\/champagne.louisebrison\/","article_modified_time":"2025-05-14T07:48:31+00:00","og_image":[{"width":564,"height":2048,"url":"https:\/\/louise-brison.fr\/wp-content\/uploads\/2023\/11\/demi-bouteille-champagne-a-l-aube-de-la-cote-des-bar-scaled.gif","type":"image\/gif"}],"twitter_card":"summary_large_image","twitter_site":"@louisebrison","twitter_misc":{"Tempo di lettura stimato":"1 minuto"},"schema":{"@context":"https:\/\/schema.org","@graph":[{"@type":["WebPage","CheckoutPage"],"@id":"https:\/\/louise-brison.fr\/it\/produit\/champagne-extra-brut-a-l-aube-bio\/","url":"https:\/\/louise-brison.fr\/it\/produit\/champagne-extra-brut-a-l-aube-bio\/","name":"Champagne Extra Brut Demi-Bouteille M20 &#8211; Louise Brison","isPartOf":{"@id":"https:\/\/louise-brison.fr\/it\/#website"},"primaryImageOfPage":{"@id":"https:\/\/louise-brison.fr\/it\/produit\/champagne-extra-brut-a-l-aube-bio\/#primaryimage"},"image":{"@id":"https:\/\/louise-brison.fr\/it\/produit\/champagne-extra-brut-a-l-aube-bio\/#primaryimage"},"thumbnailUrl":"https:\/\/louise-brison.fr\/wp-content\/uploads\/2023\/11\/demi-bouteille-champagne-a-l-aube-de-la-cote-des-bar-scaled.gif","datePublished":"2023-11-23T09:05:32+00:00","dateModified":"2025-05-14T07:48:31+00:00","description":"Champagne de tous les instants, la demi-bouteille M20 est un assemblage de Pinot Noir et de Chardonnay. Expressive et gourmande.","breadcrumb":{"@id":"https:\/\/louise-brison.fr\/it\/produit\/champagne-extra-brut-a-l-aube-bio\/#breadcrumb"},"inLanguage":"it-IT","potentialAction":[{"@type":"ReadAction","target":["https:\/\/louise-brison.fr\/it\/produit\/champagne-extra-brut-a-l-aube-bio\/"]}]},{"@type":"ImageObject","inLanguage":"it-IT","@id":"https:\/\/louise-brison.fr\/it\/produit\/champagne-extra-brut-a-l-aube-bio\/#primaryimage","url":"https:\/\/louise-brison.fr\/wp-content\/uploads\/2023\/11\/demi-bouteille-champagne-a-l-aube-de-la-cote-des-bar-scaled.gif","contentUrl":"https:\/\/louise-brison.fr\/wp-content\/uploads\/2023\/11\/demi-bouteille-champagne-a-l-aube-de-la-cote-des-bar-scaled.gif","width":564,"height":2048},{"@type":"BreadcrumbList","@id":"https:\/\/louise-brison.fr\/it\/produit\/champagne-extra-brut-a-l-aube-bio\/#breadcrumb","itemListElement":[{"@type":"ListItem","position":1,"name":"Accoglienza","item":"https:\/\/louise-brison.fr\/it\/"},{"@type":"ListItem","position":2,"name":"Negozio","item":"https:\/\/louise-brison.fr\/it\/negozio\/"},{"@type":"ListItem","position":3,"name":"Champagne Extra Brut Demi-Bouteille M20"}]},{"@type":"WebSite","@id":"https:\/\/louise-brison.fr\/it\/#website","url":"https:\/\/louise-brison.fr\/it\/","name":"Louise Brison","description":"Champagne Louise Brison","publisher":{"@id":"https:\/\/louise-brison.fr\/it\/#organization"},"potentialAction":[{"@type":"SearchAction","target":{"@type":"EntryPoint","urlTemplate":"https:\/\/louise-brison.fr\/it\/?s={search_term_string}"},"query-input":{"@type":"PropertyValueSpecification","valueRequired":true,"valueName":"search_term_string"}}],"inLanguage":"it-IT"},{"@type":"Organization","@id":"https:\/\/louise-brison.fr\/it\/#organization","name":"Louise Brison","url":"https:\/\/louise-brison.fr\/it\/","logo":{"@type":"ImageObject","inLanguage":"it-IT","@id":"https:\/\/louise-brison.fr\/it\/#\/schema\/logo\/image\/","url":"https:\/\/louise-brison.fr\/wp-content\/uploads\/2024\/03\/logo-champagne-louise-brison-2.png","contentUrl":"https:\/\/louise-brison.fr\/wp-content\/uploads\/2024\/03\/logo-champagne-louise-brison-2.png","width":512,"height":512,"caption":"Louise Brison"},"image":{"@id":"https:\/\/louise-brison.fr\/it\/#\/schema\/logo\/image\/"},"sameAs":["https:\/\/www.facebook.com\/champagne.louisebrison\/","https:\/\/x.com\/louisebrison","https:\/\/www.instagram.com\/champagnelouisebrison\/"]}]}},"_links":{"self":[{"href":"https:\/\/louise-brison.fr\/it\/wp-json\/wp\/v2\/product\/2725","targetHints":{"allow":["GET"]}}],"collection":[{"href":"https:\/\/louise-brison.fr\/it\/wp-json\/wp\/v2\/product"}],"about":[{"href":"https:\/\/louise-brison.fr\/it\/wp-json\/wp\/v2\/types\/product"}],"wp:featuredmedia":[{"embeddable":true,"href":"https:\/\/louise-brison.fr\/it\/wp-json\/wp\/v2\/media\/2661"}],"wp:attachment":[{"href":"https:\/\/louise-brison.fr\/it\/wp-json\/wp\/v2\/media?parent=2725"}],"wp:term":[{"taxonomy":"product_brand","embeddable":true,"href":"https:\/\/louise-brison.fr\/it\/wp-json\/wp\/v2\/product_brand?post=2725"},{"taxonomy":"product_cat","embeddable":true,"href":"https:\/\/louise-brison.fr\/it\/wp-json\/wp\/v2\/product_cat?post=2725"},{"taxonomy":"product_tag","embeddable":true,"href":"https:\/\/louise-brison.fr\/it\/wp-json\/wp\/v2\/product_tag?post=2725"}],"curies":[{"name":"wp","href":"https:\/\/api.w.org\/{rel}","templated":true}]}}