{"id":1431,"date":"2020-06-25T14:36:43","date_gmt":"2020-06-25T12:36:43","guid":{"rendered":"https:\/\/louise-brison.fr\/elaboration-des-champagnes-millesimes\/"},"modified":"2024-03-18T21:06:43","modified_gmt":"2024-03-18T20:06:43","slug":"elaboration-des-champagnes-millesimes","status":"publish","type":"page","link":"https:\/\/louise-brison.fr\/it\/elaboration-des-champagnes-millesimes\/","title":{"rendered":"\u00c9laborazione di champagne vintage"},"content":{"rendered":"<article class=\"postContent\">\n<div class=\"postTextArea\">\n<div class=\"vc_row wpb_row vc_row-fluid\">\n<div class=\"wpb_column vc_column_container vc_col-sm-12\">\n<div class=\"vc_column-inner\">\n<div class=\"wpb_wrapper\">\n<div class=\"wpb_text_column wpb_content_element \">\n<div class=\"wpb_wrapper\">\n<p><strong style=\"color: var(--theme-color-text_dark); font-size: 1.412em; letter-spacing: 0px; background-color: var(--theme-color-bg_color);\">LA SINGOLARIT\u00c0 DI LOUISE BRISON<\/strong><\/p>\n<article class=\"postContent\">\n<div class=\"postTextArea\">\n<div class=\"vc_row wpb_row vc_row-fluid\">\n<div class=\"wpb_column vc_column_container vc_col-sm-12\">\n<div class=\"vc_column-inner\">\n<div class=\"wpb_wrapper\">\n<div class=\"wpb_text_column wpb_content_element \">\n<div class=\"wpb_wrapper\">\n<p>La storia dello Champagne \u00e8 costruita sul concetto di assemblaggio che ha fatto la reputazione delle grandi case, garantendo loro il proprio stile.<br \/>Ma cosa c\u2019\u00e8 di pi\u00f9 noioso che associare il proprio brand ad un gusto?<\/p>\n<p>Quella di Louise Brison \u00e8 quella di una tradizione familiare votata all&#8217;eccellenza del vino nel rispetto della natura.<strong><br \/><\/strong><\/p>\n<p><img decoding=\"async\" class=\"alignleft wp-image-114 size-medium\" src=\"https:\/\/louise-brison.fr\/wp-content\/uploads\/2020\/07\/IMG_5087-resize-300x200.jpg\" sizes=\"( larghezza massima: 300px) 100vw, 300px\" srcset=\"https:\/\/louise-brison.fr\/wp-content\/uploads\/2020\/07\/IMG_5087-resize-300x200.jpg 300w, https:\/\/louise-brison. fr\/wp-content\/uploads\/2020\/07\/IMG_5087-resize-1024x682.jpg 1024w, https:\/\/louise-brison.fr\/wp-content\/uploads\/2020\/07\/IMG_5087-resize-768x512.jpg 768w, https:\/\/louise-brison.fr\/wp-content\/uploads\/2020\/07\/IMG_5087-resize-1536x1024.jpg 1536w, https:\/\/louise-brison.fr\/wp-content\/uploads\/2020\/07\/IMG_5087 -resize-600x400.jpg 600w, https:\/\/louise-brison.fr\/wp-content\/uploads\/2020\/07\/IMG_5087-resize.jpg 2000w\" alt=\"Bottiglie immagazzinate\" width=\"300\" height=\"200 \" \/><strong style=\"font-size: revert; color: partial;\">Mentre <strong>ciascuno <a href=\"https:\/\/www.les-millesimes-de-louise.fr\/2016\/05 \/ 16\/warm up\/\">mill\u00e9sime<\/a> \u00e8 una vera fonte di ispirazione, una composizione davvero unica, una melodia che gioca con l&#8217;equilibrio e il tempo!<\/strong><br \/>Il vintage ti regala sfumature, emozioni e piaceri unici<\/strong><\/p>\n<p><strong style=\"font-size: revert; color: partial;\">Scegliendo di conservare i nostri vini Champagne, abbiamo il privilegio di presentarvi champagne maturi, che hanno avuto il tempo di sbocciare per perfezionare la loro rivelazione aromatica .<\/strong><\/p>\n<\/div>\n<\/div>\n<\/div>\n<\/div>\n<\/div>\n<\/div>\n<\/div>\n<p>\u00a0<\/p>\n<\/article>\n<\/div>\n<\/div>\n<\/div>\n<\/div>\n<\/div>\n<\/div>\n<\/div>\n<p>\u00a0<\/p>\n<h5><strong>ECCO COME NASCONO I NOSTRI CHAMPAGNE ANNATA DALL&#8217;UVA AL TAPPO<br \/><\/strong><\/h5>\n<p><img fetchpriority=\"high\" decoding=\"async\" class=\"alignright wp-image-1758 size-medium\" src=\"https:\/\/louise-brison.fr\/wp-content\/uploads\/2021\/07\/vinification-futs-de-chene-2020-300x300.jpg\" alt=\"Ascoltare le botti di rovere\" width=\"300\" height=\"300\" srcset=\"https:\/\/louise-brison.fr\/wp-content\/uploads\/2021\/07\/vinification-futs-de-chene-2020-300x300.jpg 300w, https:\/\/louise-brison.fr\/wp-content\/uploads\/2021\/07\/vinification-futs-de-chene-2020-450x450.jpg 450w, https:\/\/louise-brison.fr\/wp-content\/uploads\/2021\/07\/vinification-futs-de-chene-2020-100x100.jpg 100w, https:\/\/louise-brison.fr\/wp-content\/uploads\/2021\/07\/vinification-futs-de-chene-2020-600x600.jpg 600w, https:\/\/louise-brison.fr\/wp-content\/uploads\/2021\/07\/vinification-futs-de-chene-2020-1024x1024.jpg 1024w, https:\/\/louise-brison.fr\/wp-content\/uploads\/2021\/07\/vinification-futs-de-chene-2020-150x150.jpg 150w, https:\/\/louise-brison.fr\/wp-content\/uploads\/2021\/07\/vinification-futs-de-chene-2020-768x768.jpg 768w, https:\/\/louise-brison.fr\/wp-content\/uploads\/2021\/07\/vinification-futs-de-chene-2020-287x287.jpg 287w, https:\/\/louise-brison.fr\/wp-content\/uploads\/2021\/07\/vinification-futs-de-chene-2020.jpg 1440w\" sizes=\"(max-width: 300px) 100vw, 300px\" \/>Al momento della raccolta, la qualit\u00e0 del mosto \u00e8 ottimale e la gravit\u00e0 \u00e8 la parola chiave!<br \/>Lavoriamo per gravit\u00e0 per preservare la qualit\u00e0 dei nostri succhi!<br \/>Tutti i nostri vini sono <a href=\"https:\/\/www.instagram.com\/p\/B2vkae8DzQ1\/\"><strong>vinificati e invecchiati in botti di rovere<\/strong><\/a>. Una <strong>materia viva<\/strong> che permette l&#8217;<strong>interazione<\/strong> con il vino.<\/p>\n<p>Abbiamo cura di identificare su ognuno di essi la provenienza e la qualit\u00e0 del succo (appezzamento e vitigno)!<br \/>I vini al termine dell&#8217;<strong>invecchiamento, che dura circa 9 mesi<\/strong>, hanno tutti le proprie caratteristiche.<br \/>Quando vengono assemblati, contribuiscono tutti alla complessit\u00e0 che permetter\u00e0 alle miscele di invecchiare serenamente.<br \/>Per andare oltre: <a href=\"https:\/\/www.les-millesimes-de-louise.fr\/2020\/02\/21\/avez-dit-elevage-lies\/\">elevage sur lees<\/a><\/p>\n<p>Dall&#8217;imbottigliamento alla nascita delle bollicine&#8230;<\/p>\n<\/article>\n<p>\u00a0<\/p>\n<p>\u00a0<\/p>\n<article class=\"postContent\">\n<p><img decoding=\"async\" class=\"alignleft wp-image-113\" src=\"https:\/\/louise-brison.fr\/wp-content\/uploads\/2020\/07\/IMG_5059-RET-resize-300x200.jpg\" alt=\"Sviluppo di lo champagne in botti di rovere\" width=\"257\" height=\"171\" srcset=\"https:\/\/louise-brison.fr\/wp-content\/uploads\/2020\/07\/IMG_5059-RET-resize-300x200.jpg 300w, https:\/\/louise-brison.fr\/wp-content\/uploads\/2020\/07\/IMG_5059-RET-resize-450x300.jpg 450w, https:\/\/louise-brison.fr\/wp-content\/uploads\/2020\/07\/IMG_5059-RET-resize-600x400.jpg 600w, https:\/\/louise-brison.fr\/wp-content\/uploads\/2020\/07\/IMG_5059-RET-resize-1024x682.jpg 1024w, https:\/\/louise-brison.fr\/wp-content\/uploads\/2020\/07\/IMG_5059-RET-resize-768x512.jpg 768w, https:\/\/louise-brison.fr\/wp-content\/uploads\/2020\/07\/IMG_5059-RET-resize-1536x1024.jpg 1536w, https:\/\/louise-brison.fr\/wp-content\/uploads\/2020\/07\/IMG_5059-RET-resize.jpg 2000w\" sizes=\"(max-width: 257px) 100vw, 257px\" \/><img decoding=\"async\" class=\"wp-image-133 size-medium alignright\" src=\"https:\/\/louise-brison.fr\/wp-content\/uploads\/2020\/07\/IMG_5086-RET-300x200.jpg\" alt=\"elaboration du champagne mill\u00e9sim\u00e9\" width=\"300\" height=\"200\" srcset=\"https:\/\/louise-brison.fr\/wp-content\/uploads\/2020\/07\/IMG_5086-RET-300x200.jpg 300w, https:\/\/louise-brison.fr\/wp-content\/uploads\/2020\/07\/IMG_5086-RET-scaled-450x300.jpg 450w, https:\/\/louise-brison.fr\/wp-content\/uploads\/2020\/07\/IMG_5086-RET-scaled-600x400.jpg 600w, https:\/\/louise-brison.fr\/wp-content\/uploads\/2020\/07\/IMG_5086-RET-1024x683.jpg 1024w, https:\/\/louise-brison.fr\/wp-content\/uploads\/2020\/07\/IMG_5086-RET-768x512.jpg 768w, https:\/\/louise-brison.fr\/wp-content\/uploads\/2020\/07\/IMG_5086-RET-1536x1024.jpg 1536w, https:\/\/louise-brison.fr\/wp-content\/uploads\/2020\/07\/IMG_5086-RET-scaled.jpg 2048w\" sizes=\"(max-width: 300px) 100vw, 300px\" \/>Dopo l&#8217;invecchiamento, i vini fermi sono pronti per essere imbottigliati per la famosa <strong>Presa di Mousse Champenoise&lt; \/forte&gt;.<br \/>Una fase chiave della vinificazione&#8230;<strong>Pi\u00f9 complesso \u00e8 il vino, pi\u00f9 fini sono le bollicine.<\/strong><br \/>Segue l&#8217;<strong>affinamento in bottiglia che durer\u00e0 un minimo di 6 anni.<\/strong>Permette di ottenere un<strong>eccezionale livello di complessit\u00e0 e champagne che dureranno negli anni<\/strong>in ordine per offrirvi sensazioni di degustazioni straordinarie!<\/strong><\/p>\n<\/article>\n\n\n<div class=\"wp-block-buttons is-content-justification-center is-layout-flex wp-container-core-buttons-is-layout-16018d1d wp-block-buttons-is-layout-flex\">\n<div class=\"wp-block-button\"><a class=\"wp-block-button__link wp-element-button\" href=\"https:\/\/louise-brison.fr\/it\/negozio\/\">Guarda le nostre annate<\/a><\/div>\n<\/div>\n","protected":false},"excerpt":{"rendered":"<p>LA SINGOLARIT\u00c0 DI LOUISE BRISON La storia dello Champagne \u00e8 costruita sul concetto di assemblaggio che ha fatto la reputazione delle grandi case, garantendo loro il proprio stile.Ma cosa c\u2019\u00e8&hellip;<\/p>\n","protected":false},"author":2,"featured_media":0,"parent":0,"menu_order":0,"comment_status":"closed","ping_status":"closed","template":"","meta":{"footnotes":""},"class_list":["post-1431","page","type-page","status-publish","hentry"],"yoast_head":"<!-- This site is optimized with the Yoast SEO plugin v26.9 - https:\/\/yoast.com\/product\/yoast-seo-wordpress\/ -->\n<title>\u00c9laborazione di champagne vintage &#8211; Louise Brison<\/title>\n<meta name=\"description\" content=\"Cos\u00ec nascono i nostri champagne millesimati, dall&#039;uva al tappo, dall&#039;imbottigliamento alla nascita delle bollicine\" \/>\n<meta name=\"robots\" content=\"index, follow, max-snippet:-1, max-image-preview:large, max-video-preview:-1\" \/>\n<link rel=\"canonical\" href=\"https:\/\/louise-brison.fr\/it\/elaboration-des-champagnes-millesimes\/\" \/>\n<meta property=\"og:locale\" content=\"it_IT\" \/>\n<meta property=\"og:type\" content=\"article\" \/>\n<meta property=\"og:title\" content=\"\u00c9laborazione di champagne vintage &#8211; Louise Brison\" \/>\n<meta property=\"og:description\" content=\"Cos\u00ec nascono i nostri champagne millesimati, dall&#039;uva al tappo, dall&#039;imbottigliamento alla nascita delle bollicine\" \/>\n<meta property=\"og:url\" content=\"https:\/\/louise-brison.fr\/it\/elaboration-des-champagnes-millesimes\/\" \/>\n<meta property=\"og:site_name\" content=\"Louise Brison\" \/>\n<meta property=\"article:publisher\" content=\"https:\/\/www.facebook.com\/champagne.louisebrison\/\" \/>\n<meta property=\"article:modified_time\" content=\"2024-03-18T20:06:43+00:00\" \/>\n<meta property=\"og:image\" content=\"https:\/\/louise-brison.fr\/wp-content\/uploads\/2020\/07\/IMG_5087-resize-300x200.jpg\" \/>\n<meta name=\"twitter:card\" content=\"summary_large_image\" \/>\n<meta name=\"twitter:site\" content=\"@louisebrison\" \/>\n<meta name=\"twitter:label1\" content=\"Tempo di lettura stimato\" \/>\n\t<meta name=\"twitter:data1\" content=\"3 minuti\" \/>\n<script type=\"application\/ld+json\" class=\"yoast-schema-graph\">{\"@context\":\"https:\/\/schema.org\",\"@graph\":[{\"@type\":\"WebPage\",\"@id\":\"https:\/\/louise-brison.fr\/it\/elaboration-des-champagnes-millesimes\/\",\"url\":\"https:\/\/louise-brison.fr\/it\/elaboration-des-champagnes-millesimes\/\",\"name\":\"\u00c9laborazione di champagne vintage &#8211; Louise Brison\",\"isPartOf\":{\"@id\":\"https:\/\/louise-brison.fr\/it\/#website\"},\"primaryImageOfPage\":{\"@id\":\"https:\/\/louise-brison.fr\/it\/elaboration-des-champagnes-millesimes\/#primaryimage\"},\"image\":{\"@id\":\"https:\/\/louise-brison.fr\/it\/elaboration-des-champagnes-millesimes\/#primaryimage\"},\"thumbnailUrl\":\"https:\/\/louise-brison.fr\/wp-content\/uploads\/2020\/07\/IMG_5087-resize-300x200.jpg\",\"datePublished\":\"2020-06-25T12:36:43+00:00\",\"dateModified\":\"2024-03-18T20:06:43+00:00\",\"description\":\"Cos\u00ec nascono i nostri champagne millesimati, dall'uva al tappo, dall'imbottigliamento alla nascita delle bollicine\",\"breadcrumb\":{\"@id\":\"https:\/\/louise-brison.fr\/it\/elaboration-des-champagnes-millesimes\/#breadcrumb\"},\"inLanguage\":\"it-IT\",\"potentialAction\":[{\"@type\":\"ReadAction\",\"target\":[\"https:\/\/louise-brison.fr\/it\/elaboration-des-champagnes-millesimes\/\"]}]},{\"@type\":\"ImageObject\",\"inLanguage\":\"it-IT\",\"@id\":\"https:\/\/louise-brison.fr\/it\/elaboration-des-champagnes-millesimes\/#primaryimage\",\"url\":\"https:\/\/louise-brison.fr\/wp-content\/uploads\/2020\/07\/IMG_5087-resize-300x200.jpg\",\"contentUrl\":\"https:\/\/louise-brison.fr\/wp-content\/uploads\/2020\/07\/IMG_5087-resize-300x200.jpg\"},{\"@type\":\"BreadcrumbList\",\"@id\":\"https:\/\/louise-brison.fr\/it\/elaboration-des-champagnes-millesimes\/#breadcrumb\",\"itemListElement\":[{\"@type\":\"ListItem\",\"position\":1,\"name\":\"Accoglienza\",\"item\":\"https:\/\/louise-brison.fr\/it\/\"},{\"@type\":\"ListItem\",\"position\":2,\"name\":\"\u00c9laborazione di champagne vintage\"}]},{\"@type\":\"WebSite\",\"@id\":\"https:\/\/louise-brison.fr\/it\/#website\",\"url\":\"https:\/\/louise-brison.fr\/it\/\",\"name\":\"Louise Brison\",\"description\":\"Champagne Louise Brison\",\"publisher\":{\"@id\":\"https:\/\/louise-brison.fr\/it\/#organization\"},\"potentialAction\":[{\"@type\":\"SearchAction\",\"target\":{\"@type\":\"EntryPoint\",\"urlTemplate\":\"https:\/\/louise-brison.fr\/it\/?s={search_term_string}\"},\"query-input\":{\"@type\":\"PropertyValueSpecification\",\"valueRequired\":true,\"valueName\":\"search_term_string\"}}],\"inLanguage\":\"it-IT\"},{\"@type\":\"Organization\",\"@id\":\"https:\/\/louise-brison.fr\/it\/#organization\",\"name\":\"Louise Brison\",\"url\":\"https:\/\/louise-brison.fr\/it\/\",\"logo\":{\"@type\":\"ImageObject\",\"inLanguage\":\"it-IT\",\"@id\":\"https:\/\/louise-brison.fr\/it\/#\/schema\/logo\/image\/\",\"url\":\"https:\/\/louise-brison.fr\/wp-content\/uploads\/2024\/03\/logo-champagne-louise-brison-2.png\",\"contentUrl\":\"https:\/\/louise-brison.fr\/wp-content\/uploads\/2024\/03\/logo-champagne-louise-brison-2.png\",\"width\":512,\"height\":512,\"caption\":\"Louise Brison\"},\"image\":{\"@id\":\"https:\/\/louise-brison.fr\/it\/#\/schema\/logo\/image\/\"},\"sameAs\":[\"https:\/\/www.facebook.com\/champagne.louisebrison\/\",\"https:\/\/x.com\/louisebrison\",\"https:\/\/www.instagram.com\/champagnelouisebrison\/\"]}]}<\/script>\n<!-- \/ Yoast SEO plugin. -->","yoast_head_json":{"title":"\u00c9laborazione di champagne vintage &#8211; Louise Brison","description":"Cos\u00ec nascono i nostri champagne millesimati, dall'uva al tappo, dall'imbottigliamento alla nascita delle bollicine","robots":{"index":"index","follow":"follow","max-snippet":"max-snippet:-1","max-image-preview":"max-image-preview:large","max-video-preview":"max-video-preview:-1"},"canonical":"https:\/\/louise-brison.fr\/it\/elaboration-des-champagnes-millesimes\/","og_locale":"it_IT","og_type":"article","og_title":"\u00c9laborazione di champagne vintage &#8211; Louise Brison","og_description":"Cos\u00ec nascono i nostri champagne millesimati, dall'uva al tappo, dall'imbottigliamento alla nascita delle bollicine","og_url":"https:\/\/louise-brison.fr\/it\/elaboration-des-champagnes-millesimes\/","og_site_name":"Louise Brison","article_publisher":"https:\/\/www.facebook.com\/champagne.louisebrison\/","article_modified_time":"2024-03-18T20:06:43+00:00","og_image":[{"url":"https:\/\/louise-brison.fr\/wp-content\/uploads\/2020\/07\/IMG_5087-resize-300x200.jpg","type":"","width":"","height":""}],"twitter_card":"summary_large_image","twitter_site":"@louisebrison","twitter_misc":{"Tempo di lettura stimato":"3 minuti"},"schema":{"@context":"https:\/\/schema.org","@graph":[{"@type":"WebPage","@id":"https:\/\/louise-brison.fr\/it\/elaboration-des-champagnes-millesimes\/","url":"https:\/\/louise-brison.fr\/it\/elaboration-des-champagnes-millesimes\/","name":"\u00c9laborazione di champagne vintage &#8211; Louise Brison","isPartOf":{"@id":"https:\/\/louise-brison.fr\/it\/#website"},"primaryImageOfPage":{"@id":"https:\/\/louise-brison.fr\/it\/elaboration-des-champagnes-millesimes\/#primaryimage"},"image":{"@id":"https:\/\/louise-brison.fr\/it\/elaboration-des-champagnes-millesimes\/#primaryimage"},"thumbnailUrl":"https:\/\/louise-brison.fr\/wp-content\/uploads\/2020\/07\/IMG_5087-resize-300x200.jpg","datePublished":"2020-06-25T12:36:43+00:00","dateModified":"2024-03-18T20:06:43+00:00","description":"Cos\u00ec nascono i nostri champagne millesimati, dall'uva al tappo, dall'imbottigliamento alla nascita delle bollicine","breadcrumb":{"@id":"https:\/\/louise-brison.fr\/it\/elaboration-des-champagnes-millesimes\/#breadcrumb"},"inLanguage":"it-IT","potentialAction":[{"@type":"ReadAction","target":["https:\/\/louise-brison.fr\/it\/elaboration-des-champagnes-millesimes\/"]}]},{"@type":"ImageObject","inLanguage":"it-IT","@id":"https:\/\/louise-brison.fr\/it\/elaboration-des-champagnes-millesimes\/#primaryimage","url":"https:\/\/louise-brison.fr\/wp-content\/uploads\/2020\/07\/IMG_5087-resize-300x200.jpg","contentUrl":"https:\/\/louise-brison.fr\/wp-content\/uploads\/2020\/07\/IMG_5087-resize-300x200.jpg"},{"@type":"BreadcrumbList","@id":"https:\/\/louise-brison.fr\/it\/elaboration-des-champagnes-millesimes\/#breadcrumb","itemListElement":[{"@type":"ListItem","position":1,"name":"Accoglienza","item":"https:\/\/louise-brison.fr\/it\/"},{"@type":"ListItem","position":2,"name":"\u00c9laborazione di champagne vintage"}]},{"@type":"WebSite","@id":"https:\/\/louise-brison.fr\/it\/#website","url":"https:\/\/louise-brison.fr\/it\/","name":"Louise Brison","description":"Champagne Louise Brison","publisher":{"@id":"https:\/\/louise-brison.fr\/it\/#organization"},"potentialAction":[{"@type":"SearchAction","target":{"@type":"EntryPoint","urlTemplate":"https:\/\/louise-brison.fr\/it\/?s={search_term_string}"},"query-input":{"@type":"PropertyValueSpecification","valueRequired":true,"valueName":"search_term_string"}}],"inLanguage":"it-IT"},{"@type":"Organization","@id":"https:\/\/louise-brison.fr\/it\/#organization","name":"Louise Brison","url":"https:\/\/louise-brison.fr\/it\/","logo":{"@type":"ImageObject","inLanguage":"it-IT","@id":"https:\/\/louise-brison.fr\/it\/#\/schema\/logo\/image\/","url":"https:\/\/louise-brison.fr\/wp-content\/uploads\/2024\/03\/logo-champagne-louise-brison-2.png","contentUrl":"https:\/\/louise-brison.fr\/wp-content\/uploads\/2024\/03\/logo-champagne-louise-brison-2.png","width":512,"height":512,"caption":"Louise Brison"},"image":{"@id":"https:\/\/louise-brison.fr\/it\/#\/schema\/logo\/image\/"},"sameAs":["https:\/\/www.facebook.com\/champagne.louisebrison\/","https:\/\/x.com\/louisebrison","https:\/\/www.instagram.com\/champagnelouisebrison\/"]}]}},"_links":{"self":[{"href":"https:\/\/louise-brison.fr\/it\/wp-json\/wp\/v2\/pages\/1431","targetHints":{"allow":["GET"]}}],"collection":[{"href":"https:\/\/louise-brison.fr\/it\/wp-json\/wp\/v2\/pages"}],"about":[{"href":"https:\/\/louise-brison.fr\/it\/wp-json\/wp\/v2\/types\/page"}],"author":[{"embeddable":true,"href":"https:\/\/louise-brison.fr\/it\/wp-json\/wp\/v2\/users\/2"}],"replies":[{"embeddable":true,"href":"https:\/\/louise-brison.fr\/it\/wp-json\/wp\/v2\/comments?post=1431"}],"version-history":[{"count":5,"href":"https:\/\/louise-brison.fr\/it\/wp-json\/wp\/v2\/pages\/1431\/revisions"}],"predecessor-version":[{"id":3226,"href":"https:\/\/louise-brison.fr\/it\/wp-json\/wp\/v2\/pages\/1431\/revisions\/3226"}],"wp:attachment":[{"href":"https:\/\/louise-brison.fr\/it\/wp-json\/wp\/v2\/media?parent=1431"}],"curies":[{"name":"wp","href":"https:\/\/api.w.org\/{rel}","templated":true}]}}