{"id":1385,"date":"2020-07-07T11:24:48","date_gmt":"2020-07-07T09:24:48","guid":{"rendered":"https:\/\/louise-brison.fr\/philosophie-de-la-maison-preserver-biodiversite\/"},"modified":"2024-03-05T21:06:39","modified_gmt":"2024-03-05T20:06:39","slug":"philosophie-de-la-maison-preserver-biodiversite","status":"publish","type":"page","link":"https:\/\/louise-brison.fr\/it\/philosophie-de-la-maison-preserver-biodiversite\/","title":{"rendered":"Filosofia della Casa &#8211; Viticoltura Biologica"},"content":{"rendered":"<p><strong>CONSERVARE, RISPETTARE, Magnificare la natura&#8230;<\/strong><\/p>\n<p><strong>Viticoltura biologica<\/strong><\/p>\n<p>Tutte le persone hanno un rapporto speciale con la natura.<br \/>\nTutti siamo legati ad esso e per noi \u00e8 fondamentale! Per questo, da molti anni, <strong>lo osserviamo, lo preserviamo e rispettiamo questi equilibri<\/strong> affinch\u00e9 diventi nostro <strong>alleato<\/strong>.<\/p>\n<p><strong>UN TEMPO PER TUTTO!<\/strong><\/p>\n<p>Dopo tutti questi anni di pratiche agricole rispettose, nel 2017 abbiamo deciso di iniziare la nostra conversione alla <strong>viticoltura biologica<\/strong>&#8230;<br \/>\n<b>Siamo certificati biologici dalla vendemmia 2020!<\/b><\/p>\n<p><strong><img decoding=\"async\" class=\"wp-image-2662 aligncenter\" src=\"https:\/\/louise-brison.fr\/wp-content\/uploads\/2020\/06\/ab-213x300.jpg\" alt=\"\" width= \"61\" altezza=\"86\" srcset=\"https:\/\/louise-brison.fr\/wp-content\/uploads\/2020\/06\/ab-213x300.jpg 213w, https:\/\/louise-brison.fr\/wp-content\/uploads\/2020\/06\/ab-450x633.jpg 450w, https:\/\/louise-brison.fr\/wp-content\/uploads\/2020\/06\/ab-600x844.jpg 600w, https:\/\/louise-brison.fr\/wp-content\/uploads\/2020\/06\/ab-728x1024.jpg 728w, https:\/\/louise-brison.fr\/wp-content\/uploads\/2020\/06\/ab-768x1080.jpg 768w, https:\/\/louise-brison.fr\/wp-content\/uploads\/2020\/06\/ab.jpg 845w\" sizes=\"(max-width: 213px) 100vw, 213px\" \/><\/strong><\/p>\n<p><strong>Mantenere la fertilit\u00e0 del suolo<\/strong><br \/>\nLa vita del suolo \u00e8 essenziale per la salute della vite, per questo utilizziamo<strong>ammendanti organici<\/strong>e schiacciamo i tralci dopo la potatura. I terreni vengono lavorati meccanicamente al fine di migliorarne le propriet\u00e0 fisico-chimiche, la nutrizione delle piante e la disponibilit\u00e0 di elementi fertilizzanti. Effettuiamo anche <strong>fertilizzazione microbica<\/strong>. \u00c8 un metodo alternativo che ci consente di migliorare in modo sostenibile la struttura e la fertilit\u00e0 dei nostri terreni, nonch\u00e9 di migliorare la resistenza delle piante alle malattie.<br \/>\nQuesto insieme di interventi mantiene e aiuta l&#8217;attivit\u00e0 biologica, garantendo cos\u00ec la buona salute e la longevit\u00e0 della pianta<br \/>\n<forte><br \/>\nControllo profilattico<\/strong><br \/>\nCombattiamo preventivamente diverse malattie limitando le rese ed evitando cos\u00ec l&#8217;accumulo di foglie e grappoli.<\/p>\n<div id=\"attachment_101\" class=\"wp-caption alignleft\">\n<p><img fetchpriority=\"high\" decoding=\"async\" width=\"213\" height=\"300\" class=\" wp-image-101\" src=\"https:\/\/louise-brison.fr\/wp-content\/uploads\/2020\/07\/biodiversite-vigne-biologique-champagne_louise_brison-213x300.jpg\" sizes=\"( larghezza massima: 213px) 100vw, 213px\" srcset=\"https:\/\/louise-brison.fr\/wp-content\/uploads\/2020\/07\/biodiversite-vigne-biologique-champagne_louise_brison-213x300.jpg 213w, https:\/\/ louise-brison.fr\/wp-content\/uploads\/2020\/07\/biodiversite-vigne-biologique-champagne_louise_brison-727x1024.jpg 727w, https:\/\/louise-brison.fr\/wp-content\/uploads\/2020\/07\/biodiversite -vigne-biologique-champagne_louise_brison-768x1081.jpg 768w, https:\/\/louise-brison.fr\/wp-content\/uploads\/2020\/07\/biodiversite-vigne-biologique-champagne_louise_brison-600x845.jpg 600w, https:\/\/louise -brison.fr\/wp-content\/uploads\/2020\/07\/biodiversite-vigne-biologique-champagne_louise_brison.jpg 1000w\" alt=\"\" larghezza=\"213\" altezza=\"300\" aria-descriptionby=\"caption-attachment-101 \" \/><\/p>\n<p id=\"caption-attachment-101\" class=\"wp-caption-text\">\n<\/div>\n<p><forte><br \/>\nBiodiversit\u00e0<\/strong><br \/>\nLe nostre diverse pratiche permettono di <strong>mantenere gli ecosistemi naturali<\/strong> (flora e fauna) preservandoli dagli elementi chimici responsabili della loro scomparsa.<br \/>\n<citazione><\/p>\n<p style=\"text-align: left;\"><strong>&#8220;Sono le annate difficili che ci insegnano a lavorare!&#8221;<\/strong><\/p>\n<\/blockquote>\n<p><a href=\"https:\/\/www.les-millesimes-de-louise.fr\/category\/du-bourgeon-au-bouchon\/\">Per ulteriori informazioni&#8230;<\/a><\/p>\n\n<div class=\"wp-block-buttons is-layout-flex wp-block-buttons-is-layout-flex\">\n<div class=\"wp-block-button aligncenter\"><a class=\"wp-block-button__link wp-element-button\" href=\"https:\/\/louise-brison.fr\/it\/negozio\/\">Scopri i nostri champagne<\/a><\/div>\n<\/div>\n","protected":false},"excerpt":{"rendered":"<p>CONSERVARE, RISPETTARE, Magnificare la natura&#8230; Viticoltura biologica Tutte le persone hanno un rapporto speciale con la natura. Tutti siamo legati ad esso e per noi \u00e8 fondamentale! Per questo, da&hellip;<\/p>\n","protected":false},"author":2,"featured_media":0,"parent":0,"menu_order":0,"comment_status":"closed","ping_status":"closed","template":"","meta":{"footnotes":""},"class_list":["post-1385","page","type-page","status-publish","hentry"],"yoast_head":"<!-- This site is optimized with the Yoast SEO plugin v26.9 - https:\/\/yoast.com\/product\/yoast-seo-wordpress\/ -->\n<title>Filosofia della Casa - Viticoltura Biologica &#8211; Louise Brison<\/title>\n<meta name=\"description\" content=\"Dopo tutti questi anni di pratiche agricole rispettose, abbiamo deciso nel 2017 di passare alla viticoltura biologica...\" \/>\n<meta name=\"robots\" content=\"index, follow, max-snippet:-1, max-image-preview:large, max-video-preview:-1\" \/>\n<link rel=\"canonical\" href=\"https:\/\/louise-brison.fr\/it\/philosophie-de-la-maison-preserver-biodiversite\/\" \/>\n<meta property=\"og:locale\" content=\"it_IT\" \/>\n<meta property=\"og:type\" content=\"article\" \/>\n<meta property=\"og:title\" content=\"Filosofia della Casa - Viticoltura Biologica &#8211; Louise Brison\" \/>\n<meta property=\"og:description\" content=\"Dopo tutti questi anni di pratiche agricole rispettose, abbiamo deciso nel 2017 di passare alla viticoltura biologica...\" \/>\n<meta property=\"og:url\" content=\"https:\/\/louise-brison.fr\/it\/philosophie-de-la-maison-preserver-biodiversite\/\" \/>\n<meta property=\"og:site_name\" content=\"Louise Brison\" \/>\n<meta property=\"article:publisher\" content=\"https:\/\/www.facebook.com\/champagne.louisebrison\/\" \/>\n<meta property=\"article:modified_time\" content=\"2024-03-05T20:06:39+00:00\" \/>\n<meta property=\"og:image\" content=\"https:\/\/louise-brison.fr\/wp-content\/uploads\/2020\/06\/ab-213x300.jpg\" \/>\n<meta name=\"twitter:card\" content=\"summary_large_image\" \/>\n<meta name=\"twitter:site\" content=\"@louisebrison\" \/>\n<meta name=\"twitter:label1\" content=\"Tempo di lettura stimato\" \/>\n\t<meta name=\"twitter:data1\" content=\"2 minuti\" \/>\n<script type=\"application\/ld+json\" class=\"yoast-schema-graph\">{\"@context\":\"https:\/\/schema.org\",\"@graph\":[{\"@type\":\"WebPage\",\"@id\":\"https:\/\/louise-brison.fr\/it\/philosophie-de-la-maison-preserver-biodiversite\/\",\"url\":\"https:\/\/louise-brison.fr\/it\/philosophie-de-la-maison-preserver-biodiversite\/\",\"name\":\"Filosofia della Casa - Viticoltura Biologica &#8211; Louise Brison\",\"isPartOf\":{\"@id\":\"https:\/\/louise-brison.fr\/it\/#website\"},\"primaryImageOfPage\":{\"@id\":\"https:\/\/louise-brison.fr\/it\/philosophie-de-la-maison-preserver-biodiversite\/#primaryimage\"},\"image\":{\"@id\":\"https:\/\/louise-brison.fr\/it\/philosophie-de-la-maison-preserver-biodiversite\/#primaryimage\"},\"thumbnailUrl\":\"https:\/\/louise-brison.fr\/wp-content\/uploads\/2020\/06\/ab-213x300.jpg\",\"datePublished\":\"2020-07-07T09:24:48+00:00\",\"dateModified\":\"2024-03-05T20:06:39+00:00\",\"description\":\"Dopo tutti questi anni di pratiche agricole rispettose, abbiamo deciso nel 2017 di passare alla viticoltura biologica...\",\"breadcrumb\":{\"@id\":\"https:\/\/louise-brison.fr\/it\/philosophie-de-la-maison-preserver-biodiversite\/#breadcrumb\"},\"inLanguage\":\"it-IT\",\"potentialAction\":[{\"@type\":\"ReadAction\",\"target\":[\"https:\/\/louise-brison.fr\/it\/philosophie-de-la-maison-preserver-biodiversite\/\"]}]},{\"@type\":\"ImageObject\",\"inLanguage\":\"it-IT\",\"@id\":\"https:\/\/louise-brison.fr\/it\/philosophie-de-la-maison-preserver-biodiversite\/#primaryimage\",\"url\":\"https:\/\/louise-brison.fr\/wp-content\/uploads\/2020\/06\/ab-213x300.jpg\",\"contentUrl\":\"https:\/\/louise-brison.fr\/wp-content\/uploads\/2020\/06\/ab-213x300.jpg\"},{\"@type\":\"BreadcrumbList\",\"@id\":\"https:\/\/louise-brison.fr\/it\/philosophie-de-la-maison-preserver-biodiversite\/#breadcrumb\",\"itemListElement\":[{\"@type\":\"ListItem\",\"position\":1,\"name\":\"Accoglienza\",\"item\":\"https:\/\/louise-brison.fr\/it\/\"},{\"@type\":\"ListItem\",\"position\":2,\"name\":\"Filosofia della Casa &#8211; Viticoltura Biologica\"}]},{\"@type\":\"WebSite\",\"@id\":\"https:\/\/louise-brison.fr\/it\/#website\",\"url\":\"https:\/\/louise-brison.fr\/it\/\",\"name\":\"Louise Brison\",\"description\":\"Champagne Louise Brison\",\"publisher\":{\"@id\":\"https:\/\/louise-brison.fr\/it\/#organization\"},\"potentialAction\":[{\"@type\":\"SearchAction\",\"target\":{\"@type\":\"EntryPoint\",\"urlTemplate\":\"https:\/\/louise-brison.fr\/it\/?s={search_term_string}\"},\"query-input\":{\"@type\":\"PropertyValueSpecification\",\"valueRequired\":true,\"valueName\":\"search_term_string\"}}],\"inLanguage\":\"it-IT\"},{\"@type\":\"Organization\",\"@id\":\"https:\/\/louise-brison.fr\/it\/#organization\",\"name\":\"Louise Brison\",\"url\":\"https:\/\/louise-brison.fr\/it\/\",\"logo\":{\"@type\":\"ImageObject\",\"inLanguage\":\"it-IT\",\"@id\":\"https:\/\/louise-brison.fr\/it\/#\/schema\/logo\/image\/\",\"url\":\"https:\/\/louise-brison.fr\/wp-content\/uploads\/2024\/03\/logo-champagne-louise-brison-2.png\",\"contentUrl\":\"https:\/\/louise-brison.fr\/wp-content\/uploads\/2024\/03\/logo-champagne-louise-brison-2.png\",\"width\":512,\"height\":512,\"caption\":\"Louise Brison\"},\"image\":{\"@id\":\"https:\/\/louise-brison.fr\/it\/#\/schema\/logo\/image\/\"},\"sameAs\":[\"https:\/\/www.facebook.com\/champagne.louisebrison\/\",\"https:\/\/x.com\/louisebrison\",\"https:\/\/www.instagram.com\/champagnelouisebrison\/\"]}]}<\/script>\n<!-- \/ Yoast SEO plugin. -->","yoast_head_json":{"title":"Filosofia della Casa - Viticoltura Biologica &#8211; Louise Brison","description":"Dopo tutti questi anni di pratiche agricole rispettose, abbiamo deciso nel 2017 di passare alla viticoltura biologica...","robots":{"index":"index","follow":"follow","max-snippet":"max-snippet:-1","max-image-preview":"max-image-preview:large","max-video-preview":"max-video-preview:-1"},"canonical":"https:\/\/louise-brison.fr\/it\/philosophie-de-la-maison-preserver-biodiversite\/","og_locale":"it_IT","og_type":"article","og_title":"Filosofia della Casa - Viticoltura Biologica &#8211; Louise Brison","og_description":"Dopo tutti questi anni di pratiche agricole rispettose, abbiamo deciso nel 2017 di passare alla viticoltura biologica...","og_url":"https:\/\/louise-brison.fr\/it\/philosophie-de-la-maison-preserver-biodiversite\/","og_site_name":"Louise Brison","article_publisher":"https:\/\/www.facebook.com\/champagne.louisebrison\/","article_modified_time":"2024-03-05T20:06:39+00:00","og_image":[{"url":"https:\/\/louise-brison.fr\/wp-content\/uploads\/2020\/06\/ab-213x300.jpg","type":"","width":"","height":""}],"twitter_card":"summary_large_image","twitter_site":"@louisebrison","twitter_misc":{"Tempo di lettura stimato":"2 minuti"},"schema":{"@context":"https:\/\/schema.org","@graph":[{"@type":"WebPage","@id":"https:\/\/louise-brison.fr\/it\/philosophie-de-la-maison-preserver-biodiversite\/","url":"https:\/\/louise-brison.fr\/it\/philosophie-de-la-maison-preserver-biodiversite\/","name":"Filosofia della Casa - Viticoltura Biologica &#8211; Louise Brison","isPartOf":{"@id":"https:\/\/louise-brison.fr\/it\/#website"},"primaryImageOfPage":{"@id":"https:\/\/louise-brison.fr\/it\/philosophie-de-la-maison-preserver-biodiversite\/#primaryimage"},"image":{"@id":"https:\/\/louise-brison.fr\/it\/philosophie-de-la-maison-preserver-biodiversite\/#primaryimage"},"thumbnailUrl":"https:\/\/louise-brison.fr\/wp-content\/uploads\/2020\/06\/ab-213x300.jpg","datePublished":"2020-07-07T09:24:48+00:00","dateModified":"2024-03-05T20:06:39+00:00","description":"Dopo tutti questi anni di pratiche agricole rispettose, abbiamo deciso nel 2017 di passare alla viticoltura biologica...","breadcrumb":{"@id":"https:\/\/louise-brison.fr\/it\/philosophie-de-la-maison-preserver-biodiversite\/#breadcrumb"},"inLanguage":"it-IT","potentialAction":[{"@type":"ReadAction","target":["https:\/\/louise-brison.fr\/it\/philosophie-de-la-maison-preserver-biodiversite\/"]}]},{"@type":"ImageObject","inLanguage":"it-IT","@id":"https:\/\/louise-brison.fr\/it\/philosophie-de-la-maison-preserver-biodiversite\/#primaryimage","url":"https:\/\/louise-brison.fr\/wp-content\/uploads\/2020\/06\/ab-213x300.jpg","contentUrl":"https:\/\/louise-brison.fr\/wp-content\/uploads\/2020\/06\/ab-213x300.jpg"},{"@type":"BreadcrumbList","@id":"https:\/\/louise-brison.fr\/it\/philosophie-de-la-maison-preserver-biodiversite\/#breadcrumb","itemListElement":[{"@type":"ListItem","position":1,"name":"Accoglienza","item":"https:\/\/louise-brison.fr\/it\/"},{"@type":"ListItem","position":2,"name":"Filosofia della Casa &#8211; Viticoltura Biologica"}]},{"@type":"WebSite","@id":"https:\/\/louise-brison.fr\/it\/#website","url":"https:\/\/louise-brison.fr\/it\/","name":"Louise Brison","description":"Champagne Louise Brison","publisher":{"@id":"https:\/\/louise-brison.fr\/it\/#organization"},"potentialAction":[{"@type":"SearchAction","target":{"@type":"EntryPoint","urlTemplate":"https:\/\/louise-brison.fr\/it\/?s={search_term_string}"},"query-input":{"@type":"PropertyValueSpecification","valueRequired":true,"valueName":"search_term_string"}}],"inLanguage":"it-IT"},{"@type":"Organization","@id":"https:\/\/louise-brison.fr\/it\/#organization","name":"Louise Brison","url":"https:\/\/louise-brison.fr\/it\/","logo":{"@type":"ImageObject","inLanguage":"it-IT","@id":"https:\/\/louise-brison.fr\/it\/#\/schema\/logo\/image\/","url":"https:\/\/louise-brison.fr\/wp-content\/uploads\/2024\/03\/logo-champagne-louise-brison-2.png","contentUrl":"https:\/\/louise-brison.fr\/wp-content\/uploads\/2024\/03\/logo-champagne-louise-brison-2.png","width":512,"height":512,"caption":"Louise Brison"},"image":{"@id":"https:\/\/louise-brison.fr\/it\/#\/schema\/logo\/image\/"},"sameAs":["https:\/\/www.facebook.com\/champagne.louisebrison\/","https:\/\/x.com\/louisebrison","https:\/\/www.instagram.com\/champagnelouisebrison\/"]}]}},"_links":{"self":[{"href":"https:\/\/louise-brison.fr\/it\/wp-json\/wp\/v2\/pages\/1385","targetHints":{"allow":["GET"]}}],"collection":[{"href":"https:\/\/louise-brison.fr\/it\/wp-json\/wp\/v2\/pages"}],"about":[{"href":"https:\/\/louise-brison.fr\/it\/wp-json\/wp\/v2\/types\/page"}],"author":[{"embeddable":true,"href":"https:\/\/louise-brison.fr\/it\/wp-json\/wp\/v2\/users\/2"}],"replies":[{"embeddable":true,"href":"https:\/\/louise-brison.fr\/it\/wp-json\/wp\/v2\/comments?post=1385"}],"version-history":[{"count":3,"href":"https:\/\/louise-brison.fr\/it\/wp-json\/wp\/v2\/pages\/1385\/revisions"}],"predecessor-version":[{"id":3176,"href":"https:\/\/louise-brison.fr\/it\/wp-json\/wp\/v2\/pages\/1385\/revisions\/3176"}],"wp:attachment":[{"href":"https:\/\/louise-brison.fr\/it\/wp-json\/wp\/v2\/media?parent=1385"}],"curies":[{"name":"wp","href":"https:\/\/api.w.org\/{rel}","templated":true}]}}