{"id":1324,"date":"2020-07-07T11:13:59","date_gmt":"2020-07-07T09:13:59","guid":{"rendered":"https:\/\/louise-brison.fr\/champagne-millesimes-de-legende\/"},"modified":"2024-02-29T14:42:57","modified_gmt":"2024-02-29T13:42:57","slug":"champagne-millesimes-de-legende","status":"publish","type":"page","link":"https:\/\/louise-brison.fr\/it\/champagne-millesimes-de-legende\/","title":{"rendered":"Champagne Vintage dal 2010 al 2015"},"content":{"rendered":"<p><strong style=\"color: var(--theme-color-text_dark); font-size: 22px; font-style: normal; letter-spacing: 0px; background-color: var(--theme-color-bg_color);\">CHAMPAGNE VINTAGE, TRA BRUT E NATURA&#8230;<\/strong><\/p>\n<p>Gli Champagne millesimati Louise Brison esprimono l&#8217;unicit\u00e0, la squisita rarit\u00e0 di ogni anno. Sole, pioggia, vento forte o piccole gelate &#8230; Gli champagne millesimati testimoniano il tempo e il passare del tempo, anni che non sono uguali. Fare un buon millesimo nelle migliori annate \u00e8 comune, ma rendere ogni anno un millesimo da apprezzare \u00e8 un&#8217;arte!<\/p>\n<p>La nostra gamma \u00e8 disponibile in 3 diverse qualit\u00e0, un blend di Pinot-Noir e Chardonnay (disponibile in mezza bottiglia, bottiglia, magnum e jeroboam), un Blanc de Blancs e uno Champagne ros\u00e9 per macerazione, 100% Pinot-Noir (disponibile solo in bottiglia).<\/p>\n<p><a href=\"https:\/\/www.les-millesimes-de-louise.fr\/2016\/10\/20\/le-dosage\/\">Il dosaggio \u00e8 EXTRA- BRUT o <\/a><a href=\"https:\/\/www.les-millesimes-de-louise.fr\/2016\/10\/20\/le-dosage\/\"><strong>BRUT<\/strong><\/a>.<\/p>\n\n\t\t\t\t<p class=\"rs-p-wp-fix\"><\/p>\n\t\t\t\t<sr7-module data-alias=\"millesime-it\" data-id=\"10\" id=\"SR7_10_1\" class=\"rs-ov-hidden\" data-version=\"6.7.41\">\n\t\t\t\t\t<sr7-adjuster><\/sr7-adjuster>\n\t\t\t\t\t<sr7-content>\n\t\t\t\t\t\t<sr7-slide id=\"SR7_10_1-32\" data-key=\"32\">\n\t\t\t\t\t\t\t<sr7-txt id=\"SR7_10_1-32-2\" class=\"sr7-layer\">MAGNUM A l'AUBE MILLESIME 2011<\/sr7-txt>\n\t\t\t\t\t\t\t<sr7-txt id=\"SR7_10_1-32-4\" class=\"sr7-layer\">Magnum Champagne BRUT NATURE<br \/>\n<br \/>\nAssemblaggio 50% Chardonnay vinificato e affinato in botti di rovere, 50% Pinot Nero vinificato in tini. Fermentazione malolattica parziale. Questi vini provengono solo dalla vendemmia 2011. Bottiglia da 1,5 litri.<\/sr7-txt>\n\t\t\t\t\t\t\t<sr7-txt id=\"SR7_10_1-32-9\" class=\"sr7-layer\">- Effervescenza : Le bollicine sono molto fini e abbondante, con un perlage piacevole<br \/>\n<br \/>\n- Colore :Giallo pallido brillante.<br \/>\n<br \/>\n- Naso : La sua espressione \u00e8 fruttata e armonica su note floreali e di agrumi, sebbene molto asciutto. La freschezza domina insieme all\u2019eleganza. <br \/>\n<br \/>\n- Bocca : Una bocca dinamica, fresca e di bella struttura. Floreale e ben equilibrata, ci offre un finale sottilmente complesso e con tracce di legno, piuttosto lungo. L\u2019insieme \u00e8 molto armonioso e il piacere immediato..<br \/>\n<br \/>\n- Accordo Food & Champagne : Questo vino sar\u00e0 apprezzato dall'antipasto al dolce.<br \/>\nSar\u00e0 ideale per accompagnare un foie gras, pesce e pollame in salsa. <br \/>\n<\/sr7-txt>\n\t\t\t\t\t\t\t<a id=\"SR7_10_1-32-29\" class=\"sr7-layer\" href=\"\/boutique\/\" target=\"_self\" rel=\"nofollow\">Aller \u00e0 la boutique<\/a>\n\t\t\t\t\t\t<\/sr7-slide>\n\t\t\t\t\t\t<sr7-slide id=\"SR7_10_1-30\" data-key=\"30\">\n\t\t\t\t\t\t\t<sr7-txt id=\"SR7_10_1-30-2\" class=\"sr7-layer\">Chardonnay mill\u00e9sime 2020<\/sr7-txt>\n\t\t\t\t\t\t\t<sr7-txt id=\"SR7_10_1-30-4\" class=\"sr7-layer\">CHAMPAGNE BLANC DE BLANCS <br \/>\nBouteille de Champagne Brut Nature<br \/>\n<br \/>\n100% Chardonnay, vinificato e affinato in botti di rovere.<br \/>\nFermentazione malolattica.  Questo vino nasce solo della vendemmia 2020. Bottiglia da 0,75 l.<br \/>\nVino Biologico<\/sr7-txt>\n\t\t\t\t\t\t\t<sr7-txt id=\"SR7_10_1-30-9\" class=\"sr7-layer\">- Effervescenza: Queste bolle fini e continue formano un ottimo perlage<br \/>\n<br \/>\n- Colore: Giallo paglierino e brillante, con riflessi cristallini. Molto limpido.<br \/>\n<br \/>\n- Naso: Con una espressione importante, ci offre un bel bouquet, di fiori bianchi, Viola e Rosa! <br \/>\nIl tutto accompagnato da sottili sentori di vaniglia.<br \/>\n<br \/>\n- Bocca: equilibrato, complesso e ben strutturato. Delicate ed eleganti note floreali, fruttate e un tocco di freschezza! Un bel finale sul frutto, la delicatezza per eccellenza!<br \/>\n<br \/>\n- Abbinamenti enogastronomici: Puoi gustarlo come aperitivo accompagnato da tartine a base di pesce salato, frutti di mare.<br \/>\n<\/sr7-txt>\n\t\t\t\t\t\t\t<a id=\"SR7_10_1-30-27\" class=\"sr7-layer\" href=\"\/boutique\/\" target=\"_self\" rel=\"nofollow\">Aller \u00e0 la boutique<\/a>\n\t\t\t\t\t\t<\/sr7-slide>\n\t\t\t\t\t\t<sr7-slide id=\"SR7_10_1-31\" data-key=\"31\">\n\t\t\t\t\t\t\t<sr7-txt id=\"SR7_10_1-31-2\" class=\"sr7-layer\">CHAMPAGNE ROSE  2020<\/sr7-txt>\n\t\t\t\t\t\t\t<sr7-txt id=\"SR7_10_1-31-4\" class=\"sr7-layer\">Bouteille de Champagne Brut Nature ros\u00e9<br \/>\n<br \/>\nCe ros\u00e9 de mac\u00e9ration issu de Pinot Noir \u00e0 100% est \u00e9lev\u00e9 en f\u00fbts de ch\u00eane. Pas de fermentation malolactique. Bouteille de 0,75 l.<br \/>\nVino biologico<\/sr7-txt>\n\t\t\t\t\t\t\t<sr7-txt id=\"SR7_10_1-31-9\" class=\"sr7-layer\">- Effervescence : Ce ros\u00e9 pr\u00e9sente de bulles fines, r\u00e9guli\u00e8res et soutenues qui forment un cordon persistant.<br \/>\n<br \/>\n- Robe : D\u2019une belle couleur rose intense, sa robe est brillante.<br \/>\n<br \/>\n- Nez : Expressif et ouvert sur des notes de fruits du type fraise, cerise et groseille. Il \u00e9volue sur des notes subtilement bois\u00e9es et sur des ar\u00f4mes de fruits confitur\u00e9s.<br \/>\nTr\u00e8s belle expression aromatique.<br \/>\n<br \/>\n- Bouche : Fid\u00e8le au nez, son croquant et sa structure sont appr\u00e9ci\u00e9s.<br \/>\nUn ros\u00e9 gourmand !<br \/>\n<br \/>\n- Accord Mets & Champagnes : Vous pourrez appr\u00e9cier ce champagne \u00e0 l\u2019ap\u00e9ritif ou sur des desserts l\u00e9gers \u00e0 base de fruits tels que les charlottes et les salades de fruits.<\/sr7-txt>\n\t\t\t\t\t\t\t<a id=\"SR7_10_1-31-28\" class=\"sr7-layer\" href=\"\/boutique\/\" target=\"_self\" rel=\"nofollow\">Aller \u00e0 la boutique<\/a>\n\t\t\t\t\t\t<\/sr7-slide>\n\t\t\t\t\t\t<sr7-slide id=\"SR7_10_1-29\" data-key=\"29\">\n\t\t\t\t\t\t\t<sr7-txt id=\"SR7_10_1-29-2\" class=\"sr7-layer\">CHAMPAGNE A l'AUBE VINTAGE 2020<\/sr7-txt>\n\t\t\t\t\t\t\t<sr7-txt id=\"SR7_10_1-29-4\" class=\"sr7-layer\">Assemblaggio 50% Pinot Nero, 50% Chardonnay vinificato e affinato in botti di rovere. Fermentazione malolattica. Questo vino proviene solo dalla vendemmia 2020. Bottiglia di 0,75 l<br \/>\nBrut Nature<br \/>\nVino biologico<\/sr7-txt>\n\t\t\t\t\t\t\t<sr7-txt id=\"SR7_10_1-29-9\" class=\"sr7-layer\">- Effervescenza : Le sue bollicine fini salgono molto elegantemente.<br \/>\n<br \/>\n- Colore : : La sua natura lucida lascia apparire un colore dorato pieno, con riflessi vagamente rosati.<br \/>\n<br \/>\n- Naso : Aperto su aromi decisi di frutta fresca come pompelmo, pera, ecc. <br \/>\nFreschezza ed eleganza si mescolano al piacere della beva.<br \/>\n<br \/>\n- Bocca : In accordo al naso, al palato \u00e8 punteggiato da tocchi citrici, in particolare limone, cedro, poi evolve in note tostate.  Bella complessit\u00e0 e importante lunghezza.<br \/>\nDa aprire 10 minuti prima del servizio.<br \/>\n<br \/>\n- Abbinamenti cibo e Champagne : Compagno ideale per i tuoi aperitivi e i tuoi antipasti!<\/sr7-txt>\n\t\t\t\t\t\t\t<a id=\"SR7_10_1-29-26\" class=\"sr7-layer\" href=\"\/boutique\/\" target=\"_self\" rel=\"nofollow\">Aller \u00e0 la boutique<\/a>\n\t\t\t\t\t\t<\/sr7-slide>\n\t\t\t\t\t\t<sr7-slide id=\"SR7_10_1-33\" data-key=\"33\">\n\t\t\t\t\t\t\t<sr7-txt id=\"SR7_10_1-33-2\" class=\"sr7-layer\">A L'AUBE M20 <\/sr7-txt>\n\t\t\t\t\t\t\t<sr7-txt id=\"SR7_10_1-33-4\" class=\"sr7-layer\">Mezza Bottiglia Champagne Brut Nature<br \/>\n<br \/>\nAssemblaggio di Chardonnay 50% vinificato e affinato in botti di rovere, Pinot Nero 50%. Bottiglia di 0,375 l.<br \/>\nVino Biologico<\/sr7-txt>\n\t\t\t\t\t\t\t<sr7-txt id=\"SR7_10_1-33-9\" class=\"sr7-layer\">- Effervescenza : Le bolle, fini e regolari, si uniscono in un perlage forte e persistente.<br \/>\n<br \/>\n- Colore: Giallo paglierino brillante punteggiato di riflessi dorati.<br \/>\n<br \/>\n- Naso : Il naso \u00e8 inizialmente aperto e sincero. Offre aromi di fiori bianchi che si evolvono per\u00f2 a lungo con finezza e discrezione.<br \/>\n<br \/>\n- Bocca :Attraente ed equilibrato, \u00e8 caratterizzato da aromi di frutti gialli con nocciolo, come la prugna e la pesca. Il tutto \u00e8 fresco, elastico e morbido allo stesso tempo.<br \/>\n<br \/>\n- Abbinamento vino - cibo : Questa Cuv\u00e9e accompagner\u00e0 perfettamente un pasto leggero o un brunch.<\/sr7-txt>\n\t\t\t\t\t\t\t<a id=\"SR7_10_1-33-30\" class=\"sr7-layer\" href=\"\/boutique\/\" target=\"_self\" rel=\"nofollow\">Aller \u00e0 la boutique<\/a>\n\t\t\t\t\t\t<\/sr7-slide>\n\t\t\t\t\t\t<sr7-slide id=\"SR7_10_1-64\" data-key=\"64\">\n\t\t\t\t\t\t<\/sr7-slide>\n\t\t\t\t\t<\/sr7-content>\n\t\t\t\t\t<image_lists style=\"display:none\">\n\t\t\t\t\t\t<img data-src=\"\/\/louise-brison.fr\/wp-content\/uploads\/2025\/11\/champagne-millesime-2020-vin-biologique-a-l-aube-de-la-cote-des-bar-champagne-louise-brison.gif\" data-libid=\"3606\" data-lib=\"medialibrary\" title=\"champagne-millesime_2020-vin_biologique-a-l-aube-de-la-cote-des-bar-champagne_louise_brison\" width=\"0\" height=\"0\" data-dbsrc=\"Ly9sb3Vpc2UtYnJpc29uLmZyL3dwLWNvbnRlbnQvdXBsb2Fkcy8yMDI1LzExL2NoYW1wYWduZS1taWxsZXNpbWUtMjAyMC12aW4tYmlvbG9naXF1ZS1hLWwtYXViZS1kZS1sYS1jb3RlLWRlcy1iYXItY2hhbXBhZ25lLWxvdWlzZS1icmlzb24uZ2lm\"\/>\n\t\t\t\t\t\t<img data-src=\"\/\/louise-brison.fr\/wp-content\/uploads\/2025\/11\/chardonnay-de-la-cote-des-bar-2020-bio-champagne-louise-brison-sf.gif\" data-libid=\"3611\" data-lib=\"medialibrary\" title=\"chardonnay_de_la_cote_des_bar-2020-bio-champagne_louise_brison-sf\" width=\"0\" height=\"0\" data-dbsrc=\"Ly9sb3Vpc2UtYnJpc29uLmZyL3dwLWNvbnRlbnQvdXBsb2Fkcy8yMDI1LzExL2NoYXJkb25uYXktZGUtbGEtY290ZS1kZXMtYmFyLTIwMjAtYmlvLWNoYW1wYWduZS1sb3Vpc2UtYnJpc29uLXNmLmdpZg==\"\/>\n\t\t\t\t\t\t<img data-src=\"\/\/louise-brison.fr\/wp-content\/uploads\/2025\/12\/champagne-millesime-2020-biologique-rose-de-la-cote-des-bar-champagne-louise-brison.gif\" data-libid=\"3627\" data-lib=\"medialibrary\" title=\"champagne-millesime_2020-biologique-rose-de-la-cote-des-bar-champagne_louise_brison\" width=\"0\" height=\"0\" data-dbsrc=\"Ly9sb3Vpc2UtYnJpc29uLmZyL3dwLWNvbnRlbnQvdXBsb2Fkcy8yMDI1LzEyL2NoYW1wYWduZS1taWxsZXNpbWUtMjAyMC1iaW9sb2dpcXVlLXJvc2UtZGUtbGEtY290ZS1kZXMtYmFyLWNoYW1wYWduZS1sb3Vpc2UtYnJpc29uLmdpZg==\"\/>\n\t\t\t\t\t\t<img loading=\"lazy\" data-src=\"\/\/louise-brison.fr\/wp-content\/uploads\/2024\/02\/champagne-millesime-2011-magnum-a-l-aube-de-la-cote-des-bar-champagne-louise-brison.gif\" data-libid=\"2756\" data-lib=\"medialibrary\" title=\"champagne-millesime-2011-magnum-a-l-aube-de-la_cote_des_bar-champagne_louise_brison\" width=\"0\" height=\"0\" data-dbsrc=\"Ly9sb3Vpc2UtYnJpc29uLmZyL3dwLWNvbnRlbnQvdXBsb2Fkcy8yMDI0LzAyL2NoYW1wYWduZS1taWxsZXNpbWUtMjAxMS1tYWdudW0tYS1sLWF1YmUtZGUtbGEtY290ZS1kZXMtYmFyLWNoYW1wYWduZS1sb3Vpc2UtYnJpc29uLmdpZg==\"\/>\n\t\t\t\t\t\t<img loading=\"lazy\" data-src=\"\/\/louise-brison.fr\/wp-content\/uploads\/2023\/04\/demi-bouteille-champagne-a-l-aube-de-la-cote-des-bar-scaled.gif\" data-libid=\"2511\" data-lib=\"medialibrary\" title=\"demi-bouteille-champagne_a_l_aube_de_la_cote_des_bar\" width=\"0\" height=\"0\" data-dbsrc=\"Ly9sb3Vpc2UtYnJpc29uLmZyL3dwLWNvbnRlbnQvdXBsb2Fkcy8yMDIzLzA0L2RlbWktYm91dGVpbGxlLWNoYW1wYWduZS1hLWwtYXViZS1kZS1sYS1jb3RlLWRlcy1iYXItc2NhbGVkLmdpZg==\"\/>\n\t\t\t\t\t<\/image_lists>\n\t\t\t\t<\/sr7-module>\n\t\t\t\t<script>\n\t\t\t\t\tSR7.PMH ??={}; SR7.PMH[\"SR7_10_1\"] = {cn:100,state:false,fn: function() { if (_tpt!==undefined && _tpt.prepareModuleHeight !== undefined) {  _tpt.prepareModuleHeight({id:\"SR7_10_1\",el:[600,600,600,600,720],type:'standard',shdw:'0',gh:[600,600,600,600,720],gw:[1240,1240,1240,1240,480],vpt:['-200px&#039;,&#039;-200px&#039;,&#039;-200px&#039;,&#039;-200px&#039;,&#039;-200px'],size:{fullWidth:true, fullHeight:false},mh:'0',onh:0,onw:0,bg:{color:'{\"orig\":\"transparent\",\"type\":\"solid\",\"string\":\"transparent\"}'},googleFont:\"ignore\",plType:'3',plColor:'#b4bb6b'});   SR7.PMH[\"SR7_10_1\"].state=true;} else if(SR7.PMH[\"SR7_10_1\"].cn-->0)\tsetTimeout( SR7.PMH[\"SR7_10_1\"].fn,19);}};SR7.PMH[\"SR7_10_1\" ].fn();\n\t\t\t\t<\/script>\n\n","protected":false},"excerpt":{"rendered":"<p>CHAMPAGNE VINTAGE, TRA BRUT E NATURA&#8230; Gli Champagne millesimati Louise Brison esprimono l&#8217;unicit\u00e0, la squisita rarit\u00e0 di ogni anno. Sole, pioggia, vento forte o piccole gelate &#8230; Gli champagne millesimati&hellip;<\/p>\n","protected":false},"author":2,"featured_media":0,"parent":0,"menu_order":0,"comment_status":"closed","ping_status":"closed","template":"","meta":{"footnotes":""},"class_list":["post-1324","page","type-page","status-publish","hentry"],"yoast_head":"<!-- This site is optimized with the Yoast SEO plugin v26.9 - https:\/\/yoast.com\/product\/yoast-seo-wordpress\/ -->\n<title>Champagne Vintage dal 2010 al 2015 &#8211; Louise Brison<\/title>\n<meta name=\"description\" content=\"La nostra gamma \u00e8 disponibile in 3 diverse qualit\u00e0, un blend, un Blanc de Blancs e uno Champagne ros\u00e9 per macerazione, 100% Pinot-Noir\" \/>\n<meta name=\"robots\" content=\"index, follow, max-snippet:-1, max-image-preview:large, max-video-preview:-1\" \/>\n<link rel=\"canonical\" href=\"https:\/\/louise-brison.fr\/it\/champagne-millesimes-de-legende\/\" \/>\n<meta property=\"og:locale\" content=\"it_IT\" \/>\n<meta property=\"og:type\" content=\"article\" \/>\n<meta property=\"og:title\" content=\"Champagne Vintage dal 2010 al 2015 &#8211; Louise Brison\" \/>\n<meta property=\"og:description\" content=\"La nostra gamma \u00e8 disponibile in 3 diverse qualit\u00e0, un blend, un Blanc de Blancs e uno Champagne ros\u00e9 per macerazione, 100% Pinot-Noir\" \/>\n<meta property=\"og:url\" content=\"https:\/\/louise-brison.fr\/it\/champagne-millesimes-de-legende\/\" \/>\n<meta property=\"og:site_name\" content=\"Louise Brison\" \/>\n<meta property=\"article:publisher\" content=\"https:\/\/www.facebook.com\/champagne.louisebrison\/\" \/>\n<meta property=\"article:modified_time\" content=\"2024-02-29T13:42:57+00:00\" \/>\n<meta name=\"twitter:card\" content=\"summary_large_image\" \/>\n<meta name=\"twitter:site\" content=\"@louisebrison\" \/>\n<meta name=\"twitter:label1\" content=\"Tempo di lettura stimato\" \/>\n\t<meta name=\"twitter:data1\" content=\"6 minuti\" \/>\n<script type=\"application\/ld+json\" class=\"yoast-schema-graph\">{\"@context\":\"https:\/\/schema.org\",\"@graph\":[{\"@type\":\"WebPage\",\"@id\":\"https:\/\/louise-brison.fr\/it\/champagne-millesimes-de-legende\/\",\"url\":\"https:\/\/louise-brison.fr\/it\/champagne-millesimes-de-legende\/\",\"name\":\"Champagne Vintage dal 2010 al 2015 &#8211; Louise Brison\",\"isPartOf\":{\"@id\":\"https:\/\/louise-brison.fr\/it\/#website\"},\"datePublished\":\"2020-07-07T09:13:59+00:00\",\"dateModified\":\"2024-02-29T13:42:57+00:00\",\"description\":\"La nostra gamma \u00e8 disponibile in 3 diverse qualit\u00e0, un blend, un Blanc de Blancs e uno Champagne ros\u00e9 per macerazione, 100% Pinot-Noir\",\"breadcrumb\":{\"@id\":\"https:\/\/louise-brison.fr\/it\/champagne-millesimes-de-legende\/#breadcrumb\"},\"inLanguage\":\"it-IT\",\"potentialAction\":[{\"@type\":\"ReadAction\",\"target\":[\"https:\/\/louise-brison.fr\/it\/champagne-millesimes-de-legende\/\"]}]},{\"@type\":\"BreadcrumbList\",\"@id\":\"https:\/\/louise-brison.fr\/it\/champagne-millesimes-de-legende\/#breadcrumb\",\"itemListElement\":[{\"@type\":\"ListItem\",\"position\":1,\"name\":\"Accoglienza\",\"item\":\"https:\/\/louise-brison.fr\/it\/\"},{\"@type\":\"ListItem\",\"position\":2,\"name\":\"Champagne Vintage dal 2010 al 2015\"}]},{\"@type\":\"WebSite\",\"@id\":\"https:\/\/louise-brison.fr\/it\/#website\",\"url\":\"https:\/\/louise-brison.fr\/it\/\",\"name\":\"Louise Brison\",\"description\":\"Champagne Louise Brison\",\"publisher\":{\"@id\":\"https:\/\/louise-brison.fr\/it\/#organization\"},\"potentialAction\":[{\"@type\":\"SearchAction\",\"target\":{\"@type\":\"EntryPoint\",\"urlTemplate\":\"https:\/\/louise-brison.fr\/it\/?s={search_term_string}\"},\"query-input\":{\"@type\":\"PropertyValueSpecification\",\"valueRequired\":true,\"valueName\":\"search_term_string\"}}],\"inLanguage\":\"it-IT\"},{\"@type\":\"Organization\",\"@id\":\"https:\/\/louise-brison.fr\/it\/#organization\",\"name\":\"Louise Brison\",\"url\":\"https:\/\/louise-brison.fr\/it\/\",\"logo\":{\"@type\":\"ImageObject\",\"inLanguage\":\"it-IT\",\"@id\":\"https:\/\/louise-brison.fr\/it\/#\/schema\/logo\/image\/\",\"url\":\"https:\/\/louise-brison.fr\/wp-content\/uploads\/2024\/03\/logo-champagne-louise-brison-2.png\",\"contentUrl\":\"https:\/\/louise-brison.fr\/wp-content\/uploads\/2024\/03\/logo-champagne-louise-brison-2.png\",\"width\":512,\"height\":512,\"caption\":\"Louise Brison\"},\"image\":{\"@id\":\"https:\/\/louise-brison.fr\/it\/#\/schema\/logo\/image\/\"},\"sameAs\":[\"https:\/\/www.facebook.com\/champagne.louisebrison\/\",\"https:\/\/x.com\/louisebrison\",\"https:\/\/www.instagram.com\/champagnelouisebrison\/\"]}]}<\/script>\n<!-- \/ Yoast SEO plugin. -->","yoast_head_json":{"title":"Champagne Vintage dal 2010 al 2015 &#8211; Louise Brison","description":"La nostra gamma \u00e8 disponibile in 3 diverse qualit\u00e0, un blend, un Blanc de Blancs e uno Champagne ros\u00e9 per macerazione, 100% Pinot-Noir","robots":{"index":"index","follow":"follow","max-snippet":"max-snippet:-1","max-image-preview":"max-image-preview:large","max-video-preview":"max-video-preview:-1"},"canonical":"https:\/\/louise-brison.fr\/it\/champagne-millesimes-de-legende\/","og_locale":"it_IT","og_type":"article","og_title":"Champagne Vintage dal 2010 al 2015 &#8211; Louise Brison","og_description":"La nostra gamma \u00e8 disponibile in 3 diverse qualit\u00e0, un blend, un Blanc de Blancs e uno Champagne ros\u00e9 per macerazione, 100% Pinot-Noir","og_url":"https:\/\/louise-brison.fr\/it\/champagne-millesimes-de-legende\/","og_site_name":"Louise Brison","article_publisher":"https:\/\/www.facebook.com\/champagne.louisebrison\/","article_modified_time":"2024-02-29T13:42:57+00:00","twitter_card":"summary_large_image","twitter_site":"@louisebrison","twitter_misc":{"Tempo di lettura stimato":"6 minuti"},"schema":{"@context":"https:\/\/schema.org","@graph":[{"@type":"WebPage","@id":"https:\/\/louise-brison.fr\/it\/champagne-millesimes-de-legende\/","url":"https:\/\/louise-brison.fr\/it\/champagne-millesimes-de-legende\/","name":"Champagne Vintage dal 2010 al 2015 &#8211; Louise Brison","isPartOf":{"@id":"https:\/\/louise-brison.fr\/it\/#website"},"datePublished":"2020-07-07T09:13:59+00:00","dateModified":"2024-02-29T13:42:57+00:00","description":"La nostra gamma \u00e8 disponibile in 3 diverse qualit\u00e0, un blend, un Blanc de Blancs e uno Champagne ros\u00e9 per macerazione, 100% Pinot-Noir","breadcrumb":{"@id":"https:\/\/louise-brison.fr\/it\/champagne-millesimes-de-legende\/#breadcrumb"},"inLanguage":"it-IT","potentialAction":[{"@type":"ReadAction","target":["https:\/\/louise-brison.fr\/it\/champagne-millesimes-de-legende\/"]}]},{"@type":"BreadcrumbList","@id":"https:\/\/louise-brison.fr\/it\/champagne-millesimes-de-legende\/#breadcrumb","itemListElement":[{"@type":"ListItem","position":1,"name":"Accoglienza","item":"https:\/\/louise-brison.fr\/it\/"},{"@type":"ListItem","position":2,"name":"Champagne Vintage dal 2010 al 2015"}]},{"@type":"WebSite","@id":"https:\/\/louise-brison.fr\/it\/#website","url":"https:\/\/louise-brison.fr\/it\/","name":"Louise Brison","description":"Champagne Louise Brison","publisher":{"@id":"https:\/\/louise-brison.fr\/it\/#organization"},"potentialAction":[{"@type":"SearchAction","target":{"@type":"EntryPoint","urlTemplate":"https:\/\/louise-brison.fr\/it\/?s={search_term_string}"},"query-input":{"@type":"PropertyValueSpecification","valueRequired":true,"valueName":"search_term_string"}}],"inLanguage":"it-IT"},{"@type":"Organization","@id":"https:\/\/louise-brison.fr\/it\/#organization","name":"Louise Brison","url":"https:\/\/louise-brison.fr\/it\/","logo":{"@type":"ImageObject","inLanguage":"it-IT","@id":"https:\/\/louise-brison.fr\/it\/#\/schema\/logo\/image\/","url":"https:\/\/louise-brison.fr\/wp-content\/uploads\/2024\/03\/logo-champagne-louise-brison-2.png","contentUrl":"https:\/\/louise-brison.fr\/wp-content\/uploads\/2024\/03\/logo-champagne-louise-brison-2.png","width":512,"height":512,"caption":"Louise Brison"},"image":{"@id":"https:\/\/louise-brison.fr\/it\/#\/schema\/logo\/image\/"},"sameAs":["https:\/\/www.facebook.com\/champagne.louisebrison\/","https:\/\/x.com\/louisebrison","https:\/\/www.instagram.com\/champagnelouisebrison\/"]}]}},"_links":{"self":[{"href":"https:\/\/louise-brison.fr\/it\/wp-json\/wp\/v2\/pages\/1324","targetHints":{"allow":["GET"]}}],"collection":[{"href":"https:\/\/louise-brison.fr\/it\/wp-json\/wp\/v2\/pages"}],"about":[{"href":"https:\/\/louise-brison.fr\/it\/wp-json\/wp\/v2\/types\/page"}],"author":[{"embeddable":true,"href":"https:\/\/louise-brison.fr\/it\/wp-json\/wp\/v2\/users\/2"}],"replies":[{"embeddable":true,"href":"https:\/\/louise-brison.fr\/it\/wp-json\/wp\/v2\/comments?post=1324"}],"version-history":[{"count":5,"href":"https:\/\/louise-brison.fr\/it\/wp-json\/wp\/v2\/pages\/1324\/revisions"}],"predecessor-version":[{"id":3064,"href":"https:\/\/louise-brison.fr\/it\/wp-json\/wp\/v2\/pages\/1324\/revisions\/3064"}],"wp:attachment":[{"href":"https:\/\/louise-brison.fr\/it\/wp-json\/wp\/v2\/media?parent=1324"}],"curies":[{"name":"wp","href":"https:\/\/api.w.org\/{rel}","templated":true}]}}