{"id":1313,"date":"2020-07-07T11:23:37","date_gmt":"2020-07-07T09:23:37","guid":{"rendered":"https:\/\/louise-brison.fr\/compositeur-de-la-symphonie-des-aromes\/"},"modified":"2024-03-05T21:03:56","modified_gmt":"2024-03-05T20:03:56","slug":"compositeur-de-la-symphonie-des-aromes","status":"publish","type":"page","link":"https:\/\/louise-brison.fr\/it\/compositeur-de-la-symphonie-des-aromes\/","title":{"rendered":"Accordo Food &#038; Champagne"},"content":{"rendered":"<div class=\"vc_column-inner\">\n<div class=\"wpb_wrapper\">\n<div class=\"wpb_text_column wpb_content_element \">\n<div class=\"wpb_wrapper\">\n<p><strong>UN INVITO AD UN VIAGGIO NEL GUSTO&#8230;<\/strong><\/p>\n<\/div>\n<\/div>\n<\/div>\n<\/div>\n<div class=\"vc_column-inner\">\n<div class=\"wpb_wrapper\">\n<div class=\"wpb_text_column wpb_content_element \">\n<p><strong><img decoding=\"async\" class=\"alignnone size-medium wp-image-513\" src=\"https:\/\/louise-brison.fr\/wp-content\/uploads\/2020\/07\/FOIE-GRAS-champagne_louise_brison-legende-300x126.gif\" alt=\"champagne L\u00e9gende et foie gras\" width=\"300\" height=\"126\" srcset=\"https:\/\/louise-brison.fr\/wp-content\/uploads\/2020\/07\/FOIE-GRAS-champagne_louise_brison-legende-300x126.gif 300w, https:\/\/louise-brison.fr\/wp-content\/uploads\/2020\/07\/FOIE-GRAS-champagne_louise_brison-legende-450x189.gif 450w, https:\/\/louise-brison.fr\/wp-content\/uploads\/2020\/07\/FOIE-GRAS-champagne_louise_brison-legende-600x252.gif 600w, https:\/\/louise-brison.fr\/wp-content\/uploads\/2020\/07\/FOIE-GRAS-champagne_louise_brison-legende-1024x431.gif 1024w, https:\/\/louise-brison.fr\/wp-content\/uploads\/2020\/07\/FOIE-GRAS-champagne_louise_brison-legende-768x323.gif 768w, https:\/\/louise-brison.fr\/wp-content\/uploads\/2020\/07\/FOIE-GRAS-champagne_louise_brison-legende-1536x646.gif 1536w, https:\/\/louise-brison.fr\/wp-content\/uploads\/2020\/07\/FOIE-GRAS-champagne_louise_brison-legende-2048x861.gif 2048w\" sizes=\"(max-width: 300px) 100vw, 300px\" \/><\/strong><\/p>\n<p><strong>Che piacere<\/strong> cenare tutti con lo Champagne!<br \/>\nGli intenditori sanno che i migliori Champagne, <strong>gli Champagne gourmet, si possono gustare soprattutto a tavola. Deliziano i piatti pi\u00f9 semplici cos\u00ec come i piatti pi\u00f9 sofisticati.<\/strong><\/p>\n<p>Ma cosa fare di fronte a questa diversit\u00e0 di Champagne vintage e gastronomici? Ogni anno cambia qualcosa. Quale champagne scegliere con il tuo antipasto, piatto principale, formaggio o dessert preferito?<\/p>\n<p><strong>Ecco alcuni abbinamenti perfetti tra cibo e champagne<\/strong> &#8230; Da gustare dall&#8217;aperitivo al dolce &#8230;<\/p>\n<p>Con le nostre annate pi\u00f9 giovani e con bassi dosaggi (come il nostro A l&#8217;Aube de la C\u00f4te des Bar brut annata 2014 o il nostro A l&#8217;Aube de la C\u00f4te des Bar brut magnum 2010), la freschezza \u00e8 predominante, scegli l&#8217;aperitivo per risvegliare le tue papille gustative &#8230;<\/p>\n<\/div>\n<\/div>\n<\/div>\n<div class=\"vc_column-inner\">\n<div class=\"wpb_wrapper\">\n<div class=\"wpb_text_column wpb_content_element \">\n<p><strong><img decoding=\"async\" class=\"alignnone wp-image-1585\" src=\"https:\/\/louise-brison.fr\/wp-content\/uploads\/2021\/04\/champagne-louise-brison-douceur-aperitif-291x300.jpg\" alt=\"\" width=\"142\" height=\"146\" srcset=\"https:\/\/louise-brison.fr\/wp-content\/uploads\/2021\/04\/champagne-louise-brison-douceur-aperitif-291x300.jpg 291w, https:\/\/louise-brison.fr\/wp-content\/uploads\/2021\/04\/champagne-louise-brison-douceur-aperitif-450x464.jpg 450w, https:\/\/louise-brison.fr\/wp-content\/uploads\/2021\/04\/champagne-louise-brison-douceur-aperitif-600x618.jpg 600w, https:\/\/louise-brison.fr\/wp-content\/uploads\/2021\/04\/champagne-louise-brison-douceur-aperitif-994x1024.jpg 994w, https:\/\/louise-brison.fr\/wp-content\/uploads\/2021\/04\/champagne-louise-brison-douceur-aperitif-768x792.jpg 768w, https:\/\/louise-brison.fr\/wp-content\/uploads\/2021\/04\/champagne-louise-brison-douceur-aperitif-1490x1536.jpg 1490w, https:\/\/louise-brison.fr\/wp-content\/uploads\/2021\/04\/champagne-louise-brison-douceur-aperitif.jpg 1987w\" sizes=\"(max-width: 142px) 100vw, 142px\" \/> <img decoding=\"async\" class=\"alignnone wp-image-1581\" src=\"https:\/\/louise-brison.fr\/wp-content\/uploads\/2021\/04\/champagne-louise-brison-festivite-300x200.jpg\" alt=\"\" width=\"219\" height=\"146\" srcset=\"https:\/\/louise-brison.fr\/wp-content\/uploads\/2021\/04\/champagne-louise-brison-festivite-300x200.jpg 300w, https:\/\/louise-brison.fr\/wp-content\/uploads\/2021\/04\/champagne-louise-brison-festivite-450x300.jpg 450w, https:\/\/louise-brison.fr\/wp-content\/uploads\/2021\/04\/champagne-louise-brison-festivite-600x399.jpg 600w, https:\/\/louise-brison.fr\/wp-content\/uploads\/2021\/04\/champagne-louise-brison-festivite-1024x682.jpg 1024w, https:\/\/louise-brison.fr\/wp-content\/uploads\/2021\/04\/champagne-louise-brison-festivite-768x511.jpg 768w, https:\/\/louise-brison.fr\/wp-content\/uploads\/2021\/04\/champagne-louise-brison-festivite.jpg 1229w\" sizes=\"(max-width: 219px) 100vw, 219px\" \/> <img loading=\"lazy\" decoding=\"async\" class=\"alignnone wp-image-1575\" src=\"https:\/\/louise-brison.fr\/wp-content\/uploads\/2021\/04\/bouchee-aperitive-champagne-louise-brison-296x300.jpg\" alt=\"\" width=\"144\" height=\"146\" srcset=\"https:\/\/louise-brison.fr\/wp-content\/uploads\/2021\/04\/bouchee-aperitive-champagne-louise-brison-296x300.jpg 296w, https:\/\/louise-brison.fr\/wp-content\/uploads\/2021\/04\/bouchee-aperitive-champagne-louise-brison-450x456.jpg 450w, https:\/\/louise-brison.fr\/wp-content\/uploads\/2021\/04\/bouchee-aperitive-champagne-louise-brison-100x100.jpg 100w, https:\/\/louise-brison.fr\/wp-content\/uploads\/2021\/04\/bouchee-aperitive-champagne-louise-brison-600x609.jpg 600w, https:\/\/louise-brison.fr\/wp-content\/uploads\/2021\/04\/bouchee-aperitive-champagne-louise-brison-1010x1024.jpg 1010w, https:\/\/louise-brison.fr\/wp-content\/uploads\/2021\/04\/bouchee-aperitive-champagne-louise-brison-768x779.jpg 768w, https:\/\/louise-brison.fr\/wp-content\/uploads\/2021\/04\/bouchee-aperitive-champagne-louise-brison-1514x1536.jpg 1514w, https:\/\/louise-brison.fr\/wp-content\/uploads\/2021\/04\/bouchee-aperitive-champagne-louise-brison.jpg 2019w\" sizes=\"(max-width: 144px) 100vw, 144px\" \/><br \/>\n<\/strong><\/p>\n<p><strong>GLI ANTIPASTI<br \/>\nA l&#8217;Aube de la C\u00f4te des Bar 2011 andr\u00e0 molto bene con una terrina di pesce, crostacei e pesce crudo<br \/>\n<\/strong><\/p>\n<p><strong>A l&#8217;Aube de la C\u00f4te des Bar 2000<\/strong> servito con pesce marinato<br \/>\n<strong>A l&#8217;Aube de la C\u00f4te des Bar del 1999<\/strong> associata a un foie gras d&#8217;anatra alle vinacce di Champagne, sar\u00e0 stupendo.<br \/>\n<strong>A l&#8217;Aube de la C\u00f4te des Bar 1998<\/strong> con tartufo in crosta.<\/p>\n<p><strong>\u2026<\/strong><\/p>\n<p><strong>CARNI<\/strong><\/p>\n<p><strong>A l&#8217;Aube de la C\u00f4te des Bar 1995 <\/strong>con un boeuf bourguignon, un tagine o un pollo al vino giallo<br \/>\n<strong>A l&#8217;Aube de la C\u00f4te des Bar 1997 <\/strong>e i suoi tournedos di vitello<br \/>\n<strong>A l&#8217;Aube de la C\u00f4te des Bar 2002<\/strong> con animelle e in generale con carni molto saporite<br \/>\n<strong>A l&#8217;Aube de la C\u00f4te des Bar 1999<\/strong> unita ad un risotto con funghi porcini e Champagne o anche a un maiale al caramello. E che dire della sua associazione con le carni bianche con un sugo agrodolce &#8230;<br \/>\n<strong>A l&#8217;Aube de la C\u00f4te des Bar 2005<\/strong> e la famosa <a href=\"https:\/\/www.les-millesimes-de-louise.fr\/recette\/andouillettes-au-champagne\/\">Andouillette con champagne<\/a><br \/>\n<strong>A l&#8217;Aube de la C\u00f4te des Bar Annata 2010<\/strong> con crema di pollo di Bresse<br \/>\n<strong>\u2026<\/strong><\/p>\n<p><strong>IL PESCE<br \/>\n<\/strong><\/p>\n<p><strong>A l&#8217;Aube de la C\u00f4te des Bar 1996<\/strong> sposato con capesante e il loro cremoso risotto allo champagne e finferli leggermente conditi allo zafferano<br \/>\n<strong>A l&#8217;Aube de la C\u00f4te des Bar 1997<\/strong> accompagnato dal <a href=\"https:\/\/www.les-millesimes-de-louise.fr\/recette\/risotto-aux-perles-crevettes\/\">suo risotto con i gamberi<\/a><br \/>\n<strong>A l&#8217;Aube de la C\u00f4te des Bar 2000<\/strong> e un <a href=\"https:\/\/www.les-millesimes-de-louise.fr\/recette\/ceviche-de-dorade-royale-yuzu-huile-dolive\/\">ceviche di orata marinata in yuzu e olio d&#8217;oliva e salmone poco cotto e verdure estive <\/a><\/p>\n<p><strong>A l&#8217;Aube de la C\u00f4te des Bar 2005<\/strong> con un filetto di sogliola mantecato ai funghi porcini<br \/>\n<strong>A l&#8217;Aube de la C\u00f4te des Bar 2003 <\/strong>e una rosetta di capesante marinate su una base di mango<br \/>\n<strong>A l&#8217;Aube de la C\u00f4te des Bar 2008 con<\/strong> <a href=\"https:\/\/www.les-millesimes-de-louise.fr\/recette\/recette-au-champagne\/\">code di scampi scottate con primi asparagi in una vinaigrette agli agrumi..<\/a><br \/>\n<strong>\u2026<br \/>\n<img loading=\"lazy\" decoding=\"async\" class=\"alignnone wp-image-1591\" src=\"https:\/\/louise-brison.fr\/wp-content\/uploads\/2021\/04\/queue-de-lotte-champagne-louise-brison-300x188.jpg\" alt=\"\" width=\"232\" height=\"145\" srcset=\"https:\/\/louise-brison.fr\/wp-content\/uploads\/2021\/04\/queue-de-lotte-champagne-louise-brison-300x188.jpg 300w, https:\/\/louise-brison.fr\/wp-content\/uploads\/2021\/04\/queue-de-lotte-champagne-louise-brison-450x282.jpg 450w, https:\/\/louise-brison.fr\/wp-content\/uploads\/2021\/04\/queue-de-lotte-champagne-louise-brison-600x375.jpg 600w, https:\/\/louise-brison.fr\/wp-content\/uploads\/2021\/04\/queue-de-lotte-champagne-louise-brison.jpg 641w\" sizes=\"(max-width: 232px) 100vw, 232px\" \/> <img loading=\"lazy\" decoding=\"async\" class=\"alignnone wp-image-1594\" src=\"https:\/\/louise-brison.fr\/wp-content\/uploads\/2021\/04\/ceviche-de-dorade-champagne-louise-brison-300x185.gif\" alt=\"\" width=\"235\" height=\"145\" srcset=\"https:\/\/louise-brison.fr\/wp-content\/uploads\/2021\/04\/ceviche-de-dorade-champagne-louise-brison-300x185.gif 300w, https:\/\/louise-brison.fr\/wp-content\/uploads\/2021\/04\/ceviche-de-dorade-champagne-louise-brison-450x278.gif 450w, https:\/\/louise-brison.fr\/wp-content\/uploads\/2021\/04\/ceviche-de-dorade-champagne-louise-brison-600x371.gif 600w, https:\/\/louise-brison.fr\/wp-content\/uploads\/2021\/04\/ceviche-de-dorade-champagne-louise-brison-768x474.gif 768w\" sizes=\"(max-width: 235px) 100vw, 235px\" \/> <img loading=\"lazy\" decoding=\"async\" class=\"alignnone wp-image-1588\" src=\"https:\/\/louise-brison.fr\/wp-content\/uploads\/2021\/04\/champagne-louise-brison-millesime-gastronoie-poisson-1-300x209.jpg\" alt=\"\" width=\"210\" height=\"146\" srcset=\"https:\/\/louise-brison.fr\/wp-content\/uploads\/2021\/04\/champagne-louise-brison-millesime-gastronoie-poisson-1-300x209.jpg 300w, https:\/\/louise-brison.fr\/wp-content\/uploads\/2021\/04\/champagne-louise-brison-millesime-gastronoie-poisson-1-450x314.jpg 450w, https:\/\/louise-brison.fr\/wp-content\/uploads\/2021\/04\/champagne-louise-brison-millesime-gastronoie-poisson-1-600x418.jpg 600w, https:\/\/louise-brison.fr\/wp-content\/uploads\/2021\/04\/champagne-louise-brison-millesime-gastronoie-poisson-1-1024x714.jpg 1024w, https:\/\/louise-brison.fr\/wp-content\/uploads\/2021\/04\/champagne-louise-brison-millesime-gastronoie-poisson-1-768x536.jpg 768w, https:\/\/louise-brison.fr\/wp-content\/uploads\/2021\/04\/champagne-louise-brison-millesime-gastronoie-poisson-1.jpg 1500w\" sizes=\"(max-width: 210px) 100vw, 210px\" \/><br \/>\n<\/strong><\/p>\n<p><strong>FROMAGGI<\/strong><\/p>\n<p>E s\u00ec, \u00e8 un accostamento audace ma cos\u00ec avido!<\/p>\n<p><strong>A l&#8217;aube de la C\u00f4te des Bar 2005<\/strong> con un Comt\u00e9 stagionato<br \/>\n<strong>A l&#8217;Aube de la C\u00f4te des Bar Annata 2010<\/strong> con un Neufch\u00e2tel<\/p>\n<p><strong>O con formaggi pi\u00f9 saporiti. L&#8217;alleanza di maturit\u00e0 e carattere, che piacere!<br \/>\n<\/strong><strong>A l&#8217;Aube de la C\u00f4te des Bar 2003<\/strong> con un Fourme d\u2019Ambert<br \/>\n<strong>A l&#8217;Aube de la C\u00f4te des Bar 1997, 1996, 1995<\/strong> con Fromage Blue<br \/>\n<strong>A l&#8217;Aube de la C\u00f4te des Bar 2000 o A l&#8217;Aube de la C\u00f4te des Bar Annata 2010<\/strong> o Chaource<br \/>\n<strong>A l&#8217;Aube de la C\u00f4te des Bar 2003<\/strong> con un Mothais su foglia<br \/>\n<strong>A l&#8217;Aube de la C\u00f4te des Bar 2009<\/strong> con un Comt\u00e9 stagionato e forte<\/p>\n<p><strong>\u2026<\/strong><\/p>\n<p><strong>I DESSERT<\/strong><\/p>\n<p><strong>Ros\u00e9<\/strong> \u00e0 l&#8217;Aube de la C\u00f4te des Bar con fragole dacquoise e macaron lampone \/ lime e pompelmo<br \/>\n<strong>A l&#8217;Aube de la C\u00f4te des Bar 2005<\/strong> con dolci a base di frutta secca<br \/>\n<strong>A l&#8217;Aube de la C\u00f4te des Bar 1998<\/strong> e i dolci a base di mele<\/p>\n<p><img loading=\"lazy\" decoding=\"async\" class=\"alignnone wp-image-1578\" src=\"https:\/\/louise-brison.fr\/wp-content\/uploads\/2021\/04\/dessert-fruits-rouges-champagne-rose-louise-brison-248x300.jpg\" alt=\"\" width=\"132\" height=\"160\" srcset=\"https:\/\/louise-brison.fr\/wp-content\/uploads\/2021\/04\/dessert-fruits-rouges-champagne-rose-louise-brison-248x300.jpg 248w, https:\/\/louise-brison.fr\/wp-content\/uploads\/2021\/04\/dessert-fruits-rouges-champagne-rose-louise-brison-450x544.jpg 450w, https:\/\/louise-brison.fr\/wp-content\/uploads\/2021\/04\/dessert-fruits-rouges-champagne-rose-louise-brison-600x725.jpg 600w, https:\/\/louise-brison.fr\/wp-content\/uploads\/2021\/04\/dessert-fruits-rouges-champagne-rose-louise-brison-768x929.jpg 768w, https:\/\/louise-brison.fr\/wp-content\/uploads\/2021\/04\/dessert-fruits-rouges-champagne-rose-louise-brison.jpg 794w\" sizes=\"(max-width: 132px) 100vw, 132px\" \/> <img loading=\"lazy\" decoding=\"async\" class=\"alignnone wp-image-515\" src=\"https:\/\/louise-brison.fr\/wp-content\/uploads\/2020\/07\/champagne_louise_brison-gastronomie-300x200.gif\" alt=\"\" width=\"236\" height=\"157\" srcset=\"https:\/\/louise-brison.fr\/wp-content\/uploads\/2020\/07\/champagne_louise_brison-gastronomie-300x200.gif 300w, https:\/\/louise-brison.fr\/wp-content\/uploads\/2020\/07\/champagne_louise_brison-gastronomie-450x300.gif 450w, https:\/\/louise-brison.fr\/wp-content\/uploads\/2020\/07\/champagne_louise_brison-gastronomie-600x400.gif 600w, https:\/\/louise-brison.fr\/wp-content\/uploads\/2020\/07\/champagne_louise_brison-gastronomie-1024x683.gif 1024w, https:\/\/louise-brison.fr\/wp-content\/uploads\/2020\/07\/champagne_louise_brison-gastronomie-768x512.gif 768w, https:\/\/louise-brison.fr\/wp-content\/uploads\/2020\/07\/champagne_louise_brison-gastronomie-1536x1024.gif 1536w\" sizes=\"(max-width: 236px) 100vw, 236px\" \/> <img loading=\"lazy\" decoding=\"async\" class=\"alignnone wp-image-1572\" src=\"https:\/\/louise-brison.fr\/wp-content\/uploads\/2021\/04\/chef-gastronomie-champagne-millesime-louise-brison-293x300.jpg\" alt=\"\" width=\"155\" height=\"159\" srcset=\"https:\/\/louise-brison.fr\/wp-content\/uploads\/2021\/04\/chef-gastronomie-champagne-millesime-louise-brison-293x300.jpg 293w, https:\/\/louise-brison.fr\/wp-content\/uploads\/2021\/04\/chef-gastronomie-champagne-millesime-louise-brison-450x460.jpg 450w, https:\/\/louise-brison.fr\/wp-content\/uploads\/2021\/04\/chef-gastronomie-champagne-millesime-louise-brison-600x614.jpg 600w, https:\/\/louise-brison.fr\/wp-content\/uploads\/2021\/04\/chef-gastronomie-champagne-millesime-louise-brison-1001x1024.jpg 1001w, https:\/\/louise-brison.fr\/wp-content\/uploads\/2021\/04\/chef-gastronomie-champagne-millesime-louise-brison-768x786.jpg 768w, https:\/\/louise-brison.fr\/wp-content\/uploads\/2021\/04\/chef-gastronomie-champagne-millesime-louise-brison-1502x1536.jpg 1502w, https:\/\/louise-brison.fr\/wp-content\/uploads\/2021\/04\/chef-gastronomie-champagne-millesime-louise-brison.jpg 2002w\" sizes=\"(max-width: 155px) 100vw, 155px\" \/><\/p>\n<\/div>\n<\/div>\n<\/div>\n","protected":false},"excerpt":{"rendered":"<p>UN INVITO AD UN VIAGGIO NEL GUSTO&#8230; Che piacere cenare tutti con lo Champagne! Gli intenditori sanno che i migliori Champagne, gli Champagne gourmet, si possono gustare soprattutto a tavola.&hellip;<\/p>\n","protected":false},"author":2,"featured_media":0,"parent":0,"menu_order":0,"comment_status":"closed","ping_status":"closed","template":"","meta":{"footnotes":""},"class_list":["post-1313","page","type-page","status-publish","hentry"],"yoast_head":"<!-- This site is optimized with the Yoast SEO plugin v26.9 - https:\/\/yoast.com\/product\/yoast-seo-wordpress\/ -->\n<title>Accordo Food &amp; Champagne &#8211; Louise Brison<\/title>\n<meta name=\"description\" content=\"La complessit\u00e0 aromatica dei nostri champagne millesimati offre una dimensione gastronomica alle vostre degustazioni.\" \/>\n<meta name=\"robots\" content=\"index, follow, max-snippet:-1, max-image-preview:large, max-video-preview:-1\" \/>\n<link rel=\"canonical\" href=\"https:\/\/louise-brison.fr\/it\/compositeur-de-la-symphonie-des-aromes\/\" \/>\n<meta property=\"og:locale\" content=\"it_IT\" \/>\n<meta property=\"og:type\" content=\"article\" \/>\n<meta property=\"og:title\" content=\"Accordo Food &amp; Champagne &#8211; Louise Brison\" \/>\n<meta property=\"og:description\" content=\"La complessit\u00e0 aromatica dei nostri champagne millesimati offre una dimensione gastronomica alle vostre degustazioni.\" \/>\n<meta property=\"og:url\" content=\"https:\/\/louise-brison.fr\/it\/compositeur-de-la-symphonie-des-aromes\/\" \/>\n<meta property=\"og:site_name\" content=\"Louise Brison\" \/>\n<meta property=\"article:publisher\" content=\"https:\/\/www.facebook.com\/champagne.louisebrison\/\" \/>\n<meta property=\"article:modified_time\" content=\"2024-03-05T20:03:56+00:00\" \/>\n<meta property=\"og:image\" content=\"https:\/\/louise-brison.fr\/wp-content\/uploads\/2020\/07\/FOIE-GRAS-champagne_louise_brison-legende-300x126.gif\" \/>\n<meta name=\"twitter:card\" content=\"summary_large_image\" \/>\n<meta name=\"twitter:site\" content=\"@louisebrison\" \/>\n<meta name=\"twitter:label1\" content=\"Tempo di lettura stimato\" \/>\n\t<meta name=\"twitter:data1\" content=\"6 minuti\" \/>\n<script type=\"application\/ld+json\" class=\"yoast-schema-graph\">{\"@context\":\"https:\/\/schema.org\",\"@graph\":[{\"@type\":\"WebPage\",\"@id\":\"https:\/\/louise-brison.fr\/it\/compositeur-de-la-symphonie-des-aromes\/\",\"url\":\"https:\/\/louise-brison.fr\/it\/compositeur-de-la-symphonie-des-aromes\/\",\"name\":\"Accordo Food & Champagne &#8211; Louise Brison\",\"isPartOf\":{\"@id\":\"https:\/\/louise-brison.fr\/it\/#website\"},\"primaryImageOfPage\":{\"@id\":\"https:\/\/louise-brison.fr\/it\/compositeur-de-la-symphonie-des-aromes\/#primaryimage\"},\"image\":{\"@id\":\"https:\/\/louise-brison.fr\/it\/compositeur-de-la-symphonie-des-aromes\/#primaryimage\"},\"thumbnailUrl\":\"https:\/\/louise-brison.fr\/wp-content\/uploads\/2020\/07\/FOIE-GRAS-champagne_louise_brison-legende-300x126.gif\",\"datePublished\":\"2020-07-07T09:23:37+00:00\",\"dateModified\":\"2024-03-05T20:03:56+00:00\",\"description\":\"La complessit\u00e0 aromatica dei nostri champagne millesimati offre una dimensione gastronomica alle vostre degustazioni.\",\"breadcrumb\":{\"@id\":\"https:\/\/louise-brison.fr\/it\/compositeur-de-la-symphonie-des-aromes\/#breadcrumb\"},\"inLanguage\":\"it-IT\",\"potentialAction\":[{\"@type\":\"ReadAction\",\"target\":[\"https:\/\/louise-brison.fr\/it\/compositeur-de-la-symphonie-des-aromes\/\"]}]},{\"@type\":\"ImageObject\",\"inLanguage\":\"it-IT\",\"@id\":\"https:\/\/louise-brison.fr\/it\/compositeur-de-la-symphonie-des-aromes\/#primaryimage\",\"url\":\"https:\/\/louise-brison.fr\/wp-content\/uploads\/2020\/07\/FOIE-GRAS-champagne_louise_brison-legende-300x126.gif\",\"contentUrl\":\"https:\/\/louise-brison.fr\/wp-content\/uploads\/2020\/07\/FOIE-GRAS-champagne_louise_brison-legende-300x126.gif\"},{\"@type\":\"BreadcrumbList\",\"@id\":\"https:\/\/louise-brison.fr\/it\/compositeur-de-la-symphonie-des-aromes\/#breadcrumb\",\"itemListElement\":[{\"@type\":\"ListItem\",\"position\":1,\"name\":\"Accoglienza\",\"item\":\"https:\/\/louise-brison.fr\/it\/\"},{\"@type\":\"ListItem\",\"position\":2,\"name\":\"Accordo Food &#038; Champagne\"}]},{\"@type\":\"WebSite\",\"@id\":\"https:\/\/louise-brison.fr\/it\/#website\",\"url\":\"https:\/\/louise-brison.fr\/it\/\",\"name\":\"Louise Brison\",\"description\":\"Champagne Louise Brison\",\"publisher\":{\"@id\":\"https:\/\/louise-brison.fr\/it\/#organization\"},\"potentialAction\":[{\"@type\":\"SearchAction\",\"target\":{\"@type\":\"EntryPoint\",\"urlTemplate\":\"https:\/\/louise-brison.fr\/it\/?s={search_term_string}\"},\"query-input\":{\"@type\":\"PropertyValueSpecification\",\"valueRequired\":true,\"valueName\":\"search_term_string\"}}],\"inLanguage\":\"it-IT\"},{\"@type\":\"Organization\",\"@id\":\"https:\/\/louise-brison.fr\/it\/#organization\",\"name\":\"Louise Brison\",\"url\":\"https:\/\/louise-brison.fr\/it\/\",\"logo\":{\"@type\":\"ImageObject\",\"inLanguage\":\"it-IT\",\"@id\":\"https:\/\/louise-brison.fr\/it\/#\/schema\/logo\/image\/\",\"url\":\"https:\/\/louise-brison.fr\/wp-content\/uploads\/2024\/03\/logo-champagne-louise-brison-2.png\",\"contentUrl\":\"https:\/\/louise-brison.fr\/wp-content\/uploads\/2024\/03\/logo-champagne-louise-brison-2.png\",\"width\":512,\"height\":512,\"caption\":\"Louise Brison\"},\"image\":{\"@id\":\"https:\/\/louise-brison.fr\/it\/#\/schema\/logo\/image\/\"},\"sameAs\":[\"https:\/\/www.facebook.com\/champagne.louisebrison\/\",\"https:\/\/x.com\/louisebrison\",\"https:\/\/www.instagram.com\/champagnelouisebrison\/\"]}]}<\/script>\n<!-- \/ Yoast SEO plugin. -->","yoast_head_json":{"title":"Accordo Food & Champagne &#8211; Louise Brison","description":"La complessit\u00e0 aromatica dei nostri champagne millesimati offre una dimensione gastronomica alle vostre degustazioni.","robots":{"index":"index","follow":"follow","max-snippet":"max-snippet:-1","max-image-preview":"max-image-preview:large","max-video-preview":"max-video-preview:-1"},"canonical":"https:\/\/louise-brison.fr\/it\/compositeur-de-la-symphonie-des-aromes\/","og_locale":"it_IT","og_type":"article","og_title":"Accordo Food & Champagne &#8211; Louise Brison","og_description":"La complessit\u00e0 aromatica dei nostri champagne millesimati offre una dimensione gastronomica alle vostre degustazioni.","og_url":"https:\/\/louise-brison.fr\/it\/compositeur-de-la-symphonie-des-aromes\/","og_site_name":"Louise Brison","article_publisher":"https:\/\/www.facebook.com\/champagne.louisebrison\/","article_modified_time":"2024-03-05T20:03:56+00:00","og_image":[{"url":"https:\/\/louise-brison.fr\/wp-content\/uploads\/2020\/07\/FOIE-GRAS-champagne_louise_brison-legende-300x126.gif","type":"","width":"","height":""}],"twitter_card":"summary_large_image","twitter_site":"@louisebrison","twitter_misc":{"Tempo di lettura stimato":"6 minuti"},"schema":{"@context":"https:\/\/schema.org","@graph":[{"@type":"WebPage","@id":"https:\/\/louise-brison.fr\/it\/compositeur-de-la-symphonie-des-aromes\/","url":"https:\/\/louise-brison.fr\/it\/compositeur-de-la-symphonie-des-aromes\/","name":"Accordo Food & Champagne &#8211; Louise Brison","isPartOf":{"@id":"https:\/\/louise-brison.fr\/it\/#website"},"primaryImageOfPage":{"@id":"https:\/\/louise-brison.fr\/it\/compositeur-de-la-symphonie-des-aromes\/#primaryimage"},"image":{"@id":"https:\/\/louise-brison.fr\/it\/compositeur-de-la-symphonie-des-aromes\/#primaryimage"},"thumbnailUrl":"https:\/\/louise-brison.fr\/wp-content\/uploads\/2020\/07\/FOIE-GRAS-champagne_louise_brison-legende-300x126.gif","datePublished":"2020-07-07T09:23:37+00:00","dateModified":"2024-03-05T20:03:56+00:00","description":"La complessit\u00e0 aromatica dei nostri champagne millesimati offre una dimensione gastronomica alle vostre degustazioni.","breadcrumb":{"@id":"https:\/\/louise-brison.fr\/it\/compositeur-de-la-symphonie-des-aromes\/#breadcrumb"},"inLanguage":"it-IT","potentialAction":[{"@type":"ReadAction","target":["https:\/\/louise-brison.fr\/it\/compositeur-de-la-symphonie-des-aromes\/"]}]},{"@type":"ImageObject","inLanguage":"it-IT","@id":"https:\/\/louise-brison.fr\/it\/compositeur-de-la-symphonie-des-aromes\/#primaryimage","url":"https:\/\/louise-brison.fr\/wp-content\/uploads\/2020\/07\/FOIE-GRAS-champagne_louise_brison-legende-300x126.gif","contentUrl":"https:\/\/louise-brison.fr\/wp-content\/uploads\/2020\/07\/FOIE-GRAS-champagne_louise_brison-legende-300x126.gif"},{"@type":"BreadcrumbList","@id":"https:\/\/louise-brison.fr\/it\/compositeur-de-la-symphonie-des-aromes\/#breadcrumb","itemListElement":[{"@type":"ListItem","position":1,"name":"Accoglienza","item":"https:\/\/louise-brison.fr\/it\/"},{"@type":"ListItem","position":2,"name":"Accordo Food &#038; Champagne"}]},{"@type":"WebSite","@id":"https:\/\/louise-brison.fr\/it\/#website","url":"https:\/\/louise-brison.fr\/it\/","name":"Louise Brison","description":"Champagne Louise Brison","publisher":{"@id":"https:\/\/louise-brison.fr\/it\/#organization"},"potentialAction":[{"@type":"SearchAction","target":{"@type":"EntryPoint","urlTemplate":"https:\/\/louise-brison.fr\/it\/?s={search_term_string}"},"query-input":{"@type":"PropertyValueSpecification","valueRequired":true,"valueName":"search_term_string"}}],"inLanguage":"it-IT"},{"@type":"Organization","@id":"https:\/\/louise-brison.fr\/it\/#organization","name":"Louise Brison","url":"https:\/\/louise-brison.fr\/it\/","logo":{"@type":"ImageObject","inLanguage":"it-IT","@id":"https:\/\/louise-brison.fr\/it\/#\/schema\/logo\/image\/","url":"https:\/\/louise-brison.fr\/wp-content\/uploads\/2024\/03\/logo-champagne-louise-brison-2.png","contentUrl":"https:\/\/louise-brison.fr\/wp-content\/uploads\/2024\/03\/logo-champagne-louise-brison-2.png","width":512,"height":512,"caption":"Louise Brison"},"image":{"@id":"https:\/\/louise-brison.fr\/it\/#\/schema\/logo\/image\/"},"sameAs":["https:\/\/www.facebook.com\/champagne.louisebrison\/","https:\/\/x.com\/louisebrison","https:\/\/www.instagram.com\/champagnelouisebrison\/"]}]}},"_links":{"self":[{"href":"https:\/\/louise-brison.fr\/it\/wp-json\/wp\/v2\/pages\/1313","targetHints":{"allow":["GET"]}}],"collection":[{"href":"https:\/\/louise-brison.fr\/it\/wp-json\/wp\/v2\/pages"}],"about":[{"href":"https:\/\/louise-brison.fr\/it\/wp-json\/wp\/v2\/types\/page"}],"author":[{"embeddable":true,"href":"https:\/\/louise-brison.fr\/it\/wp-json\/wp\/v2\/users\/2"}],"replies":[{"embeddable":true,"href":"https:\/\/louise-brison.fr\/it\/wp-json\/wp\/v2\/comments?post=1313"}],"version-history":[{"count":5,"href":"https:\/\/louise-brison.fr\/it\/wp-json\/wp\/v2\/pages\/1313\/revisions"}],"predecessor-version":[{"id":2643,"href":"https:\/\/louise-brison.fr\/it\/wp-json\/wp\/v2\/pages\/1313\/revisions\/2643"}],"wp:attachment":[{"href":"https:\/\/louise-brison.fr\/it\/wp-json\/wp\/v2\/media?parent=1313"}],"curies":[{"name":"wp","href":"https:\/\/api.w.org\/{rel}","templated":true}]}}