{"id":1309,"date":"2020-07-07T11:12:55","date_gmt":"2020-07-07T09:12:55","guid":{"rendered":"https:\/\/louise-brison.fr\/champagnes-millesimes-de-legende-1997-a-2008\/"},"modified":"2024-02-29T15:12:52","modified_gmt":"2024-02-29T14:12:52","slug":"champagnes-millesimes-de-legende-1997-a-2008","status":"publish","type":"page","link":"https:\/\/louise-brison.fr\/it\/champagnes-millesimes-de-legende-1997-a-2008\/","title":{"rendered":"Champagnes Mill\u00e9simes"},"content":{"rendered":"<h4>LEGENDE dal 1997 al 2008: CHAMPAGNES DA GASTRONOMIA, MILLESIMATI E AUTENTICI<\/h4>\n<p><strong>Troverete nell\u2019enoteca Louise Brison, tesori del tempo che poche case hanno\u2026<br \/>\nQueste annate sono champagne gourmet di squisita rarit\u00e0, che potrete gustare con i vostri piatti preferiti.<\/strong><\/p>\n<p><em><img fetchpriority=\"high\" decoding=\"async\" class=\"alignright wp-image-114\" src=\"https:\/\/louise-brison.fr\/wp-content\/uploads\/2020\/07\/IMG_5087-resize-300x200.jpg\" alt=\"Mill\u00e9simes de L\u00e9gende\" width=\"528\" height=\"352\" srcset=\"https:\/\/louise-brison.fr\/wp-content\/uploads\/2020\/07\/IMG_5087-resize-300x200.jpg 300w, https:\/\/louise-brison.fr\/wp-content\/uploads\/2020\/07\/IMG_5087-resize-450x300.jpg 450w, https:\/\/louise-brison.fr\/wp-content\/uploads\/2020\/07\/IMG_5087-resize-600x400.jpg 600w, https:\/\/louise-brison.fr\/wp-content\/uploads\/2020\/07\/IMG_5087-resize-1024x682.jpg 1024w, https:\/\/louise-brison.fr\/wp-content\/uploads\/2020\/07\/IMG_5087-resize-768x512.jpg 768w, https:\/\/louise-brison.fr\/wp-content\/uploads\/2020\/07\/IMG_5087-resize-1536x1024.jpg 1536w, https:\/\/louise-brison.fr\/wp-content\/uploads\/2020\/07\/IMG_5087-resize.jpg 2000w\" sizes=\"(max-width: 600px) 100vw, 528px\" \/><\/em><\/p>\n<p>I nostri Champagne Legende sono nascosti e conservati per cos\u00ec tanti anni per essere rivelati quando sar\u00e0 il momento!<\/p>\n<p>Una vasta selezione di Champagne Vintage dal 1997 al 2008 \u00e8 disponibile in 2 qualit\u00e0; Blanc de Blancs e Blend di Chardonnay e Pinot-Noir.<\/p>\n<p>Sviluppati con tutto l\u2019amore necessario, ti offrono il meglio dello Champagne\u2026 Felicit\u00e0 e nient\u2019altro!<\/p>\n<p>Non c\u2019\u00e8 dubbio che apprezzerai la loro complessit\u00e0, la loro eleganza e la finezza degli aromi terziari, di miele, tartufo e cuoio fresco\u2026<\/p>\n<p><strong>Ce n\u2019\u00e8 per tutti i gusti \u2026 che ti piaccia la storia, la complessit\u00e0, o solo il lato festivo!<\/strong><\/p>\n\n\n<div class=\"wp-block-themepunch-revslider revslider\" data-modal=\"false\" data-slidertitle=\"haute couture\" style=\"\">\n\t\t\t\t<p class=\"rs-p-wp-fix\"><\/p>\n\t\t\t\t<sr7-module data-alias=\"haute-couture\" data-id=\"4\" id=\"SR7_4_1\" class=\"rs-ov-hidden\" data-version=\"6.7.41\">\n\t\t\t\t\t<sr7-adjuster><\/sr7-adjuster>\n\t\t\t\t\t<sr7-content>\n\t\t\t\t\t\t<sr7-slide id=\"SR7_4_1-10\" data-key=\"10\">\n\t\t\t\t\t\t\t<sr7-txt id=\"SR7_4_1-10-1\" class=\"sr7-layer\">Champagne mill\u00e9sime 1997<br \/>\n<br \/>\nM\u00e9moire de la C\u00f4te des Bar<br \/>\n<br \/>\nRondeur et maturit\u00e9, osez l\u2019association avec des viandes en sauce champignons. Disponible en bouteille et magnum pour l\u2019assemblage  (A l'Aube)et en bouteille pour le blanc de blancs.<\/sr7-txt>\n\t\t\t\t\t\t<\/sr7-slide>\n\t\t\t\t\t\t<sr7-slide id=\"SR7_4_1-11\" data-key=\"11\">\n\t\t\t\t\t\t\t<sr7-txt id=\"SR7_4_1-11-1\" class=\"sr7-layer\">Champagne mill\u00e9sime 1998<br \/>\n<br \/>\nM\u00e9moire de la C\u00f4te des Bar<br \/>\n<br \/>\nGrand potentiel et Belle maturit\u00e9\u2026 Grande ann\u00e9e ! Disponible en magnum pour l\u2019assemblage (A l'Aube) et en bouteille pour le blanc de blancs.<\/sr7-txt>\n\t\t\t\t\t\t<\/sr7-slide>\n\t\t\t\t\t\t<sr7-slide id=\"SR7_4_1-12\" data-key=\"12\">\n\t\t\t\t\t\t\t<sr7-txt id=\"SR7_4_1-12-1\" class=\"sr7-layer\">Champagne mill\u00e9sime 1999<br \/>\n<br \/>\nM\u00e9moire de la C\u00f4te des Bar<br \/>\n<br \/>\nDe l\u2019expression, du caract\u00e8re, de la gourmandise, un mill\u00e9sime vineux mais \u00e9l\u00e9gant. Disponible en bouteille et magnum pour l\u2019assemblage (A l'Aube) et en bouteille en blanc de blancs.<br \/>\n<br \/>\n93\/100 Wine Advocate Robert Parker (Ao\u00fbt 2018)<\/sr7-txt>\n\t\t\t\t\t\t<\/sr7-slide>\n\t\t\t\t\t\t<sr7-slide id=\"SR7_4_1-13\" data-key=\"13\">\n\t\t\t\t\t\t\t<sr7-txt id=\"SR7_4_1-13-1\" class=\"sr7-layer\">Champagne mill\u00e9sime 2000<br \/>\n<br \/>\nM\u00e9moire de la C\u00f4te des Bar<br \/>\n<br \/>\nCe 2000 pr\u00e9sente une bulle fine, vous appr\u00e9cierez son attaque ample et sa finale longue et aromatique !<br \/>\nDisponible en bouteille et magnum en assemblage (A l'Aube) et en bouteille pour le blanc de blancs.<br \/>\n<br \/>\n89+\/100 Wine Advocate Robert Parker (Ao\u00fbt 2018)<\/sr7-txt>\n\t\t\t\t\t\t<\/sr7-slide>\n\t\t\t\t\t\t<sr7-slide id=\"SR7_4_1-14\" data-key=\"14\">\n\t\t\t\t\t\t\t<a id=\"SR7_4_1-14-1\" class=\"sr7-layer\" href=\"https:\/\/louise-brison.fr\/categorie-produit\/millesime\/2001\/\" target=\"_self\">Champagne mill\u00e9sime 2001<br \/>\n<br \/>\nM\u00e9moire de la C\u00f4te des Bar<br \/>\n<br \/>\nBelle dynamique avec une maturit\u00e9 ponctu\u00e9e de fra\u00eecheur\u2026<br \/>\nDisponible en bouteille et magnum pour l\u2019assemblage (A l'Aube) et en bouteille pour le blanc de blancs.<\/a>\n\t\t\t\t\t\t<\/sr7-slide>\n\t\t\t\t\t\t<sr7-slide id=\"SR7_4_1-15\" data-key=\"15\">\n\t\t\t\t\t\t\t<sr7-txt id=\"SR7_4_1-15-1\" class=\"sr7-layer\">Champagne mill\u00e9sime 2002<br \/>\n<br \/>\nM\u00e9moire de la C\u00f4te des Bar<br \/>\n<br \/>\nD\u2019une extr\u00eame \u00e9l\u00e9gance, ce 2002 a tout pour lui : Corps, profondeur, complexit\u00e9, \u00e9quilibre.<br \/>\nUn champagne d\u2019exception, non loin de la perfection ! Disponible uniquement en bouteille pour l\u2019assemblage (A l'Aube) et le blanc de blancs.<br \/>\n<br \/>\n96\/100 Wine Advocate Rober Parker (ao\u00fbt 2018).<\/sr7-txt>\n\t\t\t\t\t\t<\/sr7-slide>\n\t\t\t\t\t\t<sr7-slide id=\"SR7_4_1-16\" data-key=\"16\">\n\t\t\t\t\t\t\t<a id=\"SR7_4_1-16-1\" class=\"sr7-layer\" href=\"https:\/\/louise-brison.fr\/categorie-produit\/millesime\/2003\/\" target=\"_self\">Champagne  mill\u00e9sime 2003<br \/>\n<br \/>\nM\u00e9moire de la C\u00f4te des Bar<br \/>\n<br \/>\nMaturit\u00e9 aromatique, g\u00e9n\u00e9rosit\u00e9 et plaisirs intenses !<br \/>\nDisponible uniquement en bouteille pour l\u2019assemblage (A l'Aube) et le blanc de blancs.<\/a>\n\t\t\t\t\t\t<\/sr7-slide>\n\t\t\t\t\t\t<sr7-slide id=\"SR7_4_1-17\" data-key=\"17\">\n\t\t\t\t\t\t\t<sr7-txt id=\"SR7_4_1-17-1\" class=\"sr7-layer\">Champagne mill\u00e9sime 2004<br \/>\n<br \/>\nM\u00e9moire de la C\u00f4te des Bar<br \/>\n<br \/>\nMin\u00e9ral et fin tout simplement, de l\u2019\u00e9l\u00e9gance en verre !<br \/>\nDisponible en bouteille et magnum pour l\u2019assemblage (A l'Aube) et en bouteille pour le banc de blancs.<br \/>\n<br \/>\n92 points - WineEnthusiast (Nov.20)<br \/>\n<\/sr7-txt>\n\t\t\t\t\t\t<\/sr7-slide>\n\t\t\t\t\t\t<sr7-slide id=\"SR7_4_1-18\" data-key=\"18\">\n\t\t\t\t\t\t\t<sr7-txt id=\"SR7_4_1-18-1\" class=\"sr7-layer\">Champagne mill\u00e9sime 2005<br \/>\n<br \/>\nM\u00e9moire de la C\u00f4te des Bar<br \/>\n<br \/>\nExpression m\u00fbre et g\u00e9n\u00e9reuse, belle rondeur avec un \u00e9quilibre pr\u00e9serv\u00e9. Sa mati\u00e8re gourmande procure un plaisir imm\u00e9diat !<br \/>\nDisponible en bouteille et magnum pour l\u2019assemblage (A l'Aube) et en bouteille pour le blanc de blancs.<br \/>\n<br \/>\n93\/100 \u2013 Wine Advocate Robert Parker \/ Nov. 2017 <br \/>\n92\/100 \u2013 Winart \/ Sept. 2019 <\/sr7-txt>\n\t\t\t\t\t\t<\/sr7-slide>\n\t\t\t\t\t\t<sr7-slide id=\"SR7_4_1-9\" data-key=\"9\">\n\t\t\t\t\t\t\t<sr7-txt id=\"SR7_4_1-9-1\" class=\"sr7-layer\">Champagne  mill\u00e9sime 2006<br \/>\n<br \/>\nM\u00e9moire de la C\u00f4te des Bar<br \/>\n<br \/>\nTr\u00e8s beau mill\u00e9sime, finesse et \u00e9quilibre. Fra\u00eecheur et complexit\u00e9 pour accompagner tous vos moments sublimes. Disponible uniquement en magnum.<\/sr7-txt>\n\t\t\t\t\t\t<\/sr7-slide>\n\t\t\t\t\t\t<sr7-slide id=\"SR7_4_1-19\" data-key=\"19\">\n\t\t\t\t\t\t\t<sr7-txt id=\"SR7_4_1-19-1\" class=\"sr7-layer\">Champagne brut L\u00e9gende mill\u00e9sime 2007<br \/>\n<br \/>\nFra\u00eecheur agrume confit et maturit\u00e9 pour sublimer l'instant. Disponible en assemblage en bouteille et magnum et en blanc de blancs.<\/sr7-txt>\n\t\t\t\t\t\t<\/sr7-slide>\n\t\t\t\t\t\t<sr7-slide id=\"SR7_4_1-8\" data-key=\"8\">\n\t\t\t\t\t\t\t<sr7-txt id=\"SR7_4_1-8-1\" class=\"sr7-layer\">Champagne brut L\u00e9gende mill\u00e9sime 2008<br \/>\n<br \/>\nSa complexit\u00e9 est remarquable. Disponible en bouteille pour l\u2019assemblage et le blanc de blancs.<br \/>\n<br \/>\nA d\u00e9guster lors d\u2019un repas<\/sr7-txt>\n\t\t\t\t\t\t<\/sr7-slide>\n\t\t\t\t\t\t<sr7-slide id=\"SR7_4_1-60\" data-key=\"60\">\n\t\t\t\t\t\t<\/sr7-slide>\n\t\t\t\t\t<\/sr7-content>\n\t\t\t\t\t<image_lists style=\"display:none\">\n\t\t\t\t\t\t<img data-src=\"\/\/louise-brison.fr\/wp-content\/uploads\/2020\/12\/champagne_millesime_2008_louise_brison_legende_gastronomique.gif\" data-libid=\"1079\" data-lib=\"medialibrary\" title=\"champagne_millesime_2008_louise_brison_legende_gastronomique\" width=\"0\" height=\"0\" data-dbsrc=\"Ly9sb3Vpc2UtYnJpc29uLmZyL3dwLWNvbnRlbnQvdXBsb2Fkcy8yMDIwLzEyL2NoYW1wYWduZV9taWxsZXNpbWVfMjAwOF9sb3Vpc2VfYnJpc29uX2xlZ2VuZGVfZ2FzdHJvbm9taXF1ZS5naWY=\"\/>\n\t\t\t\t\t\t<img data-src=\"\/\/louise-brison.fr\/wp-content\/uploads\/2020\/12\/champagne_millesime_2006-louise_brison_legende_gastronomie.gif\" data-libid=\"1082\" data-lib=\"medialibrary\" title=\"champagne_millesime_2006-louise_brison_legende_gastronomie\" width=\"0\" height=\"0\" data-dbsrc=\"Ly9sb3Vpc2UtYnJpc29uLmZyL3dwLWNvbnRlbnQvdXBsb2Fkcy8yMDIwLzEyL2NoYW1wYWduZV9taWxsZXNpbWVfMjAwNi1sb3Vpc2VfYnJpc29uX2xlZ2VuZGVfZ2FzdHJvbm9taWUuZ2lm\"\/>\n\t\t\t\t\t\t<img loading=\"lazy\" data-src=\"\/\/louise-brison.fr\/wp-content\/uploads\/2020\/12\/champagne_millesime_1997-louise_brison_legende_gastronomie.jpg\" data-libid=\"1094\" data-lib=\"medialibrary\" title=\"champagne_millesime_1997-louise_brison_legende_gastronomie\" width=\"0\" height=\"0\" data-dbsrc=\"Ly9sb3Vpc2UtYnJpc29uLmZyL3dwLWNvbnRlbnQvdXBsb2Fkcy8yMDIwLzEyL2NoYW1wYWduZV9taWxsZXNpbWVfMTk5Ny1sb3Vpc2VfYnJpc29uX2xlZ2VuZGVfZ2FzdHJvbm9taWUuanBn\"\/>\n\t\t\t\t\t\t<img loading=\"lazy\" data-src=\"\/\/louise-brison.fr\/wp-content\/uploads\/2024\/11\/memoire-dela-cote-des-bar-1998-champagne-louise-brison-millesime.jpg\" data-libid=\"3456\" data-lib=\"medialibrary\" title=\"memoire-dela-cote-des-bar_1998-champagne_louise_brison-millesime\" width=\"0\" height=\"0\" data-dbsrc=\"Ly9sb3Vpc2UtYnJpc29uLmZyL3dwLWNvbnRlbnQvdXBsb2Fkcy8yMDI0LzExL21lbW9pcmUtZGVsYS1jb3RlLWRlcy1iYXItMTk5OC1jaGFtcGFnbmUtbG91aXNlLWJyaXNvbi1taWxsZXNpbWUuanBn\"\/>\n\t\t\t\t\t\t<img loading=\"lazy\" data-src=\"\/\/louise-brison.fr\/wp-content\/uploads\/2024\/11\/champagne-gastronomie-memoire-de-la-cote-des-bar-millesime-1999-louise-brison.jpg\" data-libid=\"3459\" data-lib=\"medialibrary\" title=\"champagne_gastronomie_memoire-de-la-cote-des-bar_millesime_1999-louise-brison\" width=\"0\" height=\"0\" data-dbsrc=\"Ly9sb3Vpc2UtYnJpc29uLmZyL3dwLWNvbnRlbnQvdXBsb2Fkcy8yMDI0LzExL2NoYW1wYWduZS1nYXN0cm9ub21pZS1tZW1vaXJlLWRlLWxhLWNvdGUtZGVzLWJhci1taWxsZXNpbWUtMTk5OS1sb3Vpc2UtYnJpc29uLmpwZw==\"\/>\n\t\t\t\t\t\t<img loading=\"lazy\" data-src=\"\/\/louise-brison.fr\/wp-content\/uploads\/2020\/07\/legende-2000-champagne_loui.jpg\" data-libid=\"191\" data-lib=\"medialibrary\" alt=\"champagne de gastronomie 2000\" title=\"legende-2000-champagne_loui\" width=\"0\" height=\"0\" data-dbsrc=\"Ly9sb3Vpc2UtYnJpc29uLmZyL3dwLWNvbnRlbnQvdXBsb2Fkcy8yMDIwLzA3L2xlZ2VuZGUtMjAwMC1jaGFtcGFnbmVfbG91aS5qcGc=\"\/>\n\t\t\t\t\t\t<img loading=\"lazy\" data-src=\"\/\/louise-brison.fr\/wp-content\/uploads\/2024\/11\/champagne-memoire-de-lacote-des-bar-millesime-2001-champagne-gastronomie-louise-brison.jpg\" data-libid=\"3465\" data-lib=\"medialibrary\" title=\"champagne-memoire-de-lacote_des_bar-millesime-2001-champagne_gastronomie-louise-brison\" width=\"0\" height=\"0\" data-dbsrc=\"Ly9sb3Vpc2UtYnJpc29uLmZyL3dwLWNvbnRlbnQvdXBsb2Fkcy8yMDI0LzExL2NoYW1wYWduZS1tZW1vaXJlLWRlLWxhY290ZS1kZXMtYmFyLW1pbGxlc2ltZS0yMDAxLWNoYW1wYWduZS1nYXN0cm9ub21pZS1sb3Vpc2UtYnJpc29uLmpwZw==\"\/>\n\t\t\t\t\t\t<img loading=\"lazy\" data-src=\"\/\/louise-brison.fr\/wp-content\/uploads\/2020\/12\/champagne_millesime_2002-legende-louise_brison_gastronomie.gif\" data-libid=\"1085\" data-lib=\"medialibrary\" title=\"champagne_millesime_2002-legende-louise_brison_gastronomie\" width=\"0\" height=\"0\" data-dbsrc=\"Ly9sb3Vpc2UtYnJpc29uLmZyL3dwLWNvbnRlbnQvdXBsb2Fkcy8yMDIwLzEyL2NoYW1wYWduZV9taWxsZXNpbWVfMjAwMi1sZWdlbmRlLWxvdWlzZV9icmlzb25fZ2FzdHJvbm9taWUuZ2lm\"\/>\n\t\t\t\t\t\t<img loading=\"lazy\" data-src=\"\/\/louise-brison.fr\/wp-content\/uploads\/2024\/11\/champagne-louise-brison-2003-gastronomie-millesime-memoire-de-la-cote-des-bar.jpg\" data-libid=\"3462\" data-lib=\"medialibrary\" title=\"champagne_louise_brison_2003-gastronomie-millesime_memoire_de_la_cote_des_bar-\" width=\"0\" height=\"0\" data-dbsrc=\"Ly9sb3Vpc2UtYnJpc29uLmZyL3dwLWNvbnRlbnQvdXBsb2Fkcy8yMDI0LzExL2NoYW1wYWduZS1sb3Vpc2UtYnJpc29uLTIwMDMtZ2FzdHJvbm9taWUtbWlsbGVzaW1lLW1lbW9pcmUtZGUtbGEtY290ZS1kZXMtYmFyLmpwZw==\"\/>\n\t\t\t\t\t\t<img loading=\"lazy\" data-src=\"\/\/louise-brison.fr\/wp-content\/uploads\/2020\/07\/2004-champagne_louise_briso.jpg\" data-libid=\"192\" data-lib=\"medialibrary\" alt=\"champagne de gastronomie 2004\" title=\"2004-champagne_louise_briso\" width=\"0\" height=\"0\" data-dbsrc=\"Ly9sb3Vpc2UtYnJpc29uLmZyL3dwLWNvbnRlbnQvdXBsb2Fkcy8yMDIwLzA3LzIwMDQtY2hhbXBhZ25lX2xvdWlzZV9icmlzby5qcGc=\"\/>\n\t\t\t\t\t\t<img loading=\"lazy\" data-src=\"\/\/louise-brison.fr\/wp-content\/uploads\/2025\/12\/champagne-millesime-2005-louise-brison-gastronomique.jpg\" data-libid=\"3659\" data-lib=\"medialibrary\" title=\"champagne_millesime_2005-louise_brison_gastronomique\" width=\"0\" height=\"0\" data-dbsrc=\"Ly9sb3Vpc2UtYnJpc29uLmZyL3dwLWNvbnRlbnQvdXBsb2Fkcy8yMDI1LzEyL2NoYW1wYWduZS1taWxsZXNpbWUtMjAwNS1sb3Vpc2UtYnJpc29uLWdhc3Ryb25vbWlxdWUuanBn\"\/>\n\t\t\t\t\t\t<img loading=\"lazy\" data-src=\"\/\/louise-brison.fr\/wp-content\/uploads\/2020\/12\/champagne_millesime_2007-louise_brison-legende-gastronomique.gif\" data-libid=\"1091\" data-lib=\"medialibrary\" title=\"champagne_millesime_2007-louise_brison-legende-gastronomique\" width=\"0\" height=\"0\" data-dbsrc=\"Ly9sb3Vpc2UtYnJpc29uLmZyL3dwLWNvbnRlbnQvdXBsb2Fkcy8yMDIwLzEyL2NoYW1wYWduZV9taWxsZXNpbWVfMjAwNy1sb3Vpc2VfYnJpc29uLWxlZ2VuZGUtZ2FzdHJvbm9taXF1ZS5naWY=\"\/>\n\t\t\t\t\t<\/image_lists>\n\t\t\t\t<\/sr7-module>\n\t\t\t\t<script>\n\t\t\t\t\tSR7.PMH ??={}; SR7.PMH[\"SR7_4_1\"] = {cn:100,state:false,fn: function() { if (_tpt!==undefined && _tpt.prepareModuleHeight !== undefined) {  _tpt.prepareModuleHeight({id:\"SR7_4_1\",el:[450,450,450,450,720],type:'standard',shdw:'0',gh:[450,450,450,450,720],gw:[1240,1240,1240,1240,480],vpt:['-200px&#039;,&#039;-200px&#039;,&#039;-200px&#039;,&#039;-200px&#039;,&#039;-200px'],size:{fullWidth:true, fullHeight:false},mh:'0',onh:0,onw:0,bg:{color:'{\"orig\":\"transparent\",\"type\":\"solid\",\"string\":\"transparent\"}'},googleFont:\"ignore\",plType:'3',plColor:'#FFFFFF'});   SR7.PMH[\"SR7_4_1\"].state=true;} else if(SR7.PMH[\"SR7_4_1\"].cn-->0)\tsetTimeout( SR7.PMH[\"SR7_4_1\"].fn,19);}};SR7.PMH[\"SR7_4_1\" ].fn();\n\t\t\t\t<\/script>\n<\/div>\n\n\n\n<div class=\"wp-block-buttons is-content-justification-center is-layout-flex wp-container-core-buttons-is-layout-16018d1d wp-block-buttons-is-layout-flex\">\n<div class=\"wp-block-button\"><a class=\"wp-block-button__link wp-element-button\" href=\"\/it\/boutique\/\">Andare al negozio<\/a><\/div>\n<\/div>\n\n\n\n<div style=\"height:40px\" aria-hidden=\"true\" class=\"wp-block-spacer\"><\/div>\n","protected":false},"excerpt":{"rendered":"<p>LEGENDE dal 1997 al 2008: CHAMPAGNES DA GASTRONOMIA, MILLESIMATI E AUTENTICI Troverete nell\u2019enoteca Louise Brison, tesori del tempo che poche case hanno\u2026 Queste annate sono champagne gourmet di squisita rarit\u00e0,&hellip;<\/p>\n","protected":false},"author":2,"featured_media":0,"parent":0,"menu_order":0,"comment_status":"closed","ping_status":"closed","template":"","meta":{"footnotes":""},"class_list":["post-1309","page","type-page","status-publish","hentry"],"yoast_head":"<!-- This site is optimized with the Yoast SEO plugin v26.9 - https:\/\/yoast.com\/product\/yoast-seo-wordpress\/ -->\n<title>Champagnes Mill\u00e9simes &#8211; Louise Brison<\/title>\n<meta name=\"description\" content=\"Champagnes d&#039;exception. La gamme L\u00e9gende vous offre une grande s\u00e9lection de mill\u00e9simes de 1997 \u00e0 2008, In\u00e9puisable source d&#039;inspiration !\" \/>\n<meta name=\"robots\" content=\"index, follow, max-snippet:-1, max-image-preview:large, max-video-preview:-1\" \/>\n<link rel=\"canonical\" href=\"https:\/\/louise-brison.fr\/it\/champagnes-millesimes-de-legende-1997-a-2008\/\" \/>\n<meta property=\"og:locale\" content=\"it_IT\" \/>\n<meta property=\"og:type\" content=\"article\" \/>\n<meta property=\"og:title\" content=\"Champagnes Mill\u00e9simes &#8211; Louise Brison\" \/>\n<meta property=\"og:description\" content=\"Champagnes d&#039;exception. La gamme L\u00e9gende vous offre une grande s\u00e9lection de mill\u00e9simes de 1997 \u00e0 2008, In\u00e9puisable source d&#039;inspiration !\" \/>\n<meta property=\"og:url\" content=\"https:\/\/louise-brison.fr\/it\/champagnes-millesimes-de-legende-1997-a-2008\/\" \/>\n<meta property=\"og:site_name\" content=\"Louise Brison\" \/>\n<meta property=\"article:publisher\" content=\"https:\/\/www.facebook.com\/champagne.louisebrison\/\" \/>\n<meta property=\"article:modified_time\" content=\"2024-02-29T14:12:52+00:00\" \/>\n<meta property=\"og:image\" content=\"https:\/\/louise-brison.fr\/wp-content\/uploads\/2020\/07\/IMG_5087-resize-300x200.jpg\" \/>\n<meta name=\"twitter:card\" content=\"summary_large_image\" \/>\n<meta name=\"twitter:site\" content=\"@louisebrison\" \/>\n<meta name=\"twitter:label1\" content=\"Tempo di lettura stimato\" \/>\n\t<meta name=\"twitter:data1\" content=\"1 minuto\" \/>\n<script type=\"application\/ld+json\" class=\"yoast-schema-graph\">{\"@context\":\"https:\/\/schema.org\",\"@graph\":[{\"@type\":\"WebPage\",\"@id\":\"https:\/\/louise-brison.fr\/it\/champagnes-millesimes-de-legende-1997-a-2008\/\",\"url\":\"https:\/\/louise-brison.fr\/it\/champagnes-millesimes-de-legende-1997-a-2008\/\",\"name\":\"Champagnes Mill\u00e9simes &#8211; Louise Brison\",\"isPartOf\":{\"@id\":\"https:\/\/louise-brison.fr\/it\/#website\"},\"primaryImageOfPage\":{\"@id\":\"https:\/\/louise-brison.fr\/it\/champagnes-millesimes-de-legende-1997-a-2008\/#primaryimage\"},\"image\":{\"@id\":\"https:\/\/louise-brison.fr\/it\/champagnes-millesimes-de-legende-1997-a-2008\/#primaryimage\"},\"thumbnailUrl\":\"https:\/\/louise-brison.fr\/wp-content\/uploads\/2020\/07\/IMG_5087-resize-300x200.jpg\",\"datePublished\":\"2020-07-07T09:12:55+00:00\",\"dateModified\":\"2024-02-29T14:12:52+00:00\",\"description\":\"Champagnes d'exception. La gamme L\u00e9gende vous offre une grande s\u00e9lection de mill\u00e9simes de 1997 \u00e0 2008, In\u00e9puisable source d'inspiration !\",\"breadcrumb\":{\"@id\":\"https:\/\/louise-brison.fr\/it\/champagnes-millesimes-de-legende-1997-a-2008\/#breadcrumb\"},\"inLanguage\":\"it-IT\",\"potentialAction\":[{\"@type\":\"ReadAction\",\"target\":[\"https:\/\/louise-brison.fr\/it\/champagnes-millesimes-de-legende-1997-a-2008\/\"]}]},{\"@type\":\"ImageObject\",\"inLanguage\":\"it-IT\",\"@id\":\"https:\/\/louise-brison.fr\/it\/champagnes-millesimes-de-legende-1997-a-2008\/#primaryimage\",\"url\":\"https:\/\/louise-brison.fr\/wp-content\/uploads\/2020\/07\/IMG_5087-resize-300x200.jpg\",\"contentUrl\":\"https:\/\/louise-brison.fr\/wp-content\/uploads\/2020\/07\/IMG_5087-resize-300x200.jpg\"},{\"@type\":\"BreadcrumbList\",\"@id\":\"https:\/\/louise-brison.fr\/it\/champagnes-millesimes-de-legende-1997-a-2008\/#breadcrumb\",\"itemListElement\":[{\"@type\":\"ListItem\",\"position\":1,\"name\":\"Accoglienza\",\"item\":\"https:\/\/louise-brison.fr\/it\/\"},{\"@type\":\"ListItem\",\"position\":2,\"name\":\"Champagnes Mill\u00e9simes\"}]},{\"@type\":\"WebSite\",\"@id\":\"https:\/\/louise-brison.fr\/it\/#website\",\"url\":\"https:\/\/louise-brison.fr\/it\/\",\"name\":\"Louise Brison\",\"description\":\"Champagne Louise Brison\",\"publisher\":{\"@id\":\"https:\/\/louise-brison.fr\/it\/#organization\"},\"potentialAction\":[{\"@type\":\"SearchAction\",\"target\":{\"@type\":\"EntryPoint\",\"urlTemplate\":\"https:\/\/louise-brison.fr\/it\/?s={search_term_string}\"},\"query-input\":{\"@type\":\"PropertyValueSpecification\",\"valueRequired\":true,\"valueName\":\"search_term_string\"}}],\"inLanguage\":\"it-IT\"},{\"@type\":\"Organization\",\"@id\":\"https:\/\/louise-brison.fr\/it\/#organization\",\"name\":\"Louise Brison\",\"url\":\"https:\/\/louise-brison.fr\/it\/\",\"logo\":{\"@type\":\"ImageObject\",\"inLanguage\":\"it-IT\",\"@id\":\"https:\/\/louise-brison.fr\/it\/#\/schema\/logo\/image\/\",\"url\":\"https:\/\/louise-brison.fr\/wp-content\/uploads\/2024\/03\/logo-champagne-louise-brison-2.png\",\"contentUrl\":\"https:\/\/louise-brison.fr\/wp-content\/uploads\/2024\/03\/logo-champagne-louise-brison-2.png\",\"width\":512,\"height\":512,\"caption\":\"Louise Brison\"},\"image\":{\"@id\":\"https:\/\/louise-brison.fr\/it\/#\/schema\/logo\/image\/\"},\"sameAs\":[\"https:\/\/www.facebook.com\/champagne.louisebrison\/\",\"https:\/\/x.com\/louisebrison\",\"https:\/\/www.instagram.com\/champagnelouisebrison\/\"]}]}<\/script>\n<!-- \/ Yoast SEO plugin. -->","yoast_head_json":{"title":"Champagnes Mill\u00e9simes &#8211; Louise Brison","description":"Champagnes d'exception. La gamme L\u00e9gende vous offre une grande s\u00e9lection de mill\u00e9simes de 1997 \u00e0 2008, In\u00e9puisable source d'inspiration !","robots":{"index":"index","follow":"follow","max-snippet":"max-snippet:-1","max-image-preview":"max-image-preview:large","max-video-preview":"max-video-preview:-1"},"canonical":"https:\/\/louise-brison.fr\/it\/champagnes-millesimes-de-legende-1997-a-2008\/","og_locale":"it_IT","og_type":"article","og_title":"Champagnes Mill\u00e9simes &#8211; Louise Brison","og_description":"Champagnes d'exception. La gamme L\u00e9gende vous offre une grande s\u00e9lection de mill\u00e9simes de 1997 \u00e0 2008, In\u00e9puisable source d'inspiration !","og_url":"https:\/\/louise-brison.fr\/it\/champagnes-millesimes-de-legende-1997-a-2008\/","og_site_name":"Louise Brison","article_publisher":"https:\/\/www.facebook.com\/champagne.louisebrison\/","article_modified_time":"2024-02-29T14:12:52+00:00","og_image":[{"url":"https:\/\/louise-brison.fr\/wp-content\/uploads\/2020\/07\/IMG_5087-resize-300x200.jpg","type":"","width":"","height":""}],"twitter_card":"summary_large_image","twitter_site":"@louisebrison","twitter_misc":{"Tempo di lettura stimato":"1 minuto"},"schema":{"@context":"https:\/\/schema.org","@graph":[{"@type":"WebPage","@id":"https:\/\/louise-brison.fr\/it\/champagnes-millesimes-de-legende-1997-a-2008\/","url":"https:\/\/louise-brison.fr\/it\/champagnes-millesimes-de-legende-1997-a-2008\/","name":"Champagnes Mill\u00e9simes &#8211; Louise Brison","isPartOf":{"@id":"https:\/\/louise-brison.fr\/it\/#website"},"primaryImageOfPage":{"@id":"https:\/\/louise-brison.fr\/it\/champagnes-millesimes-de-legende-1997-a-2008\/#primaryimage"},"image":{"@id":"https:\/\/louise-brison.fr\/it\/champagnes-millesimes-de-legende-1997-a-2008\/#primaryimage"},"thumbnailUrl":"https:\/\/louise-brison.fr\/wp-content\/uploads\/2020\/07\/IMG_5087-resize-300x200.jpg","datePublished":"2020-07-07T09:12:55+00:00","dateModified":"2024-02-29T14:12:52+00:00","description":"Champagnes d'exception. La gamme L\u00e9gende vous offre une grande s\u00e9lection de mill\u00e9simes de 1997 \u00e0 2008, In\u00e9puisable source d'inspiration !","breadcrumb":{"@id":"https:\/\/louise-brison.fr\/it\/champagnes-millesimes-de-legende-1997-a-2008\/#breadcrumb"},"inLanguage":"it-IT","potentialAction":[{"@type":"ReadAction","target":["https:\/\/louise-brison.fr\/it\/champagnes-millesimes-de-legende-1997-a-2008\/"]}]},{"@type":"ImageObject","inLanguage":"it-IT","@id":"https:\/\/louise-brison.fr\/it\/champagnes-millesimes-de-legende-1997-a-2008\/#primaryimage","url":"https:\/\/louise-brison.fr\/wp-content\/uploads\/2020\/07\/IMG_5087-resize-300x200.jpg","contentUrl":"https:\/\/louise-brison.fr\/wp-content\/uploads\/2020\/07\/IMG_5087-resize-300x200.jpg"},{"@type":"BreadcrumbList","@id":"https:\/\/louise-brison.fr\/it\/champagnes-millesimes-de-legende-1997-a-2008\/#breadcrumb","itemListElement":[{"@type":"ListItem","position":1,"name":"Accoglienza","item":"https:\/\/louise-brison.fr\/it\/"},{"@type":"ListItem","position":2,"name":"Champagnes Mill\u00e9simes"}]},{"@type":"WebSite","@id":"https:\/\/louise-brison.fr\/it\/#website","url":"https:\/\/louise-brison.fr\/it\/","name":"Louise Brison","description":"Champagne Louise Brison","publisher":{"@id":"https:\/\/louise-brison.fr\/it\/#organization"},"potentialAction":[{"@type":"SearchAction","target":{"@type":"EntryPoint","urlTemplate":"https:\/\/louise-brison.fr\/it\/?s={search_term_string}"},"query-input":{"@type":"PropertyValueSpecification","valueRequired":true,"valueName":"search_term_string"}}],"inLanguage":"it-IT"},{"@type":"Organization","@id":"https:\/\/louise-brison.fr\/it\/#organization","name":"Louise Brison","url":"https:\/\/louise-brison.fr\/it\/","logo":{"@type":"ImageObject","inLanguage":"it-IT","@id":"https:\/\/louise-brison.fr\/it\/#\/schema\/logo\/image\/","url":"https:\/\/louise-brison.fr\/wp-content\/uploads\/2024\/03\/logo-champagne-louise-brison-2.png","contentUrl":"https:\/\/louise-brison.fr\/wp-content\/uploads\/2024\/03\/logo-champagne-louise-brison-2.png","width":512,"height":512,"caption":"Louise Brison"},"image":{"@id":"https:\/\/louise-brison.fr\/it\/#\/schema\/logo\/image\/"},"sameAs":["https:\/\/www.facebook.com\/champagne.louisebrison\/","https:\/\/x.com\/louisebrison","https:\/\/www.instagram.com\/champagnelouisebrison\/"]}]}},"_links":{"self":[{"href":"https:\/\/louise-brison.fr\/it\/wp-json\/wp\/v2\/pages\/1309","targetHints":{"allow":["GET"]}}],"collection":[{"href":"https:\/\/louise-brison.fr\/it\/wp-json\/wp\/v2\/pages"}],"about":[{"href":"https:\/\/louise-brison.fr\/it\/wp-json\/wp\/v2\/types\/page"}],"author":[{"embeddable":true,"href":"https:\/\/louise-brison.fr\/it\/wp-json\/wp\/v2\/users\/2"}],"replies":[{"embeddable":true,"href":"https:\/\/louise-brison.fr\/it\/wp-json\/wp\/v2\/comments?post=1309"}],"version-history":[{"count":4,"href":"https:\/\/louise-brison.fr\/it\/wp-json\/wp\/v2\/pages\/1309\/revisions"}],"predecessor-version":[{"id":3084,"href":"https:\/\/louise-brison.fr\/it\/wp-json\/wp\/v2\/pages\/1309\/revisions\/3084"}],"wp:attachment":[{"href":"https:\/\/louise-brison.fr\/it\/wp-json\/wp\/v2\/media?parent=1309"}],"curies":[{"name":"wp","href":"https:\/\/api.w.org\/{rel}","templated":true}]}}