{"id":747,"date":"2020-11-25T22:36:34","date_gmt":"2020-11-25T21:36:34","guid":{"rendered":"https:\/\/louise-brison.fr\/?post_type=product&#038;p=747"},"modified":"2025-05-14T14:30:43","modified_gmt":"2025-05-14T12:30:43","slug":"champagne-millesime-2008-a-l-aube-de-la-cote-des-bar","status":"publish","type":"product","link":"https:\/\/louise-brison.fr\/en\/produit\/champagne-millesime-2008-a-l-aube-de-la-cote-des-bar\/","title":{"rendered":"\u00c0 l&#8217;Aube de la C\u00f4te des Bar             Champagne Mill\u00e9sime 2008"},"content":{"rendered":"<p>C&#8217;est exactement cela&#8230; &#8220;La bouche est ronde, une fine note bois\u00e9e int\u00e9gr\u00e9e conforte le niveau de puissance qui s&#8217;\u00e9quilibre avec une fra\u00eecheur intacte, y compris en finale. Un superbe potentiel pour cette cuv\u00e9e.&#8221; Guide Euvrard- Garneir<\/p>\n","protected":false},"excerpt":{"rendered":"<p>C&#8217;est exactement cela&#8230; &#8220;La bouche est ronde, une fine note bois\u00e9e int\u00e9gr\u00e9e conforte le niveau de puissance qui s&#8217;\u00e9quilibre avec une fra\u00eecheur intacte, y compris en finale. Un superbe potentiel&hellip;<\/p>\n","protected":false},"featured_media":2470,"template":"","meta":[],"product_brand":[],"product_cat":[54,38],"product_tag":[],"class_list":{"0":"post-747","1":"product","2":"type-product","3":"status-publish","4":"has-post-thumbnail","6":"product_cat-54","7":"product_cat-memoire-de-la-cote-des-bar","9":"first","10":"outofstock","11":"taxable","12":"shipping-taxable","13":"product-type-simple"},"yoast_head":"<!-- This site is optimized with the Yoast SEO plugin v26.9 - https:\/\/yoast.com\/product\/yoast-seo-wordpress\/ -->\n<title>\u00c0 l&#039;Aube de la C\u00f4te des Bar       Champagne Mill\u00e9sime 2008 &#8211; Louise Brison<\/title>\n<meta name=\"description\" content=\"Ce mill\u00e9sime 2008 de la gamme M\u00e9moire de la C\u00f4te des Bar est un champagne d&#039;exception d&#039;une grande complexit\u00e9. A servir en accompagnement de repas gastronomique\" \/>\n<meta name=\"robots\" content=\"index, follow, max-snippet:-1, max-image-preview:large, max-video-preview:-1\" \/>\n<link rel=\"canonical\" href=\"https:\/\/louise-brison.fr\/en\/produit\/champagne-millesime-2008-a-l-aube-de-la-cote-des-bar\/\" \/>\n<meta property=\"og:locale\" content=\"en_US\" \/>\n<meta property=\"og:type\" content=\"article\" \/>\n<meta property=\"og:title\" content=\"\u00c0 l&#039;Aube de la C\u00f4te des Bar       Champagne Mill\u00e9sime 2008 &#8211; Louise Brison\" \/>\n<meta property=\"og:description\" content=\"Ce mill\u00e9sime 2008 de la gamme M\u00e9moire de la C\u00f4te des Bar est un champagne d&#039;exception d&#039;une grande complexit\u00e9. A servir en accompagnement de repas gastronomique\" \/>\n<meta property=\"og:url\" content=\"https:\/\/louise-brison.fr\/en\/produit\/champagne-millesime-2008-a-l-aube-de-la-cote-des-bar\/\" \/>\n<meta property=\"og:site_name\" content=\"Louise Brison\" \/>\n<meta property=\"article:publisher\" content=\"https:\/\/www.facebook.com\/champagne.louisebrison\/\" \/>\n<meta property=\"article:modified_time\" content=\"2025-05-14T12:30:43+00:00\" \/>\n<meta property=\"og:image\" content=\"https:\/\/louise-brison.fr\/wp-content\/uploads\/2023\/02\/champagne-millesime-2008-a-l-aube-de-la-cote-des-bar-champagne-louise-brison-scaled.jpg\" \/>\n\t<meta property=\"og:image:width\" content=\"681\" \/>\n\t<meta property=\"og:image:height\" content=\"2048\" \/>\n\t<meta property=\"og:image:type\" content=\"image\/jpeg\" \/>\n<meta name=\"twitter:card\" content=\"summary_large_image\" \/>\n<meta name=\"twitter:site\" content=\"@louisebrison\" \/>\n<meta name=\"twitter:label1\" content=\"Est. reading time\" \/>\n\t<meta name=\"twitter:data1\" content=\"1 minute\" \/>\n<script type=\"application\/ld+json\" class=\"yoast-schema-graph\">{\"@context\":\"https:\/\/schema.org\",\"@graph\":[{\"@type\":[\"WebPage\",\"CheckoutPage\"],\"@id\":\"https:\/\/louise-brison.fr\/en\/produit\/champagne-millesime-2008-a-l-aube-de-la-cote-des-bar\/\",\"url\":\"https:\/\/louise-brison.fr\/en\/produit\/champagne-millesime-2008-a-l-aube-de-la-cote-des-bar\/\",\"name\":\"\u00c0 l'Aube de la C\u00f4te des Bar Champagne Mill\u00e9sime 2008 &#8211; Louise Brison\",\"isPartOf\":{\"@id\":\"https:\/\/louise-brison.fr\/en\/#website\"},\"primaryImageOfPage\":{\"@id\":\"https:\/\/louise-brison.fr\/en\/produit\/champagne-millesime-2008-a-l-aube-de-la-cote-des-bar\/#primaryimage\"},\"image\":{\"@id\":\"https:\/\/louise-brison.fr\/en\/produit\/champagne-millesime-2008-a-l-aube-de-la-cote-des-bar\/#primaryimage\"},\"thumbnailUrl\":\"https:\/\/louise-brison.fr\/wp-content\/uploads\/2023\/02\/champagne-millesime-2008-a-l-aube-de-la-cote-des-bar-champagne-louise-brison-scaled.jpg\",\"datePublished\":\"2020-11-25T21:36:34+00:00\",\"dateModified\":\"2025-05-14T12:30:43+00:00\",\"description\":\"Ce mill\u00e9sime 2008 de la gamme M\u00e9moire de la C\u00f4te des Bar est un champagne d'exception d'une grande complexit\u00e9. A servir en accompagnement de repas gastronomique\",\"breadcrumb\":{\"@id\":\"https:\/\/louise-brison.fr\/en\/produit\/champagne-millesime-2008-a-l-aube-de-la-cote-des-bar\/#breadcrumb\"},\"inLanguage\":\"en-US\",\"potentialAction\":[{\"@type\":\"ReadAction\",\"target\":[\"https:\/\/louise-brison.fr\/en\/produit\/champagne-millesime-2008-a-l-aube-de-la-cote-des-bar\/\"]}]},{\"@type\":\"ImageObject\",\"inLanguage\":\"en-US\",\"@id\":\"https:\/\/louise-brison.fr\/en\/produit\/champagne-millesime-2008-a-l-aube-de-la-cote-des-bar\/#primaryimage\",\"url\":\"https:\/\/louise-brison.fr\/wp-content\/uploads\/2023\/02\/champagne-millesime-2008-a-l-aube-de-la-cote-des-bar-champagne-louise-brison-scaled.jpg\",\"contentUrl\":\"https:\/\/louise-brison.fr\/wp-content\/uploads\/2023\/02\/champagne-millesime-2008-a-l-aube-de-la-cote-des-bar-champagne-louise-brison-scaled.jpg\",\"width\":681,\"height\":2048},{\"@type\":\"BreadcrumbList\",\"@id\":\"https:\/\/louise-brison.fr\/en\/produit\/champagne-millesime-2008-a-l-aube-de-la-cote-des-bar\/#breadcrumb\",\"itemListElement\":[{\"@type\":\"ListItem\",\"position\":1,\"name\":\"Home\",\"item\":\"https:\/\/louise-brison.fr\/en\/\"},{\"@type\":\"ListItem\",\"position\":2,\"name\":\"Shop\",\"item\":\"https:\/\/louise-brison.fr\/en\/shop\/\"},{\"@type\":\"ListItem\",\"position\":3,\"name\":\"\u00c0 l&#8217;Aube de la C\u00f4te des Bar Champagne Mill\u00e9sime 2008\"}]},{\"@type\":\"WebSite\",\"@id\":\"https:\/\/louise-brison.fr\/en\/#website\",\"url\":\"https:\/\/louise-brison.fr\/en\/\",\"name\":\"Louise Brison\",\"description\":\"Champagne Louise Brison\",\"publisher\":{\"@id\":\"https:\/\/louise-brison.fr\/en\/#organization\"},\"potentialAction\":[{\"@type\":\"SearchAction\",\"target\":{\"@type\":\"EntryPoint\",\"urlTemplate\":\"https:\/\/louise-brison.fr\/en\/?s={search_term_string}\"},\"query-input\":{\"@type\":\"PropertyValueSpecification\",\"valueRequired\":true,\"valueName\":\"search_term_string\"}}],\"inLanguage\":\"en-US\"},{\"@type\":\"Organization\",\"@id\":\"https:\/\/louise-brison.fr\/en\/#organization\",\"name\":\"Louise Brison\",\"url\":\"https:\/\/louise-brison.fr\/en\/\",\"logo\":{\"@type\":\"ImageObject\",\"inLanguage\":\"en-US\",\"@id\":\"https:\/\/louise-brison.fr\/en\/#\/schema\/logo\/image\/\",\"url\":\"https:\/\/louise-brison.fr\/wp-content\/uploads\/2024\/03\/logo-champagne-louise-brison-2.png\",\"contentUrl\":\"https:\/\/louise-brison.fr\/wp-content\/uploads\/2024\/03\/logo-champagne-louise-brison-2.png\",\"width\":512,\"height\":512,\"caption\":\"Louise Brison\"},\"image\":{\"@id\":\"https:\/\/louise-brison.fr\/en\/#\/schema\/logo\/image\/\"},\"sameAs\":[\"https:\/\/www.facebook.com\/champagne.louisebrison\/\",\"https:\/\/x.com\/louisebrison\",\"https:\/\/www.instagram.com\/champagnelouisebrison\/\"]}]}<\/script>\n<!-- \/ Yoast SEO plugin. -->","yoast_head_json":{"title":"\u00c0 l'Aube de la C\u00f4te des Bar       Champagne Mill\u00e9sime 2008 &#8211; Louise Brison","description":"Ce mill\u00e9sime 2008 de la gamme M\u00e9moire de la C\u00f4te des Bar est un champagne d'exception d'une grande complexit\u00e9. A servir en accompagnement de repas gastronomique","robots":{"index":"index","follow":"follow","max-snippet":"max-snippet:-1","max-image-preview":"max-image-preview:large","max-video-preview":"max-video-preview:-1"},"canonical":"https:\/\/louise-brison.fr\/en\/produit\/champagne-millesime-2008-a-l-aube-de-la-cote-des-bar\/","og_locale":"en_US","og_type":"article","og_title":"\u00c0 l'Aube de la C\u00f4te des Bar       Champagne Mill\u00e9sime 2008 &#8211; Louise Brison","og_description":"Ce mill\u00e9sime 2008 de la gamme M\u00e9moire de la C\u00f4te des Bar est un champagne d'exception d'une grande complexit\u00e9. A servir en accompagnement de repas gastronomique","og_url":"https:\/\/louise-brison.fr\/en\/produit\/champagne-millesime-2008-a-l-aube-de-la-cote-des-bar\/","og_site_name":"Louise Brison","article_publisher":"https:\/\/www.facebook.com\/champagne.louisebrison\/","article_modified_time":"2025-05-14T12:30:43+00:00","og_image":[{"width":681,"height":2048,"url":"https:\/\/louise-brison.fr\/wp-content\/uploads\/2023\/02\/champagne-millesime-2008-a-l-aube-de-la-cote-des-bar-champagne-louise-brison-scaled.jpg","type":"image\/jpeg"}],"twitter_card":"summary_large_image","twitter_site":"@louisebrison","twitter_misc":{"Est. reading time":"1 minute"},"schema":{"@context":"https:\/\/schema.org","@graph":[{"@type":["WebPage","CheckoutPage"],"@id":"https:\/\/louise-brison.fr\/en\/produit\/champagne-millesime-2008-a-l-aube-de-la-cote-des-bar\/","url":"https:\/\/louise-brison.fr\/en\/produit\/champagne-millesime-2008-a-l-aube-de-la-cote-des-bar\/","name":"\u00c0 l'Aube de la C\u00f4te des Bar Champagne Mill\u00e9sime 2008 &#8211; Louise Brison","isPartOf":{"@id":"https:\/\/louise-brison.fr\/en\/#website"},"primaryImageOfPage":{"@id":"https:\/\/louise-brison.fr\/en\/produit\/champagne-millesime-2008-a-l-aube-de-la-cote-des-bar\/#primaryimage"},"image":{"@id":"https:\/\/louise-brison.fr\/en\/produit\/champagne-millesime-2008-a-l-aube-de-la-cote-des-bar\/#primaryimage"},"thumbnailUrl":"https:\/\/louise-brison.fr\/wp-content\/uploads\/2023\/02\/champagne-millesime-2008-a-l-aube-de-la-cote-des-bar-champagne-louise-brison-scaled.jpg","datePublished":"2020-11-25T21:36:34+00:00","dateModified":"2025-05-14T12:30:43+00:00","description":"Ce mill\u00e9sime 2008 de la gamme M\u00e9moire de la C\u00f4te des Bar est un champagne d'exception d'une grande complexit\u00e9. A servir en accompagnement de repas gastronomique","breadcrumb":{"@id":"https:\/\/louise-brison.fr\/en\/produit\/champagne-millesime-2008-a-l-aube-de-la-cote-des-bar\/#breadcrumb"},"inLanguage":"en-US","potentialAction":[{"@type":"ReadAction","target":["https:\/\/louise-brison.fr\/en\/produit\/champagne-millesime-2008-a-l-aube-de-la-cote-des-bar\/"]}]},{"@type":"ImageObject","inLanguage":"en-US","@id":"https:\/\/louise-brison.fr\/en\/produit\/champagne-millesime-2008-a-l-aube-de-la-cote-des-bar\/#primaryimage","url":"https:\/\/louise-brison.fr\/wp-content\/uploads\/2023\/02\/champagne-millesime-2008-a-l-aube-de-la-cote-des-bar-champagne-louise-brison-scaled.jpg","contentUrl":"https:\/\/louise-brison.fr\/wp-content\/uploads\/2023\/02\/champagne-millesime-2008-a-l-aube-de-la-cote-des-bar-champagne-louise-brison-scaled.jpg","width":681,"height":2048},{"@type":"BreadcrumbList","@id":"https:\/\/louise-brison.fr\/en\/produit\/champagne-millesime-2008-a-l-aube-de-la-cote-des-bar\/#breadcrumb","itemListElement":[{"@type":"ListItem","position":1,"name":"Home","item":"https:\/\/louise-brison.fr\/en\/"},{"@type":"ListItem","position":2,"name":"Shop","item":"https:\/\/louise-brison.fr\/en\/shop\/"},{"@type":"ListItem","position":3,"name":"\u00c0 l&#8217;Aube de la C\u00f4te des Bar Champagne Mill\u00e9sime 2008"}]},{"@type":"WebSite","@id":"https:\/\/louise-brison.fr\/en\/#website","url":"https:\/\/louise-brison.fr\/en\/","name":"Louise Brison","description":"Champagne Louise Brison","publisher":{"@id":"https:\/\/louise-brison.fr\/en\/#organization"},"potentialAction":[{"@type":"SearchAction","target":{"@type":"EntryPoint","urlTemplate":"https:\/\/louise-brison.fr\/en\/?s={search_term_string}"},"query-input":{"@type":"PropertyValueSpecification","valueRequired":true,"valueName":"search_term_string"}}],"inLanguage":"en-US"},{"@type":"Organization","@id":"https:\/\/louise-brison.fr\/en\/#organization","name":"Louise Brison","url":"https:\/\/louise-brison.fr\/en\/","logo":{"@type":"ImageObject","inLanguage":"en-US","@id":"https:\/\/louise-brison.fr\/en\/#\/schema\/logo\/image\/","url":"https:\/\/louise-brison.fr\/wp-content\/uploads\/2024\/03\/logo-champagne-louise-brison-2.png","contentUrl":"https:\/\/louise-brison.fr\/wp-content\/uploads\/2024\/03\/logo-champagne-louise-brison-2.png","width":512,"height":512,"caption":"Louise Brison"},"image":{"@id":"https:\/\/louise-brison.fr\/en\/#\/schema\/logo\/image\/"},"sameAs":["https:\/\/www.facebook.com\/champagne.louisebrison\/","https:\/\/x.com\/louisebrison","https:\/\/www.instagram.com\/champagnelouisebrison\/"]}]}},"_links":{"self":[{"href":"https:\/\/louise-brison.fr\/en\/wp-json\/wp\/v2\/product\/747","targetHints":{"allow":["GET"]}}],"collection":[{"href":"https:\/\/louise-brison.fr\/en\/wp-json\/wp\/v2\/product"}],"about":[{"href":"https:\/\/louise-brison.fr\/en\/wp-json\/wp\/v2\/types\/product"}],"wp:featuredmedia":[{"embeddable":true,"href":"https:\/\/louise-brison.fr\/en\/wp-json\/wp\/v2\/media\/2470"}],"wp:attachment":[{"href":"https:\/\/louise-brison.fr\/en\/wp-json\/wp\/v2\/media?parent=747"}],"wp:term":[{"taxonomy":"product_brand","embeddable":true,"href":"https:\/\/louise-brison.fr\/en\/wp-json\/wp\/v2\/product_brand?post=747"},{"taxonomy":"product_cat","embeddable":true,"href":"https:\/\/louise-brison.fr\/en\/wp-json\/wp\/v2\/product_cat?post=747"},{"taxonomy":"product_tag","embeddable":true,"href":"https:\/\/louise-brison.fr\/en\/wp-json\/wp\/v2\/product_tag?post=747"}],"curies":[{"name":"wp","href":"https:\/\/api.w.org\/{rel}","templated":true}]}}