{"id":709,"date":"2020-11-25T22:15:43","date_gmt":"2020-11-25T21:15:43","guid":{"rendered":"https:\/\/louise-brison.fr\/?post_type=product&#038;p=709"},"modified":"2026-02-12T10:58:51","modified_gmt":"2026-02-12T09:58:51","slug":"champagne-millesime-1998-a-l-aube-de-la-cote-des-bar-magnum","status":"publish","type":"product","link":"https:\/\/louise-brison.fr\/en\/produit\/champagne-millesime-1998-a-l-aube-de-la-cote-des-bar-magnum\/","title":{"rendered":"\u00c0 l&#8217;Aube de la C\u00f4te des Bar Magnum Champagne Mill\u00e9sime 1998"},"content":{"rendered":"<p>60% Pinot Noir &#8211; 40% Chardonnay \u00e9lev\u00e9 en f\u00fbts de ch\u00eane.<\/p>\n<p>Grand potentiel et Belle maturit\u00e9\u2026 Il a tout d\u2019une grande ann\u00e9e !<\/p>\n","protected":false},"excerpt":{"rendered":"<p>60% Pinot Noir &#8211; 40% Chardonnay \u00e9lev\u00e9 en f\u00fbts de ch\u00eane. Grand potentiel et Belle maturit\u00e9\u2026 Il a tout d\u2019une grande ann\u00e9e !<\/p>\n","protected":false},"featured_media":2326,"template":"","meta":[],"product_brand":[],"product_cat":[44,38],"product_tag":[],"class_list":{"0":"post-709","1":"product","2":"type-product","3":"status-publish","4":"has-post-thumbnail","6":"product_cat-44","7":"product_cat-memoire-de-la-cote-des-bar","9":"first","10":"instock","11":"taxable","12":"shipping-taxable","13":"purchasable","14":"product-type-simple"},"yoast_head":"<!-- This site is optimized with the Yoast SEO plugin v26.9 - https:\/\/yoast.com\/product\/yoast-seo-wordpress\/ -->\n<title>\u00c0 l&#039;Aube de la C\u00f4te des Bar Magnum Champagne Mill\u00e9sime 1998 &#8211; Louise Brison<\/title>\n<meta name=\"description\" content=\"Ce champagne de la gamme M\u00e9moire de la C\u00f4te des Bar 1998 est un mill\u00e9sime extraordinaire qui \u00e9gayera vos repas gastronomiques ! Osez le voyage...\" \/>\n<meta name=\"robots\" content=\"index, follow, max-snippet:-1, max-image-preview:large, max-video-preview:-1\" \/>\n<link rel=\"canonical\" href=\"https:\/\/louise-brison.fr\/en\/produit\/champagne-millesime-1998-a-l-aube-de-la-cote-des-bar-magnum\/\" \/>\n<meta property=\"og:locale\" content=\"en_US\" \/>\n<meta property=\"og:type\" content=\"article\" \/>\n<meta property=\"og:title\" content=\"\u00c0 l&#039;Aube de la C\u00f4te des Bar Magnum Champagne Mill\u00e9sime 1998 &#8211; Louise Brison\" \/>\n<meta property=\"og:description\" content=\"Ce champagne de la gamme M\u00e9moire de la C\u00f4te des Bar 1998 est un mill\u00e9sime extraordinaire qui \u00e9gayera vos repas gastronomiques ! Osez le voyage...\" \/>\n<meta property=\"og:url\" content=\"https:\/\/louise-brison.fr\/en\/produit\/champagne-millesime-1998-a-l-aube-de-la-cote-des-bar-magnum\/\" \/>\n<meta property=\"og:site_name\" content=\"Louise Brison\" \/>\n<meta property=\"article:publisher\" content=\"https:\/\/www.facebook.com\/champagne.louisebrison\/\" \/>\n<meta property=\"article:modified_time\" content=\"2026-02-12T09:58:51+00:00\" \/>\n<meta property=\"og:image\" content=\"https:\/\/louise-brison.fr\/wp-content\/uploads\/2023\/02\/champagne-millesime-1998-magnum-a-l-aube-de-la-cote-des-bar-champagne-louise-brison.jpg\" \/>\n\t<meta property=\"og:image:width\" content=\"800\" \/>\n\t<meta property=\"og:image:height\" content=\"1477\" \/>\n\t<meta property=\"og:image:type\" content=\"image\/jpeg\" \/>\n<meta name=\"twitter:card\" content=\"summary_large_image\" \/>\n<meta name=\"twitter:site\" content=\"@louisebrison\" \/>\n<meta name=\"twitter:label1\" content=\"Est. reading time\" \/>\n\t<meta name=\"twitter:data1\" content=\"1 minute\" \/>\n<script type=\"application\/ld+json\" class=\"yoast-schema-graph\">{\"@context\":\"https:\/\/schema.org\",\"@graph\":[{\"@type\":[\"WebPage\",\"CheckoutPage\"],\"@id\":\"https:\/\/louise-brison.fr\/en\/produit\/champagne-millesime-1998-a-l-aube-de-la-cote-des-bar-magnum\/\",\"url\":\"https:\/\/louise-brison.fr\/en\/produit\/champagne-millesime-1998-a-l-aube-de-la-cote-des-bar-magnum\/\",\"name\":\"\u00c0 l'Aube de la C\u00f4te des Bar Magnum Champagne Mill\u00e9sime 1998 &#8211; Louise Brison\",\"isPartOf\":{\"@id\":\"https:\/\/louise-brison.fr\/en\/#website\"},\"primaryImageOfPage\":{\"@id\":\"https:\/\/louise-brison.fr\/en\/produit\/champagne-millesime-1998-a-l-aube-de-la-cote-des-bar-magnum\/#primaryimage\"},\"image\":{\"@id\":\"https:\/\/louise-brison.fr\/en\/produit\/champagne-millesime-1998-a-l-aube-de-la-cote-des-bar-magnum\/#primaryimage\"},\"thumbnailUrl\":\"https:\/\/louise-brison.fr\/wp-content\/uploads\/2023\/02\/champagne-millesime-1998-magnum-a-l-aube-de-la-cote-des-bar-champagne-louise-brison.jpg\",\"datePublished\":\"2020-11-25T21:15:43+00:00\",\"dateModified\":\"2026-02-12T09:58:51+00:00\",\"description\":\"Ce champagne de la gamme M\u00e9moire de la C\u00f4te des Bar 1998 est un mill\u00e9sime extraordinaire qui \u00e9gayera vos repas gastronomiques ! Osez le voyage...\",\"breadcrumb\":{\"@id\":\"https:\/\/louise-brison.fr\/en\/produit\/champagne-millesime-1998-a-l-aube-de-la-cote-des-bar-magnum\/#breadcrumb\"},\"inLanguage\":\"en-US\",\"potentialAction\":[{\"@type\":\"ReadAction\",\"target\":[\"https:\/\/louise-brison.fr\/en\/produit\/champagne-millesime-1998-a-l-aube-de-la-cote-des-bar-magnum\/\"]}]},{\"@type\":\"ImageObject\",\"inLanguage\":\"en-US\",\"@id\":\"https:\/\/louise-brison.fr\/en\/produit\/champagne-millesime-1998-a-l-aube-de-la-cote-des-bar-magnum\/#primaryimage\",\"url\":\"https:\/\/louise-brison.fr\/wp-content\/uploads\/2023\/02\/champagne-millesime-1998-magnum-a-l-aube-de-la-cote-des-bar-champagne-louise-brison.jpg\",\"contentUrl\":\"https:\/\/louise-brison.fr\/wp-content\/uploads\/2023\/02\/champagne-millesime-1998-magnum-a-l-aube-de-la-cote-des-bar-champagne-louise-brison.jpg\",\"width\":800,\"height\":1477},{\"@type\":\"BreadcrumbList\",\"@id\":\"https:\/\/louise-brison.fr\/en\/produit\/champagne-millesime-1998-a-l-aube-de-la-cote-des-bar-magnum\/#breadcrumb\",\"itemListElement\":[{\"@type\":\"ListItem\",\"position\":1,\"name\":\"Home\",\"item\":\"https:\/\/louise-brison.fr\/en\/\"},{\"@type\":\"ListItem\",\"position\":2,\"name\":\"Shop\",\"item\":\"https:\/\/louise-brison.fr\/en\/shop\/\"},{\"@type\":\"ListItem\",\"position\":3,\"name\":\"\u00c0 l&#8217;Aube de la C\u00f4te des Bar Magnum Champagne Mill\u00e9sime 1998\"}]},{\"@type\":\"WebSite\",\"@id\":\"https:\/\/louise-brison.fr\/en\/#website\",\"url\":\"https:\/\/louise-brison.fr\/en\/\",\"name\":\"Louise Brison\",\"description\":\"Champagne Louise Brison\",\"publisher\":{\"@id\":\"https:\/\/louise-brison.fr\/en\/#organization\"},\"potentialAction\":[{\"@type\":\"SearchAction\",\"target\":{\"@type\":\"EntryPoint\",\"urlTemplate\":\"https:\/\/louise-brison.fr\/en\/?s={search_term_string}\"},\"query-input\":{\"@type\":\"PropertyValueSpecification\",\"valueRequired\":true,\"valueName\":\"search_term_string\"}}],\"inLanguage\":\"en-US\"},{\"@type\":\"Organization\",\"@id\":\"https:\/\/louise-brison.fr\/en\/#organization\",\"name\":\"Louise Brison\",\"url\":\"https:\/\/louise-brison.fr\/en\/\",\"logo\":{\"@type\":\"ImageObject\",\"inLanguage\":\"en-US\",\"@id\":\"https:\/\/louise-brison.fr\/en\/#\/schema\/logo\/image\/\",\"url\":\"https:\/\/louise-brison.fr\/wp-content\/uploads\/2024\/03\/logo-champagne-louise-brison-2.png\",\"contentUrl\":\"https:\/\/louise-brison.fr\/wp-content\/uploads\/2024\/03\/logo-champagne-louise-brison-2.png\",\"width\":512,\"height\":512,\"caption\":\"Louise Brison\"},\"image\":{\"@id\":\"https:\/\/louise-brison.fr\/en\/#\/schema\/logo\/image\/\"},\"sameAs\":[\"https:\/\/www.facebook.com\/champagne.louisebrison\/\",\"https:\/\/x.com\/louisebrison\",\"https:\/\/www.instagram.com\/champagnelouisebrison\/\"]}]}<\/script>\n<!-- \/ Yoast SEO plugin. -->","yoast_head_json":{"title":"\u00c0 l'Aube de la C\u00f4te des Bar Magnum Champagne Mill\u00e9sime 1998 &#8211; Louise Brison","description":"Ce champagne de la gamme M\u00e9moire de la C\u00f4te des Bar 1998 est un mill\u00e9sime extraordinaire qui \u00e9gayera vos repas gastronomiques ! Osez le voyage...","robots":{"index":"index","follow":"follow","max-snippet":"max-snippet:-1","max-image-preview":"max-image-preview:large","max-video-preview":"max-video-preview:-1"},"canonical":"https:\/\/louise-brison.fr\/en\/produit\/champagne-millesime-1998-a-l-aube-de-la-cote-des-bar-magnum\/","og_locale":"en_US","og_type":"article","og_title":"\u00c0 l'Aube de la C\u00f4te des Bar Magnum Champagne Mill\u00e9sime 1998 &#8211; Louise Brison","og_description":"Ce champagne de la gamme M\u00e9moire de la C\u00f4te des Bar 1998 est un mill\u00e9sime extraordinaire qui \u00e9gayera vos repas gastronomiques ! Osez le voyage...","og_url":"https:\/\/louise-brison.fr\/en\/produit\/champagne-millesime-1998-a-l-aube-de-la-cote-des-bar-magnum\/","og_site_name":"Louise Brison","article_publisher":"https:\/\/www.facebook.com\/champagne.louisebrison\/","article_modified_time":"2026-02-12T09:58:51+00:00","og_image":[{"width":800,"height":1477,"url":"https:\/\/louise-brison.fr\/wp-content\/uploads\/2023\/02\/champagne-millesime-1998-magnum-a-l-aube-de-la-cote-des-bar-champagne-louise-brison.jpg","type":"image\/jpeg"}],"twitter_card":"summary_large_image","twitter_site":"@louisebrison","twitter_misc":{"Est. reading time":"1 minute"},"schema":{"@context":"https:\/\/schema.org","@graph":[{"@type":["WebPage","CheckoutPage"],"@id":"https:\/\/louise-brison.fr\/en\/produit\/champagne-millesime-1998-a-l-aube-de-la-cote-des-bar-magnum\/","url":"https:\/\/louise-brison.fr\/en\/produit\/champagne-millesime-1998-a-l-aube-de-la-cote-des-bar-magnum\/","name":"\u00c0 l'Aube de la C\u00f4te des Bar Magnum Champagne Mill\u00e9sime 1998 &#8211; Louise Brison","isPartOf":{"@id":"https:\/\/louise-brison.fr\/en\/#website"},"primaryImageOfPage":{"@id":"https:\/\/louise-brison.fr\/en\/produit\/champagne-millesime-1998-a-l-aube-de-la-cote-des-bar-magnum\/#primaryimage"},"image":{"@id":"https:\/\/louise-brison.fr\/en\/produit\/champagne-millesime-1998-a-l-aube-de-la-cote-des-bar-magnum\/#primaryimage"},"thumbnailUrl":"https:\/\/louise-brison.fr\/wp-content\/uploads\/2023\/02\/champagne-millesime-1998-magnum-a-l-aube-de-la-cote-des-bar-champagne-louise-brison.jpg","datePublished":"2020-11-25T21:15:43+00:00","dateModified":"2026-02-12T09:58:51+00:00","description":"Ce champagne de la gamme M\u00e9moire de la C\u00f4te des Bar 1998 est un mill\u00e9sime extraordinaire qui \u00e9gayera vos repas gastronomiques ! Osez le voyage...","breadcrumb":{"@id":"https:\/\/louise-brison.fr\/en\/produit\/champagne-millesime-1998-a-l-aube-de-la-cote-des-bar-magnum\/#breadcrumb"},"inLanguage":"en-US","potentialAction":[{"@type":"ReadAction","target":["https:\/\/louise-brison.fr\/en\/produit\/champagne-millesime-1998-a-l-aube-de-la-cote-des-bar-magnum\/"]}]},{"@type":"ImageObject","inLanguage":"en-US","@id":"https:\/\/louise-brison.fr\/en\/produit\/champagne-millesime-1998-a-l-aube-de-la-cote-des-bar-magnum\/#primaryimage","url":"https:\/\/louise-brison.fr\/wp-content\/uploads\/2023\/02\/champagne-millesime-1998-magnum-a-l-aube-de-la-cote-des-bar-champagne-louise-brison.jpg","contentUrl":"https:\/\/louise-brison.fr\/wp-content\/uploads\/2023\/02\/champagne-millesime-1998-magnum-a-l-aube-de-la-cote-des-bar-champagne-louise-brison.jpg","width":800,"height":1477},{"@type":"BreadcrumbList","@id":"https:\/\/louise-brison.fr\/en\/produit\/champagne-millesime-1998-a-l-aube-de-la-cote-des-bar-magnum\/#breadcrumb","itemListElement":[{"@type":"ListItem","position":1,"name":"Home","item":"https:\/\/louise-brison.fr\/en\/"},{"@type":"ListItem","position":2,"name":"Shop","item":"https:\/\/louise-brison.fr\/en\/shop\/"},{"@type":"ListItem","position":3,"name":"\u00c0 l&#8217;Aube de la C\u00f4te des Bar Magnum Champagne Mill\u00e9sime 1998"}]},{"@type":"WebSite","@id":"https:\/\/louise-brison.fr\/en\/#website","url":"https:\/\/louise-brison.fr\/en\/","name":"Louise Brison","description":"Champagne Louise Brison","publisher":{"@id":"https:\/\/louise-brison.fr\/en\/#organization"},"potentialAction":[{"@type":"SearchAction","target":{"@type":"EntryPoint","urlTemplate":"https:\/\/louise-brison.fr\/en\/?s={search_term_string}"},"query-input":{"@type":"PropertyValueSpecification","valueRequired":true,"valueName":"search_term_string"}}],"inLanguage":"en-US"},{"@type":"Organization","@id":"https:\/\/louise-brison.fr\/en\/#organization","name":"Louise Brison","url":"https:\/\/louise-brison.fr\/en\/","logo":{"@type":"ImageObject","inLanguage":"en-US","@id":"https:\/\/louise-brison.fr\/en\/#\/schema\/logo\/image\/","url":"https:\/\/louise-brison.fr\/wp-content\/uploads\/2024\/03\/logo-champagne-louise-brison-2.png","contentUrl":"https:\/\/louise-brison.fr\/wp-content\/uploads\/2024\/03\/logo-champagne-louise-brison-2.png","width":512,"height":512,"caption":"Louise Brison"},"image":{"@id":"https:\/\/louise-brison.fr\/en\/#\/schema\/logo\/image\/"},"sameAs":["https:\/\/www.facebook.com\/champagne.louisebrison\/","https:\/\/x.com\/louisebrison","https:\/\/www.instagram.com\/champagnelouisebrison\/"]}]}},"_links":{"self":[{"href":"https:\/\/louise-brison.fr\/en\/wp-json\/wp\/v2\/product\/709","targetHints":{"allow":["GET"]}}],"collection":[{"href":"https:\/\/louise-brison.fr\/en\/wp-json\/wp\/v2\/product"}],"about":[{"href":"https:\/\/louise-brison.fr\/en\/wp-json\/wp\/v2\/types\/product"}],"wp:featuredmedia":[{"embeddable":true,"href":"https:\/\/louise-brison.fr\/en\/wp-json\/wp\/v2\/media\/2326"}],"wp:attachment":[{"href":"https:\/\/louise-brison.fr\/en\/wp-json\/wp\/v2\/media?parent=709"}],"wp:term":[{"taxonomy":"product_brand","embeddable":true,"href":"https:\/\/louise-brison.fr\/en\/wp-json\/wp\/v2\/product_brand?post=709"},{"taxonomy":"product_cat","embeddable":true,"href":"https:\/\/louise-brison.fr\/en\/wp-json\/wp\/v2\/product_cat?post=709"},{"taxonomy":"product_tag","embeddable":true,"href":"https:\/\/louise-brison.fr\/en\/wp-json\/wp\/v2\/product_tag?post=709"}],"curies":[{"name":"wp","href":"https:\/\/api.w.org\/{rel}","templated":true}]}}