{"id":3541,"date":"2025-04-22T15:59:23","date_gmt":"2025-04-22T13:59:23","guid":{"rendered":"https:\/\/louise-brison.fr\/?post_type=product&#038;p=3541"},"modified":"2025-12-11T14:58:18","modified_gmt":"2025-12-11T13:58:18","slug":"champagne-a-laube-millesime-2019","status":"publish","type":"product","link":"https:\/\/louise-brison.fr\/en\/produit\/champagne-a-laube-millesime-2019\/","title":{"rendered":"Champagne A l&#8217;Aube Mill\u00e9sime 2019"},"content":{"rendered":"<p style=\"text-align: left;\">Assemblage de 50 % Pinot Noir, 50% Chardonnay vinifi\u00e9 et \u00e9lev\u00e9 en f\u00fbts de ch\u00eane pendant 9 mois.<br \/>\nPas de fermentation malolactique. Ce vin est issu de la vendange 2019 uniquement.<br \/>\nBrut Nature &#8211; Dosage : 0g\/l<\/p>\n<p>&nbsp;<\/p>\n<ul>\n<li style=\"text-align: left;\">Effervescence<br \/>\nSes bulles fines s\u2019\u00e9chappent avec \u00e9l\u00e9gance.<\/li>\n<li>Robe<br \/>\nSa robe brillante laisse appara\u00eetre une couleur dor\u00e9e.<\/li>\n<li>Nez<br \/>\nUne expression fruit\u00e9e et g\u00e9n\u00e9reuse sur les fruits \u00e0 chair jaune.<\/li>\n<li>Bouche<br \/>\nFid\u00e8le au nez, elle est de belle complexit\u00e9 et sa min\u00e9ralit\u00e9 en fin de bouche est tr\u00e8s agr\u00e9able.<\/li>\n<\/ul>\n","protected":false},"excerpt":{"rendered":"<p>Assemblage de 50 % Pinot Noir, 50% Chardonnay vinifi\u00e9 et \u00e9lev\u00e9 en f\u00fbts de ch\u00eane pendant 9 mois. Pas de fermentation malolactique. Ce vin est issu de la vendange 2019&hellip;<\/p>\n","protected":false},"featured_media":3542,"template":"","meta":[],"product_brand":[],"product_cat":[135,33],"product_tag":[],"class_list":{"0":"post-3541","1":"product","2":"type-product","3":"status-publish","4":"has-post-thumbnail","6":"product_cat-135","7":"product_cat-millesime","9":"first","10":"outofstock","11":"taxable","12":"shipping-taxable","13":"product-type-simple"},"yoast_head":"<!-- This site is optimized with the Yoast SEO plugin v26.9 - https:\/\/yoast.com\/product\/yoast-seo-wordpress\/ -->\n<title>Champagne A l&#039;Aube Mill\u00e9sime 2019 &#8211; Louise Brison<\/title>\n<meta name=\"description\" content=\"Ce champagne pr\u00e9sente une aromatique g\u00e9n\u00e9reuse et fruit\u00e9e. De jolis ar\u00f4mes ensoleill\u00e9s ponctuent la d\u00e9gustation de ce mill\u00e9sime.\" \/>\n<meta name=\"robots\" content=\"index, follow, max-snippet:-1, max-image-preview:large, max-video-preview:-1\" \/>\n<link rel=\"canonical\" href=\"https:\/\/louise-brison.fr\/en\/produit\/champagne-a-laube-millesime-2019\/\" \/>\n<meta property=\"og:locale\" content=\"en_US\" \/>\n<meta property=\"og:type\" content=\"article\" \/>\n<meta property=\"og:title\" content=\"Champagne A l&#039;Aube Mill\u00e9sime 2019 &#8211; Louise Brison\" \/>\n<meta property=\"og:description\" content=\"Ce champagne pr\u00e9sente une aromatique g\u00e9n\u00e9reuse et fruit\u00e9e. De jolis ar\u00f4mes ensoleill\u00e9s ponctuent la d\u00e9gustation de ce mill\u00e9sime.\" \/>\n<meta property=\"og:url\" content=\"https:\/\/louise-brison.fr\/en\/produit\/champagne-a-laube-millesime-2019\/\" \/>\n<meta property=\"og:site_name\" content=\"Louise Brison\" \/>\n<meta property=\"article:publisher\" content=\"https:\/\/www.facebook.com\/champagne.louisebrison\/\" \/>\n<meta property=\"article:modified_time\" content=\"2025-12-11T13:58:18+00:00\" \/>\n<meta property=\"og:image\" content=\"https:\/\/louise-brison.fr\/wp-content\/uploads\/2025\/04\/champagne-millesime-2019-a-l-aube-de-la-cote-des-bar-champagne-louise-brison.jpg\" \/>\n\t<meta property=\"og:image:width\" content=\"800\" \/>\n\t<meta property=\"og:image:height\" content=\"2141\" \/>\n\t<meta property=\"og:image:type\" content=\"image\/jpeg\" \/>\n<meta name=\"twitter:card\" content=\"summary_large_image\" \/>\n<meta name=\"twitter:site\" content=\"@louisebrison\" \/>\n<meta name=\"twitter:label1\" content=\"Est. reading time\" \/>\n\t<meta name=\"twitter:data1\" content=\"1 minute\" \/>\n<script type=\"application\/ld+json\" class=\"yoast-schema-graph\">{\"@context\":\"https:\/\/schema.org\",\"@graph\":[{\"@type\":[\"WebPage\",\"CheckoutPage\"],\"@id\":\"https:\/\/louise-brison.fr\/en\/produit\/champagne-a-laube-millesime-2019\/\",\"url\":\"https:\/\/louise-brison.fr\/en\/produit\/champagne-a-laube-millesime-2019\/\",\"name\":\"Champagne A l'Aube Mill\u00e9sime 2019 &#8211; Louise Brison\",\"isPartOf\":{\"@id\":\"https:\/\/louise-brison.fr\/en\/#website\"},\"primaryImageOfPage\":{\"@id\":\"https:\/\/louise-brison.fr\/en\/produit\/champagne-a-laube-millesime-2019\/#primaryimage\"},\"image\":{\"@id\":\"https:\/\/louise-brison.fr\/en\/produit\/champagne-a-laube-millesime-2019\/#primaryimage\"},\"thumbnailUrl\":\"https:\/\/louise-brison.fr\/wp-content\/uploads\/2025\/04\/champagne-millesime-2019-a-l-aube-de-la-cote-des-bar-champagne-louise-brison.jpg\",\"datePublished\":\"2025-04-22T13:59:23+00:00\",\"dateModified\":\"2025-12-11T13:58:18+00:00\",\"description\":\"Ce champagne pr\u00e9sente une aromatique g\u00e9n\u00e9reuse et fruit\u00e9e. De jolis ar\u00f4mes ensoleill\u00e9s ponctuent la d\u00e9gustation de ce mill\u00e9sime.\",\"breadcrumb\":{\"@id\":\"https:\/\/louise-brison.fr\/en\/produit\/champagne-a-laube-millesime-2019\/#breadcrumb\"},\"inLanguage\":\"en-US\",\"potentialAction\":[{\"@type\":\"ReadAction\",\"target\":[\"https:\/\/louise-brison.fr\/en\/produit\/champagne-a-laube-millesime-2019\/\"]}]},{\"@type\":\"ImageObject\",\"inLanguage\":\"en-US\",\"@id\":\"https:\/\/louise-brison.fr\/en\/produit\/champagne-a-laube-millesime-2019\/#primaryimage\",\"url\":\"https:\/\/louise-brison.fr\/wp-content\/uploads\/2025\/04\/champagne-millesime-2019-a-l-aube-de-la-cote-des-bar-champagne-louise-brison.jpg\",\"contentUrl\":\"https:\/\/louise-brison.fr\/wp-content\/uploads\/2025\/04\/champagne-millesime-2019-a-l-aube-de-la-cote-des-bar-champagne-louise-brison.jpg\",\"width\":800,\"height\":2141},{\"@type\":\"BreadcrumbList\",\"@id\":\"https:\/\/louise-brison.fr\/en\/produit\/champagne-a-laube-millesime-2019\/#breadcrumb\",\"itemListElement\":[{\"@type\":\"ListItem\",\"position\":1,\"name\":\"Home\",\"item\":\"https:\/\/louise-brison.fr\/en\/\"},{\"@type\":\"ListItem\",\"position\":2,\"name\":\"Shop\",\"item\":\"https:\/\/louise-brison.fr\/en\/shop\/\"},{\"@type\":\"ListItem\",\"position\":3,\"name\":\"Champagne A l&#8217;Aube Mill\u00e9sime 2019\"}]},{\"@type\":\"WebSite\",\"@id\":\"https:\/\/louise-brison.fr\/en\/#website\",\"url\":\"https:\/\/louise-brison.fr\/en\/\",\"name\":\"Louise Brison\",\"description\":\"Champagne Louise Brison\",\"publisher\":{\"@id\":\"https:\/\/louise-brison.fr\/en\/#organization\"},\"potentialAction\":[{\"@type\":\"SearchAction\",\"target\":{\"@type\":\"EntryPoint\",\"urlTemplate\":\"https:\/\/louise-brison.fr\/en\/?s={search_term_string}\"},\"query-input\":{\"@type\":\"PropertyValueSpecification\",\"valueRequired\":true,\"valueName\":\"search_term_string\"}}],\"inLanguage\":\"en-US\"},{\"@type\":\"Organization\",\"@id\":\"https:\/\/louise-brison.fr\/en\/#organization\",\"name\":\"Louise Brison\",\"url\":\"https:\/\/louise-brison.fr\/en\/\",\"logo\":{\"@type\":\"ImageObject\",\"inLanguage\":\"en-US\",\"@id\":\"https:\/\/louise-brison.fr\/en\/#\/schema\/logo\/image\/\",\"url\":\"https:\/\/louise-brison.fr\/wp-content\/uploads\/2024\/03\/logo-champagne-louise-brison-2.png\",\"contentUrl\":\"https:\/\/louise-brison.fr\/wp-content\/uploads\/2024\/03\/logo-champagne-louise-brison-2.png\",\"width\":512,\"height\":512,\"caption\":\"Louise Brison\"},\"image\":{\"@id\":\"https:\/\/louise-brison.fr\/en\/#\/schema\/logo\/image\/\"},\"sameAs\":[\"https:\/\/www.facebook.com\/champagne.louisebrison\/\",\"https:\/\/x.com\/louisebrison\",\"https:\/\/www.instagram.com\/champagnelouisebrison\/\"]}]}<\/script>\n<!-- \/ Yoast SEO plugin. -->","yoast_head_json":{"title":"Champagne A l'Aube Mill\u00e9sime 2019 &#8211; Louise Brison","description":"Ce champagne pr\u00e9sente une aromatique g\u00e9n\u00e9reuse et fruit\u00e9e. De jolis ar\u00f4mes ensoleill\u00e9s ponctuent la d\u00e9gustation de ce mill\u00e9sime.","robots":{"index":"index","follow":"follow","max-snippet":"max-snippet:-1","max-image-preview":"max-image-preview:large","max-video-preview":"max-video-preview:-1"},"canonical":"https:\/\/louise-brison.fr\/en\/produit\/champagne-a-laube-millesime-2019\/","og_locale":"en_US","og_type":"article","og_title":"Champagne A l'Aube Mill\u00e9sime 2019 &#8211; Louise Brison","og_description":"Ce champagne pr\u00e9sente une aromatique g\u00e9n\u00e9reuse et fruit\u00e9e. De jolis ar\u00f4mes ensoleill\u00e9s ponctuent la d\u00e9gustation de ce mill\u00e9sime.","og_url":"https:\/\/louise-brison.fr\/en\/produit\/champagne-a-laube-millesime-2019\/","og_site_name":"Louise Brison","article_publisher":"https:\/\/www.facebook.com\/champagne.louisebrison\/","article_modified_time":"2025-12-11T13:58:18+00:00","og_image":[{"width":800,"height":2141,"url":"https:\/\/louise-brison.fr\/wp-content\/uploads\/2025\/04\/champagne-millesime-2019-a-l-aube-de-la-cote-des-bar-champagne-louise-brison.jpg","type":"image\/jpeg"}],"twitter_card":"summary_large_image","twitter_site":"@louisebrison","twitter_misc":{"Est. reading time":"1 minute"},"schema":{"@context":"https:\/\/schema.org","@graph":[{"@type":["WebPage","CheckoutPage"],"@id":"https:\/\/louise-brison.fr\/en\/produit\/champagne-a-laube-millesime-2019\/","url":"https:\/\/louise-brison.fr\/en\/produit\/champagne-a-laube-millesime-2019\/","name":"Champagne A l'Aube Mill\u00e9sime 2019 &#8211; Louise Brison","isPartOf":{"@id":"https:\/\/louise-brison.fr\/en\/#website"},"primaryImageOfPage":{"@id":"https:\/\/louise-brison.fr\/en\/produit\/champagne-a-laube-millesime-2019\/#primaryimage"},"image":{"@id":"https:\/\/louise-brison.fr\/en\/produit\/champagne-a-laube-millesime-2019\/#primaryimage"},"thumbnailUrl":"https:\/\/louise-brison.fr\/wp-content\/uploads\/2025\/04\/champagne-millesime-2019-a-l-aube-de-la-cote-des-bar-champagne-louise-brison.jpg","datePublished":"2025-04-22T13:59:23+00:00","dateModified":"2025-12-11T13:58:18+00:00","description":"Ce champagne pr\u00e9sente une aromatique g\u00e9n\u00e9reuse et fruit\u00e9e. De jolis ar\u00f4mes ensoleill\u00e9s ponctuent la d\u00e9gustation de ce mill\u00e9sime.","breadcrumb":{"@id":"https:\/\/louise-brison.fr\/en\/produit\/champagne-a-laube-millesime-2019\/#breadcrumb"},"inLanguage":"en-US","potentialAction":[{"@type":"ReadAction","target":["https:\/\/louise-brison.fr\/en\/produit\/champagne-a-laube-millesime-2019\/"]}]},{"@type":"ImageObject","inLanguage":"en-US","@id":"https:\/\/louise-brison.fr\/en\/produit\/champagne-a-laube-millesime-2019\/#primaryimage","url":"https:\/\/louise-brison.fr\/wp-content\/uploads\/2025\/04\/champagne-millesime-2019-a-l-aube-de-la-cote-des-bar-champagne-louise-brison.jpg","contentUrl":"https:\/\/louise-brison.fr\/wp-content\/uploads\/2025\/04\/champagne-millesime-2019-a-l-aube-de-la-cote-des-bar-champagne-louise-brison.jpg","width":800,"height":2141},{"@type":"BreadcrumbList","@id":"https:\/\/louise-brison.fr\/en\/produit\/champagne-a-laube-millesime-2019\/#breadcrumb","itemListElement":[{"@type":"ListItem","position":1,"name":"Home","item":"https:\/\/louise-brison.fr\/en\/"},{"@type":"ListItem","position":2,"name":"Shop","item":"https:\/\/louise-brison.fr\/en\/shop\/"},{"@type":"ListItem","position":3,"name":"Champagne A l&#8217;Aube Mill\u00e9sime 2019"}]},{"@type":"WebSite","@id":"https:\/\/louise-brison.fr\/en\/#website","url":"https:\/\/louise-brison.fr\/en\/","name":"Louise Brison","description":"Champagne Louise Brison","publisher":{"@id":"https:\/\/louise-brison.fr\/en\/#organization"},"potentialAction":[{"@type":"SearchAction","target":{"@type":"EntryPoint","urlTemplate":"https:\/\/louise-brison.fr\/en\/?s={search_term_string}"},"query-input":{"@type":"PropertyValueSpecification","valueRequired":true,"valueName":"search_term_string"}}],"inLanguage":"en-US"},{"@type":"Organization","@id":"https:\/\/louise-brison.fr\/en\/#organization","name":"Louise Brison","url":"https:\/\/louise-brison.fr\/en\/","logo":{"@type":"ImageObject","inLanguage":"en-US","@id":"https:\/\/louise-brison.fr\/en\/#\/schema\/logo\/image\/","url":"https:\/\/louise-brison.fr\/wp-content\/uploads\/2024\/03\/logo-champagne-louise-brison-2.png","contentUrl":"https:\/\/louise-brison.fr\/wp-content\/uploads\/2024\/03\/logo-champagne-louise-brison-2.png","width":512,"height":512,"caption":"Louise Brison"},"image":{"@id":"https:\/\/louise-brison.fr\/en\/#\/schema\/logo\/image\/"},"sameAs":["https:\/\/www.facebook.com\/champagne.louisebrison\/","https:\/\/x.com\/louisebrison","https:\/\/www.instagram.com\/champagnelouisebrison\/"]}]}},"_links":{"self":[{"href":"https:\/\/louise-brison.fr\/en\/wp-json\/wp\/v2\/product\/3541","targetHints":{"allow":["GET"]}}],"collection":[{"href":"https:\/\/louise-brison.fr\/en\/wp-json\/wp\/v2\/product"}],"about":[{"href":"https:\/\/louise-brison.fr\/en\/wp-json\/wp\/v2\/types\/product"}],"wp:featuredmedia":[{"embeddable":true,"href":"https:\/\/louise-brison.fr\/en\/wp-json\/wp\/v2\/media\/3542"}],"wp:attachment":[{"href":"https:\/\/louise-brison.fr\/en\/wp-json\/wp\/v2\/media?parent=3541"}],"wp:term":[{"taxonomy":"product_brand","embeddable":true,"href":"https:\/\/louise-brison.fr\/en\/wp-json\/wp\/v2\/product_brand?post=3541"},{"taxonomy":"product_cat","embeddable":true,"href":"https:\/\/louise-brison.fr\/en\/wp-json\/wp\/v2\/product_cat?post=3541"},{"taxonomy":"product_tag","embeddable":true,"href":"https:\/\/louise-brison.fr\/en\/wp-json\/wp\/v2\/product_tag?post=3541"}],"curies":[{"name":"wp","href":"https:\/\/api.w.org\/{rel}","templated":true}]}}