{"id":3486,"date":"2024-11-20T16:43:58","date_gmt":"2024-11-20T15:43:58","guid":{"rendered":"https:\/\/louise-brison.fr\/?post_type=product&#038;p=3486"},"modified":"2025-04-22T15:54:29","modified_gmt":"2025-04-22T13:54:29","slug":"champagne-rose-millesime-2018","status":"publish","type":"product","link":"https:\/\/louise-brison.fr\/en\/produit\/champagne-rose-millesime-2018\/","title":{"rendered":"Champagne Ros\u00e9 mill\u00e9sime 2018"},"content":{"rendered":"<p>Champagne ros\u00e9 de mac\u00e9ration issu de\u00a0<strong>Pinot Noir \u00e0 100%\u00a0<\/strong>et \u00e9lev\u00e9 en f\u00fbts de ch\u00eane. Brut Nature. Bouteille de 0,75 l.<\/p>\n<ul>\n<li><strong>Effervescence<\/strong><br \/>\nCe ros\u00e9 pr\u00e9sente de bulles fines, r\u00e9guli\u00e8res et soutenues qui forment un cordon persistant.<\/li>\n<li><strong>Robe<\/strong><br \/>\nD&#8217;une belle couleur intense, sa robe est brillante.<\/li>\n<li><strong>Nez<\/strong><br \/>\nUn fruit\u00e9 remarquable avec des notes de griottes, de fraises et de pruneaux.<br \/>\n<strong>Bouche<br \/>\n<\/strong>Fid\u00e8le au nez, sa fra\u00eecheur, sa structure et sa finale gourmande sont tr\u00e8s appr\u00e9ci\u00e9s !<\/li>\n<\/ul>\n","protected":false},"excerpt":{"rendered":"<p>Champagne ros\u00e9 de mac\u00e9ration issu de\u00a0Pinot Noir \u00e0 100%\u00a0et \u00e9lev\u00e9 en f\u00fbts de ch\u00eane. Brut Nature. Bouteille de 0,75 l. Effervescence Ce ros\u00e9 pr\u00e9sente de bulles fines, r\u00e9guli\u00e8res et soutenues&hellip;<\/p>\n","protected":false},"featured_media":3487,"template":"","meta":[],"product_brand":[],"product_cat":[134,35],"product_tag":[],"class_list":{"0":"post-3486","1":"product","2":"type-product","3":"status-publish","4":"has-post-thumbnail","6":"product_cat-134","7":"product_cat-rose-de-la-cote-des-bar","9":"first","10":"outofstock","11":"taxable","12":"shipping-taxable","13":"product-type-simple"},"yoast_head":"<!-- This site is optimized with the Yoast SEO plugin v26.9 - https:\/\/yoast.com\/product\/yoast-seo-wordpress\/ -->\n<title>Champagne Ros\u00e9 mill\u00e9sime 2018 &#8211; Louise Brison<\/title>\n<meta name=\"description\" content=\"Un champagne ros\u00e9 croquant et vibrant ! 100% Pinot Noir de mac\u00e9ration \u00e9lev\u00e9 en f\u00fbts de ch\u00eane. Balade gourmande, haute en couleur !\" \/>\n<meta name=\"robots\" content=\"index, follow, max-snippet:-1, max-image-preview:large, max-video-preview:-1\" \/>\n<link rel=\"canonical\" href=\"https:\/\/louise-brison.fr\/en\/produit\/champagne-rose-millesime-2018\/\" \/>\n<meta property=\"og:locale\" content=\"en_US\" \/>\n<meta property=\"og:type\" content=\"article\" \/>\n<meta property=\"og:title\" content=\"Champagne Ros\u00e9 mill\u00e9sime 2018 &#8211; Louise Brison\" \/>\n<meta property=\"og:description\" content=\"Un champagne ros\u00e9 croquant et vibrant ! 100% Pinot Noir de mac\u00e9ration \u00e9lev\u00e9 en f\u00fbts de ch\u00eane. Balade gourmande, haute en couleur !\" \/>\n<meta property=\"og:url\" content=\"https:\/\/louise-brison.fr\/en\/produit\/champagne-rose-millesime-2018\/\" \/>\n<meta property=\"og:site_name\" content=\"Louise Brison\" \/>\n<meta property=\"article:publisher\" content=\"https:\/\/www.facebook.com\/champagne.louisebrison\/\" \/>\n<meta property=\"article:modified_time\" content=\"2025-04-22T13:54:29+00:00\" \/>\n<meta property=\"og:image\" content=\"https:\/\/louise-brison.fr\/wp-content\/uploads\/2024\/11\/champagne-rose-2018-a-l-aube-de-la-cote-des-bar-champagne-louise-brison.jpg\" \/>\n\t<meta property=\"og:image:width\" content=\"750\" \/>\n\t<meta property=\"og:image:height\" content=\"2258\" \/>\n\t<meta property=\"og:image:type\" content=\"image\/jpeg\" \/>\n<meta name=\"twitter:card\" content=\"summary_large_image\" \/>\n<meta name=\"twitter:site\" content=\"@louisebrison\" \/>\n<meta name=\"twitter:label1\" content=\"Est. reading time\" \/>\n\t<meta name=\"twitter:data1\" content=\"1 minute\" \/>\n<script type=\"application\/ld+json\" class=\"yoast-schema-graph\">{\"@context\":\"https:\/\/schema.org\",\"@graph\":[{\"@type\":[\"WebPage\",\"CheckoutPage\"],\"@id\":\"https:\/\/louise-brison.fr\/en\/produit\/champagne-rose-millesime-2018\/\",\"url\":\"https:\/\/louise-brison.fr\/en\/produit\/champagne-rose-millesime-2018\/\",\"name\":\"Champagne Ros\u00e9 mill\u00e9sime 2018 &#8211; Louise Brison\",\"isPartOf\":{\"@id\":\"https:\/\/louise-brison.fr\/en\/#website\"},\"primaryImageOfPage\":{\"@id\":\"https:\/\/louise-brison.fr\/en\/produit\/champagne-rose-millesime-2018\/#primaryimage\"},\"image\":{\"@id\":\"https:\/\/louise-brison.fr\/en\/produit\/champagne-rose-millesime-2018\/#primaryimage\"},\"thumbnailUrl\":\"https:\/\/louise-brison.fr\/wp-content\/uploads\/2024\/11\/champagne-rose-2018-a-l-aube-de-la-cote-des-bar-champagne-louise-brison.jpg\",\"datePublished\":\"2024-11-20T15:43:58+00:00\",\"dateModified\":\"2025-04-22T13:54:29+00:00\",\"description\":\"Un champagne ros\u00e9 croquant et vibrant ! 100% Pinot Noir de mac\u00e9ration \u00e9lev\u00e9 en f\u00fbts de ch\u00eane. Balade gourmande, haute en couleur !\",\"breadcrumb\":{\"@id\":\"https:\/\/louise-brison.fr\/en\/produit\/champagne-rose-millesime-2018\/#breadcrumb\"},\"inLanguage\":\"en-US\",\"potentialAction\":[{\"@type\":\"ReadAction\",\"target\":[\"https:\/\/louise-brison.fr\/en\/produit\/champagne-rose-millesime-2018\/\"]}]},{\"@type\":\"ImageObject\",\"inLanguage\":\"en-US\",\"@id\":\"https:\/\/louise-brison.fr\/en\/produit\/champagne-rose-millesime-2018\/#primaryimage\",\"url\":\"https:\/\/louise-brison.fr\/wp-content\/uploads\/2024\/11\/champagne-rose-2018-a-l-aube-de-la-cote-des-bar-champagne-louise-brison.jpg\",\"contentUrl\":\"https:\/\/louise-brison.fr\/wp-content\/uploads\/2024\/11\/champagne-rose-2018-a-l-aube-de-la-cote-des-bar-champagne-louise-brison.jpg\",\"width\":750,\"height\":2258},{\"@type\":\"BreadcrumbList\",\"@id\":\"https:\/\/louise-brison.fr\/en\/produit\/champagne-rose-millesime-2018\/#breadcrumb\",\"itemListElement\":[{\"@type\":\"ListItem\",\"position\":1,\"name\":\"Home\",\"item\":\"https:\/\/louise-brison.fr\/en\/\"},{\"@type\":\"ListItem\",\"position\":2,\"name\":\"Shop\",\"item\":\"https:\/\/louise-brison.fr\/en\/shop\/\"},{\"@type\":\"ListItem\",\"position\":3,\"name\":\"Champagne Ros\u00e9 mill\u00e9sime 2018\"}]},{\"@type\":\"WebSite\",\"@id\":\"https:\/\/louise-brison.fr\/en\/#website\",\"url\":\"https:\/\/louise-brison.fr\/en\/\",\"name\":\"Louise Brison\",\"description\":\"Champagne Louise Brison\",\"publisher\":{\"@id\":\"https:\/\/louise-brison.fr\/en\/#organization\"},\"potentialAction\":[{\"@type\":\"SearchAction\",\"target\":{\"@type\":\"EntryPoint\",\"urlTemplate\":\"https:\/\/louise-brison.fr\/en\/?s={search_term_string}\"},\"query-input\":{\"@type\":\"PropertyValueSpecification\",\"valueRequired\":true,\"valueName\":\"search_term_string\"}}],\"inLanguage\":\"en-US\"},{\"@type\":\"Organization\",\"@id\":\"https:\/\/louise-brison.fr\/en\/#organization\",\"name\":\"Louise Brison\",\"url\":\"https:\/\/louise-brison.fr\/en\/\",\"logo\":{\"@type\":\"ImageObject\",\"inLanguage\":\"en-US\",\"@id\":\"https:\/\/louise-brison.fr\/en\/#\/schema\/logo\/image\/\",\"url\":\"https:\/\/louise-brison.fr\/wp-content\/uploads\/2024\/03\/logo-champagne-louise-brison-2.png\",\"contentUrl\":\"https:\/\/louise-brison.fr\/wp-content\/uploads\/2024\/03\/logo-champagne-louise-brison-2.png\",\"width\":512,\"height\":512,\"caption\":\"Louise Brison\"},\"image\":{\"@id\":\"https:\/\/louise-brison.fr\/en\/#\/schema\/logo\/image\/\"},\"sameAs\":[\"https:\/\/www.facebook.com\/champagne.louisebrison\/\",\"https:\/\/x.com\/louisebrison\",\"https:\/\/www.instagram.com\/champagnelouisebrison\/\"]}]}<\/script>\n<!-- \/ Yoast SEO plugin. -->","yoast_head_json":{"title":"Champagne Ros\u00e9 mill\u00e9sime 2018 &#8211; Louise Brison","description":"Un champagne ros\u00e9 croquant et vibrant ! 100% Pinot Noir de mac\u00e9ration \u00e9lev\u00e9 en f\u00fbts de ch\u00eane. Balade gourmande, haute en couleur !","robots":{"index":"index","follow":"follow","max-snippet":"max-snippet:-1","max-image-preview":"max-image-preview:large","max-video-preview":"max-video-preview:-1"},"canonical":"https:\/\/louise-brison.fr\/en\/produit\/champagne-rose-millesime-2018\/","og_locale":"en_US","og_type":"article","og_title":"Champagne Ros\u00e9 mill\u00e9sime 2018 &#8211; Louise Brison","og_description":"Un champagne ros\u00e9 croquant et vibrant ! 100% Pinot Noir de mac\u00e9ration \u00e9lev\u00e9 en f\u00fbts de ch\u00eane. Balade gourmande, haute en couleur !","og_url":"https:\/\/louise-brison.fr\/en\/produit\/champagne-rose-millesime-2018\/","og_site_name":"Louise Brison","article_publisher":"https:\/\/www.facebook.com\/champagne.louisebrison\/","article_modified_time":"2025-04-22T13:54:29+00:00","og_image":[{"width":750,"height":2258,"url":"https:\/\/louise-brison.fr\/wp-content\/uploads\/2024\/11\/champagne-rose-2018-a-l-aube-de-la-cote-des-bar-champagne-louise-brison.jpg","type":"image\/jpeg"}],"twitter_card":"summary_large_image","twitter_site":"@louisebrison","twitter_misc":{"Est. reading time":"1 minute"},"schema":{"@context":"https:\/\/schema.org","@graph":[{"@type":["WebPage","CheckoutPage"],"@id":"https:\/\/louise-brison.fr\/en\/produit\/champagne-rose-millesime-2018\/","url":"https:\/\/louise-brison.fr\/en\/produit\/champagne-rose-millesime-2018\/","name":"Champagne Ros\u00e9 mill\u00e9sime 2018 &#8211; Louise Brison","isPartOf":{"@id":"https:\/\/louise-brison.fr\/en\/#website"},"primaryImageOfPage":{"@id":"https:\/\/louise-brison.fr\/en\/produit\/champagne-rose-millesime-2018\/#primaryimage"},"image":{"@id":"https:\/\/louise-brison.fr\/en\/produit\/champagne-rose-millesime-2018\/#primaryimage"},"thumbnailUrl":"https:\/\/louise-brison.fr\/wp-content\/uploads\/2024\/11\/champagne-rose-2018-a-l-aube-de-la-cote-des-bar-champagne-louise-brison.jpg","datePublished":"2024-11-20T15:43:58+00:00","dateModified":"2025-04-22T13:54:29+00:00","description":"Un champagne ros\u00e9 croquant et vibrant ! 100% Pinot Noir de mac\u00e9ration \u00e9lev\u00e9 en f\u00fbts de ch\u00eane. Balade gourmande, haute en couleur !","breadcrumb":{"@id":"https:\/\/louise-brison.fr\/en\/produit\/champagne-rose-millesime-2018\/#breadcrumb"},"inLanguage":"en-US","potentialAction":[{"@type":"ReadAction","target":["https:\/\/louise-brison.fr\/en\/produit\/champagne-rose-millesime-2018\/"]}]},{"@type":"ImageObject","inLanguage":"en-US","@id":"https:\/\/louise-brison.fr\/en\/produit\/champagne-rose-millesime-2018\/#primaryimage","url":"https:\/\/louise-brison.fr\/wp-content\/uploads\/2024\/11\/champagne-rose-2018-a-l-aube-de-la-cote-des-bar-champagne-louise-brison.jpg","contentUrl":"https:\/\/louise-brison.fr\/wp-content\/uploads\/2024\/11\/champagne-rose-2018-a-l-aube-de-la-cote-des-bar-champagne-louise-brison.jpg","width":750,"height":2258},{"@type":"BreadcrumbList","@id":"https:\/\/louise-brison.fr\/en\/produit\/champagne-rose-millesime-2018\/#breadcrumb","itemListElement":[{"@type":"ListItem","position":1,"name":"Home","item":"https:\/\/louise-brison.fr\/en\/"},{"@type":"ListItem","position":2,"name":"Shop","item":"https:\/\/louise-brison.fr\/en\/shop\/"},{"@type":"ListItem","position":3,"name":"Champagne Ros\u00e9 mill\u00e9sime 2018"}]},{"@type":"WebSite","@id":"https:\/\/louise-brison.fr\/en\/#website","url":"https:\/\/louise-brison.fr\/en\/","name":"Louise Brison","description":"Champagne Louise Brison","publisher":{"@id":"https:\/\/louise-brison.fr\/en\/#organization"},"potentialAction":[{"@type":"SearchAction","target":{"@type":"EntryPoint","urlTemplate":"https:\/\/louise-brison.fr\/en\/?s={search_term_string}"},"query-input":{"@type":"PropertyValueSpecification","valueRequired":true,"valueName":"search_term_string"}}],"inLanguage":"en-US"},{"@type":"Organization","@id":"https:\/\/louise-brison.fr\/en\/#organization","name":"Louise Brison","url":"https:\/\/louise-brison.fr\/en\/","logo":{"@type":"ImageObject","inLanguage":"en-US","@id":"https:\/\/louise-brison.fr\/en\/#\/schema\/logo\/image\/","url":"https:\/\/louise-brison.fr\/wp-content\/uploads\/2024\/03\/logo-champagne-louise-brison-2.png","contentUrl":"https:\/\/louise-brison.fr\/wp-content\/uploads\/2024\/03\/logo-champagne-louise-brison-2.png","width":512,"height":512,"caption":"Louise Brison"},"image":{"@id":"https:\/\/louise-brison.fr\/en\/#\/schema\/logo\/image\/"},"sameAs":["https:\/\/www.facebook.com\/champagne.louisebrison\/","https:\/\/x.com\/louisebrison","https:\/\/www.instagram.com\/champagnelouisebrison\/"]}]}},"_links":{"self":[{"href":"https:\/\/louise-brison.fr\/en\/wp-json\/wp\/v2\/product\/3486","targetHints":{"allow":["GET"]}}],"collection":[{"href":"https:\/\/louise-brison.fr\/en\/wp-json\/wp\/v2\/product"}],"about":[{"href":"https:\/\/louise-brison.fr\/en\/wp-json\/wp\/v2\/types\/product"}],"wp:featuredmedia":[{"embeddable":true,"href":"https:\/\/louise-brison.fr\/en\/wp-json\/wp\/v2\/media\/3487"}],"wp:attachment":[{"href":"https:\/\/louise-brison.fr\/en\/wp-json\/wp\/v2\/media?parent=3486"}],"wp:term":[{"taxonomy":"product_brand","embeddable":true,"href":"https:\/\/louise-brison.fr\/en\/wp-json\/wp\/v2\/product_brand?post=3486"},{"taxonomy":"product_cat","embeddable":true,"href":"https:\/\/louise-brison.fr\/en\/wp-json\/wp\/v2\/product_cat?post=3486"},{"taxonomy":"product_tag","embeddable":true,"href":"https:\/\/louise-brison.fr\/en\/wp-json\/wp\/v2\/product_tag?post=3486"}],"curies":[{"name":"wp","href":"https:\/\/api.w.org\/{rel}","templated":true}]}}