{"id":2730,"date":"2023-08-04T11:56:51","date_gmt":"2023-08-04T09:56:51","guid":{"rendered":"https:\/\/louise-brison.fr\/produit\/champagne-a-laube-millesime-2017\/"},"modified":"2024-07-04T11:57:11","modified_gmt":"2024-07-04T09:57:11","slug":"champagne-a-laube-millesime-2017","status":"publish","type":"product","link":"https:\/\/louise-brison.fr\/en\/produit\/champagne-a-laube-millesime-2017\/","title":{"rendered":"Champagne A l&#8217;Aube Mill\u00e9sime 2017"},"content":{"rendered":"<p style=\"text-align: left;\">Assemblage de 50 % Pinot Noir, 50% Chardonnay vinifi\u00e9 et \u00e9lev\u00e9 en f\u00fbts de ch\u00eane.<br \/>\nPas de fermentation malolactique. Ce vin est issu de la vendange 2017 uniquement.<br \/>\nBrut Nature &#8211; Dosage : 0g\/l<\/p>\n<p>&nbsp;<\/p>\n<ul>\n<li style=\"text-align: left;\">Effervescence<br \/>\nSes bulles fines s\u2019\u00e9chappent avec \u00e9l\u00e9gance.<\/li>\n<li>Robe<br \/>\nSa robe brillante laisse appara\u00eetre une couleur dor\u00e9e.<\/li>\n<li>Nez<\/li>\n<li>D\u2019une formidable expression et d\u2019une grande g\u00e9n\u00e9rosit\u00e9, il s\u2019ouvre sur des fruits du type p\u00eache blanche puis il \u00e9volue d\u00e9licatement sur des notes de pamplemousse et de zeste de citron. Et que dire des quelques fragrances d&#8217;amande qui ponctuent le tout !<\/li>\n<li>Bouche<br \/>\nFid\u00e8le au nez ,elle est de belle dimension. On appr\u00e9cie particuli\u00e8rement sa fra\u00eecheur et sa complexit\u00e9 ! Plaisir imm\u00e9diat !<\/li>\n<\/ul>\n","protected":false},"excerpt":{"rendered":"<p>Assemblage de 50 % Pinot Noir, 50% Chardonnay vinifi\u00e9 et \u00e9lev\u00e9 en f\u00fbts de ch\u00eane. Pas de fermentation malolactique. Ce vin est issu de la vendange 2017 uniquement. Brut Nature&hellip;<\/p>\n","protected":false},"featured_media":2593,"template":"","meta":[],"product_brand":[],"product_cat":[90,71],"product_tag":[],"class_list":{"0":"post-2730","1":"product","2":"type-product","3":"status-publish","4":"has-post-thumbnail","6":"product_cat-2017-en","7":"product_cat-millesime-en","9":"first","10":"outofstock","11":"taxable","12":"shipping-taxable","13":"product-type-simple"},"yoast_head":"<!-- This site is optimized with the Yoast SEO plugin v26.9 - https:\/\/yoast.com\/product\/yoast-seo-wordpress\/ -->\n<title>Champagne A l&#039;Aube Mill\u00e9sime 2017 &#8211; Louise Brison<\/title>\n<meta name=\"description\" content=\"Ce champagne pr\u00e9sente une belle aromatique fruit\u00e9e et d\u00e9licate avec une pointe de fra\u00eecheur tr\u00e8s appr\u00e9ci\u00e9e\u2026 Un mill\u00e9sime friand !\" \/>\n<meta name=\"robots\" content=\"index, follow, max-snippet:-1, max-image-preview:large, max-video-preview:-1\" \/>\n<link rel=\"canonical\" href=\"https:\/\/louise-brison.fr\/en\/produit\/champagne-a-laube-millesime-2017\/\" \/>\n<meta property=\"og:locale\" content=\"en_US\" \/>\n<meta property=\"og:type\" content=\"article\" \/>\n<meta property=\"og:title\" content=\"Champagne A l&#039;Aube Mill\u00e9sime 2017 &#8211; Louise Brison\" \/>\n<meta property=\"og:description\" content=\"Ce champagne pr\u00e9sente une belle aromatique fruit\u00e9e et d\u00e9licate avec une pointe de fra\u00eecheur tr\u00e8s appr\u00e9ci\u00e9e\u2026 Un mill\u00e9sime friand !\" \/>\n<meta property=\"og:url\" content=\"https:\/\/louise-brison.fr\/en\/produit\/champagne-a-laube-millesime-2017\/\" \/>\n<meta property=\"og:site_name\" content=\"Louise Brison\" \/>\n<meta property=\"article:publisher\" content=\"https:\/\/www.facebook.com\/champagne.louisebrison\/\" \/>\n<meta property=\"article:modified_time\" content=\"2024-07-04T09:57:11+00:00\" \/>\n<meta property=\"og:image\" content=\"https:\/\/louise-brison.fr\/wp-content\/uploads\/2023\/08\/2017-a-l-aubesans-fond-scaled.gif\" \/>\n\t<meta property=\"og:image:width\" content=\"573\" \/>\n\t<meta property=\"og:image:height\" content=\"2048\" \/>\n\t<meta property=\"og:image:type\" content=\"image\/gif\" \/>\n<meta name=\"twitter:card\" content=\"summary_large_image\" \/>\n<meta name=\"twitter:site\" content=\"@louisebrison\" \/>\n<meta name=\"twitter:label1\" content=\"Est. reading time\" \/>\n\t<meta name=\"twitter:data1\" content=\"1 minute\" \/>\n<script type=\"application\/ld+json\" class=\"yoast-schema-graph\">{\"@context\":\"https:\/\/schema.org\",\"@graph\":[{\"@type\":[\"WebPage\",\"CheckoutPage\"],\"@id\":\"https:\/\/louise-brison.fr\/en\/produit\/champagne-a-laube-millesime-2017\/\",\"url\":\"https:\/\/louise-brison.fr\/en\/produit\/champagne-a-laube-millesime-2017\/\",\"name\":\"Champagne A l'Aube Mill\u00e9sime 2017 &#8211; Louise Brison\",\"isPartOf\":{\"@id\":\"https:\/\/louise-brison.fr\/en\/#website\"},\"primaryImageOfPage\":{\"@id\":\"https:\/\/louise-brison.fr\/en\/produit\/champagne-a-laube-millesime-2017\/#primaryimage\"},\"image\":{\"@id\":\"https:\/\/louise-brison.fr\/en\/produit\/champagne-a-laube-millesime-2017\/#primaryimage\"},\"thumbnailUrl\":\"https:\/\/louise-brison.fr\/wp-content\/uploads\/2023\/08\/2017-a-l-aubesans-fond-scaled.gif\",\"datePublished\":\"2023-08-04T09:56:51+00:00\",\"dateModified\":\"2024-07-04T09:57:11+00:00\",\"description\":\"Ce champagne pr\u00e9sente une belle aromatique fruit\u00e9e et d\u00e9licate avec une pointe de fra\u00eecheur tr\u00e8s appr\u00e9ci\u00e9e\u2026 Un mill\u00e9sime friand !\",\"breadcrumb\":{\"@id\":\"https:\/\/louise-brison.fr\/en\/produit\/champagne-a-laube-millesime-2017\/#breadcrumb\"},\"inLanguage\":\"en-US\",\"potentialAction\":[{\"@type\":\"ReadAction\",\"target\":[\"https:\/\/louise-brison.fr\/en\/produit\/champagne-a-laube-millesime-2017\/\"]}]},{\"@type\":\"ImageObject\",\"inLanguage\":\"en-US\",\"@id\":\"https:\/\/louise-brison.fr\/en\/produit\/champagne-a-laube-millesime-2017\/#primaryimage\",\"url\":\"https:\/\/louise-brison.fr\/wp-content\/uploads\/2023\/08\/2017-a-l-aubesans-fond-scaled.gif\",\"contentUrl\":\"https:\/\/louise-brison.fr\/wp-content\/uploads\/2023\/08\/2017-a-l-aubesans-fond-scaled.gif\",\"width\":573,\"height\":2048},{\"@type\":\"BreadcrumbList\",\"@id\":\"https:\/\/louise-brison.fr\/en\/produit\/champagne-a-laube-millesime-2017\/#breadcrumb\",\"itemListElement\":[{\"@type\":\"ListItem\",\"position\":1,\"name\":\"Home\",\"item\":\"https:\/\/louise-brison.fr\/en\/\"},{\"@type\":\"ListItem\",\"position\":2,\"name\":\"Shop\",\"item\":\"https:\/\/louise-brison.fr\/en\/shop\/\"},{\"@type\":\"ListItem\",\"position\":3,\"name\":\"Champagne A l&#8217;Aube Mill\u00e9sime 2017\"}]},{\"@type\":\"WebSite\",\"@id\":\"https:\/\/louise-brison.fr\/en\/#website\",\"url\":\"https:\/\/louise-brison.fr\/en\/\",\"name\":\"Louise Brison\",\"description\":\"Champagne Louise Brison\",\"publisher\":{\"@id\":\"https:\/\/louise-brison.fr\/en\/#organization\"},\"potentialAction\":[{\"@type\":\"SearchAction\",\"target\":{\"@type\":\"EntryPoint\",\"urlTemplate\":\"https:\/\/louise-brison.fr\/en\/?s={search_term_string}\"},\"query-input\":{\"@type\":\"PropertyValueSpecification\",\"valueRequired\":true,\"valueName\":\"search_term_string\"}}],\"inLanguage\":\"en-US\"},{\"@type\":\"Organization\",\"@id\":\"https:\/\/louise-brison.fr\/en\/#organization\",\"name\":\"Louise Brison\",\"url\":\"https:\/\/louise-brison.fr\/en\/\",\"logo\":{\"@type\":\"ImageObject\",\"inLanguage\":\"en-US\",\"@id\":\"https:\/\/louise-brison.fr\/en\/#\/schema\/logo\/image\/\",\"url\":\"https:\/\/louise-brison.fr\/wp-content\/uploads\/2024\/03\/logo-champagne-louise-brison-2.png\",\"contentUrl\":\"https:\/\/louise-brison.fr\/wp-content\/uploads\/2024\/03\/logo-champagne-louise-brison-2.png\",\"width\":512,\"height\":512,\"caption\":\"Louise Brison\"},\"image\":{\"@id\":\"https:\/\/louise-brison.fr\/en\/#\/schema\/logo\/image\/\"},\"sameAs\":[\"https:\/\/www.facebook.com\/champagne.louisebrison\/\",\"https:\/\/x.com\/louisebrison\",\"https:\/\/www.instagram.com\/champagnelouisebrison\/\"]}]}<\/script>\n<!-- \/ Yoast SEO plugin. -->","yoast_head_json":{"title":"Champagne A l'Aube Mill\u00e9sime 2017 &#8211; Louise Brison","description":"Ce champagne pr\u00e9sente une belle aromatique fruit\u00e9e et d\u00e9licate avec une pointe de fra\u00eecheur tr\u00e8s appr\u00e9ci\u00e9e\u2026 Un mill\u00e9sime friand !","robots":{"index":"index","follow":"follow","max-snippet":"max-snippet:-1","max-image-preview":"max-image-preview:large","max-video-preview":"max-video-preview:-1"},"canonical":"https:\/\/louise-brison.fr\/en\/produit\/champagne-a-laube-millesime-2017\/","og_locale":"en_US","og_type":"article","og_title":"Champagne A l'Aube Mill\u00e9sime 2017 &#8211; Louise Brison","og_description":"Ce champagne pr\u00e9sente une belle aromatique fruit\u00e9e et d\u00e9licate avec une pointe de fra\u00eecheur tr\u00e8s appr\u00e9ci\u00e9e\u2026 Un mill\u00e9sime friand !","og_url":"https:\/\/louise-brison.fr\/en\/produit\/champagne-a-laube-millesime-2017\/","og_site_name":"Louise Brison","article_publisher":"https:\/\/www.facebook.com\/champagne.louisebrison\/","article_modified_time":"2024-07-04T09:57:11+00:00","og_image":[{"width":573,"height":2048,"url":"https:\/\/louise-brison.fr\/wp-content\/uploads\/2023\/08\/2017-a-l-aubesans-fond-scaled.gif","type":"image\/gif"}],"twitter_card":"summary_large_image","twitter_site":"@louisebrison","twitter_misc":{"Est. reading time":"1 minute"},"schema":{"@context":"https:\/\/schema.org","@graph":[{"@type":["WebPage","CheckoutPage"],"@id":"https:\/\/louise-brison.fr\/en\/produit\/champagne-a-laube-millesime-2017\/","url":"https:\/\/louise-brison.fr\/en\/produit\/champagne-a-laube-millesime-2017\/","name":"Champagne A l'Aube Mill\u00e9sime 2017 &#8211; Louise Brison","isPartOf":{"@id":"https:\/\/louise-brison.fr\/en\/#website"},"primaryImageOfPage":{"@id":"https:\/\/louise-brison.fr\/en\/produit\/champagne-a-laube-millesime-2017\/#primaryimage"},"image":{"@id":"https:\/\/louise-brison.fr\/en\/produit\/champagne-a-laube-millesime-2017\/#primaryimage"},"thumbnailUrl":"https:\/\/louise-brison.fr\/wp-content\/uploads\/2023\/08\/2017-a-l-aubesans-fond-scaled.gif","datePublished":"2023-08-04T09:56:51+00:00","dateModified":"2024-07-04T09:57:11+00:00","description":"Ce champagne pr\u00e9sente une belle aromatique fruit\u00e9e et d\u00e9licate avec une pointe de fra\u00eecheur tr\u00e8s appr\u00e9ci\u00e9e\u2026 Un mill\u00e9sime friand !","breadcrumb":{"@id":"https:\/\/louise-brison.fr\/en\/produit\/champagne-a-laube-millesime-2017\/#breadcrumb"},"inLanguage":"en-US","potentialAction":[{"@type":"ReadAction","target":["https:\/\/louise-brison.fr\/en\/produit\/champagne-a-laube-millesime-2017\/"]}]},{"@type":"ImageObject","inLanguage":"en-US","@id":"https:\/\/louise-brison.fr\/en\/produit\/champagne-a-laube-millesime-2017\/#primaryimage","url":"https:\/\/louise-brison.fr\/wp-content\/uploads\/2023\/08\/2017-a-l-aubesans-fond-scaled.gif","contentUrl":"https:\/\/louise-brison.fr\/wp-content\/uploads\/2023\/08\/2017-a-l-aubesans-fond-scaled.gif","width":573,"height":2048},{"@type":"BreadcrumbList","@id":"https:\/\/louise-brison.fr\/en\/produit\/champagne-a-laube-millesime-2017\/#breadcrumb","itemListElement":[{"@type":"ListItem","position":1,"name":"Home","item":"https:\/\/louise-brison.fr\/en\/"},{"@type":"ListItem","position":2,"name":"Shop","item":"https:\/\/louise-brison.fr\/en\/shop\/"},{"@type":"ListItem","position":3,"name":"Champagne A l&#8217;Aube Mill\u00e9sime 2017"}]},{"@type":"WebSite","@id":"https:\/\/louise-brison.fr\/en\/#website","url":"https:\/\/louise-brison.fr\/en\/","name":"Louise Brison","description":"Champagne Louise Brison","publisher":{"@id":"https:\/\/louise-brison.fr\/en\/#organization"},"potentialAction":[{"@type":"SearchAction","target":{"@type":"EntryPoint","urlTemplate":"https:\/\/louise-brison.fr\/en\/?s={search_term_string}"},"query-input":{"@type":"PropertyValueSpecification","valueRequired":true,"valueName":"search_term_string"}}],"inLanguage":"en-US"},{"@type":"Organization","@id":"https:\/\/louise-brison.fr\/en\/#organization","name":"Louise Brison","url":"https:\/\/louise-brison.fr\/en\/","logo":{"@type":"ImageObject","inLanguage":"en-US","@id":"https:\/\/louise-brison.fr\/en\/#\/schema\/logo\/image\/","url":"https:\/\/louise-brison.fr\/wp-content\/uploads\/2024\/03\/logo-champagne-louise-brison-2.png","contentUrl":"https:\/\/louise-brison.fr\/wp-content\/uploads\/2024\/03\/logo-champagne-louise-brison-2.png","width":512,"height":512,"caption":"Louise Brison"},"image":{"@id":"https:\/\/louise-brison.fr\/en\/#\/schema\/logo\/image\/"},"sameAs":["https:\/\/www.facebook.com\/champagne.louisebrison\/","https:\/\/x.com\/louisebrison","https:\/\/www.instagram.com\/champagnelouisebrison\/"]}]}},"_links":{"self":[{"href":"https:\/\/louise-brison.fr\/en\/wp-json\/wp\/v2\/product\/2730","targetHints":{"allow":["GET"]}}],"collection":[{"href":"https:\/\/louise-brison.fr\/en\/wp-json\/wp\/v2\/product"}],"about":[{"href":"https:\/\/louise-brison.fr\/en\/wp-json\/wp\/v2\/types\/product"}],"wp:featuredmedia":[{"embeddable":true,"href":"https:\/\/louise-brison.fr\/en\/wp-json\/wp\/v2\/media\/2593"}],"wp:attachment":[{"href":"https:\/\/louise-brison.fr\/en\/wp-json\/wp\/v2\/media?parent=2730"}],"wp:term":[{"taxonomy":"product_brand","embeddable":true,"href":"https:\/\/louise-brison.fr\/en\/wp-json\/wp\/v2\/product_brand?post=2730"},{"taxonomy":"product_cat","embeddable":true,"href":"https:\/\/louise-brison.fr\/en\/wp-json\/wp\/v2\/product_cat?post=2730"},{"taxonomy":"product_tag","embeddable":true,"href":"https:\/\/louise-brison.fr\/en\/wp-json\/wp\/v2\/product_tag?post=2730"}],"curies":[{"name":"wp","href":"https:\/\/api.w.org\/{rel}","templated":true}]}}