{"id":2693,"date":"2024-02-14T12:12:33","date_gmt":"2024-02-14T11:12:33","guid":{"rendered":"https:\/\/louise-brison.fr\/?post_type=product&#038;p=2693"},"modified":"2025-05-14T09:42:28","modified_gmt":"2025-05-14T07:42:28","slug":"champagne-millesime-2016-chardonnay-de-la-cote-des-bar","status":"publish","type":"product","link":"https:\/\/louise-brison.fr\/en\/produit\/champagne-millesime-2016-chardonnay-de-la-cote-des-bar\/","title":{"rendered":"Chardonnay de la C\u00f4te des Bar             Champagne Mill\u00e9sime 2016"},"content":{"rendered":"<p>100 % Chardonnay vinifi\u00e9 et \u00e9lev\u00e9 en f\u00fbts de ch\u00eane pendant 9 mois.<br \/>\nRaisins issus de la vendange 2016 uniquement.<br \/>\nBrut Nature &#8211; Dosage : Z\u00e9ro<\/p>\n<ul>\n<li>Effervescence: Ses fines bulles forment un joli cordon.<\/li>\n<li>Robe: Jaune et brillante avec des reflets cristallins.<\/li>\n<li>Nez: D\u2019une grande expression, ce Blanc de Blancs exhale des fragrances citronn\u00e9es. Subtilement d\u00e9licat.<\/li>\n<li>Bouche :Tout aussi complexe et de belle structure, le palais d\u00e9voile une mati\u00e8re pr\u00e9cise, d\u00e9licate et gourmande. Sa finale saline et longue est tr\u00e8s appr\u00e9ci\u00e9e.<\/li>\n<li>Accords Mets&amp;Champagnes: Vous pourrez l&#8217;appr\u00e9cier \u00e0 l&#8217;ap\u00e9ritif accompagn\u00e9e de petits fours sal\u00e9s \u00e0 base de poisson, de fruits de mer ou de viande blanche<\/li>\n<\/ul>\n<p>&nbsp;<\/p>\n","protected":false},"excerpt":{"rendered":"<p>100 % Chardonnay vinifi\u00e9 et \u00e9lev\u00e9 en f\u00fbts de ch\u00eane pendant 9 mois. Raisins issus de la vendange 2016 uniquement. Brut Nature &#8211; Dosage : Z\u00e9ro Effervescence: Ses fines bulles&hellip;<\/p>\n","protected":false},"featured_media":2694,"template":"","meta":[],"product_brand":[],"product_cat":[62,33,34],"product_tag":[],"class_list":{"0":"post-2693","1":"product","2":"type-product","3":"status-publish","4":"has-post-thumbnail","6":"product_cat-62","7":"product_cat-millesime","8":"product_cat-chardonnay-de-la-cote-des-bar","10":"first","11":"outofstock","12":"taxable","13":"shipping-taxable","14":"product-type-simple"},"yoast_head":"<!-- This site is optimized with the Yoast SEO plugin v26.9 - https:\/\/yoast.com\/product\/yoast-seo-wordpress\/ -->\n<title>Chardonnay de la C\u00f4te des Bar       Champagne Mill\u00e9sime 2016 &#8211; Louise Brison<\/title>\n<meta name=\"description\" content=\"Ce champagne de la C\u00f4te des bar 100% chardonnay mill\u00e9sime 2016 est \u00e9l\u00e9gant et fruit\u00e9.\" \/>\n<meta name=\"robots\" content=\"index, follow, max-snippet:-1, max-image-preview:large, max-video-preview:-1\" \/>\n<link rel=\"canonical\" href=\"https:\/\/louise-brison.fr\/en\/produit\/champagne-millesime-2016-chardonnay-de-la-cote-des-bar\/\" \/>\n<meta property=\"og:locale\" content=\"en_US\" \/>\n<meta property=\"og:type\" content=\"article\" \/>\n<meta property=\"og:title\" content=\"Chardonnay de la C\u00f4te des Bar       Champagne Mill\u00e9sime 2016 &#8211; Louise Brison\" \/>\n<meta property=\"og:description\" content=\"Ce champagne de la C\u00f4te des bar 100% chardonnay mill\u00e9sime 2016 est \u00e9l\u00e9gant et fruit\u00e9.\" \/>\n<meta property=\"og:url\" content=\"https:\/\/louise-brison.fr\/en\/produit\/champagne-millesime-2016-chardonnay-de-la-cote-des-bar\/\" \/>\n<meta property=\"og:site_name\" content=\"Louise Brison\" \/>\n<meta property=\"article:publisher\" content=\"https:\/\/www.facebook.com\/champagne.louisebrison\/\" \/>\n<meta property=\"article:modified_time\" content=\"2025-05-14T07:42:28+00:00\" \/>\n<meta property=\"og:image\" content=\"https:\/\/louise-brison.fr\/wp-content\/uploads\/2024\/02\/champagne-millesime-2016-chardonnay-de-la-cote-des-bar-champagne-louise-brison-scaled.jpg\" \/>\n\t<meta property=\"og:image:width\" content=\"708\" \/>\n\t<meta property=\"og:image:height\" content=\"2048\" \/>\n\t<meta property=\"og:image:type\" content=\"image\/jpeg\" \/>\n<meta name=\"twitter:card\" content=\"summary_large_image\" \/>\n<meta name=\"twitter:site\" content=\"@louisebrison\" \/>\n<meta name=\"twitter:label1\" content=\"Est. reading time\" \/>\n\t<meta name=\"twitter:data1\" content=\"1 minute\" \/>\n<script type=\"application\/ld+json\" class=\"yoast-schema-graph\">{\"@context\":\"https:\/\/schema.org\",\"@graph\":[{\"@type\":[\"WebPage\",\"CheckoutPage\"],\"@id\":\"https:\/\/louise-brison.fr\/en\/produit\/champagne-millesime-2016-chardonnay-de-la-cote-des-bar\/\",\"url\":\"https:\/\/louise-brison.fr\/en\/produit\/champagne-millesime-2016-chardonnay-de-la-cote-des-bar\/\",\"name\":\"Chardonnay de la C\u00f4te des Bar Champagne Mill\u00e9sime 2016 &#8211; Louise Brison\",\"isPartOf\":{\"@id\":\"https:\/\/louise-brison.fr\/en\/#website\"},\"primaryImageOfPage\":{\"@id\":\"https:\/\/louise-brison.fr\/en\/produit\/champagne-millesime-2016-chardonnay-de-la-cote-des-bar\/#primaryimage\"},\"image\":{\"@id\":\"https:\/\/louise-brison.fr\/en\/produit\/champagne-millesime-2016-chardonnay-de-la-cote-des-bar\/#primaryimage\"},\"thumbnailUrl\":\"https:\/\/louise-brison.fr\/wp-content\/uploads\/2024\/02\/champagne-millesime-2016-chardonnay-de-la-cote-des-bar-champagne-louise-brison-scaled.jpg\",\"datePublished\":\"2024-02-14T11:12:33+00:00\",\"dateModified\":\"2025-05-14T07:42:28+00:00\",\"description\":\"Ce champagne de la C\u00f4te des bar 100% chardonnay mill\u00e9sime 2016 est \u00e9l\u00e9gant et fruit\u00e9.\",\"breadcrumb\":{\"@id\":\"https:\/\/louise-brison.fr\/en\/produit\/champagne-millesime-2016-chardonnay-de-la-cote-des-bar\/#breadcrumb\"},\"inLanguage\":\"en-US\",\"potentialAction\":[{\"@type\":\"ReadAction\",\"target\":[\"https:\/\/louise-brison.fr\/en\/produit\/champagne-millesime-2016-chardonnay-de-la-cote-des-bar\/\"]}]},{\"@type\":\"ImageObject\",\"inLanguage\":\"en-US\",\"@id\":\"https:\/\/louise-brison.fr\/en\/produit\/champagne-millesime-2016-chardonnay-de-la-cote-des-bar\/#primaryimage\",\"url\":\"https:\/\/louise-brison.fr\/wp-content\/uploads\/2024\/02\/champagne-millesime-2016-chardonnay-de-la-cote-des-bar-champagne-louise-brison-scaled.jpg\",\"contentUrl\":\"https:\/\/louise-brison.fr\/wp-content\/uploads\/2024\/02\/champagne-millesime-2016-chardonnay-de-la-cote-des-bar-champagne-louise-brison-scaled.jpg\",\"width\":708,\"height\":2048},{\"@type\":\"BreadcrumbList\",\"@id\":\"https:\/\/louise-brison.fr\/en\/produit\/champagne-millesime-2016-chardonnay-de-la-cote-des-bar\/#breadcrumb\",\"itemListElement\":[{\"@type\":\"ListItem\",\"position\":1,\"name\":\"Home\",\"item\":\"https:\/\/louise-brison.fr\/en\/\"},{\"@type\":\"ListItem\",\"position\":2,\"name\":\"Shop\",\"item\":\"https:\/\/louise-brison.fr\/en\/shop\/\"},{\"@type\":\"ListItem\",\"position\":3,\"name\":\"Chardonnay de la C\u00f4te des Bar Champagne Mill\u00e9sime 2016\"}]},{\"@type\":\"WebSite\",\"@id\":\"https:\/\/louise-brison.fr\/en\/#website\",\"url\":\"https:\/\/louise-brison.fr\/en\/\",\"name\":\"Louise Brison\",\"description\":\"Champagne Louise Brison\",\"publisher\":{\"@id\":\"https:\/\/louise-brison.fr\/en\/#organization\"},\"potentialAction\":[{\"@type\":\"SearchAction\",\"target\":{\"@type\":\"EntryPoint\",\"urlTemplate\":\"https:\/\/louise-brison.fr\/en\/?s={search_term_string}\"},\"query-input\":{\"@type\":\"PropertyValueSpecification\",\"valueRequired\":true,\"valueName\":\"search_term_string\"}}],\"inLanguage\":\"en-US\"},{\"@type\":\"Organization\",\"@id\":\"https:\/\/louise-brison.fr\/en\/#organization\",\"name\":\"Louise Brison\",\"url\":\"https:\/\/louise-brison.fr\/en\/\",\"logo\":{\"@type\":\"ImageObject\",\"inLanguage\":\"en-US\",\"@id\":\"https:\/\/louise-brison.fr\/en\/#\/schema\/logo\/image\/\",\"url\":\"https:\/\/louise-brison.fr\/wp-content\/uploads\/2024\/03\/logo-champagne-louise-brison-2.png\",\"contentUrl\":\"https:\/\/louise-brison.fr\/wp-content\/uploads\/2024\/03\/logo-champagne-louise-brison-2.png\",\"width\":512,\"height\":512,\"caption\":\"Louise Brison\"},\"image\":{\"@id\":\"https:\/\/louise-brison.fr\/en\/#\/schema\/logo\/image\/\"},\"sameAs\":[\"https:\/\/www.facebook.com\/champagne.louisebrison\/\",\"https:\/\/x.com\/louisebrison\",\"https:\/\/www.instagram.com\/champagnelouisebrison\/\"]}]}<\/script>\n<!-- \/ Yoast SEO plugin. -->","yoast_head_json":{"title":"Chardonnay de la C\u00f4te des Bar       Champagne Mill\u00e9sime 2016 &#8211; Louise Brison","description":"Ce champagne de la C\u00f4te des bar 100% chardonnay mill\u00e9sime 2016 est \u00e9l\u00e9gant et fruit\u00e9.","robots":{"index":"index","follow":"follow","max-snippet":"max-snippet:-1","max-image-preview":"max-image-preview:large","max-video-preview":"max-video-preview:-1"},"canonical":"https:\/\/louise-brison.fr\/en\/produit\/champagne-millesime-2016-chardonnay-de-la-cote-des-bar\/","og_locale":"en_US","og_type":"article","og_title":"Chardonnay de la C\u00f4te des Bar       Champagne Mill\u00e9sime 2016 &#8211; Louise Brison","og_description":"Ce champagne de la C\u00f4te des bar 100% chardonnay mill\u00e9sime 2016 est \u00e9l\u00e9gant et fruit\u00e9.","og_url":"https:\/\/louise-brison.fr\/en\/produit\/champagne-millesime-2016-chardonnay-de-la-cote-des-bar\/","og_site_name":"Louise Brison","article_publisher":"https:\/\/www.facebook.com\/champagne.louisebrison\/","article_modified_time":"2025-05-14T07:42:28+00:00","og_image":[{"width":708,"height":2048,"url":"https:\/\/louise-brison.fr\/wp-content\/uploads\/2024\/02\/champagne-millesime-2016-chardonnay-de-la-cote-des-bar-champagne-louise-brison-scaled.jpg","type":"image\/jpeg"}],"twitter_card":"summary_large_image","twitter_site":"@louisebrison","twitter_misc":{"Est. reading time":"1 minute"},"schema":{"@context":"https:\/\/schema.org","@graph":[{"@type":["WebPage","CheckoutPage"],"@id":"https:\/\/louise-brison.fr\/en\/produit\/champagne-millesime-2016-chardonnay-de-la-cote-des-bar\/","url":"https:\/\/louise-brison.fr\/en\/produit\/champagne-millesime-2016-chardonnay-de-la-cote-des-bar\/","name":"Chardonnay de la C\u00f4te des Bar Champagne Mill\u00e9sime 2016 &#8211; Louise Brison","isPartOf":{"@id":"https:\/\/louise-brison.fr\/en\/#website"},"primaryImageOfPage":{"@id":"https:\/\/louise-brison.fr\/en\/produit\/champagne-millesime-2016-chardonnay-de-la-cote-des-bar\/#primaryimage"},"image":{"@id":"https:\/\/louise-brison.fr\/en\/produit\/champagne-millesime-2016-chardonnay-de-la-cote-des-bar\/#primaryimage"},"thumbnailUrl":"https:\/\/louise-brison.fr\/wp-content\/uploads\/2024\/02\/champagne-millesime-2016-chardonnay-de-la-cote-des-bar-champagne-louise-brison-scaled.jpg","datePublished":"2024-02-14T11:12:33+00:00","dateModified":"2025-05-14T07:42:28+00:00","description":"Ce champagne de la C\u00f4te des bar 100% chardonnay mill\u00e9sime 2016 est \u00e9l\u00e9gant et fruit\u00e9.","breadcrumb":{"@id":"https:\/\/louise-brison.fr\/en\/produit\/champagne-millesime-2016-chardonnay-de-la-cote-des-bar\/#breadcrumb"},"inLanguage":"en-US","potentialAction":[{"@type":"ReadAction","target":["https:\/\/louise-brison.fr\/en\/produit\/champagne-millesime-2016-chardonnay-de-la-cote-des-bar\/"]}]},{"@type":"ImageObject","inLanguage":"en-US","@id":"https:\/\/louise-brison.fr\/en\/produit\/champagne-millesime-2016-chardonnay-de-la-cote-des-bar\/#primaryimage","url":"https:\/\/louise-brison.fr\/wp-content\/uploads\/2024\/02\/champagne-millesime-2016-chardonnay-de-la-cote-des-bar-champagne-louise-brison-scaled.jpg","contentUrl":"https:\/\/louise-brison.fr\/wp-content\/uploads\/2024\/02\/champagne-millesime-2016-chardonnay-de-la-cote-des-bar-champagne-louise-brison-scaled.jpg","width":708,"height":2048},{"@type":"BreadcrumbList","@id":"https:\/\/louise-brison.fr\/en\/produit\/champagne-millesime-2016-chardonnay-de-la-cote-des-bar\/#breadcrumb","itemListElement":[{"@type":"ListItem","position":1,"name":"Home","item":"https:\/\/louise-brison.fr\/en\/"},{"@type":"ListItem","position":2,"name":"Shop","item":"https:\/\/louise-brison.fr\/en\/shop\/"},{"@type":"ListItem","position":3,"name":"Chardonnay de la C\u00f4te des Bar Champagne Mill\u00e9sime 2016"}]},{"@type":"WebSite","@id":"https:\/\/louise-brison.fr\/en\/#website","url":"https:\/\/louise-brison.fr\/en\/","name":"Louise Brison","description":"Champagne Louise Brison","publisher":{"@id":"https:\/\/louise-brison.fr\/en\/#organization"},"potentialAction":[{"@type":"SearchAction","target":{"@type":"EntryPoint","urlTemplate":"https:\/\/louise-brison.fr\/en\/?s={search_term_string}"},"query-input":{"@type":"PropertyValueSpecification","valueRequired":true,"valueName":"search_term_string"}}],"inLanguage":"en-US"},{"@type":"Organization","@id":"https:\/\/louise-brison.fr\/en\/#organization","name":"Louise Brison","url":"https:\/\/louise-brison.fr\/en\/","logo":{"@type":"ImageObject","inLanguage":"en-US","@id":"https:\/\/louise-brison.fr\/en\/#\/schema\/logo\/image\/","url":"https:\/\/louise-brison.fr\/wp-content\/uploads\/2024\/03\/logo-champagne-louise-brison-2.png","contentUrl":"https:\/\/louise-brison.fr\/wp-content\/uploads\/2024\/03\/logo-champagne-louise-brison-2.png","width":512,"height":512,"caption":"Louise Brison"},"image":{"@id":"https:\/\/louise-brison.fr\/en\/#\/schema\/logo\/image\/"},"sameAs":["https:\/\/www.facebook.com\/champagne.louisebrison\/","https:\/\/x.com\/louisebrison","https:\/\/www.instagram.com\/champagnelouisebrison\/"]}]}},"_links":{"self":[{"href":"https:\/\/louise-brison.fr\/en\/wp-json\/wp\/v2\/product\/2693","targetHints":{"allow":["GET"]}}],"collection":[{"href":"https:\/\/louise-brison.fr\/en\/wp-json\/wp\/v2\/product"}],"about":[{"href":"https:\/\/louise-brison.fr\/en\/wp-json\/wp\/v2\/types\/product"}],"wp:featuredmedia":[{"embeddable":true,"href":"https:\/\/louise-brison.fr\/en\/wp-json\/wp\/v2\/media\/2694"}],"wp:attachment":[{"href":"https:\/\/louise-brison.fr\/en\/wp-json\/wp\/v2\/media?parent=2693"}],"wp:term":[{"taxonomy":"product_brand","embeddable":true,"href":"https:\/\/louise-brison.fr\/en\/wp-json\/wp\/v2\/product_brand?post=2693"},{"taxonomy":"product_cat","embeddable":true,"href":"https:\/\/louise-brison.fr\/en\/wp-json\/wp\/v2\/product_cat?post=2693"},{"taxonomy":"product_tag","embeddable":true,"href":"https:\/\/louise-brison.fr\/en\/wp-json\/wp\/v2\/product_tag?post=2693"}],"curies":[{"name":"wp","href":"https:\/\/api.w.org\/{rel}","templated":true}]}}