{"id":2192,"date":"2022-05-25T14:36:23","date_gmt":"2022-05-25T12:36:23","guid":{"rendered":"https:\/\/louise-brison.fr\/?post_type=product&#038;p=2192"},"modified":"2026-02-12T10:27:21","modified_gmt":"2026-02-12T09:27:21","slug":"champagne-millesime-2011-a-l-aube-de-la-cote-des-bar-brut-nature-magnum","status":"publish","type":"product","link":"https:\/\/louise-brison.fr\/en\/produit\/champagne-millesime-2011-a-l-aube-de-la-cote-des-bar-brut-nature-magnum\/","title":{"rendered":"Champagne Brut Nature Mill\u00e9sime 2011 Magnum"},"content":{"rendered":"<p>Assemblage de\u00a0<strong>50% Pinot Noir, <\/strong><strong>50% Chardonnay<\/strong>\u00a0vinifi\u00e9 et \u00e9lev\u00e9 en f\u00fbts de ch\u00eane. Fermentation malolactique partielle.<br \/>\nCes vins sont issus de la vendange 2011 uniquement. Bouteille de 1,5 l.<\/p>\n<ul>\n<li><strong>Effervescence<\/strong><br \/>\nSes bulles fines forment un joli cordon.<\/li>\n<li><strong>Robe<\/strong><br \/>\nSa robe est jaune p\u00e2le brillante.<\/li>\n<li><strong>Nez<br \/>\n<\/strong>Son expression est g\u00e9n\u00e9reuse, fruit\u00e9e et l\u00e9g\u00e8rement mature avec une jolie touche bois\u00e9e.<\/li>\n<li><strong>Bouche<\/strong><br \/>\n\u00c9quilibr\u00e9e et complexe, elle nous offre des ar\u00f4mes de fruits \u00e0 chair jaune.Plaisir imm\u00e9diat et gourmand&#8230;<\/li>\n<\/ul>\n","protected":false},"excerpt":{"rendered":"<p>Assemblage de\u00a050% Pinot Noir, 50% Chardonnay\u00a0vinifi\u00e9 et \u00e9lev\u00e9 en f\u00fbts de ch\u00eane. Fermentation malolactique partielle. Ces vins sont issus de la vendange 2011 uniquement. Bouteille de 1,5 l. Effervescence Ses&hellip;<\/p>\n","protected":false},"featured_media":2476,"template":"","meta":[],"product_brand":[],"product_cat":[57,36],"product_tag":[],"class_list":{"0":"post-2192","1":"product","2":"type-product","3":"status-publish","4":"has-post-thumbnail","6":"product_cat-57","7":"product_cat-magnum-a-l-aube","9":"first","10":"instock","11":"taxable","12":"shipping-taxable","13":"purchasable","14":"product-type-simple"},"yoast_head":"<!-- This site is optimized with the Yoast SEO plugin v26.9 - https:\/\/yoast.com\/product\/yoast-seo-wordpress\/ -->\n<title>Champagne Brut Nature Mill\u00e9sime 2011 Magnum &#8211; Louise Brison<\/title>\n<meta name=\"description\" content=\"Le magnum mill\u00e9sime 2011 offre des notes fruit\u00e9es et g\u00e9n\u00e9reuses. Assemblage de Pinot Noir et de Chardonnay. Champagne d&#039;ap\u00e9ritif et de repas.\" \/>\n<meta name=\"robots\" content=\"index, follow, max-snippet:-1, max-image-preview:large, max-video-preview:-1\" \/>\n<link rel=\"canonical\" href=\"https:\/\/louise-brison.fr\/en\/produit\/champagne-millesime-2011-a-l-aube-de-la-cote-des-bar-brut-nature-magnum\/\" \/>\n<meta property=\"og:locale\" content=\"en_US\" \/>\n<meta property=\"og:type\" content=\"article\" \/>\n<meta property=\"og:title\" content=\"Champagne Brut Nature Mill\u00e9sime 2011 Magnum &#8211; Louise Brison\" \/>\n<meta property=\"og:description\" content=\"Le magnum mill\u00e9sime 2011 offre des notes fruit\u00e9es et g\u00e9n\u00e9reuses. Assemblage de Pinot Noir et de Chardonnay. Champagne d&#039;ap\u00e9ritif et de repas.\" \/>\n<meta property=\"og:url\" content=\"https:\/\/louise-brison.fr\/en\/produit\/champagne-millesime-2011-a-l-aube-de-la-cote-des-bar-brut-nature-magnum\/\" \/>\n<meta property=\"og:site_name\" content=\"Louise Brison\" \/>\n<meta property=\"article:publisher\" content=\"https:\/\/www.facebook.com\/champagne.louisebrison\/\" \/>\n<meta property=\"article:modified_time\" content=\"2026-02-12T09:27:21+00:00\" \/>\n<meta property=\"og:image\" content=\"https:\/\/louise-brison.fr\/wp-content\/uploads\/2023\/02\/champagne-millesime-2011-magnum-a-l-aube-de-la-cote-des-bar-champagne-louise-brison-1-scaled.jpg\" \/>\n\t<meta property=\"og:image:width\" content=\"592\" \/>\n\t<meta property=\"og:image:height\" content=\"2048\" \/>\n\t<meta property=\"og:image:type\" content=\"image\/jpeg\" \/>\n<meta name=\"twitter:card\" content=\"summary_large_image\" \/>\n<meta name=\"twitter:site\" content=\"@louisebrison\" \/>\n<meta name=\"twitter:label1\" content=\"Est. reading time\" \/>\n\t<meta name=\"twitter:data1\" content=\"1 minute\" \/>\n<script type=\"application\/ld+json\" class=\"yoast-schema-graph\">{\"@context\":\"https:\/\/schema.org\",\"@graph\":[{\"@type\":[\"WebPage\",\"CheckoutPage\"],\"@id\":\"https:\/\/louise-brison.fr\/en\/produit\/champagne-millesime-2011-a-l-aube-de-la-cote-des-bar-brut-nature-magnum\/\",\"url\":\"https:\/\/louise-brison.fr\/en\/produit\/champagne-millesime-2011-a-l-aube-de-la-cote-des-bar-brut-nature-magnum\/\",\"name\":\"Champagne Brut Nature Mill\u00e9sime 2011 Magnum &#8211; Louise Brison\",\"isPartOf\":{\"@id\":\"https:\/\/louise-brison.fr\/en\/#website\"},\"primaryImageOfPage\":{\"@id\":\"https:\/\/louise-brison.fr\/en\/produit\/champagne-millesime-2011-a-l-aube-de-la-cote-des-bar-brut-nature-magnum\/#primaryimage\"},\"image\":{\"@id\":\"https:\/\/louise-brison.fr\/en\/produit\/champagne-millesime-2011-a-l-aube-de-la-cote-des-bar-brut-nature-magnum\/#primaryimage\"},\"thumbnailUrl\":\"https:\/\/louise-brison.fr\/wp-content\/uploads\/2023\/02\/champagne-millesime-2011-magnum-a-l-aube-de-la-cote-des-bar-champagne-louise-brison-1-scaled.jpg\",\"datePublished\":\"2022-05-25T12:36:23+00:00\",\"dateModified\":\"2026-02-12T09:27:21+00:00\",\"description\":\"Le magnum mill\u00e9sime 2011 offre des notes fruit\u00e9es et g\u00e9n\u00e9reuses. Assemblage de Pinot Noir et de Chardonnay. Champagne d'ap\u00e9ritif et de repas.\",\"breadcrumb\":{\"@id\":\"https:\/\/louise-brison.fr\/en\/produit\/champagne-millesime-2011-a-l-aube-de-la-cote-des-bar-brut-nature-magnum\/#breadcrumb\"},\"inLanguage\":\"en-US\",\"potentialAction\":[{\"@type\":\"ReadAction\",\"target\":[\"https:\/\/louise-brison.fr\/en\/produit\/champagne-millesime-2011-a-l-aube-de-la-cote-des-bar-brut-nature-magnum\/\"]}]},{\"@type\":\"ImageObject\",\"inLanguage\":\"en-US\",\"@id\":\"https:\/\/louise-brison.fr\/en\/produit\/champagne-millesime-2011-a-l-aube-de-la-cote-des-bar-brut-nature-magnum\/#primaryimage\",\"url\":\"https:\/\/louise-brison.fr\/wp-content\/uploads\/2023\/02\/champagne-millesime-2011-magnum-a-l-aube-de-la-cote-des-bar-champagne-louise-brison-1-scaled.jpg\",\"contentUrl\":\"https:\/\/louise-brison.fr\/wp-content\/uploads\/2023\/02\/champagne-millesime-2011-magnum-a-l-aube-de-la-cote-des-bar-champagne-louise-brison-1-scaled.jpg\",\"width\":592,\"height\":2048},{\"@type\":\"BreadcrumbList\",\"@id\":\"https:\/\/louise-brison.fr\/en\/produit\/champagne-millesime-2011-a-l-aube-de-la-cote-des-bar-brut-nature-magnum\/#breadcrumb\",\"itemListElement\":[{\"@type\":\"ListItem\",\"position\":1,\"name\":\"Home\",\"item\":\"https:\/\/louise-brison.fr\/en\/\"},{\"@type\":\"ListItem\",\"position\":2,\"name\":\"Shop\",\"item\":\"https:\/\/louise-brison.fr\/en\/shop\/\"},{\"@type\":\"ListItem\",\"position\":3,\"name\":\"Champagne Brut Nature Mill\u00e9sime 2011 Magnum\"}]},{\"@type\":\"WebSite\",\"@id\":\"https:\/\/louise-brison.fr\/en\/#website\",\"url\":\"https:\/\/louise-brison.fr\/en\/\",\"name\":\"Louise Brison\",\"description\":\"Champagne Louise Brison\",\"publisher\":{\"@id\":\"https:\/\/louise-brison.fr\/en\/#organization\"},\"potentialAction\":[{\"@type\":\"SearchAction\",\"target\":{\"@type\":\"EntryPoint\",\"urlTemplate\":\"https:\/\/louise-brison.fr\/en\/?s={search_term_string}\"},\"query-input\":{\"@type\":\"PropertyValueSpecification\",\"valueRequired\":true,\"valueName\":\"search_term_string\"}}],\"inLanguage\":\"en-US\"},{\"@type\":\"Organization\",\"@id\":\"https:\/\/louise-brison.fr\/en\/#organization\",\"name\":\"Louise Brison\",\"url\":\"https:\/\/louise-brison.fr\/en\/\",\"logo\":{\"@type\":\"ImageObject\",\"inLanguage\":\"en-US\",\"@id\":\"https:\/\/louise-brison.fr\/en\/#\/schema\/logo\/image\/\",\"url\":\"https:\/\/louise-brison.fr\/wp-content\/uploads\/2024\/03\/logo-champagne-louise-brison-2.png\",\"contentUrl\":\"https:\/\/louise-brison.fr\/wp-content\/uploads\/2024\/03\/logo-champagne-louise-brison-2.png\",\"width\":512,\"height\":512,\"caption\":\"Louise Brison\"},\"image\":{\"@id\":\"https:\/\/louise-brison.fr\/en\/#\/schema\/logo\/image\/\"},\"sameAs\":[\"https:\/\/www.facebook.com\/champagne.louisebrison\/\",\"https:\/\/x.com\/louisebrison\",\"https:\/\/www.instagram.com\/champagnelouisebrison\/\"]}]}<\/script>\n<!-- \/ Yoast SEO plugin. -->","yoast_head_json":{"title":"Champagne Brut Nature Mill\u00e9sime 2011 Magnum &#8211; Louise Brison","description":"Le magnum mill\u00e9sime 2011 offre des notes fruit\u00e9es et g\u00e9n\u00e9reuses. Assemblage de Pinot Noir et de Chardonnay. Champagne d'ap\u00e9ritif et de repas.","robots":{"index":"index","follow":"follow","max-snippet":"max-snippet:-1","max-image-preview":"max-image-preview:large","max-video-preview":"max-video-preview:-1"},"canonical":"https:\/\/louise-brison.fr\/en\/produit\/champagne-millesime-2011-a-l-aube-de-la-cote-des-bar-brut-nature-magnum\/","og_locale":"en_US","og_type":"article","og_title":"Champagne Brut Nature Mill\u00e9sime 2011 Magnum &#8211; Louise Brison","og_description":"Le magnum mill\u00e9sime 2011 offre des notes fruit\u00e9es et g\u00e9n\u00e9reuses. Assemblage de Pinot Noir et de Chardonnay. Champagne d'ap\u00e9ritif et de repas.","og_url":"https:\/\/louise-brison.fr\/en\/produit\/champagne-millesime-2011-a-l-aube-de-la-cote-des-bar-brut-nature-magnum\/","og_site_name":"Louise Brison","article_publisher":"https:\/\/www.facebook.com\/champagne.louisebrison\/","article_modified_time":"2026-02-12T09:27:21+00:00","og_image":[{"width":592,"height":2048,"url":"https:\/\/louise-brison.fr\/wp-content\/uploads\/2023\/02\/champagne-millesime-2011-magnum-a-l-aube-de-la-cote-des-bar-champagne-louise-brison-1-scaled.jpg","type":"image\/jpeg"}],"twitter_card":"summary_large_image","twitter_site":"@louisebrison","twitter_misc":{"Est. reading time":"1 minute"},"schema":{"@context":"https:\/\/schema.org","@graph":[{"@type":["WebPage","CheckoutPage"],"@id":"https:\/\/louise-brison.fr\/en\/produit\/champagne-millesime-2011-a-l-aube-de-la-cote-des-bar-brut-nature-magnum\/","url":"https:\/\/louise-brison.fr\/en\/produit\/champagne-millesime-2011-a-l-aube-de-la-cote-des-bar-brut-nature-magnum\/","name":"Champagne Brut Nature Mill\u00e9sime 2011 Magnum &#8211; Louise Brison","isPartOf":{"@id":"https:\/\/louise-brison.fr\/en\/#website"},"primaryImageOfPage":{"@id":"https:\/\/louise-brison.fr\/en\/produit\/champagne-millesime-2011-a-l-aube-de-la-cote-des-bar-brut-nature-magnum\/#primaryimage"},"image":{"@id":"https:\/\/louise-brison.fr\/en\/produit\/champagne-millesime-2011-a-l-aube-de-la-cote-des-bar-brut-nature-magnum\/#primaryimage"},"thumbnailUrl":"https:\/\/louise-brison.fr\/wp-content\/uploads\/2023\/02\/champagne-millesime-2011-magnum-a-l-aube-de-la-cote-des-bar-champagne-louise-brison-1-scaled.jpg","datePublished":"2022-05-25T12:36:23+00:00","dateModified":"2026-02-12T09:27:21+00:00","description":"Le magnum mill\u00e9sime 2011 offre des notes fruit\u00e9es et g\u00e9n\u00e9reuses. Assemblage de Pinot Noir et de Chardonnay. Champagne d'ap\u00e9ritif et de repas.","breadcrumb":{"@id":"https:\/\/louise-brison.fr\/en\/produit\/champagne-millesime-2011-a-l-aube-de-la-cote-des-bar-brut-nature-magnum\/#breadcrumb"},"inLanguage":"en-US","potentialAction":[{"@type":"ReadAction","target":["https:\/\/louise-brison.fr\/en\/produit\/champagne-millesime-2011-a-l-aube-de-la-cote-des-bar-brut-nature-magnum\/"]}]},{"@type":"ImageObject","inLanguage":"en-US","@id":"https:\/\/louise-brison.fr\/en\/produit\/champagne-millesime-2011-a-l-aube-de-la-cote-des-bar-brut-nature-magnum\/#primaryimage","url":"https:\/\/louise-brison.fr\/wp-content\/uploads\/2023\/02\/champagne-millesime-2011-magnum-a-l-aube-de-la-cote-des-bar-champagne-louise-brison-1-scaled.jpg","contentUrl":"https:\/\/louise-brison.fr\/wp-content\/uploads\/2023\/02\/champagne-millesime-2011-magnum-a-l-aube-de-la-cote-des-bar-champagne-louise-brison-1-scaled.jpg","width":592,"height":2048},{"@type":"BreadcrumbList","@id":"https:\/\/louise-brison.fr\/en\/produit\/champagne-millesime-2011-a-l-aube-de-la-cote-des-bar-brut-nature-magnum\/#breadcrumb","itemListElement":[{"@type":"ListItem","position":1,"name":"Home","item":"https:\/\/louise-brison.fr\/en\/"},{"@type":"ListItem","position":2,"name":"Shop","item":"https:\/\/louise-brison.fr\/en\/shop\/"},{"@type":"ListItem","position":3,"name":"Champagne Brut Nature Mill\u00e9sime 2011 Magnum"}]},{"@type":"WebSite","@id":"https:\/\/louise-brison.fr\/en\/#website","url":"https:\/\/louise-brison.fr\/en\/","name":"Louise Brison","description":"Champagne Louise Brison","publisher":{"@id":"https:\/\/louise-brison.fr\/en\/#organization"},"potentialAction":[{"@type":"SearchAction","target":{"@type":"EntryPoint","urlTemplate":"https:\/\/louise-brison.fr\/en\/?s={search_term_string}"},"query-input":{"@type":"PropertyValueSpecification","valueRequired":true,"valueName":"search_term_string"}}],"inLanguage":"en-US"},{"@type":"Organization","@id":"https:\/\/louise-brison.fr\/en\/#organization","name":"Louise Brison","url":"https:\/\/louise-brison.fr\/en\/","logo":{"@type":"ImageObject","inLanguage":"en-US","@id":"https:\/\/louise-brison.fr\/en\/#\/schema\/logo\/image\/","url":"https:\/\/louise-brison.fr\/wp-content\/uploads\/2024\/03\/logo-champagne-louise-brison-2.png","contentUrl":"https:\/\/louise-brison.fr\/wp-content\/uploads\/2024\/03\/logo-champagne-louise-brison-2.png","width":512,"height":512,"caption":"Louise Brison"},"image":{"@id":"https:\/\/louise-brison.fr\/en\/#\/schema\/logo\/image\/"},"sameAs":["https:\/\/www.facebook.com\/champagne.louisebrison\/","https:\/\/x.com\/louisebrison","https:\/\/www.instagram.com\/champagnelouisebrison\/"]}]}},"_links":{"self":[{"href":"https:\/\/louise-brison.fr\/en\/wp-json\/wp\/v2\/product\/2192","targetHints":{"allow":["GET"]}}],"collection":[{"href":"https:\/\/louise-brison.fr\/en\/wp-json\/wp\/v2\/product"}],"about":[{"href":"https:\/\/louise-brison.fr\/en\/wp-json\/wp\/v2\/types\/product"}],"wp:featuredmedia":[{"embeddable":true,"href":"https:\/\/louise-brison.fr\/en\/wp-json\/wp\/v2\/media\/2476"}],"wp:attachment":[{"href":"https:\/\/louise-brison.fr\/en\/wp-json\/wp\/v2\/media?parent=2192"}],"wp:term":[{"taxonomy":"product_brand","embeddable":true,"href":"https:\/\/louise-brison.fr\/en\/wp-json\/wp\/v2\/product_brand?post=2192"},{"taxonomy":"product_cat","embeddable":true,"href":"https:\/\/louise-brison.fr\/en\/wp-json\/wp\/v2\/product_cat?post=2192"},{"taxonomy":"product_tag","embeddable":true,"href":"https:\/\/louise-brison.fr\/en\/wp-json\/wp\/v2\/product_tag?post=2192"}],"curies":[{"name":"wp","href":"https:\/\/api.w.org\/{rel}","templated":true}]}}