{"id":2191,"date":"2022-05-25T14:05:51","date_gmt":"2022-05-25T12:05:51","guid":{"rendered":"https:\/\/louise-brison.fr\/?post_type=product&#038;p=2191"},"modified":"2025-04-22T16:10:54","modified_gmt":"2025-04-22T14:10:54","slug":"champagne-millesime-2009-a-l-aube-de-la-cote-des-bar-jeroboam-coffret","status":"publish","type":"product","link":"https:\/\/louise-brison.fr\/en\/produit\/champagne-millesime-2009-a-l-aube-de-la-cote-des-bar-jeroboam-coffret\/","title":{"rendered":"Champagne A l&#8217;Aube de la C\u00f4te des Bar 2009 &#8211; J\u00e9roboam en coffret"},"content":{"rendered":"","protected":false},"excerpt":{"rendered":"","protected":false},"featured_media":2178,"template":"","meta":[],"product_brand":[],"product_cat":[55,38],"product_tag":[],"class_list":{"0":"post-2191","1":"product","2":"type-product","3":"status-publish","4":"has-post-thumbnail","6":"product_cat-55","7":"product_cat-memoire-de-la-cote-des-bar","9":"first","10":"outofstock","11":"taxable","12":"shipping-taxable","13":"product-type-simple"},"yoast_head":"<!-- This site is optimized with the Yoast SEO plugin v26.9 - https:\/\/yoast.com\/product\/yoast-seo-wordpress\/ -->\n<title>Champagne A l&#039;Aube de la C\u00f4te des Bar 2009 - J\u00e9roboam en coffret &#8211; Louise Brison<\/title>\n<meta name=\"description\" content=\"Cuv\u00e9e Louise : j\u00e9roboam de champagne mill\u00e9sime 2009 est une pure merveille d&#039;effervescence et de complexit\u00e9. Tr\u00e8s grand champagne !\" \/>\n<meta name=\"robots\" content=\"index, follow, max-snippet:-1, max-image-preview:large, max-video-preview:-1\" \/>\n<link rel=\"canonical\" href=\"https:\/\/louise-brison.fr\/en\/produit\/champagne-millesime-2009-a-l-aube-de-la-cote-des-bar-jeroboam-coffret\/\" \/>\n<meta property=\"og:locale\" content=\"en_US\" \/>\n<meta property=\"og:type\" content=\"article\" \/>\n<meta property=\"og:title\" content=\"Champagne A l&#039;Aube de la C\u00f4te des Bar 2009 - J\u00e9roboam en coffret &#8211; Louise Brison\" \/>\n<meta property=\"og:description\" content=\"Cuv\u00e9e Louise : j\u00e9roboam de champagne mill\u00e9sime 2009 est une pure merveille d&#039;effervescence et de complexit\u00e9. Tr\u00e8s grand champagne !\" \/>\n<meta property=\"og:url\" content=\"https:\/\/louise-brison.fr\/en\/produit\/champagne-millesime-2009-a-l-aube-de-la-cote-des-bar-jeroboam-coffret\/\" \/>\n<meta property=\"og:site_name\" content=\"Louise Brison\" \/>\n<meta property=\"article:publisher\" content=\"https:\/\/www.facebook.com\/champagne.louisebrison\/\" \/>\n<meta property=\"article:modified_time\" content=\"2025-04-22T14:10:54+00:00\" \/>\n<meta property=\"og:image\" content=\"https:\/\/louise-brison.fr\/wp-content\/uploads\/2022\/05\/mathusalem-jeroboam-magnum-millesime-champagne-louise-brison.jpg\" \/>\n\t<meta property=\"og:image:width\" content=\"1000\" \/>\n\t<meta property=\"og:image:height\" content=\"1244\" \/>\n\t<meta property=\"og:image:type\" content=\"image\/jpeg\" \/>\n<meta name=\"twitter:card\" content=\"summary_large_image\" \/>\n<meta name=\"twitter:site\" content=\"@louisebrison\" \/>\n<meta name=\"twitter:label1\" content=\"Est. reading time\" \/>\n\t<meta name=\"twitter:data1\" content=\"1 minute\" \/>\n<script type=\"application\/ld+json\" class=\"yoast-schema-graph\">{\"@context\":\"https:\/\/schema.org\",\"@graph\":[{\"@type\":[\"WebPage\",\"CheckoutPage\"],\"@id\":\"https:\/\/louise-brison.fr\/en\/produit\/champagne-millesime-2009-a-l-aube-de-la-cote-des-bar-jeroboam-coffret\/\",\"url\":\"https:\/\/louise-brison.fr\/en\/produit\/champagne-millesime-2009-a-l-aube-de-la-cote-des-bar-jeroboam-coffret\/\",\"name\":\"Champagne A l'Aube de la C\u00f4te des Bar 2009 - J\u00e9roboam en coffret &#8211; Louise Brison\",\"isPartOf\":{\"@id\":\"https:\/\/louise-brison.fr\/en\/#website\"},\"primaryImageOfPage\":{\"@id\":\"https:\/\/louise-brison.fr\/en\/produit\/champagne-millesime-2009-a-l-aube-de-la-cote-des-bar-jeroboam-coffret\/#primaryimage\"},\"image\":{\"@id\":\"https:\/\/louise-brison.fr\/en\/produit\/champagne-millesime-2009-a-l-aube-de-la-cote-des-bar-jeroboam-coffret\/#primaryimage\"},\"thumbnailUrl\":\"https:\/\/louise-brison.fr\/wp-content\/uploads\/2022\/05\/mathusalem-jeroboam-magnum-millesime-champagne-louise-brison.jpg\",\"datePublished\":\"2022-05-25T12:05:51+00:00\",\"dateModified\":\"2025-04-22T14:10:54+00:00\",\"description\":\"Cuv\u00e9e Louise : j\u00e9roboam de champagne mill\u00e9sime 2009 est une pure merveille d'effervescence et de complexit\u00e9. Tr\u00e8s grand champagne !\",\"breadcrumb\":{\"@id\":\"https:\/\/louise-brison.fr\/en\/produit\/champagne-millesime-2009-a-l-aube-de-la-cote-des-bar-jeroboam-coffret\/#breadcrumb\"},\"inLanguage\":\"en-US\",\"potentialAction\":[{\"@type\":\"ReadAction\",\"target\":[\"https:\/\/louise-brison.fr\/en\/produit\/champagne-millesime-2009-a-l-aube-de-la-cote-des-bar-jeroboam-coffret\/\"]}]},{\"@type\":\"ImageObject\",\"inLanguage\":\"en-US\",\"@id\":\"https:\/\/louise-brison.fr\/en\/produit\/champagne-millesime-2009-a-l-aube-de-la-cote-des-bar-jeroboam-coffret\/#primaryimage\",\"url\":\"https:\/\/louise-brison.fr\/wp-content\/uploads\/2022\/05\/mathusalem-jeroboam-magnum-millesime-champagne-louise-brison.jpg\",\"contentUrl\":\"https:\/\/louise-brison.fr\/wp-content\/uploads\/2022\/05\/mathusalem-jeroboam-magnum-millesime-champagne-louise-brison.jpg\",\"width\":1000,\"height\":1244},{\"@type\":\"BreadcrumbList\",\"@id\":\"https:\/\/louise-brison.fr\/en\/produit\/champagne-millesime-2009-a-l-aube-de-la-cote-des-bar-jeroboam-coffret\/#breadcrumb\",\"itemListElement\":[{\"@type\":\"ListItem\",\"position\":1,\"name\":\"Home\",\"item\":\"https:\/\/louise-brison.fr\/en\/\"},{\"@type\":\"ListItem\",\"position\":2,\"name\":\"Shop\",\"item\":\"https:\/\/louise-brison.fr\/en\/shop\/\"},{\"@type\":\"ListItem\",\"position\":3,\"name\":\"Champagne A l&#8217;Aube de la C\u00f4te des Bar 2009 &#8211; J\u00e9roboam en coffret\"}]},{\"@type\":\"WebSite\",\"@id\":\"https:\/\/louise-brison.fr\/en\/#website\",\"url\":\"https:\/\/louise-brison.fr\/en\/\",\"name\":\"Louise Brison\",\"description\":\"Champagne Louise Brison\",\"publisher\":{\"@id\":\"https:\/\/louise-brison.fr\/en\/#organization\"},\"potentialAction\":[{\"@type\":\"SearchAction\",\"target\":{\"@type\":\"EntryPoint\",\"urlTemplate\":\"https:\/\/louise-brison.fr\/en\/?s={search_term_string}\"},\"query-input\":{\"@type\":\"PropertyValueSpecification\",\"valueRequired\":true,\"valueName\":\"search_term_string\"}}],\"inLanguage\":\"en-US\"},{\"@type\":\"Organization\",\"@id\":\"https:\/\/louise-brison.fr\/en\/#organization\",\"name\":\"Louise Brison\",\"url\":\"https:\/\/louise-brison.fr\/en\/\",\"logo\":{\"@type\":\"ImageObject\",\"inLanguage\":\"en-US\",\"@id\":\"https:\/\/louise-brison.fr\/en\/#\/schema\/logo\/image\/\",\"url\":\"https:\/\/louise-brison.fr\/wp-content\/uploads\/2024\/03\/logo-champagne-louise-brison-2.png\",\"contentUrl\":\"https:\/\/louise-brison.fr\/wp-content\/uploads\/2024\/03\/logo-champagne-louise-brison-2.png\",\"width\":512,\"height\":512,\"caption\":\"Louise Brison\"},\"image\":{\"@id\":\"https:\/\/louise-brison.fr\/en\/#\/schema\/logo\/image\/\"},\"sameAs\":[\"https:\/\/www.facebook.com\/champagne.louisebrison\/\",\"https:\/\/x.com\/louisebrison\",\"https:\/\/www.instagram.com\/champagnelouisebrison\/\"]}]}<\/script>\n<!-- \/ Yoast SEO plugin. -->","yoast_head_json":{"title":"Champagne A l'Aube de la C\u00f4te des Bar 2009 - J\u00e9roboam en coffret &#8211; Louise Brison","description":"Cuv\u00e9e Louise : j\u00e9roboam de champagne mill\u00e9sime 2009 est une pure merveille d'effervescence et de complexit\u00e9. Tr\u00e8s grand champagne !","robots":{"index":"index","follow":"follow","max-snippet":"max-snippet:-1","max-image-preview":"max-image-preview:large","max-video-preview":"max-video-preview:-1"},"canonical":"https:\/\/louise-brison.fr\/en\/produit\/champagne-millesime-2009-a-l-aube-de-la-cote-des-bar-jeroboam-coffret\/","og_locale":"en_US","og_type":"article","og_title":"Champagne A l'Aube de la C\u00f4te des Bar 2009 - J\u00e9roboam en coffret &#8211; Louise Brison","og_description":"Cuv\u00e9e Louise : j\u00e9roboam de champagne mill\u00e9sime 2009 est une pure merveille d'effervescence et de complexit\u00e9. Tr\u00e8s grand champagne !","og_url":"https:\/\/louise-brison.fr\/en\/produit\/champagne-millesime-2009-a-l-aube-de-la-cote-des-bar-jeroboam-coffret\/","og_site_name":"Louise Brison","article_publisher":"https:\/\/www.facebook.com\/champagne.louisebrison\/","article_modified_time":"2025-04-22T14:10:54+00:00","og_image":[{"width":1000,"height":1244,"url":"https:\/\/louise-brison.fr\/wp-content\/uploads\/2022\/05\/mathusalem-jeroboam-magnum-millesime-champagne-louise-brison.jpg","type":"image\/jpeg"}],"twitter_card":"summary_large_image","twitter_site":"@louisebrison","twitter_misc":{"Est. reading time":"1 minute"},"schema":{"@context":"https:\/\/schema.org","@graph":[{"@type":["WebPage","CheckoutPage"],"@id":"https:\/\/louise-brison.fr\/en\/produit\/champagne-millesime-2009-a-l-aube-de-la-cote-des-bar-jeroboam-coffret\/","url":"https:\/\/louise-brison.fr\/en\/produit\/champagne-millesime-2009-a-l-aube-de-la-cote-des-bar-jeroboam-coffret\/","name":"Champagne A l'Aube de la C\u00f4te des Bar 2009 - J\u00e9roboam en coffret &#8211; Louise Brison","isPartOf":{"@id":"https:\/\/louise-brison.fr\/en\/#website"},"primaryImageOfPage":{"@id":"https:\/\/louise-brison.fr\/en\/produit\/champagne-millesime-2009-a-l-aube-de-la-cote-des-bar-jeroboam-coffret\/#primaryimage"},"image":{"@id":"https:\/\/louise-brison.fr\/en\/produit\/champagne-millesime-2009-a-l-aube-de-la-cote-des-bar-jeroboam-coffret\/#primaryimage"},"thumbnailUrl":"https:\/\/louise-brison.fr\/wp-content\/uploads\/2022\/05\/mathusalem-jeroboam-magnum-millesime-champagne-louise-brison.jpg","datePublished":"2022-05-25T12:05:51+00:00","dateModified":"2025-04-22T14:10:54+00:00","description":"Cuv\u00e9e Louise : j\u00e9roboam de champagne mill\u00e9sime 2009 est une pure merveille d'effervescence et de complexit\u00e9. Tr\u00e8s grand champagne !","breadcrumb":{"@id":"https:\/\/louise-brison.fr\/en\/produit\/champagne-millesime-2009-a-l-aube-de-la-cote-des-bar-jeroboam-coffret\/#breadcrumb"},"inLanguage":"en-US","potentialAction":[{"@type":"ReadAction","target":["https:\/\/louise-brison.fr\/en\/produit\/champagne-millesime-2009-a-l-aube-de-la-cote-des-bar-jeroboam-coffret\/"]}]},{"@type":"ImageObject","inLanguage":"en-US","@id":"https:\/\/louise-brison.fr\/en\/produit\/champagne-millesime-2009-a-l-aube-de-la-cote-des-bar-jeroboam-coffret\/#primaryimage","url":"https:\/\/louise-brison.fr\/wp-content\/uploads\/2022\/05\/mathusalem-jeroboam-magnum-millesime-champagne-louise-brison.jpg","contentUrl":"https:\/\/louise-brison.fr\/wp-content\/uploads\/2022\/05\/mathusalem-jeroboam-magnum-millesime-champagne-louise-brison.jpg","width":1000,"height":1244},{"@type":"BreadcrumbList","@id":"https:\/\/louise-brison.fr\/en\/produit\/champagne-millesime-2009-a-l-aube-de-la-cote-des-bar-jeroboam-coffret\/#breadcrumb","itemListElement":[{"@type":"ListItem","position":1,"name":"Home","item":"https:\/\/louise-brison.fr\/en\/"},{"@type":"ListItem","position":2,"name":"Shop","item":"https:\/\/louise-brison.fr\/en\/shop\/"},{"@type":"ListItem","position":3,"name":"Champagne A l&#8217;Aube de la C\u00f4te des Bar 2009 &#8211; J\u00e9roboam en coffret"}]},{"@type":"WebSite","@id":"https:\/\/louise-brison.fr\/en\/#website","url":"https:\/\/louise-brison.fr\/en\/","name":"Louise Brison","description":"Champagne Louise Brison","publisher":{"@id":"https:\/\/louise-brison.fr\/en\/#organization"},"potentialAction":[{"@type":"SearchAction","target":{"@type":"EntryPoint","urlTemplate":"https:\/\/louise-brison.fr\/en\/?s={search_term_string}"},"query-input":{"@type":"PropertyValueSpecification","valueRequired":true,"valueName":"search_term_string"}}],"inLanguage":"en-US"},{"@type":"Organization","@id":"https:\/\/louise-brison.fr\/en\/#organization","name":"Louise Brison","url":"https:\/\/louise-brison.fr\/en\/","logo":{"@type":"ImageObject","inLanguage":"en-US","@id":"https:\/\/louise-brison.fr\/en\/#\/schema\/logo\/image\/","url":"https:\/\/louise-brison.fr\/wp-content\/uploads\/2024\/03\/logo-champagne-louise-brison-2.png","contentUrl":"https:\/\/louise-brison.fr\/wp-content\/uploads\/2024\/03\/logo-champagne-louise-brison-2.png","width":512,"height":512,"caption":"Louise Brison"},"image":{"@id":"https:\/\/louise-brison.fr\/en\/#\/schema\/logo\/image\/"},"sameAs":["https:\/\/www.facebook.com\/champagne.louisebrison\/","https:\/\/x.com\/louisebrison","https:\/\/www.instagram.com\/champagnelouisebrison\/"]}]}},"_links":{"self":[{"href":"https:\/\/louise-brison.fr\/en\/wp-json\/wp\/v2\/product\/2191","targetHints":{"allow":["GET"]}}],"collection":[{"href":"https:\/\/louise-brison.fr\/en\/wp-json\/wp\/v2\/product"}],"about":[{"href":"https:\/\/louise-brison.fr\/en\/wp-json\/wp\/v2\/types\/product"}],"wp:featuredmedia":[{"embeddable":true,"href":"https:\/\/louise-brison.fr\/en\/wp-json\/wp\/v2\/media\/2178"}],"wp:attachment":[{"href":"https:\/\/louise-brison.fr\/en\/wp-json\/wp\/v2\/media?parent=2191"}],"wp:term":[{"taxonomy":"product_brand","embeddable":true,"href":"https:\/\/louise-brison.fr\/en\/wp-json\/wp\/v2\/product_brand?post=2191"},{"taxonomy":"product_cat","embeddable":true,"href":"https:\/\/louise-brison.fr\/en\/wp-json\/wp\/v2\/product_cat?post=2191"},{"taxonomy":"product_tag","embeddable":true,"href":"https:\/\/louise-brison.fr\/en\/wp-json\/wp\/v2\/product_tag?post=2191"}],"curies":[{"name":"wp","href":"https:\/\/api.w.org\/{rel}","templated":true}]}}