{"id":1386,"date":"2020-07-07T11:24:58","date_gmt":"2020-07-07T09:24:58","guid":{"rendered":"https:\/\/louise-brison.fr\/une-histoire-de-famille-2\/"},"modified":"2024-02-28T09:34:29","modified_gmt":"2024-02-28T08:34:29","slug":"une-histoire-de-famille-2","status":"publish","type":"page","link":"https:\/\/louise-brison.fr\/en\/une-histoire-de-famille-2\/","title":{"rendered":"A Family Story"},"content":{"rendered":"<p><strong>ROOTED IN THE SOIL<\/strong><br \/><strong><br \/><\/strong>Above all<strong>, Louise Brison<\/strong>, is a family story, of technical know-how and human relations over 4 generations.<br \/>In 1900, Louise Brison eked out a living on a few acres of vines at a time when wine making was not very lucrative.<\/p>\n<p><img fetchpriority=\"high\" decoding=\"async\" class=\"size-medium wp-image-1530 aligncenter\" src=\"https:\/\/louise-brison.fr\/wp-content\/uploads\/2021\/04\/louise-brison-generation-champagne-millesime-218x300.jpg\" alt=\"\" width=\"218\" height=\"300\" srcset=\"https:\/\/louise-brison.fr\/wp-content\/uploads\/2021\/04\/louise-brison-generation-champagne-millesime-218x300.jpg 218w, https:\/\/louise-brison.fr\/wp-content\/uploads\/2021\/04\/louise-brison-generation-champagne-millesime-450x618.jpg 450w, https:\/\/louise-brison.fr\/wp-content\/uploads\/2021\/04\/louise-brison-generation-champagne-millesime-600x824.jpg 600w, https:\/\/louise-brison.fr\/wp-content\/uploads\/2021\/04\/louise-brison-generation-champagne-millesime-745x1024.jpg 745w, https:\/\/louise-brison.fr\/wp-content\/uploads\/2021\/04\/louise-brison-generation-champagne-millesime-768x1055.jpg 768w, https:\/\/louise-brison.fr\/wp-content\/uploads\/2021\/04\/louise-brison-generation-champagne-millesime.jpg 1000w\" sizes=\"(max-width: 218px) 100vw, 218px\" \/><\/p>\n<p><strong>Thanks to her tenacity, <\/strong>the future generations were able to cintinue her work and the estate took on a new direction <strong>in 1991, with Francis BRULEZ, who began producing vintage Champagnes aged in oak barrels.<br \/><\/strong><\/p>\n<p><strong><img decoding=\"async\" class=\"size-medium wp-image-1519 aligncenter\" src=\"https:\/\/louise-brison.fr\/wp-content\/uploads\/2021\/04\/brulezfranciscave-300x230.gif\" alt=\"\" width=\"300\" height=\"230\" srcset=\"https:\/\/louise-brison.fr\/wp-content\/uploads\/2021\/04\/brulezfranciscave-300x230.gif 300w, https:\/\/louise-brison.fr\/wp-content\/uploads\/2021\/04\/brulezfranciscave-450x344.gif 450w, https:\/\/louise-brison.fr\/wp-content\/uploads\/2021\/04\/brulezfranciscave-600x459.gif 600w, https:\/\/louise-brison.fr\/wp-content\/uploads\/2021\/04\/brulezfranciscave-1024x783.gif 1024w, https:\/\/louise-brison.fr\/wp-content\/uploads\/2021\/04\/brulezfranciscave-768x588.gif 768w\" sizes=\"(max-width: 300px) 100vw, 300px\" \/><br \/><\/strong><\/p>\n<p><a class=\"inited\" href=\"https:\/\/www.youtube.com\/watch?v=Kik6QfKwYv8\" rel=\"magnific-video\" data-effect=\"mfp-zoom-in\">INHERITED PASSION<\/a><\/p>\n<p>Given her deep attachment to this land, it was <strong>Delphine BRULEZ, <\/strong>agronomist engeneer and oenologist, who rose to the challenge of\u00a0 perpetuating it today <strong>with a naturel evolution towards a organic viticulture.<\/strong><\/p>\n<blockquote>\n<p>&#8220;I am proud to produce Champagne which come from a magnificent terroir, chossen by my great grandmother, Louise Brison, more than 100 years ago. She started with nothing, or close to nothing, but she was determined to keep and cultivate this land. My work today is a tribute to this great lady, who lived an ordinary life, bt created an extraordinary future !&#8221;<br \/>By producing the Louise Brison Champagnes today, i am building my own bridge between the past and the future, in the hope that it reaches back through the generations. It can sometimes be difficult to cope with the day to day demands of our job. Especially when the vines are in full growth. If nature is kind, it is easier to manage, and if it decides to be capricious, we have to be able to rethink our methods, take decisions in order to adapt, by swallowing a big piece of humble pie.<br \/>It is the difficult vintages that teach us our business!&#8221;<\/p>\n<\/blockquote>\n<p>Going to the end of a specific method to vintages to create our uniqueness required a great deal of courage and perseverence&#8230;<\/p>\n<p><strong><img decoding=\"async\" class=\"size-medium wp-image-1522 aligncenter\" src=\"https:\/\/louise-brison.fr\/wp-content\/uploads\/2021\/04\/delphine-brulez-oenologue-champagne-louise-brison-200x300.jpg\" alt=\"\" width=\"200\" height=\"300\" srcset=\"https:\/\/louise-brison.fr\/wp-content\/uploads\/2021\/04\/delphine-brulez-oenologue-champagne-louise-brison-200x300.jpg 200w, https:\/\/louise-brison.fr\/wp-content\/uploads\/2021\/04\/delphine-brulez-oenologue-champagne-louise-brison-450x674.jpg 450w, https:\/\/louise-brison.fr\/wp-content\/uploads\/2021\/04\/delphine-brulez-oenologue-champagne-louise-brison-600x899.jpg 600w, https:\/\/louise-brison.fr\/wp-content\/uploads\/2021\/04\/delphine-brulez-oenologue-champagne-louise-brison-684x1024.jpg 684w, https:\/\/louise-brison.fr\/wp-content\/uploads\/2021\/04\/delphine-brulez-oenologue-champagne-louise-brison-768x1150.jpg 768w, https:\/\/louise-brison.fr\/wp-content\/uploads\/2021\/04\/delphine-brulez-oenologue-champagne-louise-brison.jpg 1000w\" sizes=\"(max-width: 200px) 100vw, 200px\" \/><\/strong><\/p>\n<p><strong>Revue de presse<\/strong> :<\/p>\n<p>Winemag.com, <a href=\"https:\/\/www.winemag.com\/2021\/02\/16\/women-in-champagne\/?fbclid=IwAR3CLswQEoMPp0EE6WGNTn8LeJ0EjiFG47WxnJzTXjTjerWskxlHa5WdU_Y\">Fizz in the Family : Female-Run Champagne Houses<\/a> par Roger VOSS<\/p>\n<p>Delphine Brulez, <a href=\"https:\/\/www.les-millesimes-de-louise.fr\/2018\/06\/08\/incarnation-millesimee-de-louise-brison\/\">Incarnation mill\u00e9sim\u00e9es de Louise Brison<\/a> par Philippe SCHILDE<\/p>\n<p><a href=\"https:\/\/genuinewines.com\/en\/blog\/meet-the-winemaker-delphine-brulez-champagne-louise-brison\/\">Rencontre avec la vigneronne \u2013 Delphine Brulez<\/a>, Champagne Louise Brison par GENUINE WINES<\/p>\n<p>\u00a0<\/p>\n\n\n<p><\/p>\n","protected":false},"excerpt":{"rendered":"<p>ROOTED IN THE SOILAbove all, Louise Brison, is a family story, of technical know-how and human relations over 4 generations.In 1900, Louise Brison eked out a living on a few&hellip;<\/p>\n","protected":false},"author":2,"featured_media":0,"parent":0,"menu_order":0,"comment_status":"closed","ping_status":"closed","template":"","meta":{"footnotes":""},"class_list":["post-1386","page","type-page","status-publish","hentry"],"yoast_head":"<!-- This site is optimized with the Yoast SEO plugin v26.9 - https:\/\/yoast.com\/product\/yoast-seo-wordpress\/ -->\n<title>A Family Story &#8211; Louise Brison<\/title>\n<meta name=\"description\" content=\"Les racines dans la terre ou la passion en h\u00e9ritage ! La singularit\u00e9 des Champagnes Louise Brison r\u00e9side dans ces mill\u00e9simes...\" \/>\n<meta name=\"robots\" content=\"index, follow, max-snippet:-1, max-image-preview:large, max-video-preview:-1\" \/>\n<link rel=\"canonical\" href=\"https:\/\/louise-brison.fr\/en\/une-histoire-de-famille-2\/\" \/>\n<meta property=\"og:locale\" content=\"en_US\" \/>\n<meta property=\"og:type\" content=\"article\" \/>\n<meta property=\"og:title\" content=\"A Family Story &#8211; Louise Brison\" \/>\n<meta property=\"og:description\" content=\"Les racines dans la terre ou la passion en h\u00e9ritage ! La singularit\u00e9 des Champagnes Louise Brison r\u00e9side dans ces mill\u00e9simes...\" \/>\n<meta property=\"og:url\" content=\"https:\/\/louise-brison.fr\/en\/une-histoire-de-famille-2\/\" \/>\n<meta property=\"og:site_name\" content=\"Louise Brison\" \/>\n<meta property=\"article:publisher\" content=\"https:\/\/www.facebook.com\/champagne.louisebrison\/\" \/>\n<meta property=\"article:modified_time\" content=\"2024-02-28T08:34:29+00:00\" \/>\n<meta property=\"og:image\" content=\"https:\/\/louise-brison.fr\/wp-content\/uploads\/2021\/04\/louise-brison-generation-champagne-millesime-218x300.jpg\" \/>\n<meta name=\"twitter:card\" content=\"summary_large_image\" \/>\n<meta name=\"twitter:site\" content=\"@louisebrison\" \/>\n<meta name=\"twitter:label1\" content=\"Est. reading time\" \/>\n\t<meta name=\"twitter:data1\" content=\"2 minutes\" \/>\n<script type=\"application\/ld+json\" class=\"yoast-schema-graph\">{\"@context\":\"https:\/\/schema.org\",\"@graph\":[{\"@type\":\"WebPage\",\"@id\":\"https:\/\/louise-brison.fr\/en\/une-histoire-de-famille-2\/\",\"url\":\"https:\/\/louise-brison.fr\/en\/une-histoire-de-famille-2\/\",\"name\":\"A Family Story &#8211; Louise Brison\",\"isPartOf\":{\"@id\":\"https:\/\/louise-brison.fr\/en\/#website\"},\"primaryImageOfPage\":{\"@id\":\"https:\/\/louise-brison.fr\/en\/une-histoire-de-famille-2\/#primaryimage\"},\"image\":{\"@id\":\"https:\/\/louise-brison.fr\/en\/une-histoire-de-famille-2\/#primaryimage\"},\"thumbnailUrl\":\"https:\/\/louise-brison.fr\/wp-content\/uploads\/2021\/04\/louise-brison-generation-champagne-millesime-218x300.jpg\",\"datePublished\":\"2020-07-07T09:24:58+00:00\",\"dateModified\":\"2024-02-28T08:34:29+00:00\",\"description\":\"Les racines dans la terre ou la passion en h\u00e9ritage ! La singularit\u00e9 des Champagnes Louise Brison r\u00e9side dans ces mill\u00e9simes...\",\"breadcrumb\":{\"@id\":\"https:\/\/louise-brison.fr\/en\/une-histoire-de-famille-2\/#breadcrumb\"},\"inLanguage\":\"en-US\",\"potentialAction\":[{\"@type\":\"ReadAction\",\"target\":[\"https:\/\/louise-brison.fr\/en\/une-histoire-de-famille-2\/\"]}]},{\"@type\":\"ImageObject\",\"inLanguage\":\"en-US\",\"@id\":\"https:\/\/louise-brison.fr\/en\/une-histoire-de-famille-2\/#primaryimage\",\"url\":\"https:\/\/louise-brison.fr\/wp-content\/uploads\/2021\/04\/louise-brison-generation-champagne-millesime-218x300.jpg\",\"contentUrl\":\"https:\/\/louise-brison.fr\/wp-content\/uploads\/2021\/04\/louise-brison-generation-champagne-millesime-218x300.jpg\"},{\"@type\":\"BreadcrumbList\",\"@id\":\"https:\/\/louise-brison.fr\/en\/une-histoire-de-famille-2\/#breadcrumb\",\"itemListElement\":[{\"@type\":\"ListItem\",\"position\":1,\"name\":\"Home\",\"item\":\"https:\/\/louise-brison.fr\/en\/\"},{\"@type\":\"ListItem\",\"position\":2,\"name\":\"A Family Story\"}]},{\"@type\":\"WebSite\",\"@id\":\"https:\/\/louise-brison.fr\/en\/#website\",\"url\":\"https:\/\/louise-brison.fr\/en\/\",\"name\":\"Louise Brison\",\"description\":\"Champagne Louise Brison\",\"publisher\":{\"@id\":\"https:\/\/louise-brison.fr\/en\/#organization\"},\"potentialAction\":[{\"@type\":\"SearchAction\",\"target\":{\"@type\":\"EntryPoint\",\"urlTemplate\":\"https:\/\/louise-brison.fr\/en\/?s={search_term_string}\"},\"query-input\":{\"@type\":\"PropertyValueSpecification\",\"valueRequired\":true,\"valueName\":\"search_term_string\"}}],\"inLanguage\":\"en-US\"},{\"@type\":\"Organization\",\"@id\":\"https:\/\/louise-brison.fr\/en\/#organization\",\"name\":\"Louise Brison\",\"url\":\"https:\/\/louise-brison.fr\/en\/\",\"logo\":{\"@type\":\"ImageObject\",\"inLanguage\":\"en-US\",\"@id\":\"https:\/\/louise-brison.fr\/en\/#\/schema\/logo\/image\/\",\"url\":\"https:\/\/louise-brison.fr\/wp-content\/uploads\/2024\/03\/logo-champagne-louise-brison-2.png\",\"contentUrl\":\"https:\/\/louise-brison.fr\/wp-content\/uploads\/2024\/03\/logo-champagne-louise-brison-2.png\",\"width\":512,\"height\":512,\"caption\":\"Louise Brison\"},\"image\":{\"@id\":\"https:\/\/louise-brison.fr\/en\/#\/schema\/logo\/image\/\"},\"sameAs\":[\"https:\/\/www.facebook.com\/champagne.louisebrison\/\",\"https:\/\/x.com\/louisebrison\",\"https:\/\/www.instagram.com\/champagnelouisebrison\/\"]}]}<\/script>\n<!-- \/ Yoast SEO plugin. -->","yoast_head_json":{"title":"A Family Story &#8211; Louise Brison","description":"Les racines dans la terre ou la passion en h\u00e9ritage ! La singularit\u00e9 des Champagnes Louise Brison r\u00e9side dans ces mill\u00e9simes...","robots":{"index":"index","follow":"follow","max-snippet":"max-snippet:-1","max-image-preview":"max-image-preview:large","max-video-preview":"max-video-preview:-1"},"canonical":"https:\/\/louise-brison.fr\/en\/une-histoire-de-famille-2\/","og_locale":"en_US","og_type":"article","og_title":"A Family Story &#8211; Louise Brison","og_description":"Les racines dans la terre ou la passion en h\u00e9ritage ! La singularit\u00e9 des Champagnes Louise Brison r\u00e9side dans ces mill\u00e9simes...","og_url":"https:\/\/louise-brison.fr\/en\/une-histoire-de-famille-2\/","og_site_name":"Louise Brison","article_publisher":"https:\/\/www.facebook.com\/champagne.louisebrison\/","article_modified_time":"2024-02-28T08:34:29+00:00","og_image":[{"url":"https:\/\/louise-brison.fr\/wp-content\/uploads\/2021\/04\/louise-brison-generation-champagne-millesime-218x300.jpg","type":"","width":"","height":""}],"twitter_card":"summary_large_image","twitter_site":"@louisebrison","twitter_misc":{"Est. reading time":"2 minutes"},"schema":{"@context":"https:\/\/schema.org","@graph":[{"@type":"WebPage","@id":"https:\/\/louise-brison.fr\/en\/une-histoire-de-famille-2\/","url":"https:\/\/louise-brison.fr\/en\/une-histoire-de-famille-2\/","name":"A Family Story &#8211; Louise Brison","isPartOf":{"@id":"https:\/\/louise-brison.fr\/en\/#website"},"primaryImageOfPage":{"@id":"https:\/\/louise-brison.fr\/en\/une-histoire-de-famille-2\/#primaryimage"},"image":{"@id":"https:\/\/louise-brison.fr\/en\/une-histoire-de-famille-2\/#primaryimage"},"thumbnailUrl":"https:\/\/louise-brison.fr\/wp-content\/uploads\/2021\/04\/louise-brison-generation-champagne-millesime-218x300.jpg","datePublished":"2020-07-07T09:24:58+00:00","dateModified":"2024-02-28T08:34:29+00:00","description":"Les racines dans la terre ou la passion en h\u00e9ritage ! La singularit\u00e9 des Champagnes Louise Brison r\u00e9side dans ces mill\u00e9simes...","breadcrumb":{"@id":"https:\/\/louise-brison.fr\/en\/une-histoire-de-famille-2\/#breadcrumb"},"inLanguage":"en-US","potentialAction":[{"@type":"ReadAction","target":["https:\/\/louise-brison.fr\/en\/une-histoire-de-famille-2\/"]}]},{"@type":"ImageObject","inLanguage":"en-US","@id":"https:\/\/louise-brison.fr\/en\/une-histoire-de-famille-2\/#primaryimage","url":"https:\/\/louise-brison.fr\/wp-content\/uploads\/2021\/04\/louise-brison-generation-champagne-millesime-218x300.jpg","contentUrl":"https:\/\/louise-brison.fr\/wp-content\/uploads\/2021\/04\/louise-brison-generation-champagne-millesime-218x300.jpg"},{"@type":"BreadcrumbList","@id":"https:\/\/louise-brison.fr\/en\/une-histoire-de-famille-2\/#breadcrumb","itemListElement":[{"@type":"ListItem","position":1,"name":"Home","item":"https:\/\/louise-brison.fr\/en\/"},{"@type":"ListItem","position":2,"name":"A Family Story"}]},{"@type":"WebSite","@id":"https:\/\/louise-brison.fr\/en\/#website","url":"https:\/\/louise-brison.fr\/en\/","name":"Louise Brison","description":"Champagne Louise Brison","publisher":{"@id":"https:\/\/louise-brison.fr\/en\/#organization"},"potentialAction":[{"@type":"SearchAction","target":{"@type":"EntryPoint","urlTemplate":"https:\/\/louise-brison.fr\/en\/?s={search_term_string}"},"query-input":{"@type":"PropertyValueSpecification","valueRequired":true,"valueName":"search_term_string"}}],"inLanguage":"en-US"},{"@type":"Organization","@id":"https:\/\/louise-brison.fr\/en\/#organization","name":"Louise Brison","url":"https:\/\/louise-brison.fr\/en\/","logo":{"@type":"ImageObject","inLanguage":"en-US","@id":"https:\/\/louise-brison.fr\/en\/#\/schema\/logo\/image\/","url":"https:\/\/louise-brison.fr\/wp-content\/uploads\/2024\/03\/logo-champagne-louise-brison-2.png","contentUrl":"https:\/\/louise-brison.fr\/wp-content\/uploads\/2024\/03\/logo-champagne-louise-brison-2.png","width":512,"height":512,"caption":"Louise Brison"},"image":{"@id":"https:\/\/louise-brison.fr\/en\/#\/schema\/logo\/image\/"},"sameAs":["https:\/\/www.facebook.com\/champagne.louisebrison\/","https:\/\/x.com\/louisebrison","https:\/\/www.instagram.com\/champagnelouisebrison\/"]}]}},"_links":{"self":[{"href":"https:\/\/louise-brison.fr\/en\/wp-json\/wp\/v2\/pages\/1386","targetHints":{"allow":["GET"]}}],"collection":[{"href":"https:\/\/louise-brison.fr\/en\/wp-json\/wp\/v2\/pages"}],"about":[{"href":"https:\/\/louise-brison.fr\/en\/wp-json\/wp\/v2\/types\/page"}],"author":[{"embeddable":true,"href":"https:\/\/louise-brison.fr\/en\/wp-json\/wp\/v2\/users\/2"}],"replies":[{"embeddable":true,"href":"https:\/\/louise-brison.fr\/en\/wp-json\/wp\/v2\/comments?post=1386"}],"version-history":[{"count":5,"href":"https:\/\/louise-brison.fr\/en\/wp-json\/wp\/v2\/pages\/1386\/revisions"}],"predecessor-version":[{"id":2221,"href":"https:\/\/louise-brison.fr\/en\/wp-json\/wp\/v2\/pages\/1386\/revisions\/2221"}],"wp:attachment":[{"href":"https:\/\/louise-brison.fr\/en\/wp-json\/wp\/v2\/media?parent=1386"}],"curies":[{"name":"wp","href":"https:\/\/api.w.org\/{rel}","templated":true}]}}