{"id":1376,"date":"2020-07-23T11:26:23","date_gmt":"2020-07-23T09:26:23","guid":{"rendered":"https:\/\/louise-brison.fr\/nos-liens\/"},"modified":"2025-03-21T10:57:05","modified_gmt":"2025-03-21T09:57:05","slug":"nos-liens","status":"publish","type":"page","link":"https:\/\/louise-brison.fr\/en\/nos-liens\/","title":{"rendered":"Our links"},"content":{"rendered":"<ul>\n<li><strong>Association des Champagnes Biologiques<br \/>\n<\/strong><b>Offering the best of Champagne\u2019s terroir in all its diverse splendor while preserving the utmost respect for the environment<\/b> \u2013 All of our members share this same conviction, whether they are part of that original group of pioneers or just beginning conversion to organic practices. <a href=\"https:\/\/champagnesbiologiques.fr\/en\/home\/\">HOME &#8211; Association Des Champagnes Biologiques<\/a><br \/>\n<a href=\"https:\/\/champagnesbiologiques.fr\/en\/bulles-bio-2025-gb\/\">BULLES BIO 2025 GB &#8211; Association Des Champagnes Biologiques<\/a> &#8211; Tasting 15\/04\/2025<\/li>\n<li><strong>Le Printemps des Champagnes<\/strong><br \/>\n<a href=\"https:\/\/www.printemps-des-champagnes.com\/\">Accueil Printemps des Champagnes 2024 &#8211; Le Printemps des Champagnes<\/a><br \/>\nEmpreinte C\u00f4te des Bar : <a href=\"https:\/\/www.printemps-des-champagnes.com\/empreintes-cote-des-bars\/\">Empreinte(s) &#8211; C\u00f4te des Bar &#8211; Le Printemps des Champagnes<\/a><br \/>\nFa&#8217;Bulleuses de Champagne : <a href=\"https:\/\/www.printemps-des-champagnes.com\/fabulleuses-de-champagne\/\">Fa&#8217;Bulleuses de Champagne &#8211; Le Printemps des Champagnes<\/a><\/li>\n<li><strong>Fa&#8217;Bulleuses de Champagne<\/strong><br \/>\n&#8220;Des Femmes de C\u0153ur, des Vigneronnes de Talent&#8221;<br \/>\n<a href=\"http:\/\/fabulleusesdechampagne.com\/\">http:\/\/fabulleusesdechampagne.com\/<\/a><br \/>\n<a href=\"https:\/\/www.facebook.com\/fabulleusesdechampagne\/\">https:\/\/www.facebook.com\/fabulleusesdechampagne\/<\/a><br \/>\n<a href=\"https:\/\/twitter.com\/fabulleuses\">https:\/\/twitter.com\/fabulleuses<\/a><\/li>\n<li>Qualisterra &#8211; <a href=\"http:\/\/www.qualisterra.com\/\">S\u00e9jours Oenotouristiques en Champagne<\/a><\/li>\n<li><a href=\"https:\/\/www.facebook.com\/MaisondhotesQualisterra\/\">Maison d&#8217;H\u00f4tes Qualisterra<\/a><\/li>\n<li><a href=\"https:\/\/anostemp.fr\/\">Maison d&#8217;H\u00f4tes A Noste M&amp;P<\/a><\/li>\n<li>Sur un paisible et vaste domaine d\u2019un hectare, au c\u0153ur de la campagne Lot et Garonnaise, nous vous proposons de venir d\u00e9couvrir cette belle r\u00e9gion du sud-ouest au sein de leur maison d\u2019h\u00f4tes A Noste M&amp;P. Partage, Convivialit\u00e9 et rencontres seront le ma\u00eetre mot de votre s\u00e9jour.<\/li>\n<li>A visiter \u00e0 deux pas de la cave : H\u00f4tel\/restaurant\u00a0 <a href=\"https:\/\/les-demoiselles-essoyes.com\/\">Les Demoiselles \u00e0 Essoyes<\/a><br \/>\nLe plateau de Blu, <a href=\"https:\/\/www.tourisme-cotedesbar.com\/fiche\/le-plateau-de-blu\/\">incontournable<\/a> !<br \/>\nMus\u00e9e Renoir <a href=\"https:\/\/renoir-essoyes.fr\/fr\/accueil\/\">Du C\u00f4t\u00e9 de Renoir<\/a><\/li>\n<li>Fromage local : le Triffoire, chaource affin\u00e9 \u00e0 la prunelle de Troyes pour en savoir plus : <a href=\"https:\/\/www.troyes-obs.fr\/actualites\/407608\/actualites-troyes-le-triffoire-un-nouveau-fromage-made-in-troyes\/\">Actualit\u00e9s Troyes : le Triffoire, un nouveau fromage made in Troyes (troyes-obs.fr)<\/a><\/li>\n<li><a href=\"https:\/\/genuinewines.com\/domaines\/louise-brison-champagne\/\">GenuineWines<\/a><\/li>\n<li><a href=\"https:\/\/genuinewines.com\/presentation-equipe-genuine-wine\/\">Portraits &#8211; GenuineWines<\/a><\/li>\n<li><strong>Coll\u00e8ge culinaire de France<br \/>\n<\/strong>Association ouverte \u00e0 tous les acteurs de la gastronomie en France et \u00e0 l&#8217;\u00e9tranger&#8230;<br \/>\n<a href=\"https:\/\/twitter.com\/R_Qualite\">www.college-culinaire-de-france.fr<br \/>\nhttps:\/\/twitter.com\/R_Qualite<\/a><br \/>\n<a href=\"https:\/\/www.facebook.com\/collegeculinairedefranceofficiel\">https:\/\/www.facebook.com\/collegeculinairedefranceofficiel<\/a><\/li>\n<li><strong>Empreintes-C\u00f4te des Bar Champagne<\/strong><br \/>\nGroupe de vignerons talentueux de la C\u00f4te des Bar<br \/>\n<a href=\"https:\/\/empreintes-cotedesbar.fr\/presentation-vignerons\">https:\/\/empreintes-cotedesbar.fr\/presentation-vignerons<\/a><\/li>\n<li>CIVC &#8211; <a href=\"https:\/\/www.champagne.fr\/fr\/accueil\">\u00e0 la d\u00e9couverte de la Champagne<\/a><\/li>\n<li><strong>La Clef des Vins<\/strong><br \/>\nD\u00e9nicheur d&#8217;Insolite \u00e0 Paris<br \/>\n<a href=\"https:\/\/www.laclefdesvins.com\/\">https:\/\/www.laclefdesvins.com\/<\/a><br \/>\n<a href=\"https:\/\/www.facebook.com\/laclefdesvins\">https:\/\/www.facebook.com\/laclefdesvins<\/a><\/li>\n<li><strong>Les mill\u00e9simes de Louise &#8211; Champagnes de gastronomie<\/strong><br \/>\nLe blog \u00e0 d\u00e9couvrir absolument&#8230;<br \/>\n<a href=\"https:\/\/www.les-millesimes-de-louise.fr\/\">https:\/\/www.les-millesimes-de-louise.fr\/<\/a><br \/>\n<a href=\"https:\/\/www.youtube.com\/channel\/UCaLWRSnd_TdpEqcGZPwsOXA\">https:\/\/www.youtube.com\/channel\/UCaLWRSnd_TdpEqcGZPwsOXA<\/a><\/li>\n<li><strong>Agate Peinture<br \/>\n<\/strong>Artiste peintre d&#8217;exception.<br \/>\nDes toiles empruntes de l\u00e9g\u00e8ret\u00e9 et de lumi\u00e8re, \u00e0 voir absolument !<strong><br \/>\n<\/strong><a>https:\/\/www.agate-galerie.com\/<\/a><\/li>\n<li><strong>Twist&amp;Champ<br \/>\n<\/strong>Entrez dans l&#8217;univers de Twist&amp;Champ&#8217;&#8230; Artiste lumi\u00e8re, design et cr\u00e9ation de mobiliers de cave et de d\u00e9gustation.<br \/>\n<a href=\"https:\/\/twistandchamp.wordpress.com\" target=\"_BLANK\" rel=\"noopener noreferrer\">https:\/\/twistandchamp.wordpress.com<\/a><br \/>\n<a href=\"http:\/\/www.susimiglioranza.jimdo.com\">www.susimiglioranza.jimdo.com<\/a><strong><br \/>\n<\/strong><\/li>\n<li><strong>Attel&#8217;Auvergne<\/strong><br \/>\nAssociation pour la promotion de l&#8217;utilisation du cheval en Auvergne.<br \/>\n<a href=\"http:\/\/www.attelauvergne.fr\">www.attelauvergne.fr<\/a><\/li>\n<li>Vous cherchez un g\u00eete pour d\u00e9couvrir notre r\u00e9gion ?<br \/>\nLe <strong>Val des Vignes<\/strong> vous propose \u00e0 Essoyes ses maisons de rondins&#8230;<br \/>\n<a href=\"http:\/\/www.valdesvignes.com\">www.valdesvignes.com<\/a><\/li>\n<li><a href=\"http:\/\/jousselinetfils.com\/actualites.htm\">http:\/\/jousselinetfils.com\/actualites.htm<\/a><\/li>\n<li><a href=\"http:\/\/www.lesrestos.com\/allvins.php\">www.lesrestos.com\/allvins.php<\/a><\/li>\n<li><a href=\"http:\/\/petp.martin.free.fr\">http:\/\/petp.martin.free.fr<\/a><\/li>\n<li>Restaurant <strong>Mica Elvetie<\/strong><br \/>\n<a>www.micaelvetie.ro<\/a><\/li>\n<li>Hotel Restaurant <strong>Nobillis<\/strong><br \/>\n<a>www.nobillis.ro<\/a><\/li>\n<li><strong>Val dressing<\/strong>, des cr\u00e9ations originales<\/li>\n<\/ul>\n","protected":false},"excerpt":{"rendered":"<p>Association des Champagnes Biologiques Offering the best of Champagne\u2019s terroir in all its diverse splendor while preserving the utmost respect for the environment \u2013 All of our members share this&hellip;<\/p>\n","protected":false},"author":2,"featured_media":0,"parent":0,"menu_order":0,"comment_status":"closed","ping_status":"closed","template":"","meta":{"footnotes":""},"class_list":["post-1376","page","type-page","status-publish","hentry"],"yoast_head":"<!-- This site is optimized with the Yoast SEO plugin v26.9 - https:\/\/yoast.com\/product\/yoast-seo-wordpress\/ -->\n<title>Our links &#8211; Louise Brison<\/title>\n<meta name=\"description\" content=\"Our links &#8211;\" \/>\n<meta name=\"robots\" content=\"index, follow, max-snippet:-1, max-image-preview:large, max-video-preview:-1\" \/>\n<link rel=\"canonical\" href=\"https:\/\/louise-brison.fr\/en\/nos-liens\/\" \/>\n<meta property=\"og:locale\" content=\"en_US\" \/>\n<meta property=\"og:type\" content=\"article\" \/>\n<meta property=\"og:title\" content=\"Our links &#8211; Louise Brison\" \/>\n<meta property=\"og:description\" content=\"Our links &#8211;\" \/>\n<meta property=\"og:url\" content=\"https:\/\/louise-brison.fr\/en\/nos-liens\/\" \/>\n<meta property=\"og:site_name\" content=\"Louise Brison\" \/>\n<meta property=\"article:publisher\" content=\"https:\/\/www.facebook.com\/champagne.louisebrison\/\" \/>\n<meta property=\"article:modified_time\" content=\"2025-03-21T09:57:05+00:00\" \/>\n<meta name=\"twitter:card\" content=\"summary_large_image\" \/>\n<meta name=\"twitter:site\" content=\"@louisebrison\" \/>\n<meta name=\"twitter:label1\" content=\"Est. reading time\" \/>\n\t<meta name=\"twitter:data1\" content=\"2 minutes\" \/>\n<script type=\"application\/ld+json\" class=\"yoast-schema-graph\">{\"@context\":\"https:\/\/schema.org\",\"@graph\":[{\"@type\":\"WebPage\",\"@id\":\"https:\/\/louise-brison.fr\/en\/nos-liens\/\",\"url\":\"https:\/\/louise-brison.fr\/en\/nos-liens\/\",\"name\":\"Our links &#8211; Louise Brison\",\"isPartOf\":{\"@id\":\"https:\/\/louise-brison.fr\/en\/#website\"},\"datePublished\":\"2020-07-23T09:26:23+00:00\",\"dateModified\":\"2025-03-21T09:57:05+00:00\",\"description\":\"Our links &#8211;\",\"breadcrumb\":{\"@id\":\"https:\/\/louise-brison.fr\/en\/nos-liens\/#breadcrumb\"},\"inLanguage\":\"en-US\",\"potentialAction\":[{\"@type\":\"ReadAction\",\"target\":[\"https:\/\/louise-brison.fr\/en\/nos-liens\/\"]}]},{\"@type\":\"BreadcrumbList\",\"@id\":\"https:\/\/louise-brison.fr\/en\/nos-liens\/#breadcrumb\",\"itemListElement\":[{\"@type\":\"ListItem\",\"position\":1,\"name\":\"Home\",\"item\":\"https:\/\/louise-brison.fr\/en\/\"},{\"@type\":\"ListItem\",\"position\":2,\"name\":\"Our links\"}]},{\"@type\":\"WebSite\",\"@id\":\"https:\/\/louise-brison.fr\/en\/#website\",\"url\":\"https:\/\/louise-brison.fr\/en\/\",\"name\":\"Louise Brison\",\"description\":\"Champagne Louise Brison\",\"publisher\":{\"@id\":\"https:\/\/louise-brison.fr\/en\/#organization\"},\"potentialAction\":[{\"@type\":\"SearchAction\",\"target\":{\"@type\":\"EntryPoint\",\"urlTemplate\":\"https:\/\/louise-brison.fr\/en\/?s={search_term_string}\"},\"query-input\":{\"@type\":\"PropertyValueSpecification\",\"valueRequired\":true,\"valueName\":\"search_term_string\"}}],\"inLanguage\":\"en-US\"},{\"@type\":\"Organization\",\"@id\":\"https:\/\/louise-brison.fr\/en\/#organization\",\"name\":\"Louise Brison\",\"url\":\"https:\/\/louise-brison.fr\/en\/\",\"logo\":{\"@type\":\"ImageObject\",\"inLanguage\":\"en-US\",\"@id\":\"https:\/\/louise-brison.fr\/en\/#\/schema\/logo\/image\/\",\"url\":\"https:\/\/louise-brison.fr\/wp-content\/uploads\/2024\/03\/logo-champagne-louise-brison-2.png\",\"contentUrl\":\"https:\/\/louise-brison.fr\/wp-content\/uploads\/2024\/03\/logo-champagne-louise-brison-2.png\",\"width\":512,\"height\":512,\"caption\":\"Louise Brison\"},\"image\":{\"@id\":\"https:\/\/louise-brison.fr\/en\/#\/schema\/logo\/image\/\"},\"sameAs\":[\"https:\/\/www.facebook.com\/champagne.louisebrison\/\",\"https:\/\/x.com\/louisebrison\",\"https:\/\/www.instagram.com\/champagnelouisebrison\/\"]}]}<\/script>\n<!-- \/ Yoast SEO plugin. -->","yoast_head_json":{"title":"Our links &#8211; Louise Brison","description":"Our links &#8211;","robots":{"index":"index","follow":"follow","max-snippet":"max-snippet:-1","max-image-preview":"max-image-preview:large","max-video-preview":"max-video-preview:-1"},"canonical":"https:\/\/louise-brison.fr\/en\/nos-liens\/","og_locale":"en_US","og_type":"article","og_title":"Our links &#8211; Louise Brison","og_description":"Our links &#8211;","og_url":"https:\/\/louise-brison.fr\/en\/nos-liens\/","og_site_name":"Louise Brison","article_publisher":"https:\/\/www.facebook.com\/champagne.louisebrison\/","article_modified_time":"2025-03-21T09:57:05+00:00","twitter_card":"summary_large_image","twitter_site":"@louisebrison","twitter_misc":{"Est. reading time":"2 minutes"},"schema":{"@context":"https:\/\/schema.org","@graph":[{"@type":"WebPage","@id":"https:\/\/louise-brison.fr\/en\/nos-liens\/","url":"https:\/\/louise-brison.fr\/en\/nos-liens\/","name":"Our links &#8211; Louise Brison","isPartOf":{"@id":"https:\/\/louise-brison.fr\/en\/#website"},"datePublished":"2020-07-23T09:26:23+00:00","dateModified":"2025-03-21T09:57:05+00:00","description":"Our links &#8211;","breadcrumb":{"@id":"https:\/\/louise-brison.fr\/en\/nos-liens\/#breadcrumb"},"inLanguage":"en-US","potentialAction":[{"@type":"ReadAction","target":["https:\/\/louise-brison.fr\/en\/nos-liens\/"]}]},{"@type":"BreadcrumbList","@id":"https:\/\/louise-brison.fr\/en\/nos-liens\/#breadcrumb","itemListElement":[{"@type":"ListItem","position":1,"name":"Home","item":"https:\/\/louise-brison.fr\/en\/"},{"@type":"ListItem","position":2,"name":"Our links"}]},{"@type":"WebSite","@id":"https:\/\/louise-brison.fr\/en\/#website","url":"https:\/\/louise-brison.fr\/en\/","name":"Louise Brison","description":"Champagne Louise Brison","publisher":{"@id":"https:\/\/louise-brison.fr\/en\/#organization"},"potentialAction":[{"@type":"SearchAction","target":{"@type":"EntryPoint","urlTemplate":"https:\/\/louise-brison.fr\/en\/?s={search_term_string}"},"query-input":{"@type":"PropertyValueSpecification","valueRequired":true,"valueName":"search_term_string"}}],"inLanguage":"en-US"},{"@type":"Organization","@id":"https:\/\/louise-brison.fr\/en\/#organization","name":"Louise Brison","url":"https:\/\/louise-brison.fr\/en\/","logo":{"@type":"ImageObject","inLanguage":"en-US","@id":"https:\/\/louise-brison.fr\/en\/#\/schema\/logo\/image\/","url":"https:\/\/louise-brison.fr\/wp-content\/uploads\/2024\/03\/logo-champagne-louise-brison-2.png","contentUrl":"https:\/\/louise-brison.fr\/wp-content\/uploads\/2024\/03\/logo-champagne-louise-brison-2.png","width":512,"height":512,"caption":"Louise Brison"},"image":{"@id":"https:\/\/louise-brison.fr\/en\/#\/schema\/logo\/image\/"},"sameAs":["https:\/\/www.facebook.com\/champagne.louisebrison\/","https:\/\/x.com\/louisebrison","https:\/\/www.instagram.com\/champagnelouisebrison\/"]}]}},"_links":{"self":[{"href":"https:\/\/louise-brison.fr\/en\/wp-json\/wp\/v2\/pages\/1376","targetHints":{"allow":["GET"]}}],"collection":[{"href":"https:\/\/louise-brison.fr\/en\/wp-json\/wp\/v2\/pages"}],"about":[{"href":"https:\/\/louise-brison.fr\/en\/wp-json\/wp\/v2\/types\/page"}],"author":[{"embeddable":true,"href":"https:\/\/louise-brison.fr\/en\/wp-json\/wp\/v2\/users\/2"}],"replies":[{"embeddable":true,"href":"https:\/\/louise-brison.fr\/en\/wp-json\/wp\/v2\/comments?post=1376"}],"version-history":[{"count":4,"href":"https:\/\/louise-brison.fr\/en\/wp-json\/wp\/v2\/pages\/1376\/revisions"}],"predecessor-version":[{"id":3532,"href":"https:\/\/louise-brison.fr\/en\/wp-json\/wp\/v2\/pages\/1376\/revisions\/3532"}],"wp:attachment":[{"href":"https:\/\/louise-brison.fr\/en\/wp-json\/wp\/v2\/media?parent=1376"}],"curies":[{"name":"wp","href":"https:\/\/api.w.org\/{rel}","templated":true}]}}