{"id":1343,"date":"2020-07-07T11:13:59","date_gmt":"2020-07-07T09:13:59","guid":{"rendered":"https:\/\/louise-brison.fr\/champagne-millesimes-de-legende\/"},"modified":"2024-02-29T14:46:00","modified_gmt":"2024-02-29T13:46:00","slug":"champagne-vintage","status":"publish","type":"page","link":"https:\/\/louise-brison.fr\/en\/champagne-vintage\/","title":{"rendered":"Champagnes Vintage from 2010 to 2015"},"content":{"rendered":"<p><strong style=\"color: var(--theme-color-text_dark); font-size: 22px; font-style: normal; letter-spacing: 0px; background-color: var(--theme-color-bg_color);\">The vintage champagne, between brut and nature&#8230;<\/strong><\/p>\n<p>Les champagnes mill\u00e9sim\u00e9s\u00a0 Louise Brison, expriment l\u2019unicit\u00e9, l\u2019exquise raret\u00e9 de chaque ann\u00e9e. Soleil, pluie, grands vents ou petites gel\u00e9es\u2026\u00a0 Les champagnes mill\u00e9sim\u00e9s t\u00e9moignent du temps qu\u2019il fait et du temps qui passe, des ann\u00e9es qui ne se ressemblent pas. Faire des mill\u00e9simes les excellentes ann\u00e9es, c&#8217;est courant, mais faire de chaque ann\u00e9e un mill\u00e9sime, c&#8217;est tout un art !<\/p>\n<p>Notre gamme se d\u00e9cline en 3 qualit\u00e9s diff\u00e9rentes, un Assemblage de Pinot-Noir et de Chardonnay (disponible en demi-bouteille, bouteille, magnum et j\u00e9roboam), un Blanc de Blancs et un champagne ros\u00e9 de mac\u00e9ration, 100% Pinot-Noir (disponible uniquement en bouteille).<br \/><a href=\"https:\/\/www.les-millesimes-de-louise.fr\/2016\/10\/20\/le-dosage\/\">Le dosage est EXTRA- BRUT ou <\/a><a href=\"https:\/\/www.les-millesimes-de-louise.fr\/2016\/10\/20\/le-dosage\/\"><strong>BRUT<\/strong><\/a>.<\/p>\n\n\t\t\t\t<p class=\"rs-p-wp-fix\"><\/p>\n\t\t\t\t<sr7-module data-alias=\"millesime-en\" data-id=\"9\" id=\"SR7_9_1\" class=\"rs-ov-hidden\" data-version=\"6.7.41\">\n\t\t\t\t\t<sr7-adjuster><\/sr7-adjuster>\n\t\t\t\t\t<sr7-content>\n\t\t\t\t\t\t<sr7-slide id=\"SR7_9_1-25\" data-key=\"25\">\n\t\t\t\t\t\t\t<sr7-txt id=\"SR7_9_1-25-2\" class=\"sr7-layer\">CHARDONNAY VINTAGE 2015<\/sr7-txt>\n\t\t\t\t\t\t\t<sr7-txt id=\"SR7_9_1-25-4\" class=\"sr7-layer\">CHAMPAGNE BLANC DE BLANCS <br \/>\nBottle of Champagne Brut Nature<br \/>\n<br \/>\n100% Chardonnay vinified and matured in oak barrels.  Partial malolactic fermentation. <br \/>\n Made exclusively from grapes harvested in 2015.<br \/>\nBottle of 0.75l<br \/>\n<\/sr7-txt>\n\t\t\t\t\t\t\t<sr7-txt id=\"SR7_9_1-25-9\" class=\"sr7-layer\">- Effervescence: Refined bead of fine bubbles. <br \/>\n<br \/>\n- Colour: Yellow and brilliant with crystalline reflections. <br \/>\n<br \/>\n- Nose: With a great expression, this Blanc de Blancs exhales yellow fruit fragrances. Subtly delicate.<br \/>\n<br \/>\n- Palate : Just as complex and well structured, \t  the palate reveals a precise, delicate and \t  generous texture. <br \/>\n<br \/>\n- Champagne & Food pairing:       <br \/>\nTo be enjoyed from the aperitif to the meal with appetizers based on fish, oystes, fresh scallops or white meat. <br \/>\n                 <br \/>\n<\/sr7-txt>\n\t\t\t\t\t\t\t<a id=\"SR7_9_1-25-27\" class=\"sr7-layer\" href=\"\/boutique\/\" target=\"_self\" rel=\"nofollow\">Aller \u00e0 la boutique<\/a>\n\t\t\t\t\t\t<\/sr7-slide>\n\t\t\t\t\t\t<sr7-slide id=\"SR7_9_1-26\" data-key=\"26\">\n\t\t\t\t\t\t\t<sr7-txt id=\"SR7_9_1-26-2\" class=\"sr7-layer\">CHAMPAGNE ROSE 2020<\/sr7-txt>\n\t\t\t\t\t\t\t<sr7-txt id=\"SR7_9_1-26-4\" class=\"sr7-layer\">Bottle of Champagne BRUT NATURE ros\u00e9<br \/>\n<br \/>\nRos\u00e9 of  maceration elabored with 100% of Pinot Noir and matured in oak barrels. Harvest 2020. Organic Wine. Bottle of 0,75 l.<\/sr7-txt>\n\t\t\t\t\t\t\t<sr7-txt id=\"SR7_9_1-26-9\" class=\"sr7-layer\">- Effervescence : A sustained moss of fine bubbles with a steady and persistent stream.<br \/>\n<br \/>\n- Colour :A heavy pink with an orangy tint. Brilliant and limpid.<br \/>\n<br \/>\n- Nose : Expressive and opens on the fresh fruits like, strawberry and raspberry. Then, it evolves on toasty notes. Very fine aromatic expression.<br \/>\n<br \/>\n- Palate : Structured with a beautiful crunching fruit, this ros\u00e9 is regular to nose with morello cherry touch. Ample and well-balanced with a good  length.<br \/>\n<br \/>\n- Food & Champagne pairing :                                 Perfect in aperitif, with a white meats and grilled fish and meat  or on dessert with red fruits.<\/sr7-txt>\n\t\t\t\t\t\t\t<a id=\"SR7_9_1-26-28\" class=\"sr7-layer\" href=\"\/boutique\/\" target=\"_self\" rel=\"nofollow\">Aller \u00e0 la boutique<\/a>\n\t\t\t\t\t\t<\/sr7-slide>\n\t\t\t\t\t\t<sr7-slide id=\"SR7_9_1-24\" data-key=\"24\">\n\t\t\t\t\t\t\t<sr7-txt id=\"SR7_9_1-24-2\" class=\"sr7-layer\">CHAMPAGNE VINTAGE 2016<\/sr7-txt>\n\t\t\t\t\t\t\t<sr7-txt id=\"SR7_9_1-24-4\" class=\"sr7-layer\">A blend of  50 % Pinot Noir, 50% Chardonnay vinified and aged in oak barrels. No malolactic fermentation. This wine was elaborated only with grappes from the harvest 2015. Extra-Brut. Bottle of 0.75l.<\/sr7-txt>\n\t\t\t\t\t\t\t<sr7-txt id=\"SR7_9_1-24-9\" class=\"sr7-layer\">- Effervescence : Fine and persistent bubbles.<br \/>\n<br \/>\n- Colour : Pure light golden colour.<br \/>\n<br \/>\n- Nose : With a great expression and generosity, it opens with pear and quince fruit, then evolves delicately \twith citrus notes, and a light fragrances \tof rose that punctuates the bouquet!  <br \/>\n<br \/>\n- Palate : Faithful to the nose, it has a beautiful dimension or salinity which \tgives it a nice panache! Immediate \tpleasure!<br \/>\n<br \/>\n- Food & Champagne Pairing : Our Champagne Brut 2016 pairs well as an accompaniment to dishes such as fish or poultry in sauce, or with dessert <br \/>\n<\/sr7-txt>\n\t\t\t\t\t\t\t<a id=\"SR7_9_1-24-26\" class=\"sr7-layer\" href=\"\/boutique\/\" target=\"_self\" rel=\"nofollow\">Aller \u00e0 la boutique<\/a>\n\t\t\t\t\t\t<\/sr7-slide>\n\t\t\t\t\t\t<sr7-slide id=\"SR7_9_1-28\" data-key=\"28\">\n\t\t\t\t\t\t\t<sr7-txt id=\"SR7_9_1-28-2\" class=\"sr7-layer\">A L'AUBE M20<\/sr7-txt>\n\t\t\t\t\t\t\t<sr7-txt id=\"SR7_9_1-28-4\" class=\"sr7-layer\">Half-bottle Champagne brut<br \/>\n<br \/>\nBlend of 50 % Chardonnay and 50% of Pinot Noir vinified and matured in oak barrels. Bottle of 0,375 l.<\/sr7-txt>\n\t\t\t\t\t\t\t<sr7-txt id=\"SR7_9_1-28-9\" class=\"sr7-layer\">- Effervescence :Sustained effervescence, and a steady stream of fine, intense bubbles.<br \/>\n<br \/>\n- Colour: A fine, brilliant straw colour.<br \/>\n<br \/>\n- Nose : Delicate and discreet, opening on expressive fruit then developing white blossom aromas.  <br \/>\n<br \/>\n- Palate : Seductive and well-balanced with yellow fruit flavours (peach, plum), at once fresh, supple and sweet.<br \/>\n<br \/>\n- Food & champagne Pairing: Perfect with a light meal or a brunch.<br \/>\n<\/sr7-txt>\n\t\t\t\t\t\t\t<a id=\"SR7_9_1-28-30\" class=\"sr7-layer\" href=\"\/boutique\/\" target=\"_self\" rel=\"nofollow\">Aller \u00e0 la boutique<\/a>\n\t\t\t\t\t\t<\/sr7-slide>\n\t\t\t\t\t\t<sr7-slide id=\"SR7_9_1-63\" data-key=\"63\">\n\t\t\t\t\t\t<\/sr7-slide>\n\t\t\t\t\t<\/sr7-content>\n\t\t\t\t\t<image_lists style=\"display:none\">\n\t\t\t\t\t\t<img data-src=\"\/\/louise-brison.fr\/wp-content\/uploads\/2023\/04\/champagne-millesime-2016-a-l-aube-de-la-cote-des-bar-champagne-louise-brison-scaled.gif\" data-libid=\"2509\" data-lib=\"medialibrary\" title=\"champagne-millesime-2016-a-l-aube-de-la-cote-des-bar-champagne_louise_brison\" width=\"0\" height=\"0\" data-dbsrc=\"Ly9sb3Vpc2UtYnJpc29uLmZyL3dwLWNvbnRlbnQvdXBsb2Fkcy8yMDIzLzA0L2NoYW1wYWduZS1taWxsZXNpbWUtMjAxNi1hLWwtYXViZS1kZS1sYS1jb3RlLWRlcy1iYXItY2hhbXBhZ25lLWxvdWlzZS1icmlzb24tc2NhbGVkLmdpZg==\"\/>\n\t\t\t\t\t\t<img data-src=\"\/\/louise-brison.fr\/wp-content\/uploads\/2023\/04\/chardonnay-de-la-cote-des-bar-2015-champagne-louise-brison-scaled.gif\" data-libid=\"2503\" data-lib=\"medialibrary\" title=\"chardonnay_de_la_cote_des_bar-2015-champagne_louise_brison\" width=\"0\" height=\"0\" data-dbsrc=\"Ly9sb3Vpc2UtYnJpc29uLmZyL3dwLWNvbnRlbnQvdXBsb2Fkcy8yMDIzLzA0L2NoYXJkb25uYXktZGUtbGEtY290ZS1kZXMtYmFyLTIwMTUtY2hhbXBhZ25lLWxvdWlzZS1icmlzb24tc2NhbGVkLmdpZg==\"\/>\n\t\t\t\t\t\t<img data-src=\"\/\/louise-brison.fr\/wp-content\/uploads\/2025\/12\/champagne-millesime-2020-biologique-rose-de-la-cote-des-bar-champagne-louise-brison.gif\" data-libid=\"3627\" data-lib=\"medialibrary\" title=\"champagne-millesime_2020-biologique-rose-de-la-cote-des-bar-champagne_louise_brison\" width=\"0\" height=\"0\" data-dbsrc=\"Ly9sb3Vpc2UtYnJpc29uLmZyL3dwLWNvbnRlbnQvdXBsb2Fkcy8yMDI1LzEyL2NoYW1wYWduZS1taWxsZXNpbWUtMjAyMC1iaW9sb2dpcXVlLXJvc2UtZGUtbGEtY290ZS1kZXMtYmFyLWNoYW1wYWduZS1sb3Vpc2UtYnJpc29uLmdpZg==\"\/>\n\t\t\t\t\t\t<img loading=\"lazy\" data-src=\"\/\/louise-brison.fr\/wp-content\/uploads\/2023\/04\/champagne-millesime-2011-magnum-a-l-aube-de-la-cote-des-bar-champagne-louise-brison.gif\" data-libid=\"2506\" data-lib=\"medialibrary\" title=\"champagne-millesime-2011-magnum-a-l-aube-de-la_cote_des_bar-champagne_louise_brison\" width=\"0\" height=\"0\" data-dbsrc=\"Ly9sb3Vpc2UtYnJpc29uLmZyL3dwLWNvbnRlbnQvdXBsb2Fkcy8yMDIzLzA0L2NoYW1wYWduZS1taWxsZXNpbWUtMjAxMS1tYWdudW0tYS1sLWF1YmUtZGUtbGEtY290ZS1kZXMtYmFyLWNoYW1wYWduZS1sb3Vpc2UtYnJpc29uLmdpZg==\"\/>\n\t\t\t\t\t\t<img loading=\"lazy\" data-src=\"\/\/louise-brison.fr\/wp-content\/uploads\/2023\/04\/demi-bouteille-champagne-a-l-aube-de-la-cote-des-bar-scaled.gif\" data-libid=\"2512\" data-lib=\"medialibrary\" title=\"demi-bouteille-champagne_a_l_aube_de_la_cote_des_bar\" width=\"0\" height=\"0\" data-dbsrc=\"Ly9sb3Vpc2UtYnJpc29uLmZyL3dwLWNvbnRlbnQvdXBsb2Fkcy8yMDIzLzA0L2RlbWktYm91dGVpbGxlLWNoYW1wYWduZS1hLWwtYXViZS1kZS1sYS1jb3RlLWRlcy1iYXItc2NhbGVkLmdpZg==\"\/>\n\t\t\t\t\t<\/image_lists>\n\t\t\t\t<\/sr7-module>\n\t\t\t\t<script>\n\t\t\t\t\tSR7.PMH ??={}; SR7.PMH[\"SR7_9_1\"] = {cn:100,state:false,fn: function() { if (_tpt!==undefined && _tpt.prepareModuleHeight !== undefined) {  _tpt.prepareModuleHeight({id:\"SR7_9_1\",el:[600,600,600,600,720],type:'standard',shdw:'0',gh:[600,600,600,600,720],gw:[1240,1240,1240,1240,480],vpt:['-200px&#039;,&#039;-200px&#039;,&#039;-200px&#039;,&#039;-200px&#039;,&#039;-200px'],size:{fullWidth:true, fullHeight:false},mh:'0',onh:0,onw:0,bg:{color:'{\"orig\":\"transparent\",\"type\":\"solid\",\"string\":\"transparent\"}'},googleFont:\"ignore\",plType:'3',plColor:'#b4bb6b'});   SR7.PMH[\"SR7_9_1\"].state=true;} else if(SR7.PMH[\"SR7_9_1\"].cn-->0)\tsetTimeout( SR7.PMH[\"SR7_9_1\"].fn,19);}};SR7.PMH[\"SR7_9_1\" ].fn();\n\t\t\t\t<\/script>\n\n","protected":false},"excerpt":{"rendered":"<p>The vintage champagne, between brut and nature&#8230; Les champagnes mill\u00e9sim\u00e9s\u00a0 Louise Brison, expriment l\u2019unicit\u00e9, l\u2019exquise raret\u00e9 de chaque ann\u00e9e. Soleil, pluie, grands vents ou petites gel\u00e9es\u2026\u00a0 Les champagnes mill\u00e9sim\u00e9s t\u00e9moignent&hellip;<\/p>\n","protected":false},"author":2,"featured_media":0,"parent":0,"menu_order":0,"comment_status":"closed","ping_status":"closed","template":"","meta":{"footnotes":""},"class_list":["post-1343","page","type-page","status-publish","hentry"],"yoast_head":"<!-- This site is optimized with the Yoast SEO plugin v26.9 - https:\/\/yoast.com\/product\/yoast-seo-wordpress\/ -->\n<title>Champagnes Vintage from 2010 to 2015 &#8211; Louise Brison<\/title>\n<meta name=\"description\" content=\"A selection of vintage champagne is available in 3 different qualities, a Pinot Noir, Chardonnay blend, a Blanc de Blancs and a Ros\u00e9.\" \/>\n<meta name=\"robots\" content=\"index, follow, max-snippet:-1, max-image-preview:large, max-video-preview:-1\" \/>\n<link rel=\"canonical\" href=\"https:\/\/louise-brison.fr\/en\/champagne-vintage\/\" \/>\n<meta property=\"og:locale\" content=\"en_US\" \/>\n<meta property=\"og:type\" content=\"article\" \/>\n<meta property=\"og:title\" content=\"Champagnes Vintage from 2010 to 2015 &#8211; Louise Brison\" \/>\n<meta property=\"og:description\" content=\"A selection of vintage champagne is available in 3 different qualities, a Pinot Noir, Chardonnay blend, a Blanc de Blancs and a Ros\u00e9.\" \/>\n<meta property=\"og:url\" content=\"https:\/\/louise-brison.fr\/en\/champagne-vintage\/\" \/>\n<meta property=\"og:site_name\" content=\"Louise Brison\" \/>\n<meta property=\"article:publisher\" content=\"https:\/\/www.facebook.com\/champagne.louisebrison\/\" \/>\n<meta property=\"article:modified_time\" content=\"2024-02-29T13:46:00+00:00\" \/>\n<meta name=\"twitter:card\" content=\"summary_large_image\" \/>\n<meta name=\"twitter:site\" content=\"@louisebrison\" \/>\n<meta name=\"twitter:label1\" content=\"Est. reading time\" \/>\n\t<meta name=\"twitter:data1\" content=\"1 minute\" \/>\n<script type=\"application\/ld+json\" class=\"yoast-schema-graph\">{\"@context\":\"https:\/\/schema.org\",\"@graph\":[{\"@type\":\"WebPage\",\"@id\":\"https:\/\/louise-brison.fr\/en\/champagne-vintage\/\",\"url\":\"https:\/\/louise-brison.fr\/en\/champagne-vintage\/\",\"name\":\"Champagnes Vintage from 2010 to 2015 &#8211; Louise Brison\",\"isPartOf\":{\"@id\":\"https:\/\/louise-brison.fr\/en\/#website\"},\"datePublished\":\"2020-07-07T09:13:59+00:00\",\"dateModified\":\"2024-02-29T13:46:00+00:00\",\"description\":\"A selection of vintage champagne is available in 3 different qualities, a Pinot Noir, Chardonnay blend, a Blanc de Blancs and a Ros\u00e9.\",\"breadcrumb\":{\"@id\":\"https:\/\/louise-brison.fr\/en\/champagne-vintage\/#breadcrumb\"},\"inLanguage\":\"en-US\",\"potentialAction\":[{\"@type\":\"ReadAction\",\"target\":[\"https:\/\/louise-brison.fr\/en\/champagne-vintage\/\"]}]},{\"@type\":\"BreadcrumbList\",\"@id\":\"https:\/\/louise-brison.fr\/en\/champagne-vintage\/#breadcrumb\",\"itemListElement\":[{\"@type\":\"ListItem\",\"position\":1,\"name\":\"Home\",\"item\":\"https:\/\/louise-brison.fr\/en\/\"},{\"@type\":\"ListItem\",\"position\":2,\"name\":\"Champagnes Vintage from 2010 to 2015\"}]},{\"@type\":\"WebSite\",\"@id\":\"https:\/\/louise-brison.fr\/en\/#website\",\"url\":\"https:\/\/louise-brison.fr\/en\/\",\"name\":\"Louise Brison\",\"description\":\"Champagne Louise Brison\",\"publisher\":{\"@id\":\"https:\/\/louise-brison.fr\/en\/#organization\"},\"potentialAction\":[{\"@type\":\"SearchAction\",\"target\":{\"@type\":\"EntryPoint\",\"urlTemplate\":\"https:\/\/louise-brison.fr\/en\/?s={search_term_string}\"},\"query-input\":{\"@type\":\"PropertyValueSpecification\",\"valueRequired\":true,\"valueName\":\"search_term_string\"}}],\"inLanguage\":\"en-US\"},{\"@type\":\"Organization\",\"@id\":\"https:\/\/louise-brison.fr\/en\/#organization\",\"name\":\"Louise Brison\",\"url\":\"https:\/\/louise-brison.fr\/en\/\",\"logo\":{\"@type\":\"ImageObject\",\"inLanguage\":\"en-US\",\"@id\":\"https:\/\/louise-brison.fr\/en\/#\/schema\/logo\/image\/\",\"url\":\"https:\/\/louise-brison.fr\/wp-content\/uploads\/2024\/03\/logo-champagne-louise-brison-2.png\",\"contentUrl\":\"https:\/\/louise-brison.fr\/wp-content\/uploads\/2024\/03\/logo-champagne-louise-brison-2.png\",\"width\":512,\"height\":512,\"caption\":\"Louise Brison\"},\"image\":{\"@id\":\"https:\/\/louise-brison.fr\/en\/#\/schema\/logo\/image\/\"},\"sameAs\":[\"https:\/\/www.facebook.com\/champagne.louisebrison\/\",\"https:\/\/x.com\/louisebrison\",\"https:\/\/www.instagram.com\/champagnelouisebrison\/\"]}]}<\/script>\n<!-- \/ Yoast SEO plugin. -->","yoast_head_json":{"title":"Champagnes Vintage from 2010 to 2015 &#8211; Louise Brison","description":"A selection of vintage champagne is available in 3 different qualities, a Pinot Noir, Chardonnay blend, a Blanc de Blancs and a Ros\u00e9.","robots":{"index":"index","follow":"follow","max-snippet":"max-snippet:-1","max-image-preview":"max-image-preview:large","max-video-preview":"max-video-preview:-1"},"canonical":"https:\/\/louise-brison.fr\/en\/champagne-vintage\/","og_locale":"en_US","og_type":"article","og_title":"Champagnes Vintage from 2010 to 2015 &#8211; Louise Brison","og_description":"A selection of vintage champagne is available in 3 different qualities, a Pinot Noir, Chardonnay blend, a Blanc de Blancs and a Ros\u00e9.","og_url":"https:\/\/louise-brison.fr\/en\/champagne-vintage\/","og_site_name":"Louise Brison","article_publisher":"https:\/\/www.facebook.com\/champagne.louisebrison\/","article_modified_time":"2024-02-29T13:46:00+00:00","twitter_card":"summary_large_image","twitter_site":"@louisebrison","twitter_misc":{"Est. reading time":"1 minute"},"schema":{"@context":"https:\/\/schema.org","@graph":[{"@type":"WebPage","@id":"https:\/\/louise-brison.fr\/en\/champagne-vintage\/","url":"https:\/\/louise-brison.fr\/en\/champagne-vintage\/","name":"Champagnes Vintage from 2010 to 2015 &#8211; Louise Brison","isPartOf":{"@id":"https:\/\/louise-brison.fr\/en\/#website"},"datePublished":"2020-07-07T09:13:59+00:00","dateModified":"2024-02-29T13:46:00+00:00","description":"A selection of vintage champagne is available in 3 different qualities, a Pinot Noir, Chardonnay blend, a Blanc de Blancs and a Ros\u00e9.","breadcrumb":{"@id":"https:\/\/louise-brison.fr\/en\/champagne-vintage\/#breadcrumb"},"inLanguage":"en-US","potentialAction":[{"@type":"ReadAction","target":["https:\/\/louise-brison.fr\/en\/champagne-vintage\/"]}]},{"@type":"BreadcrumbList","@id":"https:\/\/louise-brison.fr\/en\/champagne-vintage\/#breadcrumb","itemListElement":[{"@type":"ListItem","position":1,"name":"Home","item":"https:\/\/louise-brison.fr\/en\/"},{"@type":"ListItem","position":2,"name":"Champagnes Vintage from 2010 to 2015"}]},{"@type":"WebSite","@id":"https:\/\/louise-brison.fr\/en\/#website","url":"https:\/\/louise-brison.fr\/en\/","name":"Louise Brison","description":"Champagne Louise Brison","publisher":{"@id":"https:\/\/louise-brison.fr\/en\/#organization"},"potentialAction":[{"@type":"SearchAction","target":{"@type":"EntryPoint","urlTemplate":"https:\/\/louise-brison.fr\/en\/?s={search_term_string}"},"query-input":{"@type":"PropertyValueSpecification","valueRequired":true,"valueName":"search_term_string"}}],"inLanguage":"en-US"},{"@type":"Organization","@id":"https:\/\/louise-brison.fr\/en\/#organization","name":"Louise Brison","url":"https:\/\/louise-brison.fr\/en\/","logo":{"@type":"ImageObject","inLanguage":"en-US","@id":"https:\/\/louise-brison.fr\/en\/#\/schema\/logo\/image\/","url":"https:\/\/louise-brison.fr\/wp-content\/uploads\/2024\/03\/logo-champagne-louise-brison-2.png","contentUrl":"https:\/\/louise-brison.fr\/wp-content\/uploads\/2024\/03\/logo-champagne-louise-brison-2.png","width":512,"height":512,"caption":"Louise Brison"},"image":{"@id":"https:\/\/louise-brison.fr\/en\/#\/schema\/logo\/image\/"},"sameAs":["https:\/\/www.facebook.com\/champagne.louisebrison\/","https:\/\/x.com\/louisebrison","https:\/\/www.instagram.com\/champagnelouisebrison\/"]}]}},"_links":{"self":[{"href":"https:\/\/louise-brison.fr\/en\/wp-json\/wp\/v2\/pages\/1343","targetHints":{"allow":["GET"]}}],"collection":[{"href":"https:\/\/louise-brison.fr\/en\/wp-json\/wp\/v2\/pages"}],"about":[{"href":"https:\/\/louise-brison.fr\/en\/wp-json\/wp\/v2\/types\/page"}],"author":[{"embeddable":true,"href":"https:\/\/louise-brison.fr\/en\/wp-json\/wp\/v2\/users\/2"}],"replies":[{"embeddable":true,"href":"https:\/\/louise-brison.fr\/en\/wp-json\/wp\/v2\/comments?post=1343"}],"version-history":[{"count":5,"href":"https:\/\/louise-brison.fr\/en\/wp-json\/wp\/v2\/pages\/1343\/revisions"}],"predecessor-version":[{"id":3067,"href":"https:\/\/louise-brison.fr\/en\/wp-json\/wp\/v2\/pages\/1343\/revisions\/3067"}],"wp:attachment":[{"href":"https:\/\/louise-brison.fr\/en\/wp-json\/wp\/v2\/media?parent=1343"}],"curies":[{"name":"wp","href":"https:\/\/api.w.org\/{rel}","templated":true}]}}