{"id":1301,"date":"2020-12-15T07:42:33","date_gmt":"2020-12-15T06:42:33","guid":{"rendered":"https:\/\/louise-brison.fr\/champagne-gastronomique-invitation-au-voyage\/"},"modified":"2024-03-05T20:45:53","modified_gmt":"2024-03-05T19:45:53","slug":"champagne-gastronomique-invitation-au-voyage","status":"publish","type":"page","link":"https:\/\/louise-brison.fr\/en\/champagne-gastronomique-invitation-au-voyage\/","title":{"rendered":"Gastronomic Champagne an invitation to travel"},"content":{"rendered":"\n<p><strong>GASTRONOMIC CHAMPAGNE: INVITATION TO TRAVEL<\/strong>&#13;\n&#13;\nTasting Louise Brison gourmet champagnes <strong>will take you on a journey<\/strong> into authentic worlds of aromas, flavors and beautiful colors&#8230; sparkling nature loved and respected. Discover our <a href=\"https:\/\/louise-brison.fr\/en\/choisir-son-millesime\/\">vintages, nectars sublimated by time <\/a>and <a href=\"https:\/\/louise-brison.fr\/en\/philosophie-de-la-maison-preserver-biodiversite\/\">aged by us<\/a>.<\/p>\n\n<figure class=\"wp-block-image alignleft size-large\"><img decoding=\"async\" width=\"180\" height=\"180\" src=\"https:\/\/louise-brison.fr\/wp-content\/uploads\/2020\/12\/meilleur-Champagne-gastronomique-millesime-louise-brison-producteur-1.png\" alt=\"\" class=\"wp-image-1018\" srcset=\"https:\/\/louise-brison.fr\/wp-content\/uploads\/2020\/12\/meilleur-Champagne-gastronomique-millesime-louise-brison-producteur-1.png 180w, https:\/\/louise-brison.fr\/wp-content\/uploads\/2020\/12\/meilleur-Champagne-gastronomique-millesime-louise-brison-producteur-1-100x100.png 100w, https:\/\/louise-brison.fr\/wp-content\/uploads\/2020\/12\/meilleur-Champagne-gastronomique-millesime-louise-brison-producteur-1-150x150.png 150w\" sizes=\"(max-width: 180px) 100vw, 180px\" \/><\/figure>\n\n<p><strong>Think off the beaten track<\/strong>. Who said that champagne tasting had to stop at the aperitif? Certainly, effervescence and freshness are irreplaceable pleasures, <a href=\"http:\/\/During this festive period, it is time to wonder why, for many French people, the same ritual irremediably returns every December 31: that of popping the champagne before the year ends.\"> real rituals of celebration<\/a>. Dare to experience Louise Brison gourmet champagnes in order to discover or rediscover other pleasures, as varied as they are subtle. <\/p>\n\n<p><strong>Louise Brison gourmet champagnes<\/strong> <a href=\"https:\/\/louise-brison.fr\/en\/choisir-son-millesime\/\">match your dishes, according to your tastes and your inspirations<\/a>. In your kitchen as on the chefs&#8217; tables, dining with champagne with Louise Brison&#8217;s vintages once again becomes an extraordinary moment of tasting.&#13;\n<strong>An invitation to travel to share with those you love. <\/strong><\/p>\n\n<p><strong>Each vintage offers the quintessence of authentic happiness. <\/strong>&#13;\nEach year has its own uniqueness, its own character&#8230; You will be spoiled for choice between our <a href=\"https:\/\/louise-brison.fr\/en\/champagne-vintage\/\">vintage blanc de vins champagnes, ros\u00e9 champagne or blends of chardonnay and pinot<\/a> noir.<\/p>\n\n<p>Les connaisseurs vous le diront : offrez vous la d\u00e9licieuse exp\u00e9rience des <a href=\"\/?page_id=150\">champagnes mill\u00e9simes A l&#8217;Aube<\/a> r\u00e9serv\u00e9s dans notre vinoth\u00e8que. \u00c9lev\u00e9s avec respect et naturel ces champagnes gastronomiques concentrent le meilleur de notre savoir-faire.<\/p>\n\n<p>For further :<\/p>\n\n<p><a href=\"https:\/\/www.les-millesimes-de-louise.fr\/dossier-de-presse\/\">Press kit<\/a><\/p>\n\n<p>Connoisseurs, amateurs, journalists, etc. :<\/p>\n\n<p><a href=\"\/?page_id=156\">choisir : accord mets et champagne gastronomique<\/a><br\/><a href=\"\/?page_id=625\">choisir : son mill\u00e9sime<\/a><br\/><a href=\"https:\/\/www.winedexer.com\/vin\/louise-brison\/millesime-brut-champagne\">Quelques pistes&#8230;<br\/><\/a><\/p>\n\n<p><\/p>\n\n<p><\/p>\n","protected":false},"excerpt":{"rendered":"<p>GASTRONOMIC CHAMPAGNE: INVITATION TO TRAVEL&#13; &#13; Tasting Louise Brison gourmet champagnes will take you on a journey into authentic worlds of aromas, flavors and beautiful colors&#8230; sparkling nature loved and&hellip;<\/p>\n","protected":false},"author":3,"featured_media":0,"parent":0,"menu_order":0,"comment_status":"closed","ping_status":"closed","template":"","meta":{"footnotes":""},"class_list":["post-1301","page","type-page","status-publish","hentry"],"yoast_head":"<!-- This site is optimized with the Yoast SEO plugin v26.9 - https:\/\/yoast.com\/product\/yoast-seo-wordpress\/ -->\n<title>Gastronomic Champagne an invitation to travel &#8211; Louise Brison<\/title>\n<meta name=\"description\" content=\"Gastronomic Champagne an invitation to travel &#8211;\" \/>\n<meta name=\"robots\" content=\"index, follow, max-snippet:-1, max-image-preview:large, max-video-preview:-1\" \/>\n<link rel=\"canonical\" href=\"https:\/\/louise-brison.fr\/en\/champagne-gastronomique-invitation-au-voyage\/\" \/>\n<meta property=\"og:locale\" content=\"en_US\" \/>\n<meta property=\"og:type\" content=\"article\" \/>\n<meta property=\"og:title\" content=\"Gastronomic Champagne an invitation to travel &#8211; Louise Brison\" \/>\n<meta property=\"og:description\" content=\"Gastronomic Champagne an invitation to travel &#8211;\" \/>\n<meta property=\"og:url\" content=\"https:\/\/louise-brison.fr\/en\/champagne-gastronomique-invitation-au-voyage\/\" \/>\n<meta property=\"og:site_name\" content=\"Louise Brison\" \/>\n<meta property=\"article:publisher\" content=\"https:\/\/www.facebook.com\/champagne.louisebrison\/\" \/>\n<meta property=\"article:modified_time\" content=\"2024-03-05T19:45:53+00:00\" \/>\n<meta property=\"og:image\" content=\"https:\/\/louise-brison.fr\/wp-content\/uploads\/2020\/12\/meilleur-Champagne-gastronomique-millesime-louise-brison-producteur-1.png\" \/>\n<meta name=\"twitter:card\" content=\"summary_large_image\" \/>\n<meta name=\"twitter:site\" content=\"@louisebrison\" \/>\n<meta name=\"twitter:label1\" content=\"Est. reading time\" \/>\n\t<meta name=\"twitter:data1\" content=\"2 minutes\" \/>\n<script type=\"application\/ld+json\" class=\"yoast-schema-graph\">{\"@context\":\"https:\/\/schema.org\",\"@graph\":[{\"@type\":\"WebPage\",\"@id\":\"https:\/\/louise-brison.fr\/en\/champagne-gastronomique-invitation-au-voyage\/\",\"url\":\"https:\/\/louise-brison.fr\/en\/champagne-gastronomique-invitation-au-voyage\/\",\"name\":\"Gastronomic Champagne an invitation to travel &#8211; Louise Brison\",\"isPartOf\":{\"@id\":\"https:\/\/louise-brison.fr\/en\/#website\"},\"primaryImageOfPage\":{\"@id\":\"https:\/\/louise-brison.fr\/en\/champagne-gastronomique-invitation-au-voyage\/#primaryimage\"},\"image\":{\"@id\":\"https:\/\/louise-brison.fr\/en\/champagne-gastronomique-invitation-au-voyage\/#primaryimage\"},\"thumbnailUrl\":\"https:\/\/louise-brison.fr\/wp-content\/uploads\/2020\/12\/meilleur-Champagne-gastronomique-millesime-louise-brison-producteur-1.png\",\"datePublished\":\"2020-12-15T06:42:33+00:00\",\"dateModified\":\"2024-03-05T19:45:53+00:00\",\"description\":\"Gastronomic Champagne an invitation to travel &#8211;\",\"breadcrumb\":{\"@id\":\"https:\/\/louise-brison.fr\/en\/champagne-gastronomique-invitation-au-voyage\/#breadcrumb\"},\"inLanguage\":\"en-US\",\"potentialAction\":[{\"@type\":\"ReadAction\",\"target\":[\"https:\/\/louise-brison.fr\/en\/champagne-gastronomique-invitation-au-voyage\/\"]}]},{\"@type\":\"ImageObject\",\"inLanguage\":\"en-US\",\"@id\":\"https:\/\/louise-brison.fr\/en\/champagne-gastronomique-invitation-au-voyage\/#primaryimage\",\"url\":\"https:\/\/louise-brison.fr\/wp-content\/uploads\/2020\/12\/meilleur-Champagne-gastronomique-millesime-louise-brison-producteur-1.png\",\"contentUrl\":\"https:\/\/louise-brison.fr\/wp-content\/uploads\/2020\/12\/meilleur-Champagne-gastronomique-millesime-louise-brison-producteur-1.png\"},{\"@type\":\"BreadcrumbList\",\"@id\":\"https:\/\/louise-brison.fr\/en\/champagne-gastronomique-invitation-au-voyage\/#breadcrumb\",\"itemListElement\":[{\"@type\":\"ListItem\",\"position\":1,\"name\":\"Home\",\"item\":\"https:\/\/louise-brison.fr\/en\/\"},{\"@type\":\"ListItem\",\"position\":2,\"name\":\"Gastronomic Champagne an invitation to travel\"}]},{\"@type\":\"WebSite\",\"@id\":\"https:\/\/louise-brison.fr\/en\/#website\",\"url\":\"https:\/\/louise-brison.fr\/en\/\",\"name\":\"Louise Brison\",\"description\":\"Champagne Louise Brison\",\"publisher\":{\"@id\":\"https:\/\/louise-brison.fr\/en\/#organization\"},\"potentialAction\":[{\"@type\":\"SearchAction\",\"target\":{\"@type\":\"EntryPoint\",\"urlTemplate\":\"https:\/\/louise-brison.fr\/en\/?s={search_term_string}\"},\"query-input\":{\"@type\":\"PropertyValueSpecification\",\"valueRequired\":true,\"valueName\":\"search_term_string\"}}],\"inLanguage\":\"en-US\"},{\"@type\":\"Organization\",\"@id\":\"https:\/\/louise-brison.fr\/en\/#organization\",\"name\":\"Louise Brison\",\"url\":\"https:\/\/louise-brison.fr\/en\/\",\"logo\":{\"@type\":\"ImageObject\",\"inLanguage\":\"en-US\",\"@id\":\"https:\/\/louise-brison.fr\/en\/#\/schema\/logo\/image\/\",\"url\":\"https:\/\/louise-brison.fr\/wp-content\/uploads\/2024\/03\/logo-champagne-louise-brison-2.png\",\"contentUrl\":\"https:\/\/louise-brison.fr\/wp-content\/uploads\/2024\/03\/logo-champagne-louise-brison-2.png\",\"width\":512,\"height\":512,\"caption\":\"Louise Brison\"},\"image\":{\"@id\":\"https:\/\/louise-brison.fr\/en\/#\/schema\/logo\/image\/\"},\"sameAs\":[\"https:\/\/www.facebook.com\/champagne.louisebrison\/\",\"https:\/\/x.com\/louisebrison\",\"https:\/\/www.instagram.com\/champagnelouisebrison\/\"]}]}<\/script>\n<!-- \/ Yoast SEO plugin. -->","yoast_head_json":{"title":"Gastronomic Champagne an invitation to travel &#8211; Louise Brison","description":"Gastronomic Champagne an invitation to travel &#8211;","robots":{"index":"index","follow":"follow","max-snippet":"max-snippet:-1","max-image-preview":"max-image-preview:large","max-video-preview":"max-video-preview:-1"},"canonical":"https:\/\/louise-brison.fr\/en\/champagne-gastronomique-invitation-au-voyage\/","og_locale":"en_US","og_type":"article","og_title":"Gastronomic Champagne an invitation to travel &#8211; Louise Brison","og_description":"Gastronomic Champagne an invitation to travel &#8211;","og_url":"https:\/\/louise-brison.fr\/en\/champagne-gastronomique-invitation-au-voyage\/","og_site_name":"Louise Brison","article_publisher":"https:\/\/www.facebook.com\/champagne.louisebrison\/","article_modified_time":"2024-03-05T19:45:53+00:00","og_image":[{"url":"https:\/\/louise-brison.fr\/wp-content\/uploads\/2020\/12\/meilleur-Champagne-gastronomique-millesime-louise-brison-producteur-1.png","type":"","width":"","height":""}],"twitter_card":"summary_large_image","twitter_site":"@louisebrison","twitter_misc":{"Est. reading time":"2 minutes"},"schema":{"@context":"https:\/\/schema.org","@graph":[{"@type":"WebPage","@id":"https:\/\/louise-brison.fr\/en\/champagne-gastronomique-invitation-au-voyage\/","url":"https:\/\/louise-brison.fr\/en\/champagne-gastronomique-invitation-au-voyage\/","name":"Gastronomic Champagne an invitation to travel &#8211; Louise Brison","isPartOf":{"@id":"https:\/\/louise-brison.fr\/en\/#website"},"primaryImageOfPage":{"@id":"https:\/\/louise-brison.fr\/en\/champagne-gastronomique-invitation-au-voyage\/#primaryimage"},"image":{"@id":"https:\/\/louise-brison.fr\/en\/champagne-gastronomique-invitation-au-voyage\/#primaryimage"},"thumbnailUrl":"https:\/\/louise-brison.fr\/wp-content\/uploads\/2020\/12\/meilleur-Champagne-gastronomique-millesime-louise-brison-producteur-1.png","datePublished":"2020-12-15T06:42:33+00:00","dateModified":"2024-03-05T19:45:53+00:00","description":"Gastronomic Champagne an invitation to travel &#8211;","breadcrumb":{"@id":"https:\/\/louise-brison.fr\/en\/champagne-gastronomique-invitation-au-voyage\/#breadcrumb"},"inLanguage":"en-US","potentialAction":[{"@type":"ReadAction","target":["https:\/\/louise-brison.fr\/en\/champagne-gastronomique-invitation-au-voyage\/"]}]},{"@type":"ImageObject","inLanguage":"en-US","@id":"https:\/\/louise-brison.fr\/en\/champagne-gastronomique-invitation-au-voyage\/#primaryimage","url":"https:\/\/louise-brison.fr\/wp-content\/uploads\/2020\/12\/meilleur-Champagne-gastronomique-millesime-louise-brison-producteur-1.png","contentUrl":"https:\/\/louise-brison.fr\/wp-content\/uploads\/2020\/12\/meilleur-Champagne-gastronomique-millesime-louise-brison-producteur-1.png"},{"@type":"BreadcrumbList","@id":"https:\/\/louise-brison.fr\/en\/champagne-gastronomique-invitation-au-voyage\/#breadcrumb","itemListElement":[{"@type":"ListItem","position":1,"name":"Home","item":"https:\/\/louise-brison.fr\/en\/"},{"@type":"ListItem","position":2,"name":"Gastronomic Champagne an invitation to travel"}]},{"@type":"WebSite","@id":"https:\/\/louise-brison.fr\/en\/#website","url":"https:\/\/louise-brison.fr\/en\/","name":"Louise Brison","description":"Champagne Louise Brison","publisher":{"@id":"https:\/\/louise-brison.fr\/en\/#organization"},"potentialAction":[{"@type":"SearchAction","target":{"@type":"EntryPoint","urlTemplate":"https:\/\/louise-brison.fr\/en\/?s={search_term_string}"},"query-input":{"@type":"PropertyValueSpecification","valueRequired":true,"valueName":"search_term_string"}}],"inLanguage":"en-US"},{"@type":"Organization","@id":"https:\/\/louise-brison.fr\/en\/#organization","name":"Louise Brison","url":"https:\/\/louise-brison.fr\/en\/","logo":{"@type":"ImageObject","inLanguage":"en-US","@id":"https:\/\/louise-brison.fr\/en\/#\/schema\/logo\/image\/","url":"https:\/\/louise-brison.fr\/wp-content\/uploads\/2024\/03\/logo-champagne-louise-brison-2.png","contentUrl":"https:\/\/louise-brison.fr\/wp-content\/uploads\/2024\/03\/logo-champagne-louise-brison-2.png","width":512,"height":512,"caption":"Louise Brison"},"image":{"@id":"https:\/\/louise-brison.fr\/en\/#\/schema\/logo\/image\/"},"sameAs":["https:\/\/www.facebook.com\/champagne.louisebrison\/","https:\/\/x.com\/louisebrison","https:\/\/www.instagram.com\/champagnelouisebrison\/"]}]}},"_links":{"self":[{"href":"https:\/\/louise-brison.fr\/en\/wp-json\/wp\/v2\/pages\/1301","targetHints":{"allow":["GET"]}}],"collection":[{"href":"https:\/\/louise-brison.fr\/en\/wp-json\/wp\/v2\/pages"}],"about":[{"href":"https:\/\/louise-brison.fr\/en\/wp-json\/wp\/v2\/types\/page"}],"author":[{"embeddable":true,"href":"https:\/\/louise-brison.fr\/en\/wp-json\/wp\/v2\/users\/3"}],"replies":[{"embeddable":true,"href":"https:\/\/louise-brison.fr\/en\/wp-json\/wp\/v2\/comments?post=1301"}],"version-history":[{"count":4,"href":"https:\/\/louise-brison.fr\/en\/wp-json\/wp\/v2\/pages\/1301\/revisions"}],"predecessor-version":[{"id":3165,"href":"https:\/\/louise-brison.fr\/en\/wp-json\/wp\/v2\/pages\/1301\/revisions\/3165"}],"wp:attachment":[{"href":"https:\/\/louise-brison.fr\/en\/wp-json\/wp\/v2\/media?parent=1301"}],"curies":[{"name":"wp","href":"https:\/\/api.w.org\/{rel}","templated":true}]}}